{"id":8184,"date":"2023-06-10T12:00:20","date_gmt":"2023-06-10T11:00:20","guid":{"rendered":"http:\/\/www.univ-oeb.dz\/vrlex\/?page_id=8184"},"modified":"2023-06-19T11:29:35","modified_gmt":"2023-06-19T10:29:35","slug":"cours-enseignes-en-anglais-2","status":"publish","type":"page","link":"https:\/\/www.univ-oeb.dz\/vrlex\/cours-enseignes-en-anglais-2\/","title":{"rendered":"Cours enseign\u00e9s en anglais"},"content":{"rendered":"\t\t<div data-elementor-type=\"wp-post\" data-elementor-id=\"8184\" class=\"elementor elementor-8184\">\n\t\t\t\t\t\t<section class=\"elementor-section elementor-top-section elementor-element elementor-element-134a740 elementor-section-boxed elementor-section-height-default elementor-section-height-default\" data-id=\"134a740\" data-element_type=\"section\">\n\t\t\t\t\t\t<div class=\"elementor-container elementor-column-gap-default\">\n\t\t\t\t\t<div class=\"elementor-column elementor-col-100 elementor-top-column elementor-element elementor-element-000071e\" data-id=\"000071e\" data-element_type=\"column\">\n\t\t\t<div class=\"elementor-widget-wrap elementor-element-populated\">\n\t\t\t\t\t\t<div class=\"elementor-element elementor-element-6e6f8cf elementor-widget elementor-widget-text-editor\" data-id=\"6e6f8cf\" data-element_type=\"widget\" data-widget_type=\"text-editor.default\">\n\t\t\t\t<div class=\"elementor-widget-container\">\n\t\t\t\t\t\t\t<p>L&#8217;universit\u00e9 d&#8217;Oum El Bouaghi utilise une plateforme interactive, Moodle, qui permet aux enseignants de mettre en ligne leurs documents de cours et de mener des sessions interactives avec les \u00e9tudiants. Cette plateforme facilite l&#8217;acc\u00e8s aux ressources p\u00e9dagogiques et favorise l&#8217;engagement et la participation des \u00e9tudiants dans le processus d&#8217;apprentissage.<\/p>\t\t\t\t\t\t<\/div>\n\t\t\t\t<\/div>\n\t\t\t\t\t<\/div>\n\t\t<\/div>\n\t\t\t\t\t<\/div>\n\t\t<\/section>\n\t\t\t\t<section class=\"elementor-section elementor-top-section elementor-element elementor-element-5f9aa10 elementor-section-boxed elementor-section-height-default elementor-section-height-default\" data-id=\"5f9aa10\" data-element_type=\"section\">\n\t\t\t\t\t\t<div class=\"elementor-container elementor-column-gap-default\">\n\t\t\t\t\t<div class=\"elementor-column elementor-col-100 elementor-top-column elementor-element elementor-element-ec530eb\" data-id=\"ec530eb\" data-element_type=\"column\">\n\t\t\t<div class=\"elementor-widget-wrap elementor-element-populated\">\n\t\t\t\t\t\t<div class=\"elementor-element elementor-element-c826f0f elementor-widget elementor-widget-toggle\" data-id=\"c826f0f\" data-element_type=\"widget\" data-widget_type=\"toggle.default\">\n\t\t\t\t<div class=\"elementor-widget-container\">\n\t\t\t\t\t<div class=\"elementor-toggle\">\n\t\t\t\t\t\t\t<div class=\"elementor-toggle-item\">\n\t\t\t\t\t<div id=\"elementor-tab-title-2091\" class=\"elementor-tab-title\" data-tab=\"1\" role=\"button\" aria-controls=\"elementor-tab-content-2091\" aria-expanded=\"false\">\n\t\t\t\t\t\t\t\t\t\t\t\t<span class=\"elementor-toggle-icon elementor-toggle-icon-left\" aria-hidden=\"true\">\n\t\t\t\t\t\t\t\t\t\t\t\t\t\t\t<span class=\"elementor-toggle-icon-closed\"><i class=\"fas fa-caret-right\"><\/i><\/span>\n\t\t\t\t\t\t\t\t<span class=\"elementor-toggle-icon-opened\"><i class=\"elementor-toggle-icon-opened fas fa-caret-up\"><\/i><\/span>\n\t\t\t\t\t\t\t\t\t\t\t\t\t<\/span>\n\t\t\t\t\t\t\t\t\t\t\t\t<a class=\"elementor-toggle-title\" tabindex=\"0\">Facult\u00e9 des Sciences et sciences appliqu\u00e9es<\/a>\n\t\t\t\t\t<\/div>\n\n\t\t\t\t\t<div id=\"elementor-tab-content-2091\" class=\"elementor-tab-content elementor-clearfix\" data-tab=\"1\" role=\"region\" aria-labelledby=\"elementor-tab-title-2091\"><ul><li>Langue Etrang\u00e8re 2 &#8211; L1 &#8211; S2 &#8211;\u00a0<a style=\"outline-width: 0px; background-color: rgba(0, 0, 0, 0.03); color: #000085; transition-property: all;\" href=\"http:\/\/tele-ens.univ-oeb.dz\/moodle\/course\/view.php?id=339\" target=\"_blank\" rel=\"noopener\">http:\/\/tele-ens.univ-oeb.dz\/moodle\/course\/view.php?id=339<\/a><\/li><li>\u00a0Industrial Networks communication systems -L3 &#8211; S6 &#8211;\u00a0<a style=\"outline-width: 0px; background-color: #ffffff; color: #000085; transition-property: all;\" href=\"http:\/\/tele-ens.univ-oeb.dz\/moodle\/course\/view.php?id=6150\">http:\/\/tele-ens.univ-oeb.dz\/moodle\/course\/view.php?id=6150<\/a><\/li><li>\u00a0Anglais Technique -M1 &#8211; S2 &#8211;\u00a0<a style=\"background-color: rgba(0, 0, 0, 0.03); transition-property: all;\" href=\"http:\/\/tele-ens.univ-oeb.dz\/moodle\/course\/view.php?id=2893\">http:\/\/tele-ens.univ-oeb.dz\/moodle\/course\/view.php?id=2893<\/a><\/li><li>\u00a0Anglais Technique et Terminologie &#8211; M1 &#8211; S1 &#8211;\u00a0<a style=\"background-color: #ffffff; transition-property: all;\" href=\"http:\/\/tele-ens.univ-oeb.dz\/moodle\/course\/view.php?id=2218\">http:\/\/tele-ens.univ-oeb.dz\/moodle\/course\/view.php?id=2218<\/a><\/li><li>\u00a0Anglais Technique &#8211; M1 &#8211; S1 &#8211;\u00a0<a style=\"outline-width: 0px; background-color: rgba(0, 0, 0, 0.03); color: #000085; transition-property: all;\" href=\"http:\/\/tele-ens.univ-oeb.dz\/moodle\/course\/view.php?id=3588\">http:\/\/tele-ens.univ-oeb.dz\/moodle\/course\/view.php?id=3588<\/a><\/li><li><span style=\"color: #000000;\">Industrial Networks and Communication M1- S2 &#8211;\u00a0<\/span>Prof. Lamamra Kheireddine\u00a0 \u00a0<a style=\"transition-property: all;\" href=\"http:\/\/tele-ens.univ-oeb.dz\/moodle\/course\/view.php?id=9\"><span style=\"font-weight: 600;\">http:\/\/tele-ens.univ-oeb.dz\/moodle\/course\/view.php?id=9<\/span><\/a><\/li><\/ul><\/div>\n\t\t\t\t<\/div>\n\t\t\t\t\t\t\t<div class=\"elementor-toggle-item\">\n\t\t\t\t\t<div id=\"elementor-tab-title-2092\" class=\"elementor-tab-title\" data-tab=\"2\" role=\"button\" aria-controls=\"elementor-tab-content-2092\" aria-expanded=\"false\">\n\t\t\t\t\t\t\t\t\t\t\t\t<span class=\"elementor-toggle-icon elementor-toggle-icon-left\" aria-hidden=\"true\">\n\t\t\t\t\t\t\t\t\t\t\t\t\t\t\t<span class=\"elementor-toggle-icon-closed\"><i class=\"fas fa-caret-right\"><\/i><\/span>\n\t\t\t\t\t\t\t\t<span class=\"elementor-toggle-icon-opened\"><i class=\"elementor-toggle-icon-opened fas fa-caret-up\"><\/i><\/span>\n\t\t\t\t\t\t\t\t\t\t\t\t\t<\/span>\n\t\t\t\t\t\t\t\t\t\t\t\t<a class=\"elementor-toggle-title\" tabindex=\"0\">Facult\u00e9 des sciences de la terre et de l\u2019architecture<\/a>\n\t\t\t\t\t<\/div>\n\n\t\t\t\t\t<div id=\"elementor-tab-content-2092\" class=\"elementor-tab-content elementor-clearfix\" data-tab=\"2\" role=\"region\" aria-labelledby=\"elementor-tab-title-2092\"><ul><li><p><strong>\u00a0<\/strong><strong>D\u00e9partement d\u2019Architecture<\/strong><\/p><\/li><\/ul><p><u>1<sup>\u00e8re<\/sup>\u00a0ann\u00e9e Maste<\/u>r<\/p><p><a href=\"http:\/\/tele-ens.univ-oeb.dz\/moodle\/course\/view.php?id=3751\">http:\/\/tele-ens.univ-oeb.dz\/moodle\/course\/view.php?id=3751<\/a>\u00a0<\/p><p><a href=\"http:\/\/tele-ens.univ-oeb.dz\/moodle\/course\/view.php?id=1292\">http:\/\/tele-ens.univ-oeb.dz\/moodle\/course\/view.php?id=1292<\/a><\/p><ul><li><strong>D\u00e9partement<\/strong>\u00a0<strong>Am\u00e9nagement du territoire<\/strong><\/li><\/ul><p><u>2<sup>\u00e8me<\/sup>\u00a0ann\u00e9e<\/u><\/p><p><a href=\"http:\/\/tele-ens.univ-oeb.dz\/moodle\/course\/view.php?id=3615\">http:\/\/tele-ens.univ-oeb.dz\/moodle\/course\/view.php?id=3615<\/a>\u00a0<\/p><p><u>1<sup>\u00e8re<\/sup>\u00a0ann\u00e9e Master<\/u><\/p><p><a href=\"http:\/\/tele-ens.univ-oeb.dz\/moodle\/course\/view.php?id=1333\">http:\/\/tele-ens.univ-oeb.dz\/moodle\/course\/view.php?id=1333<\/a>\u00a0<\/p><ul><li><strong>D\u00e9partement<\/strong>\u00a0<strong>G\u00e9ologie<\/strong><\/li><\/ul><p>1<sup>\u00e8re<\/sup>\u00a0ann\u00e9e<\/p><p><a href=\"http:\/\/tele-ens.univ-oeb.dz\/moodle\/course\/view.php?id=5456\">http:\/\/tele-ens.univ-oeb.dz\/moodle\/course\/view.php?id=5456<\/a>\u00a0Informatique 2<\/p><p><u>2<sup>\u00e8me<\/sup>\u00a0ann\u00e9e<\/u><\/p><p><a href=\"http:\/\/tele-ens.univ-oeb.dz\/moodle\/course\/view.php?id=5724\">http:\/\/tele-ens.univ-oeb.dz\/moodle\/course\/view.php?id=5724<\/a>\u00a0<\/p><p><u>3<sup>\u00e8me<\/sup>\u00a0ann\u00e9e<\/u><\/p><p><a href=\"http:\/\/tele-ens.univ-oeb.dz\/moodle\/course\/view.php?id=5725\">http:\/\/tele-ens.univ-oeb.dz\/moodle\/course\/view.php?id=5725<\/a>\u00a0\u00a0 Anglais technique<\/p><p><u>1<sup>\u00e8re<\/sup>\u00a0ann\u00e9e Master<\/u><\/p><p><a href=\"http:\/\/tele-ens.univ-oeb.dz\/moodle\/course\/view.php?id=5050\">http:\/\/tele-ens.univ-oeb.dz\/moodle\/course\/view.php?id=5050<\/a>\u00a0Anglais<\/p><p><a href=\"http:\/\/tele-ens.univ-oeb.dz\/moodle\/course\/view.php?id=5476\">http:\/\/tele-ens.univ-oeb.dz\/moodle\/course\/view.php?id=5476<\/a>\u00a0Anglais II<\/p><p><a href=\"http:\/\/tele-ens.univ-oeb.dz\/moodle\/course\/view.php?id=5469\">http:\/\/tele-ens.univ-oeb.dz\/moodle\/course\/view.php?id=5469<\/a>\u00a0Petrophysique et Diagraphie<\/p><p><a href=\"http:\/\/tele-ens.univ-oeb.dz\/moodle\/course\/view.php?id=5468\">http:\/\/tele-ens.univ-oeb.dz\/moodle\/course\/view.php?id=5468<\/a>\u00a0Reservoire<\/p><\/div>\n\t\t\t\t<\/div>\n\t\t\t\t\t\t\t<div class=\"elementor-toggle-item\">\n\t\t\t\t\t<div id=\"elementor-tab-title-2093\" class=\"elementor-tab-title\" data-tab=\"3\" role=\"button\" aria-controls=\"elementor-tab-content-2093\" aria-expanded=\"false\">\n\t\t\t\t\t\t\t\t\t\t\t\t<span class=\"elementor-toggle-icon elementor-toggle-icon-left\" aria-hidden=\"true\">\n\t\t\t\t\t\t\t\t\t\t\t\t\t\t\t<span class=\"elementor-toggle-icon-closed\"><i class=\"fas fa-caret-right\"><\/i><\/span>\n\t\t\t\t\t\t\t\t<span class=\"elementor-toggle-icon-opened\"><i class=\"elementor-toggle-icon-opened fas fa-caret-up\"><\/i><\/span>\n\t\t\t\t\t\t\t\t\t\t\t\t\t<\/span>\n\t\t\t\t\t\t\t\t\t\t\t\t<a class=\"elementor-toggle-title\" tabindex=\"0\">Facult\u00e9 des sciences sociales et humaines<\/a>\n\t\t\t\t\t<\/div>\n\n\t\t\t\t\t<div id=\"elementor-tab-content-2093\" class=\"elementor-tab-content elementor-clearfix\" data-tab=\"3\" role=\"region\" aria-labelledby=\"elementor-tab-title-2093\"><p class=\"entry-title title\">Cours de l&#8217;environnement et du d\u00e9veloppement durable:<\/p><p><a href=\"http:\/\/tele-ens.univ-oeb.dz\/moodle\/course\/view.php?id=6223\" target=\"_blank\" rel=\"noopener\">http:\/\/tele-ens.univ-oeb.dz\/moodle\/course\/view.php?id=6223<\/a><\/p><p>Cours de l&#8217;histoire culturelle de l&#8217;Alg\u00e9rie:<\/p><p><a href=\"http:\/\/tele-ens.univ-oeb.dz\/moodle\/course\/view.php?id=6202\" target=\"_blank\" rel=\"noopener\">http:\/\/tele-ens.univ-oeb.dz\/moodle\/course\/view.php?id=6202<\/a><\/p><p>Cours de renseignement informatique et \u00e9lectronique 3 licence<\/p><p><a href=\"http:\/\/tele-ens.univ-oeb.dz\/moodle\/course\/view.php?id=4032\" target=\"_blank\" rel=\"noopener\">http:\/\/tele-ens.univ-oeb.dz\/moodle\/course\/view.php?id=4032<\/a><\/p><p><a href=\"http:\/\/tele-ens.univ-oeb.dz\/moodle\/course\/view.php?id=3989#section-0\">http:\/\/tele-ens.univ-oeb.dz\/moodle\/course\/view.php?id=3989#section-0<\/a><\/p><\/div>\n\t\t\t\t<\/div>\n\t\t\t\t\t\t\t<div class=\"elementor-toggle-item\">\n\t\t\t\t\t<div id=\"elementor-tab-title-2094\" class=\"elementor-tab-title\" data-tab=\"4\" role=\"button\" aria-controls=\"elementor-tab-content-2094\" aria-expanded=\"false\">\n\t\t\t\t\t\t\t\t\t\t\t\t<span class=\"elementor-toggle-icon elementor-toggle-icon-left\" aria-hidden=\"true\">\n\t\t\t\t\t\t\t\t\t\t\t\t\t\t\t<span class=\"elementor-toggle-icon-closed\"><i class=\"fas fa-caret-right\"><\/i><\/span>\n\t\t\t\t\t\t\t\t<span class=\"elementor-toggle-icon-opened\"><i class=\"elementor-toggle-icon-opened fas fa-caret-up\"><\/i><\/span>\n\t\t\t\t\t\t\t\t\t\t\t\t\t<\/span>\n\t\t\t\t\t\t\t\t\t\t\t\t<a class=\"elementor-toggle-title\" tabindex=\"0\">Institut des sciences et des techniques appliqu\u00e9es<\/a>\n\t\t\t\t\t<\/div>\n\n\t\t\t\t\t<div id=\"elementor-tab-content-2094\" class=\"elementor-tab-content elementor-clearfix\" data-tab=\"4\" role=\"region\" aria-labelledby=\"elementor-tab-title-2094\"><ul><li><a href=\"http:\/\/tele-ens.univ-oeb.dz\/moodle\/course\/view.php?id=5685\" target=\"_blank\" rel=\"noopener\">http:\/\/tele-ens.univ-oeb.dz\/moodle\/course\/view.php?id=5685<\/a><\/li><li><a href=\"http:\/\/tele-ens.univ-oeb.dz\/moodle\/course\/view.php?id=2297\" target=\"_blank\" rel=\"noopener\">http:\/\/tele-ens.univ-oeb.dz\/moodle\/course\/view.php?id=2297<\/a><\/li><\/ul><\/div>\n\t\t\t\t<\/div>\n\t\t\t\t\t\t\t<div class=\"elementor-toggle-item\">\n\t\t\t\t\t<div id=\"elementor-tab-title-2095\" class=\"elementor-tab-title\" data-tab=\"5\" role=\"button\" aria-controls=\"elementor-tab-content-2095\" aria-expanded=\"false\">\n\t\t\t\t\t\t\t\t\t\t\t\t<span class=\"elementor-toggle-icon elementor-toggle-icon-left\" aria-hidden=\"true\">\n\t\t\t\t\t\t\t\t\t\t\t\t\t\t\t<span class=\"elementor-toggle-icon-closed\"><i class=\"fas fa-caret-right\"><\/i><\/span>\n\t\t\t\t\t\t\t\t<span class=\"elementor-toggle-icon-opened\"><i class=\"elementor-toggle-icon-opened fas fa-caret-up\"><\/i><\/span>\n\t\t\t\t\t\t\t\t\t\t\t\t\t<\/span>\n\t\t\t\t\t\t\t\t\t\t\t\t<a class=\"elementor-toggle-title\" tabindex=\"0\">Institut des sciences et techniques des activit\u00e9s physique et sportives<\/a>\n\t\t\t\t\t<\/div>\n\n\t\t\t\t\t<div id=\"elementor-tab-content-2095\" class=\"elementor-tab-content elementor-clearfix\" data-tab=\"5\" role=\"region\" aria-labelledby=\"elementor-tab-title-2095\"><p class=\"entry-title title\"><a href=\"http:\/\/tele-ens.univ-oeb.dz\/moodle\/course\/view.php?id=3916\">http:\/\/tele-ens.univ-oeb.dz\/moodle\/course\/view.php?id=3916<\/a><\/p><p><span style=\"color: #000000;\"><a style=\"color: #000000;\" href=\"http:\/\/tele-ens.univ-oeb.dz\/moodle\/course\/view.php?id=3916\">Cours : Academic writing 1\/ physical activity speciality<\/a><\/span><\/p><p><a href=\"http:\/\/tele-ens.univ-oeb.dz\/moodle\/course\/view.php?id=1228\">http:\/\/tele-ens.univ-oeb.dz\/moodle\/course\/view.php?id=1228<\/a><\/p><p><span style=\"color: #000000;\"><a style=\"color: #000000;\" href=\"http:\/\/tele-ens.univ-oeb.dz\/moodle\/course\/view.php?id=1228\">Cours : Academic writing 2 ( Msc. sport training)<\/a><\/span><\/p><\/div>\n\t\t\t\t<\/div>\n\t\t\t\t\t\t\t<div class=\"elementor-toggle-item\">\n\t\t\t\t\t<div id=\"elementor-tab-title-2096\" class=\"elementor-tab-title\" data-tab=\"6\" role=\"button\" aria-controls=\"elementor-tab-content-2096\" aria-expanded=\"false\">\n\t\t\t\t\t\t\t\t\t\t\t\t<span class=\"elementor-toggle-icon elementor-toggle-icon-left\" aria-hidden=\"true\">\n\t\t\t\t\t\t\t\t\t\t\t\t\t\t\t<span class=\"elementor-toggle-icon-closed\"><i class=\"fas fa-caret-right\"><\/i><\/span>\n\t\t\t\t\t\t\t\t<span class=\"elementor-toggle-icon-opened\"><i class=\"elementor-toggle-icon-opened fas fa-caret-up\"><\/i><\/span>\n\t\t\t\t\t\t\t\t\t\t\t\t\t<\/span>\n\t\t\t\t\t\t\t\t\t\t\t\t<a class=\"elementor-toggle-title\" tabindex=\"0\">Facult\u00e9 des lettres et des langues<\/a>\n\t\t\t\t\t<\/div>\n\n\t\t\t\t\t<div id=\"elementor-tab-content-2096\" class=\"elementor-tab-content elementor-clearfix\" data-tab=\"6\" role=\"region\" aria-labelledby=\"elementor-tab-title-2096\"><p><span style=\"color: #0000ff;\">http:\/\/tele-ens.univ-oeb.dz\/moodle\/course\/index.php?categoryid=329<\/span><\/p><p><span style=\"color: #0000ff;\">http:\/\/tele-ens.univ-oeb.dz\/moodle\/course\/index.php?categoryid=488<\/span><\/p><p><span style=\"color: #0000ff;\">http:\/\/tele-ens.univ-oeb.dz\/moodle\/course\/index.php?categoryid=489<\/span><\/p><p><span style=\"color: #0000ff;\">http:\/\/tele-ens.univ-oeb.dz\/moodle\/course\/index.php?categoryid=331<\/span><\/p><p><span style=\"color: #0000ff;\">http:\/\/tele-ens.univ-oeb.dz\/moodle\/course\/view.php?id=4197<\/span><\/p><p><span style=\"color: #0000ff;\">http:\/\/tele-ens.univ-oeb.dz\/moodle\/course\/view.php?id=5416<\/span><\/p><p><span style=\"color: #0000ff;\">http:\/\/tele-ens.univ-oeb.dz\/moodle\/course\/index.php?categoryid=330<\/span><\/p><p><span style=\"color: #0000ff;\">http:\/\/tele-ens.univ-oeb.dz\/moodle\/course\/index.php?categoryid=892<\/span><\/p><p><span style=\"color: #0000ff;\">http:\/\/tele-ens.univ-oeb.dz\/moodle\/course\/index.php?categoryid=491<\/span><\/p><p><span style=\"color: #0000ff;\">http:\/\/tele-ens.univ-oeb.dz\/moodle\/course\/index.php?categoryid=333<\/span><\/p><p><span style=\"color: #0000ff;\">http:\/\/tele-ens.univ-oeb.dz\/moodle\/course\/view.php?id=5537<\/span><\/p><p><span style=\"color: #0000ff;\">http:\/\/tele-ens.univ-oeb.dz\/moodle\/course\/index.php?categoryid=547<\/span><\/p><p><span style=\"color: #0000ff;\">http:\/\/tele-ens.univ-oeb.dz\/moodle\/course\/index.php?categoryid=550<\/span><\/p><p><span style=\"color: #0000ff;\">http:\/\/tele-ens.univ-oeb.dz\/moodle\/course\/index.php?categoryid=534<\/span><\/p><p><span style=\"color: #0000ff;\">http:\/\/tele-ens.univ-oeb.dz\/moodle\/course\/index.php?categoryid=535<\/span><\/p><p><span style=\"color: #0000ff;\">http:\/\/tele-ens.univ-oeb.dz\/moodle\/course\/index.php?categoryid=335<\/span><\/p><p><span style=\"color: #0000ff;\">http:\/\/tele-ens.univ-oeb.dz\/moodle\/course\/index.php?categoryid=336<\/span><\/p><\/div>\n\t\t\t\t<\/div>\n\t\t\t\t\t\t\t\t<\/div>\n\t\t\t\t<\/div>\n\t\t\t\t<\/div>\n\t\t\t\t\t<\/div>\n\t\t<\/div>\n\t\t\t\t\t<\/div>\n\t\t<\/section>\n\t\t\t\t<\/div>\n\t\t","protected":false},"excerpt":{"rendered":"<p>L&#8217;universit\u00e9 d&#8217;Oum El Bouaghi utilise une plateforme interactive, Moodle, qui permet aux enseignants de mettre en ligne leurs documents de cours et de mener des sessions interactives avec les \u00e9tudiants. Cette plateforme facilite l&#8217;acc\u00e8s aux ressources p\u00e9dagogiques et favorise l&#8217;engagement et la participation des \u00e9tudiants dans le processus d&#8217;apprentissage. Facult\u00e9 des Sciences et sciences appliqu\u00e9es &hellip;<\/p>\n","protected":false},"author":2,"featured_media":0,"parent":0,"menu_order":0,"comment_status":"closed","ping_status":"closed","template":"","meta":{"_monsterinsights_skip_tracking":false,"_monsterinsights_sitenote_active":false,"_monsterinsights_sitenote_note":"","_monsterinsights_sitenote_category":0,"footnotes":""},"class_list":["post-8184","page","type-page","status-publish","hentry"],"amp_enabled":true,"_links":{"self":[{"href":"https:\/\/www.univ-oeb.dz\/vrlex\/wp-json\/wp\/v2\/pages\/8184","targetHints":{"allow":["GET"]}}],"collection":[{"href":"https:\/\/www.univ-oeb.dz\/vrlex\/wp-json\/wp\/v2\/pages"}],"about":[{"href":"https:\/\/www.univ-oeb.dz\/vrlex\/wp-json\/wp\/v2\/types\/page"}],"author":[{"embeddable":true,"href":"https:\/\/www.univ-oeb.dz\/vrlex\/wp-json\/wp\/v2\/users\/2"}],"replies":[{"embeddable":true,"href":"https:\/\/www.univ-oeb.dz\/vrlex\/wp-json\/wp\/v2\/comments?post=8184"}],"version-history":[{"count":16,"href":"https:\/\/www.univ-oeb.dz\/vrlex\/wp-json\/wp\/v2\/pages\/8184\/revisions"}],"predecessor-version":[{"id":8537,"href":"https:\/\/www.univ-oeb.dz\/vrlex\/wp-json\/wp\/v2\/pages\/8184\/revisions\/8537"}],"wp:attachment":[{"href":"https:\/\/www.univ-oeb.dz\/vrlex\/wp-json\/wp\/v2\/media?parent=8184"}],"curies":[{"name":"wp","href":"https:\/\/api.w.org\/{rel}","templated":true}]}}