{"id":7899,"date":"2023-06-06T13:11:38","date_gmt":"2023-06-06T12:11:38","guid":{"rendered":"http:\/\/www.univ-oeb.dz\/vrlex\/?page_id=7899"},"modified":"2023-06-15T08:51:28","modified_gmt":"2023-06-15T07:51:28","slug":"bureau-de-poste-universitaire","status":"publish","type":"page","link":"https:\/\/www.univ-oeb.dz\/vrlex\/bureau-de-poste-universitaire\/","title":{"rendered":"Bureau de Poste Universitaire"},"content":{"rendered":"\t\t<div data-elementor-type=\"wp-post\" data-elementor-id=\"7899\" class=\"elementor elementor-7899\">\n\t\t\t\t\t\t<section class=\"elementor-section elementor-top-section elementor-element elementor-element-b211fb6 elementor-section-boxed elementor-section-height-default elementor-section-height-default\" data-id=\"b211fb6\" data-element_type=\"section\">\n\t\t\t\t\t\t<div class=\"elementor-container elementor-column-gap-default\">\n\t\t\t\t\t<div class=\"elementor-column elementor-col-33 elementor-top-column elementor-element elementor-element-cc42f40\" data-id=\"cc42f40\" data-element_type=\"column\">\n\t\t\t<div class=\"elementor-widget-wrap elementor-element-populated\">\n\t\t\t\t\t\t<div class=\"elementor-element elementor-element-360c817 elementor-invisible elementor-widget elementor-widget-image\" data-id=\"360c817\" data-element_type=\"widget\" data-settings=\"{&quot;_animation&quot;:&quot;rollIn&quot;}\" data-widget_type=\"image.default\">\n\t\t\t\t<div class=\"elementor-widget-container\">\n\t\t\t\t\t\t\t\t\t\t\t\t\t<img fetchpriority=\"high\" decoding=\"async\" width=\"251\" height=\"300\" src=\"https:\/\/www.univ-oeb.dz\/vrlex\/wp-content\/uploads\/2023\/06\/AlgeriePoste.svg-1-251x300.png\" class=\"attachment-medium size-medium wp-image-7897\" alt=\"\" srcset=\"https:\/\/www.univ-oeb.dz\/vrlex\/wp-content\/uploads\/2023\/06\/AlgeriePoste.svg-1-251x300.png 251w, https:\/\/www.univ-oeb.dz\/vrlex\/wp-content\/uploads\/2023\/06\/AlgeriePoste.svg-1-768x916.png 768w, https:\/\/www.univ-oeb.dz\/vrlex\/wp-content\/uploads\/2023\/06\/AlgeriePoste.svg-1-858x1024.png 858w, https:\/\/www.univ-oeb.dz\/vrlex\/wp-content\/uploads\/2023\/06\/AlgeriePoste.svg-1.png 1200w\" sizes=\"(max-width: 251px) 100vw, 251px\" \/>\t\t\t\t\t\t\t\t\t\t\t\t\t<\/div>\n\t\t\t\t<\/div>\n\t\t\t\t\t<\/div>\n\t\t<\/div>\n\t\t\t\t<div class=\"elementor-column elementor-col-66 elementor-top-column elementor-element elementor-element-04d4caf\" data-id=\"04d4caf\" data-element_type=\"column\">\n\t\t\t<div class=\"elementor-widget-wrap elementor-element-populated\">\n\t\t\t\t\t\t<div class=\"elementor-element elementor-element-8f2c388 elementor-widget elementor-widget-heading\" data-id=\"8f2c388\" data-element_type=\"widget\" data-widget_type=\"heading.default\">\n\t\t\t\t<div class=\"elementor-widget-container\">\n\t\t\t<h2 class=\"elementor-heading-title elementor-size-default\">Bureau de Poste Universitaire<\/h2>\t\t<\/div>\n\t\t\t\t<\/div>\n\t\t\t\t\t<\/div>\n\t\t<\/div>\n\t\t\t\t\t<\/div>\n\t\t<\/section>\n\t\t\t\t<section class=\"elementor-section elementor-top-section elementor-element elementor-element-f3541c2 elementor-section-boxed elementor-section-height-default elementor-section-height-default\" data-id=\"f3541c2\" data-element_type=\"section\">\n\t\t\t\t\t\t<div class=\"elementor-container elementor-column-gap-default\">\n\t\t\t\t\t<div class=\"elementor-column elementor-col-100 elementor-top-column elementor-element elementor-element-6f6be62\" data-id=\"6f6be62\" data-element_type=\"column\">\n\t\t\t<div class=\"elementor-widget-wrap elementor-element-populated\">\n\t\t\t\t\t\t<div class=\"elementor-element elementor-element-35bca55 elementor-widget elementor-widget-text-editor\" data-id=\"35bca55\" data-element_type=\"widget\" data-widget_type=\"text-editor.default\">\n\t\t\t\t<div class=\"elementor-widget-container\">\n\t\t\t\t\t\t\t<p>Code postal du bureau: 04112<\/p><p>Le bureau a \u00e9t\u00e9 ouvert en 2012<\/p><p>Le bureau effectue diverses op\u00e9rations postales telles que le paiement et le retrait des fonds, le paiement des factures d&#8217;\u00e9lectricit\u00e9, les op\u00e9rations flexi pour divers op\u00e9rateurs t\u00e9l\u00e9phoniques en Alg\u00e9rie, ainsi que la distribution des instruments postaux, des cartes gold et de leurs codes secrets.<\/p><p>Le bureau traite avec les clients de la famille universitaire des professeurs, employ\u00e9s et \u00e9tudiants tout au long de la semaine du dimanche au jeudi \u00e0 raison de 150 op\u00e9rations par jour.<\/p>\t\t\t\t\t\t<\/div>\n\t\t\t\t<\/div>\n\t\t\t\t\t<\/div>\n\t\t<\/div>\n\t\t\t\t\t<\/div>\n\t\t<\/section>\n\t\t\t\t<section class=\"elementor-section elementor-top-section elementor-element elementor-element-596afaa elementor-section-boxed elementor-section-height-default elementor-section-height-default\" data-id=\"596afaa\" data-element_type=\"section\">\n\t\t\t\t\t\t<div class=\"elementor-container elementor-column-gap-default\">\n\t\t\t\t\t<div class=\"elementor-column elementor-col-100 elementor-top-column elementor-element elementor-element-8e7190d\" data-id=\"8e7190d\" data-element_type=\"column\">\n\t\t\t<div class=\"elementor-widget-wrap elementor-element-populated\">\n\t\t\t\t\t\t<div class=\"elementor-element elementor-element-721ec79 elementor-widget elementor-widget-image\" data-id=\"721ec79\" data-element_type=\"widget\" data-widget_type=\"image.default\">\n\t\t\t\t<div class=\"elementor-widget-container\">\n\t\t\t\t\t\t\t\t\t\t\t\t\t<img decoding=\"async\" width=\"1024\" height=\"768\" src=\"https:\/\/www.univ-oeb.dz\/vrlex\/wp-content\/uploads\/2023\/06\/IMG_20230611_110735-1024x768.jpg\" class=\"attachment-large size-large wp-image-8258\" alt=\"\" srcset=\"https:\/\/www.univ-oeb.dz\/vrlex\/wp-content\/uploads\/2023\/06\/IMG_20230611_110735-1024x768.jpg 1024w, https:\/\/www.univ-oeb.dz\/vrlex\/wp-content\/uploads\/2023\/06\/IMG_20230611_110735-300x225.jpg 300w, https:\/\/www.univ-oeb.dz\/vrlex\/wp-content\/uploads\/2023\/06\/IMG_20230611_110735-768x576.jpg 768w\" sizes=\"(max-width: 1024px) 100vw, 1024px\" \/>\t\t\t\t\t\t\t\t\t\t\t\t\t<\/div>\n\t\t\t\t<\/div>\n\t\t\t\t\t<\/div>\n\t\t<\/div>\n\t\t\t\t\t<\/div>\n\t\t<\/section>\n\t\t\t\t<section class=\"elementor-section elementor-top-section elementor-element elementor-element-df17db3 elementor-section-boxed elementor-section-height-default elementor-section-height-default\" data-id=\"df17db3\" data-element_type=\"section\">\n\t\t\t\t\t\t<div class=\"elementor-container elementor-column-gap-default\">\n\t\t\t\t\t<div class=\"elementor-column elementor-col-100 elementor-top-column elementor-element elementor-element-9732d3c\" data-id=\"9732d3c\" data-element_type=\"column\">\n\t\t\t<div class=\"elementor-widget-wrap elementor-element-populated\">\n\t\t\t\t\t\t<div class=\"elementor-element elementor-element-4cd80a0 elementor-widget elementor-widget-image\" data-id=\"4cd80a0\" data-element_type=\"widget\" data-widget_type=\"image.default\">\n\t\t\t\t<div class=\"elementor-widget-container\">\n\t\t\t\t\t\t\t\t\t\t\t\t\t<img decoding=\"async\" width=\"1024\" height=\"768\" src=\"https:\/\/www.univ-oeb.dz\/vrlex\/wp-content\/uploads\/2023\/06\/IMG_20230611_110837-1024x768.jpg\" class=\"attachment-large size-large wp-image-8259\" alt=\"\" srcset=\"https:\/\/www.univ-oeb.dz\/vrlex\/wp-content\/uploads\/2023\/06\/IMG_20230611_110837-1024x768.jpg 1024w, https:\/\/www.univ-oeb.dz\/vrlex\/wp-content\/uploads\/2023\/06\/IMG_20230611_110837-300x225.jpg 300w, https:\/\/www.univ-oeb.dz\/vrlex\/wp-content\/uploads\/2023\/06\/IMG_20230611_110837-768x576.jpg 768w\" sizes=\"(max-width: 1024px) 100vw, 1024px\" \/>\t\t\t\t\t\t\t\t\t\t\t\t\t<\/div>\n\t\t\t\t<\/div>\n\t\t\t\t\t<\/div>\n\t\t<\/div>\n\t\t\t\t\t<\/div>\n\t\t<\/section>\n\t\t\t\t<\/div>\n\t\t","protected":false},"excerpt":{"rendered":"<p>Bureau de Poste Universitaire Code postal du bureau: 04112 Le bureau a \u00e9t\u00e9 ouvert en 2012 Le bureau effectue diverses op\u00e9rations postales telles que le paiement et le retrait des fonds, le paiement des factures d&#8217;\u00e9lectricit\u00e9, les op\u00e9rations flexi pour divers op\u00e9rateurs t\u00e9l\u00e9phoniques en Alg\u00e9rie, ainsi que la distribution des instruments postaux, des cartes gold &hellip;<\/p>\n","protected":false},"author":2,"featured_media":0,"parent":0,"menu_order":0,"comment_status":"closed","ping_status":"closed","template":"","meta":{"_monsterinsights_skip_tracking":false,"_monsterinsights_sitenote_active":false,"_monsterinsights_sitenote_note":"","_monsterinsights_sitenote_category":0,"footnotes":""},"class_list":["post-7899","page","type-page","status-publish","hentry"],"amp_enabled":true,"_links":{"self":[{"href":"https:\/\/www.univ-oeb.dz\/vrlex\/wp-json\/wp\/v2\/pages\/7899","targetHints":{"allow":["GET"]}}],"collection":[{"href":"https:\/\/www.univ-oeb.dz\/vrlex\/wp-json\/wp\/v2\/pages"}],"about":[{"href":"https:\/\/www.univ-oeb.dz\/vrlex\/wp-json\/wp\/v2\/types\/page"}],"author":[{"embeddable":true,"href":"https:\/\/www.univ-oeb.dz\/vrlex\/wp-json\/wp\/v2\/users\/2"}],"replies":[{"embeddable":true,"href":"https:\/\/www.univ-oeb.dz\/vrlex\/wp-json\/wp\/v2\/comments?post=7899"}],"version-history":[{"count":5,"href":"https:\/\/www.univ-oeb.dz\/vrlex\/wp-json\/wp\/v2\/pages\/7899\/revisions"}],"predecessor-version":[{"id":8427,"href":"https:\/\/www.univ-oeb.dz\/vrlex\/wp-json\/wp\/v2\/pages\/7899\/revisions\/8427"}],"wp:attachment":[{"href":"https:\/\/www.univ-oeb.dz\/vrlex\/wp-json\/wp\/v2\/media?parent=7899"}],"curies":[{"name":"wp","href":"https:\/\/api.w.org\/{rel}","templated":true}]}}