{"id":7890,"date":"2023-06-06T13:02:13","date_gmt":"2023-06-06T12:02:13","guid":{"rendered":"http:\/\/www.univ-oeb.dz\/vrlex\/?page_id=7890"},"modified":"2023-06-15T08:32:34","modified_gmt":"2023-06-15T07:32:34","slug":"biblitheque","status":"publish","type":"page","link":"https:\/\/www.univ-oeb.dz\/vrlex\/biblitheque\/","title":{"rendered":"Biblith\u00e8que"},"content":{"rendered":"\t\t<div data-elementor-type=\"wp-post\" data-elementor-id=\"7890\" class=\"elementor elementor-7890\">\n\t\t\t\t\t\t<section class=\"elementor-section elementor-top-section elementor-element elementor-element-b3d8429 elementor-section-boxed elementor-section-height-default elementor-section-height-default\" data-id=\"b3d8429\" data-element_type=\"section\">\n\t\t\t\t\t\t<div class=\"elementor-container elementor-column-gap-default\">\n\t\t\t\t\t<div class=\"elementor-column elementor-col-100 elementor-top-column elementor-element elementor-element-7171cef\" data-id=\"7171cef\" data-element_type=\"column\">\n\t\t\t<div class=\"elementor-widget-wrap elementor-element-populated\">\n\t\t\t\t\t\t<div class=\"elementor-element elementor-element-a8d9f3f elementor-widget elementor-widget-text-editor\" data-id=\"a8d9f3f\" data-element_type=\"widget\" data-widget_type=\"text-editor.default\">\n\t\t\t\t<div class=\"elementor-widget-container\">\n\t\t\t\t\t\t\t<p>La biblioth\u00e8que de l&#8217;universit\u00e9 Larbi Ben Mhidi, d\u2019Oum El Bouaghi,\u00a0 joue un r\u00f4le crucial dans la vie des \u00e9tudiants, offrant une gamme de ressources essentielles pour leurs \u00e9tudes et leur d\u00e9veloppement acad\u00e9mique. La disponibilit\u00e9 des livres dans toutes les sp\u00e9cialit\u00e9s, ainsi que dans les trois langues &#8211; Arabe, Anglais et Fran\u00e7ais &#8211; est d&#8217;une importance capitale pour les \u00e9tudiants de l\u2019universit\u00e9 d\u2019Oum El Bouaghi.<\/p><p>La diversit\u00e9 linguistique des livres disponibles permet aux \u00e9tudiants de notre universit\u00e9\u00a0 de consulter des ouvrages dans leur langue maternelle ou dans la langue d&#8217;\u00e9tude qu&#8217;ils pr\u00e9f\u00e8rent, facilitant ainsi leur compr\u00e9hension et leur apprentissage. Cela favorise \u00e9galement l&#8217;enrichissement culturel et la promotion du multilinguisme au sein de l&#8217;universit\u00e9.<\/p><p>L&#8217;espace r\u00e9serv\u00e9 aux \u00e9tudiants internationaux est une autre caract\u00e9ristique pr\u00e9cieuse de la biblioth\u00e8que. \u00c9tant donn\u00e9 que les \u00e9tudiants internationaux peuvent se sentir parfois d\u00e9racin\u00e9s ou \u00e9loign\u00e9s de leur pays d&#8217;origine, cet espace leur offre un lieu o\u00f9 ils peuvent se r\u00e9unir, \u00e9changer des id\u00e9es, partager leurs exp\u00e9riences et trouver un soutien mutuel. Cela contribue \u00e0 cr\u00e9er un environnement inclusif et propice \u00e0 l&#8217;apprentissage interculturel.<\/p><p>La disponibilit\u00e9 d&#8217;une connexion Internet \u00e0 haut d\u00e9bit dans la biblioth\u00e8que est un avantage majeur pour les \u00e9tudiants internationaux, qui peuvent ainsi acc\u00e9der rapidement aux ressources en ligne, effectuer des recherches approfondies et se tenir au courant des derni\u00e8res informations dans leur domaine d&#8217;\u00e9tude. Cela favorise une \u00e9ducation plus moderne et connect\u00e9e.<\/p><p>De plus, la pr\u00e9sence d&#8217;une imprimante et d&#8217;un scanner dans la biblioth\u00e8que facilite le processus d&#8217;impression et de num\u00e9risation des documents importants pour les \u00e9tudiants internationaux. Ils peuvent ainsi imprimer leurs travaux, leurs notes de cours ou d&#8217;autres documents n\u00e9cessaires \u00e0 leurs \u00e9tudes. Cela \u00e9vite des tracas suppl\u00e9mentaires li\u00e9s \u00e0 la recherche d&#8217;un acc\u00e8s \u00e0 ces \u00e9quipements en dehors de la biblioth\u00e8que.<\/p>\t\t\t\t\t\t<\/div>\n\t\t\t\t<\/div>\n\t\t\t\t<div class=\"elementor-element elementor-element-09011e2 elementor-invisible elementor-widget elementor-widget-heading\" data-id=\"09011e2\" data-element_type=\"widget\" data-settings=\"{&quot;_animation&quot;:&quot;bounce&quot;}\" data-widget_type=\"heading.default\">\n\t\t\t\t<div class=\"elementor-widget-container\">\n\t\t\t<h2 class=\"elementor-heading-title elementor-size-default\"><a href=\"http:\/\/www.univ-oeb.dz\/bibliotheque\/ar\/\">http:\/\/www.univ-oeb.dz\/bibliotheque\/ar\/<\/a><\/h2>\t\t<\/div>\n\t\t\t\t<\/div>\n\t\t\t\t\t<\/div>\n\t\t<\/div>\n\t\t\t\t\t<\/div>\n\t\t<\/section>\n\t\t\t\t<section class=\"elementor-section elementor-top-section elementor-element elementor-element-fa8c777 elementor-section-boxed elementor-section-height-default elementor-section-height-default\" data-id=\"fa8c777\" data-element_type=\"section\">\n\t\t\t\t\t\t<div class=\"elementor-container elementor-column-gap-default\">\n\t\t\t\t\t<div class=\"elementor-column elementor-col-100 elementor-top-column elementor-element elementor-element-f55ad9e\" data-id=\"f55ad9e\" data-element_type=\"column\">\n\t\t\t<div class=\"elementor-widget-wrap elementor-element-populated\">\n\t\t\t\t\t\t<div class=\"elementor-element elementor-element-622e51f elementor-widget elementor-widget-image-gallery\" data-id=\"622e51f\" data-element_type=\"widget\" data-widget_type=\"image-gallery.default\">\n\t\t\t\t<div class=\"elementor-widget-container\">\n\t\t\t\t\t<div class=\"elementor-image-gallery\">\n\t\t\t<div id='gallery-1' class='gallery galleryid-7890 gallery-columns-1 gallery-size-large'><figure class='gallery-item'>\n\t\t\t<div class='gallery-icon landscape'>\n\t\t\t\t<a data-elementor-open-lightbox=\"yes\" data-elementor-lightbox-slideshow=\"622e51f\" data-elementor-lightbox-title=\"IMG_2482\" data-e-action-hash=\"#elementor-action%3Aaction%3Dlightbox%26settings%3DeyJpZCI6ODM0MiwidXJsIjoiaHR0cHM6XC9cL3d3dy51bml2LW9lYi5kelwvdnJsZXhcL3dwLWNvbnRlbnRcL3VwbG9hZHNcLzIwMjNcLzA2XC9JTUdfMjQ4Mi5qcGciLCJzbGlkZXNob3ciOiI2MjJlNTFmIn0%3D\" href='https:\/\/www.univ-oeb.dz\/vrlex\/wp-content\/uploads\/2023\/06\/IMG_2482.jpg'><img fetchpriority=\"high\" decoding=\"async\" width=\"1024\" height=\"683\" src=\"https:\/\/www.univ-oeb.dz\/vrlex\/wp-content\/uploads\/2023\/06\/IMG_2482-1024x683.jpg\" class=\"attachment-large size-large\" alt=\"\" srcset=\"https:\/\/www.univ-oeb.dz\/vrlex\/wp-content\/uploads\/2023\/06\/IMG_2482-1024x683.jpg 1024w, https:\/\/www.univ-oeb.dz\/vrlex\/wp-content\/uploads\/2023\/06\/IMG_2482-300x200.jpg 300w, https:\/\/www.univ-oeb.dz\/vrlex\/wp-content\/uploads\/2023\/06\/IMG_2482-768x512.jpg 768w\" sizes=\"(max-width: 1024px) 100vw, 1024px\" \/><\/a>\n\t\t\t<\/div><\/figure><figure class='gallery-item'>\n\t\t\t<div class='gallery-icon landscape'>\n\t\t\t\t<a data-elementor-open-lightbox=\"yes\" data-elementor-lightbox-slideshow=\"622e51f\" data-elementor-lightbox-title=\"IMG_2484\" data-e-action-hash=\"#elementor-action%3Aaction%3Dlightbox%26settings%3DeyJpZCI6ODM0MywidXJsIjoiaHR0cHM6XC9cL3d3dy51bml2LW9lYi5kelwvdnJsZXhcL3dwLWNvbnRlbnRcL3VwbG9hZHNcLzIwMjNcLzA2XC9JTUdfMjQ4NC5qcGciLCJzbGlkZXNob3ciOiI2MjJlNTFmIn0%3D\" href='https:\/\/www.univ-oeb.dz\/vrlex\/wp-content\/uploads\/2023\/06\/IMG_2484.jpg'><img decoding=\"async\" width=\"1024\" height=\"683\" src=\"https:\/\/www.univ-oeb.dz\/vrlex\/wp-content\/uploads\/2023\/06\/IMG_2484-1024x683.jpg\" class=\"attachment-large size-large\" alt=\"\" srcset=\"https:\/\/www.univ-oeb.dz\/vrlex\/wp-content\/uploads\/2023\/06\/IMG_2484-1024x683.jpg 1024w, https:\/\/www.univ-oeb.dz\/vrlex\/wp-content\/uploads\/2023\/06\/IMG_2484-300x200.jpg 300w, https:\/\/www.univ-oeb.dz\/vrlex\/wp-content\/uploads\/2023\/06\/IMG_2484-768x512.jpg 768w\" sizes=\"(max-width: 1024px) 100vw, 1024px\" \/><\/a>\n\t\t\t<\/div><\/figure><figure class='gallery-item'>\n\t\t\t<div class='gallery-icon landscape'>\n\t\t\t\t<a data-elementor-open-lightbox=\"yes\" data-elementor-lightbox-slideshow=\"622e51f\" data-elementor-lightbox-title=\"IMG_2485\" data-e-action-hash=\"#elementor-action%3Aaction%3Dlightbox%26settings%3DeyJpZCI6ODM0NCwidXJsIjoiaHR0cHM6XC9cL3d3dy51bml2LW9lYi5kelwvdnJsZXhcL3dwLWNvbnRlbnRcL3VwbG9hZHNcLzIwMjNcLzA2XC9JTUdfMjQ4NS5qcGciLCJzbGlkZXNob3ciOiI2MjJlNTFmIn0%3D\" href='https:\/\/www.univ-oeb.dz\/vrlex\/wp-content\/uploads\/2023\/06\/IMG_2485.jpg'><img decoding=\"async\" width=\"1024\" height=\"683\" src=\"https:\/\/www.univ-oeb.dz\/vrlex\/wp-content\/uploads\/2023\/06\/IMG_2485-1024x683.jpg\" class=\"attachment-large size-large\" alt=\"\" srcset=\"https:\/\/www.univ-oeb.dz\/vrlex\/wp-content\/uploads\/2023\/06\/IMG_2485-1024x683.jpg 1024w, https:\/\/www.univ-oeb.dz\/vrlex\/wp-content\/uploads\/2023\/06\/IMG_2485-300x200.jpg 300w, https:\/\/www.univ-oeb.dz\/vrlex\/wp-content\/uploads\/2023\/06\/IMG_2485-768x512.jpg 768w\" sizes=\"(max-width: 1024px) 100vw, 1024px\" \/><\/a>\n\t\t\t<\/div><\/figure><figure class='gallery-item'>\n\t\t\t<div class='gallery-icon landscape'>\n\t\t\t\t<a data-elementor-open-lightbox=\"yes\" data-elementor-lightbox-slideshow=\"622e51f\" data-elementor-lightbox-title=\"IMG_2487\" data-e-action-hash=\"#elementor-action%3Aaction%3Dlightbox%26settings%3DeyJpZCI6ODM0NSwidXJsIjoiaHR0cHM6XC9cL3d3dy51bml2LW9lYi5kelwvdnJsZXhcL3dwLWNvbnRlbnRcL3VwbG9hZHNcLzIwMjNcLzA2XC9JTUdfMjQ4Ny5qcGciLCJzbGlkZXNob3ciOiI2MjJlNTFmIn0%3D\" href='https:\/\/www.univ-oeb.dz\/vrlex\/wp-content\/uploads\/2023\/06\/IMG_2487.jpg'><img loading=\"lazy\" decoding=\"async\" width=\"1024\" height=\"683\" src=\"https:\/\/www.univ-oeb.dz\/vrlex\/wp-content\/uploads\/2023\/06\/IMG_2487-1024x683.jpg\" class=\"attachment-large size-large\" alt=\"\" srcset=\"https:\/\/www.univ-oeb.dz\/vrlex\/wp-content\/uploads\/2023\/06\/IMG_2487-1024x683.jpg 1024w, https:\/\/www.univ-oeb.dz\/vrlex\/wp-content\/uploads\/2023\/06\/IMG_2487-300x200.jpg 300w, https:\/\/www.univ-oeb.dz\/vrlex\/wp-content\/uploads\/2023\/06\/IMG_2487-768x512.jpg 768w\" sizes=\"(max-width: 1024px) 100vw, 1024px\" \/><\/a>\n\t\t\t<\/div><\/figure><figure class='gallery-item'>\n\t\t\t<div class='gallery-icon landscape'>\n\t\t\t\t<a data-elementor-open-lightbox=\"yes\" data-elementor-lightbox-slideshow=\"622e51f\" data-elementor-lightbox-title=\"IMG_2490\" data-e-action-hash=\"#elementor-action%3Aaction%3Dlightbox%26settings%3DeyJpZCI6ODM0NiwidXJsIjoiaHR0cHM6XC9cL3d3dy51bml2LW9lYi5kelwvdnJsZXhcL3dwLWNvbnRlbnRcL3VwbG9hZHNcLzIwMjNcLzA2XC9JTUdfMjQ5MC5qcGciLCJzbGlkZXNob3ciOiI2MjJlNTFmIn0%3D\" href='https:\/\/www.univ-oeb.dz\/vrlex\/wp-content\/uploads\/2023\/06\/IMG_2490.jpg'><img loading=\"lazy\" decoding=\"async\" width=\"1024\" height=\"683\" src=\"https:\/\/www.univ-oeb.dz\/vrlex\/wp-content\/uploads\/2023\/06\/IMG_2490-1024x683.jpg\" class=\"attachment-large size-large\" alt=\"\" srcset=\"https:\/\/www.univ-oeb.dz\/vrlex\/wp-content\/uploads\/2023\/06\/IMG_2490-1024x683.jpg 1024w, https:\/\/www.univ-oeb.dz\/vrlex\/wp-content\/uploads\/2023\/06\/IMG_2490-300x200.jpg 300w, https:\/\/www.univ-oeb.dz\/vrlex\/wp-content\/uploads\/2023\/06\/IMG_2490-768x512.jpg 768w\" sizes=\"(max-width: 1024px) 100vw, 1024px\" \/><\/a>\n\t\t\t<\/div><\/figure><figure class='gallery-item'>\n\t\t\t<div class='gallery-icon landscape'>\n\t\t\t\t<a data-elementor-open-lightbox=\"yes\" data-elementor-lightbox-slideshow=\"622e51f\" data-elementor-lightbox-title=\"IMG_2493\" data-e-action-hash=\"#elementor-action%3Aaction%3Dlightbox%26settings%3DeyJpZCI6ODM0NywidXJsIjoiaHR0cHM6XC9cL3d3dy51bml2LW9lYi5kelwvdnJsZXhcL3dwLWNvbnRlbnRcL3VwbG9hZHNcLzIwMjNcLzA2XC9JTUdfMjQ5My5qcGciLCJzbGlkZXNob3ciOiI2MjJlNTFmIn0%3D\" href='https:\/\/www.univ-oeb.dz\/vrlex\/wp-content\/uploads\/2023\/06\/IMG_2493.jpg'><img loading=\"lazy\" decoding=\"async\" width=\"1024\" height=\"683\" src=\"https:\/\/www.univ-oeb.dz\/vrlex\/wp-content\/uploads\/2023\/06\/IMG_2493-1024x683.jpg\" class=\"attachment-large size-large\" alt=\"\" srcset=\"https:\/\/www.univ-oeb.dz\/vrlex\/wp-content\/uploads\/2023\/06\/IMG_2493-1024x683.jpg 1024w, https:\/\/www.univ-oeb.dz\/vrlex\/wp-content\/uploads\/2023\/06\/IMG_2493-300x200.jpg 300w, https:\/\/www.univ-oeb.dz\/vrlex\/wp-content\/uploads\/2023\/06\/IMG_2493-768x512.jpg 768w\" sizes=\"(max-width: 1024px) 100vw, 1024px\" \/><\/a>\n\t\t\t<\/div><\/figure><figure class='gallery-item'>\n\t\t\t<div class='gallery-icon landscape'>\n\t\t\t\t<a data-elementor-open-lightbox=\"yes\" data-elementor-lightbox-slideshow=\"622e51f\" data-elementor-lightbox-title=\"IMG_2501\" data-e-action-hash=\"#elementor-action%3Aaction%3Dlightbox%26settings%3DeyJpZCI6ODM0OCwidXJsIjoiaHR0cHM6XC9cL3d3dy51bml2LW9lYi5kelwvdnJsZXhcL3dwLWNvbnRlbnRcL3VwbG9hZHNcLzIwMjNcLzA2XC9JTUdfMjUwMS5qcGciLCJzbGlkZXNob3ciOiI2MjJlNTFmIn0%3D\" href='https:\/\/www.univ-oeb.dz\/vrlex\/wp-content\/uploads\/2023\/06\/IMG_2501.jpg'><img loading=\"lazy\" decoding=\"async\" width=\"1024\" height=\"683\" src=\"https:\/\/www.univ-oeb.dz\/vrlex\/wp-content\/uploads\/2023\/06\/IMG_2501-1024x683.jpg\" class=\"attachment-large size-large\" alt=\"\" srcset=\"https:\/\/www.univ-oeb.dz\/vrlex\/wp-content\/uploads\/2023\/06\/IMG_2501-1024x683.jpg 1024w, https:\/\/www.univ-oeb.dz\/vrlex\/wp-content\/uploads\/2023\/06\/IMG_2501-300x200.jpg 300w, https:\/\/www.univ-oeb.dz\/vrlex\/wp-content\/uploads\/2023\/06\/IMG_2501-768x512.jpg 768w\" sizes=\"(max-width: 1024px) 100vw, 1024px\" \/><\/a>\n\t\t\t<\/div><\/figure><figure class='gallery-item'>\n\t\t\t<div class='gallery-icon landscape'>\n\t\t\t\t<a data-elementor-open-lightbox=\"yes\" data-elementor-lightbox-slideshow=\"622e51f\" data-elementor-lightbox-title=\"IMG_2503\" data-e-action-hash=\"#elementor-action%3Aaction%3Dlightbox%26settings%3DeyJpZCI6ODM0OSwidXJsIjoiaHR0cHM6XC9cL3d3dy51bml2LW9lYi5kelwvdnJsZXhcL3dwLWNvbnRlbnRcL3VwbG9hZHNcLzIwMjNcLzA2XC9JTUdfMjUwMy5qcGciLCJzbGlkZXNob3ciOiI2MjJlNTFmIn0%3D\" href='https:\/\/www.univ-oeb.dz\/vrlex\/wp-content\/uploads\/2023\/06\/IMG_2503.jpg'><img loading=\"lazy\" decoding=\"async\" width=\"1024\" height=\"683\" src=\"https:\/\/www.univ-oeb.dz\/vrlex\/wp-content\/uploads\/2023\/06\/IMG_2503-1024x683.jpg\" class=\"attachment-large size-large\" alt=\"\" srcset=\"https:\/\/www.univ-oeb.dz\/vrlex\/wp-content\/uploads\/2023\/06\/IMG_2503-1024x683.jpg 1024w, https:\/\/www.univ-oeb.dz\/vrlex\/wp-content\/uploads\/2023\/06\/IMG_2503-300x200.jpg 300w, https:\/\/www.univ-oeb.dz\/vrlex\/wp-content\/uploads\/2023\/06\/IMG_2503-768x512.jpg 768w\" sizes=\"(max-width: 1024px) 100vw, 1024px\" \/><\/a>\n\t\t\t<\/div><\/figure><figure class='gallery-item'>\n\t\t\t<div class='gallery-icon landscape'>\n\t\t\t\t<a data-elementor-open-lightbox=\"yes\" data-elementor-lightbox-slideshow=\"622e51f\" data-elementor-lightbox-title=\"IMG_2507\" data-e-action-hash=\"#elementor-action%3Aaction%3Dlightbox%26settings%3DeyJpZCI6ODM1MSwidXJsIjoiaHR0cHM6XC9cL3d3dy51bml2LW9lYi5kelwvdnJsZXhcL3dwLWNvbnRlbnRcL3VwbG9hZHNcLzIwMjNcLzA2XC9JTUdfMjUwNy5qcGciLCJzbGlkZXNob3ciOiI2MjJlNTFmIn0%3D\" href='https:\/\/www.univ-oeb.dz\/vrlex\/wp-content\/uploads\/2023\/06\/IMG_2507.jpg'><img loading=\"lazy\" decoding=\"async\" width=\"1024\" height=\"683\" src=\"https:\/\/www.univ-oeb.dz\/vrlex\/wp-content\/uploads\/2023\/06\/IMG_2507-1024x683.jpg\" class=\"attachment-large size-large\" alt=\"\" srcset=\"https:\/\/www.univ-oeb.dz\/vrlex\/wp-content\/uploads\/2023\/06\/IMG_2507-1024x683.jpg 1024w, https:\/\/www.univ-oeb.dz\/vrlex\/wp-content\/uploads\/2023\/06\/IMG_2507-300x200.jpg 300w, https:\/\/www.univ-oeb.dz\/vrlex\/wp-content\/uploads\/2023\/06\/IMG_2507-768x512.jpg 768w\" sizes=\"(max-width: 1024px) 100vw, 1024px\" \/><\/a>\n\t\t\t<\/div><\/figure><figure class='gallery-item'>\n\t\t\t<div class='gallery-icon portrait'>\n\t\t\t\t<a data-elementor-open-lightbox=\"yes\" data-elementor-lightbox-slideshow=\"622e51f\" data-elementor-lightbox-title=\"IMG_2514\" data-e-action-hash=\"#elementor-action%3Aaction%3Dlightbox%26settings%3DeyJpZCI6ODM1MiwidXJsIjoiaHR0cHM6XC9cL3d3dy51bml2LW9lYi5kelwvdnJsZXhcL3dwLWNvbnRlbnRcL3VwbG9hZHNcLzIwMjNcLzA2XC9JTUdfMjUxNC1lMTY4NjU3ODMwODMxNy5qcGciLCJzbGlkZXNob3ciOiI2MjJlNTFmIn0%3D\" href='https:\/\/www.univ-oeb.dz\/vrlex\/wp-content\/uploads\/2023\/06\/IMG_2514-e1686578308317.jpg'><img loading=\"lazy\" decoding=\"async\" width=\"683\" height=\"1024\" src=\"https:\/\/www.univ-oeb.dz\/vrlex\/wp-content\/uploads\/2023\/06\/IMG_2514-e1686578308317-683x1024.jpg\" class=\"attachment-large size-large\" alt=\"\" srcset=\"https:\/\/www.univ-oeb.dz\/vrlex\/wp-content\/uploads\/2023\/06\/IMG_2514-e1686578308317-683x1024.jpg 683w, https:\/\/www.univ-oeb.dz\/vrlex\/wp-content\/uploads\/2023\/06\/IMG_2514-e1686578308317-200x300.jpg 200w, https:\/\/www.univ-oeb.dz\/vrlex\/wp-content\/uploads\/2023\/06\/IMG_2514-e1686578308317-768x1152.jpg 768w\" sizes=\"(max-width: 683px) 100vw, 683px\" \/><\/a>\n\t\t\t<\/div><\/figure><figure class='gallery-item'>\n\t\t\t<div class='gallery-icon landscape'>\n\t\t\t\t<a data-elementor-open-lightbox=\"yes\" data-elementor-lightbox-slideshow=\"622e51f\" data-elementor-lightbox-title=\"IMG_2519\" data-e-action-hash=\"#elementor-action%3Aaction%3Dlightbox%26settings%3DeyJpZCI6ODM1MywidXJsIjoiaHR0cHM6XC9cL3d3dy51bml2LW9lYi5kelwvdnJsZXhcL3dwLWNvbnRlbnRcL3VwbG9hZHNcLzIwMjNcLzA2XC9JTUdfMjUxOS5qcGciLCJzbGlkZXNob3ciOiI2MjJlNTFmIn0%3D\" href='https:\/\/www.univ-oeb.dz\/vrlex\/wp-content\/uploads\/2023\/06\/IMG_2519.jpg'><img loading=\"lazy\" decoding=\"async\" width=\"1024\" height=\"683\" src=\"https:\/\/www.univ-oeb.dz\/vrlex\/wp-content\/uploads\/2023\/06\/IMG_2519-1024x683.jpg\" class=\"attachment-large size-large\" alt=\"\" srcset=\"https:\/\/www.univ-oeb.dz\/vrlex\/wp-content\/uploads\/2023\/06\/IMG_2519-1024x683.jpg 1024w, https:\/\/www.univ-oeb.dz\/vrlex\/wp-content\/uploads\/2023\/06\/IMG_2519-300x200.jpg 300w, https:\/\/www.univ-oeb.dz\/vrlex\/wp-content\/uploads\/2023\/06\/IMG_2519-768x512.jpg 768w\" sizes=\"(max-width: 1024px) 100vw, 1024px\" \/><\/a>\n\t\t\t<\/div><\/figure>\n\t\t<\/div>\n\t\t<\/div>\n\t\t\t\t<\/div>\n\t\t\t\t<\/div>\n\t\t\t\t\t<\/div>\n\t\t<\/div>\n\t\t\t\t\t<\/div>\n\t\t<\/section>\n\t\t\t\t<\/div>\n\t\t","protected":false},"excerpt":{"rendered":"<p>La biblioth\u00e8que de l&#8217;universit\u00e9 Larbi Ben Mhidi, d\u2019Oum El Bouaghi,\u00a0 joue un r\u00f4le crucial dans la vie des \u00e9tudiants, offrant une gamme de ressources essentielles pour leurs \u00e9tudes et leur d\u00e9veloppement acad\u00e9mique. La disponibilit\u00e9 des livres dans toutes les sp\u00e9cialit\u00e9s, ainsi que dans les trois langues &#8211; Arabe, Anglais et Fran\u00e7ais &#8211; est d&#8217;une importance &hellip;<\/p>\n","protected":false},"author":2,"featured_media":0,"parent":0,"menu_order":0,"comment_status":"closed","ping_status":"closed","template":"","meta":{"_monsterinsights_skip_tracking":false,"_monsterinsights_sitenote_active":false,"_monsterinsights_sitenote_note":"","_monsterinsights_sitenote_category":0,"footnotes":""},"class_list":["post-7890","page","type-page","status-publish","hentry"],"amp_enabled":true,"_links":{"self":[{"href":"https:\/\/www.univ-oeb.dz\/vrlex\/wp-json\/wp\/v2\/pages\/7890","targetHints":{"allow":["GET"]}}],"collection":[{"href":"https:\/\/www.univ-oeb.dz\/vrlex\/wp-json\/wp\/v2\/pages"}],"about":[{"href":"https:\/\/www.univ-oeb.dz\/vrlex\/wp-json\/wp\/v2\/types\/page"}],"author":[{"embeddable":true,"href":"https:\/\/www.univ-oeb.dz\/vrlex\/wp-json\/wp\/v2\/users\/2"}],"replies":[{"embeddable":true,"href":"https:\/\/www.univ-oeb.dz\/vrlex\/wp-json\/wp\/v2\/comments?post=7890"}],"version-history":[{"count":7,"href":"https:\/\/www.univ-oeb.dz\/vrlex\/wp-json\/wp\/v2\/pages\/7890\/revisions"}],"predecessor-version":[{"id":8418,"href":"https:\/\/www.univ-oeb.dz\/vrlex\/wp-json\/wp\/v2\/pages\/7890\/revisions\/8418"}],"wp:attachment":[{"href":"https:\/\/www.univ-oeb.dz\/vrlex\/wp-json\/wp\/v2\/media?parent=7890"}],"curies":[{"name":"wp","href":"https:\/\/api.w.org\/{rel}","templated":true}]}}