{"id":7788,"date":"2023-06-04T14:13:53","date_gmt":"2023-06-04T13:13:53","guid":{"rendered":"http:\/\/www.univ-oeb.dz\/vrlex\/?page_id=7788"},"modified":"2023-06-15T08:31:08","modified_gmt":"2023-06-15T07:31:08","slug":"referents-pedagogiques","status":"publish","type":"page","link":"https:\/\/www.univ-oeb.dz\/vrlex\/referents-pedagogiques\/","title":{"rendered":"Syst\u00e8me de jumelage"},"content":{"rendered":"\t\t<div data-elementor-type=\"wp-post\" data-elementor-id=\"7788\" class=\"elementor elementor-7788\">\n\t\t\t\t\t\t<section class=\"elementor-section elementor-top-section elementor-element elementor-element-15be81f elementor-section-boxed elementor-section-height-default elementor-section-height-default\" data-id=\"15be81f\" data-element_type=\"section\">\n\t\t\t\t\t\t<div class=\"elementor-container elementor-column-gap-default\">\n\t\t\t\t\t<div class=\"elementor-column elementor-col-100 elementor-top-column elementor-element elementor-element-96c2a53\" data-id=\"96c2a53\" data-element_type=\"column\">\n\t\t\t<div class=\"elementor-widget-wrap elementor-element-populated\">\n\t\t\t\t\t\t<div class=\"elementor-element elementor-element-8529733 elementor-widget elementor-widget-heading\" data-id=\"8529733\" data-element_type=\"widget\" data-widget_type=\"heading.default\">\n\t\t\t\t<div class=\"elementor-widget-container\">\n\t\t\t<h1 class=\"elementor-heading-title elementor-size-default\">R\u00e9f\u00e9rents des \u00c9tudiants Internationaux\n<\/h1>\t\t<\/div>\n\t\t\t\t<\/div>\n\t\t\t\t\t<\/div>\n\t\t<\/div>\n\t\t\t\t\t<\/div>\n\t\t<\/section>\n\t\t\t\t<section class=\"elementor-section elementor-top-section elementor-element elementor-element-baddd76 elementor-section-boxed elementor-section-height-default elementor-section-height-default\" data-id=\"baddd76\" data-element_type=\"section\">\n\t\t\t\t\t\t<div class=\"elementor-container elementor-column-gap-default\">\n\t\t\t\t\t<div class=\"elementor-column elementor-col-100 elementor-top-column elementor-element elementor-element-a287208\" data-id=\"a287208\" data-element_type=\"column\">\n\t\t\t<div class=\"elementor-widget-wrap elementor-element-populated\">\n\t\t\t\t\t\t<div class=\"elementor-element elementor-element-96fa34a elementor-widget elementor-widget-text-editor\" data-id=\"96fa34a\" data-element_type=\"widget\" data-widget_type=\"text-editor.default\">\n\t\t\t\t<div class=\"elementor-widget-container\">\n\t\t\t\t\t\t\t<p>Chers \u00e9tudiants internationaux, l&#8217;universit\u00e9 Larbi Ben Mhidi d&#8217;Oum El Bouaghi met \u00e0 votre disposition des r\u00e9f\u00e9rents dans l&#8217;administration centrale, les facult\u00e9s, les instituts et les d\u00e9partements et \u00e9galement dans votre r\u00e9sidence universitaire, pour vous accompagner.<\/p><p>N&#8217;h\u00e9sitez pas \u00e0 les contacter pour toute assistance ou information dont vous pourriez avoir besoin. Nous sommes l\u00e0 pour vous aider dans votre parcours universitaire.<\/p><p>Voici leurs contacts :<\/p>\t\t\t\t\t\t<\/div>\n\t\t\t\t<\/div>\n\t\t\t\t\t<\/div>\n\t\t<\/div>\n\t\t\t\t\t<\/div>\n\t\t<\/section>\n\t\t\t\t<section class=\"elementor-section elementor-top-section elementor-element elementor-element-ca31d8e elementor-section-boxed elementor-section-height-default elementor-section-height-default\" data-id=\"ca31d8e\" data-element_type=\"section\">\n\t\t\t\t\t\t<div class=\"elementor-container elementor-column-gap-default\">\n\t\t\t\t\t<div class=\"elementor-column elementor-col-100 elementor-top-column elementor-element elementor-element-1f70b04\" data-id=\"1f70b04\" data-element_type=\"column\">\n\t\t\t<div class=\"elementor-widget-wrap elementor-element-populated\">\n\t\t\t\t\t\t<div class=\"elementor-element elementor-element-7277bf4 elementor-widget elementor-widget-text-editor\" data-id=\"7277bf4\" data-element_type=\"widget\" data-widget_type=\"text-editor.default\">\n\t\t\t\t<div class=\"elementor-widget-container\">\n\t\t\t\t\t\t\t<ul><li><h4><span style=\"text-decoration: underline; color: #800080;\"><strong>Rectorat<\/strong><\/span><\/h4><\/li><\/ul><p><strong>Mr Sellam Mohamed Amine: <\/strong>0662 44 18 82 \/\u00a0 <span style=\"color: #0000ff;\"><strong>SellammouhamedM@gmail.com<\/strong><\/span><\/p><ul><li><h4><a href=\"http:\/\/www.univ-oeb.dz\/fsesnv\/en\/study-in-algeria\/\" target=\"_blank\" rel=\"noopener\"><span style=\"text-decoration: underline; color: #800080;\"><strong>Facult\u00e9 des Sciences Exactes et des Sciences de la Nature et de la Vie<\/strong><\/span><\/a><\/h4><\/li><\/ul><p><span style=\"color: #000000;\"><strong>Dr: ziar aissaoui<\/strong>:<\/span> <strong><span style=\"color: #333399;\">ziar.aissaoui@univ-oeb.dz \/ ziaraissaoui@yahoo.fr<\/span><\/strong><\/p><p>Phone: +213662070724 \/ 032563358<\/p><ul><li class=\"entry-title title\"><h4><span style=\"text-decoration: underline; color: #800080;\"><strong>Facult\u00e9 des sciences de la terre et d\u2019Architecture<\/strong><\/span><\/h4><\/li><\/ul><p><b>Mr boudjadja Rafik:\u00a0<\/b>\u00a00559608060<b>\u00a0 \/\u00a0 \u00a0<a href=\"mailto:rafik.boudjadja@hotmail.fr\" target=\"_blank\" rel=\"noopener\">rafik.boudjadja@<wbr \/>hotmail.fr<\/a><\/b><\/p><ul><li><h4 class=\"entry-title title\"><span style=\"text-decoration: underline; color: #800080;\"><a style=\"color: #800080; text-decoration: underline;\" href=\"http:\/\/www.univ-oeb.dz\/fdsp\/en\/study-in-algeria-2\/\" target=\"_blank\" rel=\"noopener\">Facult\u00e9 de droit et des sciences politiques<\/a><\/span><\/h4><\/li><\/ul><p><span style=\"color: #000000;\"><strong>Mr Housini Abdessalem:<\/strong><\/span>\u00a0\u00a00667494208 \/\u00a0<strong><span style=\"color: #0000ff;\"><a style=\"color: #0000ff;\" href=\"mailto:pedagogie06@yahoo.fr\" target=\"_blank\" rel=\"nofollow noopener\">pedagogie06@yahoo.fr<\/a><\/span><\/strong><\/p><ul><li class=\"entry-title title\"><h4><span style=\"text-decoration: underline; color: #800080;\"><a style=\"color: #800080; text-decoration: underline;\" href=\"http:\/\/www.univ-oeb.dz\/FLLE\/?page_id=8936\" target=\"_blank\" rel=\"noopener\">Facult\u00e9 des lettres et des langues<\/a><\/span><\/h4><\/li><\/ul><p><span style=\"color: #000000;\"><strong>Pr. Nemouchie Abdelhak :\u00a0 \u00a0<\/strong><\/span>0559112658 \/ 0771315253\u00a0 \/\u00a0\u00a0<span style=\"color: #0000ff;\"><strong>Abdelhak _<a style=\"color: #0000ff;\" href=\"mailto:nemouchie@yahoo.fr\" target=\"_blank\" rel=\"nofollow noopener\">nemouchie@yahoo.fr<\/a><\/strong><\/span><\/p><ul><li><h4 class=\"entry-title title\"><span style=\"text-decoration: underline; color: #800080;\"><a style=\"color: #800080; text-decoration: underline;\" href=\"http:\/\/www.univ-oeb.dz\/fsecg\/fr\/etudier-en-algerie\/\" target=\"_blank\" rel=\"noopener\">Facult\u00e9 des sciences \u00e9conomiques, sciences commerciales et sciences de gestion<\/a><\/span><\/h4><\/li><\/ul><p>Mr Ayache Zoubeir:\u00a0213 661810154 \/\u00a0<strong><a href=\"mailto:zoubeirayach@yahoo.fr\" target=\"_blank\" rel=\"nofollow noopener\" shape=\"rect\">zoubeirayach@yahoo.fr<\/a><\/strong><\/p><ul><li><h4 class=\"entry-title title\"><span style=\"text-decoration: underline;\"><span style=\"color: #800080;\"><a style=\"color: #800080; text-decoration: underline;\" href=\"http:\/\/www.univ-oeb.dz\/staps\/?p=7939&amp;lang=fr\" target=\"_blank\" rel=\"noopener\">Institut des sciences et techniques des activit\u00e9s physique et sportives<\/a><\/span><\/span><\/h4><\/li><\/ul><p><strong>Mr Boudeb Chaker:<\/strong>\u00a0\u00a00780.07.63.35 \/\u00a0<strong><a href=\"mailto:chakerbiosport@gmail.com\" target=\"_blank\" rel=\"noopener\">chakerbiosport@gmail.com<\/a><\/strong><\/p><ul><li><h4 class=\"entry-title title\"><span style=\"text-decoration: underline; color: #800080;\"><a style=\"color: #800080; text-decoration: underline;\" href=\"http:\/\/www.univ-oeb.dz\/ista\/fr\/study-in-algeria\/\" target=\"_blank\" rel=\"noopener\">Institut des sciences et des techniques appliqu\u00e9es<\/a><\/span><\/h4><\/li><li><h4 class=\"entry-title title\"><span style=\"text-decoration: underline;\"><span style=\"color: #800080;\"><a style=\"color: #800080; text-decoration: underline;\" href=\"http:\/\/www.univ-oeb.dz\/fssh\/en\/study-in-algeria\/\" target=\"_blank\" rel=\"noopener\">Facult\u00e9 des sciences sociales et humaines<\/a><\/span><\/span><\/h4><\/li><\/ul><p><strong>Ouadfel Samia:\u00a0<\/strong> 0671560012 \/\u00a0<strong><a href=\"mailto:ouadfelsamia@gmail.com\" target=\"_blank\" rel=\"nofollow noopener\">ouadfelsamia@gmail.com<\/a><\/strong><\/p><ul><li><h4 class=\"entry-title title\"><span style=\"text-decoration: underline;\"><span style=\"color: #800080;\"><a style=\"color: #800080; text-decoration: underline;\" href=\"http:\/\/www.univ-oeb.dz\/fssa\/study-in-algeria\/\" target=\"_blank\" rel=\"noopener\">Facult\u00e9 des sciences et des sciences appliqu\u00e9es<\/a><\/span><\/span><\/h4><\/li><\/ul><div dir=\"ltr\"><span style=\"color: #000000;\"><strong>Mr Djamel Rahem:<\/strong><\/span> 0555 47 21 17 \/ 032 691 617\u00a0 \/\u00a0\u00a0<strong style=\"color: #0000ff;\"><a style=\"color: #0000ff;\" href=\"mailto:rahem_djamel@yahoo.fr\" target=\"_blank\" rel=\"noopener\">rahem_djamel@yahoo.fr<\/a><\/strong><\/div><div dir=\"ltr\">\u00a0<\/div><ul><li dir=\"ltr\"><h4 class=\"entry-title title\"><span style=\"text-decoration: underline; color: #800080;\"><a style=\"color: #800080; text-decoration: underline;\" href=\"http:\/\/www.univ-oeb.dz\/fr\/linstitut-de-gestion-des-techniques-urbaines\/\">L\u2019institut de gestion des techniques urbaines<\/a><\/span><\/h4><\/li><\/ul><p><strong>Mme Guemini Nasira<\/strong><\/p><ul><li><h4><span style=\"text-decoration: underline; color: #800080;\"><strong>r\u00e9sidences universitaires:<\/strong><\/span><\/h4><\/li><\/ul><p><span style=\"color: #000000;\"><strong>Mr Waheb Kalech\u00a0<\/strong><\/span> : 0660270400 \/ 0666877705<strong>\u00a0<a href=\"mailto:Wahabkalache87@gmail.com\" target=\"_blank\" rel=\"noreferrer noopener\">Wahabkalache<\/a><a href=\"mailto:Wahabkalache87@gmail.com\" target=\"_blank\" rel=\"noreferrer noopener\">87@<wbr \/>gmail.com<\/a><\/strong><\/p><p><span style=\"color: #000000;\"><strong>Mr Bechoua Mohamed Ramzi:<\/strong><\/span> 0671372119 <strong><a href=\"mailto:medramzi04@gmail.com\" target=\"_blank\" rel=\"noreferrer noopener\">medramzi04@gmail.com<\/a><\/strong><\/p>\t\t\t\t\t\t<\/div>\n\t\t\t\t<\/div>\n\t\t\t\t\t<\/div>\n\t\t<\/div>\n\t\t\t\t\t<\/div>\n\t\t<\/section>\n\t\t\t\t<\/div>\n\t\t","protected":false},"excerpt":{"rendered":"<p>R\u00e9f\u00e9rents des \u00c9tudiants Internationaux Chers \u00e9tudiants internationaux, l&#8217;universit\u00e9 Larbi Ben Mhidi d&#8217;Oum El Bouaghi met \u00e0 votre disposition des r\u00e9f\u00e9rents dans l&#8217;administration centrale, les facult\u00e9s, les instituts et les d\u00e9partements et \u00e9galement dans votre r\u00e9sidence universitaire, pour vous accompagner. N&#8217;h\u00e9sitez pas \u00e0 les contacter pour toute assistance ou information dont vous pourriez avoir besoin. Nous &hellip;<\/p>\n","protected":false},"author":2,"featured_media":0,"parent":0,"menu_order":0,"comment_status":"closed","ping_status":"closed","template":"","meta":{"_monsterinsights_skip_tracking":false,"_monsterinsights_sitenote_active":false,"_monsterinsights_sitenote_note":"","_monsterinsights_sitenote_category":0,"footnotes":""},"class_list":["post-7788","page","type-page","status-publish","hentry"],"amp_enabled":true,"_links":{"self":[{"href":"https:\/\/www.univ-oeb.dz\/vrlex\/wp-json\/wp\/v2\/pages\/7788","targetHints":{"allow":["GET"]}}],"collection":[{"href":"https:\/\/www.univ-oeb.dz\/vrlex\/wp-json\/wp\/v2\/pages"}],"about":[{"href":"https:\/\/www.univ-oeb.dz\/vrlex\/wp-json\/wp\/v2\/types\/page"}],"author":[{"embeddable":true,"href":"https:\/\/www.univ-oeb.dz\/vrlex\/wp-json\/wp\/v2\/users\/2"}],"replies":[{"embeddable":true,"href":"https:\/\/www.univ-oeb.dz\/vrlex\/wp-json\/wp\/v2\/comments?post=7788"}],"version-history":[{"count":18,"href":"https:\/\/www.univ-oeb.dz\/vrlex\/wp-json\/wp\/v2\/pages\/7788\/revisions"}],"predecessor-version":[{"id":8432,"href":"https:\/\/www.univ-oeb.dz\/vrlex\/wp-json\/wp\/v2\/pages\/7788\/revisions\/8432"}],"wp:attachment":[{"href":"https:\/\/www.univ-oeb.dz\/vrlex\/wp-json\/wp\/v2\/media?parent=7788"}],"curies":[{"name":"wp","href":"https:\/\/api.w.org\/{rel}","templated":true}]}}