{"id":7500,"date":"2023-04-05T11:40:49","date_gmt":"2023-04-05T10:40:49","guid":{"rendered":"http:\/\/www.univ-oeb.dz\/vrlex\/?page_id=7500"},"modified":"2023-07-18T09:01:25","modified_gmt":"2023-07-18T08:01:25","slug":"vie-etudiante","status":"publish","type":"page","link":"https:\/\/www.univ-oeb.dz\/vrlex\/vie-etudiante\/","title":{"rendered":"Vie \u00e9tudiante"},"content":{"rendered":"\t\t<div data-elementor-type=\"wp-post\" data-elementor-id=\"7500\" class=\"elementor elementor-7500\">\n\t\t\t\t\t\t<section class=\"elementor-section elementor-top-section elementor-element elementor-element-e5f2c76 elementor-section-boxed elementor-section-height-default elementor-section-height-default\" data-id=\"e5f2c76\" data-element_type=\"section\">\n\t\t\t\t\t\t<div class=\"elementor-container elementor-column-gap-default\">\n\t\t\t\t\t<div class=\"elementor-column elementor-col-100 elementor-top-column elementor-element elementor-element-7a95b80\" data-id=\"7a95b80\" data-element_type=\"column\">\n\t\t\t<div class=\"elementor-widget-wrap elementor-element-populated\">\n\t\t\t\t\t\t<div class=\"elementor-element elementor-element-5c5c038 elementor-widget elementor-widget-text-editor\" data-id=\"5c5c038\" data-element_type=\"widget\" data-widget_type=\"text-editor.default\">\n\t\t\t\t<div class=\"elementor-widget-container\">\n\t\t\t\t\t\t\t<p>\u00c0 l&#8217;Universit\u00e9 d&#8217;Oum El Bouaghi, nous sommes fiers de cr\u00e9er une communaut\u00e9 \u00e9tudiante dynamique et accueillante pour nos \u00e9tudiants, y compris nos \u00e9tudiants internationaux.<\/p><p>Nous comprenons l&#8217;importance d&#8217;un environnement de vie \u00e9tudiante sain et s\u00e9curis\u00e9 pour la r\u00e9ussite universitaire et personnelle de nos \u00e9tudiants. Nous offrons des r\u00e9sidences tr\u00e8s bien \u00e9quip\u00e9es et adapt\u00e9es pour un s\u00e9jour agr\u00e9able et convenable et confortable.<\/p><p>Nous encourageons \u00e9galement nos \u00e9tudiants \u00e0 participer \u00e0 des activit\u00e9s parascolaires telles que des \u00e9v\u00e9nements culturels, sportifs et sociaux pour renforcer leur exp\u00e9rience universitaire. De plus, notre universit\u00e9 offre une vari\u00e9t\u00e9 de clubs \u00e9tudiants pour que nos \u00e9tudiants puissent s&#8217;impliquer dans des activit\u00e9s qu&#8217;ils aiment et rencontrer des gens partageant les m\u00eames id\u00e9es et les m\u00eames centres d\u2019int\u00e9r\u00eat. Nous sommes heureux d&#8217;offrir \u00e0 nos \u00e9tudiants internationaux un environnement s\u00fbr et stimulant pour leur vie \u00e9tudiante.<\/p>\t\t\t\t\t\t<\/div>\n\t\t\t\t<\/div>\n\t\t\t\t\t<\/div>\n\t\t<\/div>\n\t\t\t\t\t<\/div>\n\t\t<\/section>\n\t\t\t\t<section class=\"elementor-section elementor-top-section elementor-element elementor-element-0becbdb elementor-section-boxed elementor-section-height-default elementor-section-height-default\" data-id=\"0becbdb\" data-element_type=\"section\">\n\t\t\t\t\t\t<div class=\"elementor-container elementor-column-gap-default\">\n\t\t\t\t\t<div class=\"elementor-column elementor-col-33 elementor-top-column elementor-element elementor-element-4aef80c\" data-id=\"4aef80c\" data-element_type=\"column\">\n\t\t\t<div class=\"elementor-widget-wrap elementor-element-populated\">\n\t\t\t\t\t\t<div class=\"elementor-element elementor-element-98d5c41 elementor-widget elementor-widget-image\" data-id=\"98d5c41\" data-element_type=\"widget\" data-widget_type=\"image.default\">\n\t\t\t\t<div class=\"elementor-widget-container\">\n\t\t\t\t\t\t\t\t\t\t\t\t\t<img fetchpriority=\"high\" decoding=\"async\" width=\"480\" height=\"363\" src=\"https:\/\/www.univ-oeb.dz\/vrlex\/wp-content\/uploads\/2023\/04\/click.gif\" class=\"attachment-large size-large wp-image-7503\" alt=\"\" \/>\t\t\t\t\t\t\t\t\t\t\t\t\t<\/div>\n\t\t\t\t<\/div>\n\t\t\t\t\t<\/div>\n\t\t<\/div>\n\t\t\t\t<div class=\"elementor-column elementor-col-66 elementor-top-column elementor-element elementor-element-982d69a\" data-id=\"982d69a\" data-element_type=\"column\">\n\t\t\t<div class=\"elementor-widget-wrap elementor-element-populated\">\n\t\t\t\t\t\t<div class=\"elementor-element elementor-element-91c999d elementor-widget elementor-widget-text-editor\" data-id=\"91c999d\" data-element_type=\"widget\" data-widget_type=\"text-editor.default\">\n\t\t\t\t<div class=\"elementor-widget-container\">\n\t\t\t\t\t\t\t<ul><li><span style=\"text-decoration: underline;\"><strong><span style=\"color: #339966;\"><a style=\"color: #339966; text-decoration: underline;\" href=\"https:\/\/www.univ-oeb.dz\/vrlex\/residence-universitaire\/\">Informations sur les r\u00e9sidences universitaires des \u00e9tudiants<\/a><\/span><\/strong><\/span><\/li><li><a href=\"http:\/\/www.univ-oeb.dz\/dacs\/\" target=\"_blank\" rel=\"noopener\"><span style=\"text-decoration: underline; color: #339966;\"><strong>Activit\u00e9s parascolaires offertes aux \u00e9tudiants (activit\u00e9s de la DACS)\u00a0<\/strong><\/span><\/a><\/li><li><a href=\"http:\/\/www.univ-oeb.dz\/fr\/camebs\/\" target=\"_blank\" rel=\"noopener\"><span style=\"color: #339966;\"><span style=\"text-decoration: underline;\"><strong>Clubs des \u00e9tudiants (<\/strong><\/span><strong>CAMEBS)<\/strong><\/span><\/a><\/li><\/ul>\t\t\t\t\t\t<\/div>\n\t\t\t\t<\/div>\n\t\t\t\t\t<\/div>\n\t\t<\/div>\n\t\t\t\t\t<\/div>\n\t\t<\/section>\n\t\t\t\t<section class=\"elementor-section elementor-top-section elementor-element elementor-element-afc8d09 elementor-section-boxed elementor-section-height-default elementor-section-height-default\" data-id=\"afc8d09\" data-element_type=\"section\">\n\t\t\t\t\t\t<div class=\"elementor-container elementor-column-gap-default\">\n\t\t\t\t\t<div class=\"elementor-column elementor-col-100 elementor-top-column elementor-element elementor-element-f0c2e1a\" data-id=\"f0c2e1a\" data-element_type=\"column\">\n\t\t\t<div class=\"elementor-widget-wrap elementor-element-populated\">\n\t\t\t\t\t\t<div class=\"elementor-element elementor-element-3f9dfec elementor-widget elementor-widget-heading\" data-id=\"3f9dfec\" data-element_type=\"widget\" data-widget_type=\"heading.default\">\n\t\t\t\t<div class=\"elementor-widget-container\">\n\t\t\t<h2 class=\"elementor-heading-title elementor-size-default\">Services pour les \u00e9tudiants internationaux\n<\/h2>\t\t<\/div>\n\t\t\t\t<\/div>\n\t\t\t\t\t<\/div>\n\t\t<\/div>\n\t\t\t\t\t<\/div>\n\t\t<\/section>\n\t\t\t\t<section class=\"elementor-section elementor-top-section elementor-element elementor-element-29c9a8e elementor-section-boxed elementor-section-height-default elementor-section-height-default\" data-id=\"29c9a8e\" data-element_type=\"section\">\n\t\t\t\t\t\t<div class=\"elementor-container elementor-column-gap-default\">\n\t\t\t\t\t<div class=\"elementor-column elementor-col-100 elementor-top-column elementor-element elementor-element-721cbc7\" data-id=\"721cbc7\" data-element_type=\"column\">\n\t\t\t<div class=\"elementor-widget-wrap elementor-element-populated\">\n\t\t\t\t\t\t<div class=\"elementor-element elementor-element-4cbfbc2 elementor-widget elementor-widget-text-editor\" data-id=\"4cbfbc2\" data-element_type=\"widget\" data-widget_type=\"text-editor.default\">\n\t\t\t\t<div class=\"elementor-widget-container\">\n\t\t\t\t\t\t\t<p>Nous comprenons que le passage \u00e0 une nouvelle universit\u00e9 dans un pays \u00e9tranger peut \u00eatre difficile pour les \u00e9tudiants internationaux. C&#8217;est pourquoi \u00e0<strong> l\u2019universit\u00e9 d\u2019Oum El Bouaghi<\/strong>, nous sommes fiers d&#8217;offrir une vari\u00e9t\u00e9 de services de soutien pour les aider \u00e0 s&#8217;adapter \u00e0 la vie universitaire et culturelle.<\/p><p>Nous offrons des programmes de mentorat pour les \u00e9tudiants \u00e9trangers, qui fournissent une orientation et un soutien personnalis\u00e9 pour faciliter leur transition.<\/p><p>De plus, notre Centre d&#8217;\u00e9tude de la langue et d&#8217;adaptation culturelle (<strong><span style=\"color: #008000;\">CEIL<\/span><\/strong>\u00a0: Centre d\u2019Enseignement Intensif des Langues) offre des cours de langue et des programmes d&#8217;adaptation culturelle pour aider les \u00e9tudiants internationaux \u00e0 am\u00e9liorer leur compr\u00e9hension de la langue et de la culture locale.<\/p><p>Aussi, notre service de sant\u00e9 pour les \u00e9tudiants (<a href=\"https:\/\/www.univ-oeb.dz\/vrlex\/2023\/7506\/\" target=\"_blank\" rel=\"noopener\"><strong><span style=\"color: #008000;\">CMS<\/span><\/strong><\/a>\u00a0: Centre M\u00e9dico Social) fournit un soutien m\u00e9dical complet aux \u00e9tudiants internationaux, y compris des consultations, des soins pr\u00e9ventifs et des r\u00e9f\u00e9rences pour des services m\u00e9dicaux sp\u00e9cialis\u00e9s. Nous sommes fiers de soutenir nos \u00e9tudiants internationaux \u00e0 chaque \u00e9tape de leur parcours universitaire \u00e0 l&#8217;Universit\u00e9 d&#8217;Oum El Bouaghi.<\/p>\t\t\t\t\t\t<\/div>\n\t\t\t\t<\/div>\n\t\t\t\t\t<\/div>\n\t\t<\/div>\n\t\t\t\t\t<\/div>\n\t\t<\/section>\n\t\t\t\t<section class=\"elementor-section elementor-top-section elementor-element elementor-element-30c2e5c elementor-section-boxed elementor-section-height-default elementor-section-height-default\" data-id=\"30c2e5c\" data-element_type=\"section\">\n\t\t\t\t\t\t<div class=\"elementor-container elementor-column-gap-default\">\n\t\t\t\t\t<div class=\"elementor-column elementor-col-33 elementor-top-column elementor-element elementor-element-5787d0c\" data-id=\"5787d0c\" data-element_type=\"column\">\n\t\t\t<div class=\"elementor-widget-wrap elementor-element-populated\">\n\t\t\t\t\t\t<div class=\"elementor-element elementor-element-e0a2a0a elementor-widget elementor-widget-image\" data-id=\"e0a2a0a\" data-element_type=\"widget\" data-widget_type=\"image.default\">\n\t\t\t\t<div class=\"elementor-widget-container\">\n\t\t\t\t\t\t\t\t\t\t\t\t\t<img fetchpriority=\"high\" decoding=\"async\" width=\"480\" height=\"363\" src=\"https:\/\/www.univ-oeb.dz\/vrlex\/wp-content\/uploads\/2023\/04\/click.gif\" class=\"attachment-large size-large wp-image-7503\" alt=\"\" \/>\t\t\t\t\t\t\t\t\t\t\t\t\t<\/div>\n\t\t\t\t<\/div>\n\t\t\t\t\t<\/div>\n\t\t<\/div>\n\t\t\t\t<div class=\"elementor-column elementor-col-66 elementor-top-column elementor-element elementor-element-8119d06\" data-id=\"8119d06\" data-element_type=\"column\">\n\t\t\t<div class=\"elementor-widget-wrap elementor-element-populated\">\n\t\t\t\t\t\t<div class=\"elementor-element elementor-element-6151c56 elementor-widget elementor-widget-text-editor\" data-id=\"6151c56\" data-element_type=\"widget\" data-widget_type=\"text-editor.default\">\n\t\t\t\t<div class=\"elementor-widget-container\">\n\t\t\t\t\t\t\t<ul><li>Services de soutien aux \u00e9tudiants \u00e9trangers, tels que les programmes de mentorat (d\u2019orientation)\u00a0<\/li><li><a href=\"http:\/\/www.univ-oeb.dz\/CEIL\/fr\/francais\/\" target=\"_blank\" rel=\"noopener\"><span style=\"text-decoration: underline;\"><span style=\"color: #008000; text-decoration: underline;\">Cours de langue et programmes d&#8217;adaptation culturelle (CEIL)<\/span><\/span><\/a>\u00a0<\/li><li><a href=\"https:\/\/www.univ-oeb.dz\/vrlex\/2023\/7506\/\" target=\"_blank\" rel=\"noopener\"><span style=\"text-decoration: underline;\"><span style=\"color: #008000; text-decoration: underline;\">Services de sant\u00e9 pour les \u00e9tudiants \u00e9trangers (CMS)\u00a0<\/span><\/span><\/a><\/li><\/ul>\t\t\t\t\t\t<\/div>\n\t\t\t\t<\/div>\n\t\t\t\t\t<\/div>\n\t\t<\/div>\n\t\t\t\t\t<\/div>\n\t\t<\/section>\n\t\t\t\t<\/div>\n\t\t","protected":false},"excerpt":{"rendered":"<p>\u00c0 l&#8217;Universit\u00e9 d&#8217;Oum El Bouaghi, nous sommes fiers de cr\u00e9er une communaut\u00e9 \u00e9tudiante dynamique et accueillante pour nos \u00e9tudiants, y compris nos \u00e9tudiants internationaux. Nous comprenons l&#8217;importance d&#8217;un environnement de vie \u00e9tudiante sain et s\u00e9curis\u00e9 pour la r\u00e9ussite universitaire et personnelle de nos \u00e9tudiants. Nous offrons des r\u00e9sidences tr\u00e8s bien \u00e9quip\u00e9es et adapt\u00e9es pour un &hellip;<\/p>\n","protected":false},"author":2,"featured_media":0,"parent":0,"menu_order":0,"comment_status":"closed","ping_status":"closed","template":"","meta":{"_monsterinsights_skip_tracking":false,"_monsterinsights_sitenote_active":false,"_monsterinsights_sitenote_note":"","_monsterinsights_sitenote_category":0,"footnotes":""},"class_list":["post-7500","page","type-page","status-publish","hentry"],"amp_enabled":true,"_links":{"self":[{"href":"https:\/\/www.univ-oeb.dz\/vrlex\/wp-json\/wp\/v2\/pages\/7500","targetHints":{"allow":["GET"]}}],"collection":[{"href":"https:\/\/www.univ-oeb.dz\/vrlex\/wp-json\/wp\/v2\/pages"}],"about":[{"href":"https:\/\/www.univ-oeb.dz\/vrlex\/wp-json\/wp\/v2\/types\/page"}],"author":[{"embeddable":true,"href":"https:\/\/www.univ-oeb.dz\/vrlex\/wp-json\/wp\/v2\/users\/2"}],"replies":[{"embeddable":true,"href":"https:\/\/www.univ-oeb.dz\/vrlex\/wp-json\/wp\/v2\/comments?post=7500"}],"version-history":[{"count":9,"href":"https:\/\/www.univ-oeb.dz\/vrlex\/wp-json\/wp\/v2\/pages\/7500\/revisions"}],"predecessor-version":[{"id":8625,"href":"https:\/\/www.univ-oeb.dz\/vrlex\/wp-json\/wp\/v2\/pages\/7500\/revisions\/8625"}],"wp:attachment":[{"href":"https:\/\/www.univ-oeb.dz\/vrlex\/wp-json\/wp\/v2\/media?parent=7500"}],"curies":[{"name":"wp","href":"https:\/\/api.w.org\/{rel}","templated":true}]}}