{"id":7014,"date":"2023-02-09T09:42:09","date_gmt":"2023-02-09T08:42:09","guid":{"rendered":"http:\/\/www.univ-oeb.dz\/vrlex\/?page_id=7014"},"modified":"2023-02-19T14:36:43","modified_gmt":"2023-02-19T13:36:43","slug":"bleu","status":"publish","type":"page","link":"https:\/\/www.univ-oeb.dz\/vrlex\/bleu\/","title":{"rendered":"BLEU"},"content":{"rendered":"\t\t<div data-elementor-type=\"wp-post\" data-elementor-id=\"7014\" class=\"elementor elementor-7014\">\n\t\t\t\t\t\t<section class=\"elementor-section elementor-top-section elementor-element elementor-element-be788a4 elementor-section-boxed elementor-section-height-default elementor-section-height-default\" data-id=\"be788a4\" data-element_type=\"section\">\n\t\t\t\t\t\t<div class=\"elementor-container elementor-column-gap-default\">\n\t\t\t\t\t<div class=\"elementor-column elementor-col-33 elementor-top-column elementor-element elementor-element-0c5207a\" data-id=\"0c5207a\" data-element_type=\"column\">\n\t\t\t<div class=\"elementor-widget-wrap elementor-element-populated\">\n\t\t\t\t\t\t<div class=\"elementor-element elementor-element-5adf4fd elementor-invisible elementor-widget elementor-widget-image\" data-id=\"5adf4fd\" data-element_type=\"widget\" data-settings=\"{&quot;_animation&quot;:&quot;rollIn&quot;}\" data-widget_type=\"image.default\">\n\t\t\t\t<div class=\"elementor-widget-container\">\n\t\t\t\t\t\t\t\t\t\t\t\t\t<img fetchpriority=\"high\" decoding=\"async\" width=\"402\" height=\"337\" src=\"https:\/\/www.univ-oeb.dz\/vrlex\/wp-content\/uploads\/2023\/02\/IMG_20230208_205133.jpg\" class=\"attachment-large size-large wp-image-7009\" alt=\"\" srcset=\"https:\/\/www.univ-oeb.dz\/vrlex\/wp-content\/uploads\/2023\/02\/IMG_20230208_205133.jpg 402w, https:\/\/www.univ-oeb.dz\/vrlex\/wp-content\/uploads\/2023\/02\/IMG_20230208_205133-300x251.jpg 300w\" sizes=\"(max-width: 402px) 100vw, 402px\" \/>\t\t\t\t\t\t\t\t\t\t\t\t\t<\/div>\n\t\t\t\t<\/div>\n\t\t\t\t\t<\/div>\n\t\t<\/div>\n\t\t\t\t<div class=\"elementor-column elementor-col-66 elementor-top-column elementor-element elementor-element-a2b6bfe\" data-id=\"a2b6bfe\" data-element_type=\"column\">\n\t\t\t<div class=\"elementor-widget-wrap elementor-element-populated\">\n\t\t\t\t\t\t<div class=\"elementor-element elementor-element-5979954 elementor-invisible elementor-widget elementor-widget-heading\" data-id=\"5979954\" data-element_type=\"widget\" data-settings=\"{&quot;_animation&quot;:&quot;zoomIn&quot;}\" data-widget_type=\"heading.default\">\n\t\t\t\t<div class=\"elementor-widget-container\">\n\t\t\t<h2 class=\"elementor-heading-title elementor-size-default\">Bureau de Liaison Universit\u00e9 et  Entreprises -BLUE-<\/h2>\t\t<\/div>\n\t\t\t\t<\/div>\n\t\t\t\t\t<\/div>\n\t\t<\/div>\n\t\t\t\t\t<\/div>\n\t\t<\/section>\n\t\t\t\t<section class=\"elementor-section elementor-top-section elementor-element elementor-element-b5ddb34 elementor-section-boxed elementor-section-height-default elementor-section-height-default\" data-id=\"b5ddb34\" data-element_type=\"section\">\n\t\t\t\t\t\t<div class=\"elementor-container elementor-column-gap-default\">\n\t\t\t\t\t<div class=\"elementor-column elementor-col-100 elementor-top-column elementor-element elementor-element-ead5e43\" data-id=\"ead5e43\" data-element_type=\"column\">\n\t\t\t<div class=\"elementor-widget-wrap elementor-element-populated\">\n\t\t\t\t\t\t<div class=\"elementor-element elementor-element-078984b elementor-widget-divider--view-line elementor-widget elementor-widget-divider\" data-id=\"078984b\" data-element_type=\"widget\" data-widget_type=\"divider.default\">\n\t\t\t\t<div class=\"elementor-widget-container\">\n\t\t\t\t\t<div class=\"elementor-divider\">\n\t\t\t<span class=\"elementor-divider-separator\">\n\t\t\t\t\t\t<\/span>\n\t\t<\/div>\n\t\t\t\t<\/div>\n\t\t\t\t<\/div>\n\t\t\t\t\t<\/div>\n\t\t<\/div>\n\t\t\t\t\t<\/div>\n\t\t<\/section>\n\t\t\t\t<section class=\"elementor-section elementor-top-section elementor-element elementor-element-7cd8085 elementor-section-boxed elementor-section-height-default elementor-section-height-default\" data-id=\"7cd8085\" data-element_type=\"section\">\n\t\t\t\t\t\t<div class=\"elementor-container elementor-column-gap-default\">\n\t\t\t\t\t<div class=\"elementor-column elementor-col-100 elementor-top-column elementor-element elementor-element-1aca2a1\" data-id=\"1aca2a1\" data-element_type=\"column\">\n\t\t\t<div class=\"elementor-widget-wrap elementor-element-populated\">\n\t\t\t\t\t\t<div class=\"elementor-element elementor-element-e1f4730 elementor-widget__width-inherit elementor-widget elementor-widget-text-editor\" data-id=\"e1f4730\" data-element_type=\"widget\" data-widget_type=\"text-editor.default\">\n\t\t\t\t<div class=\"elementor-widget-container\">\n\t\t\t\t\t\t\t<p>\u00a0\u00a0\u00a0\u00a0\u00a0 L&#8217;universit\u00e9 joue un r\u00f4le tr\u00e8s important\u00a0 dans le d\u00e9veloppement des soci\u00e9t\u00e9s, elle repr\u00e9sente le progr\u00e8s du savoir dans le secteur socio-\u00e9conomique et le parcours menant le savoir de la soci\u00e9t\u00e9. Son but consiste \u00e0 l\u2019int\u00e9gration aux exigences du d\u00e9veloppement et aux aspirations et besoins de la soci\u00e9t\u00e9, car cette responsabilit\u00e9 n&#8217;incombe pas seulement \u00e0 l&#8217;universit\u00e9, mais n\u00e9cessite plut\u00f4t de trouver des partenaires. Le march\u00e9 du travail repr\u00e9sent\u00e9 par les entreprises \u00e9conomiques et sociales est le partenaire le plus important de l&#8217;universit\u00e9, qui a pour mission de recevoir les r\u00e9sultats de l&#8217;enseignement universitaire \u00e0 travers ces cadres et ses comp\u00e9tences, en plus son r\u00f4le dans le transfert des connaissances et \u00a0production \u00e0 la communaut\u00e9.<\/p><p>Les besoins du secteur de l&#8217;enseignement sup\u00e9rieur, dans les pays en d\u00e9veloppement ou d\u00e9velopp\u00e9s, font partie des missions de l\u2019\u00c9tat, elle l&#8217;organise en fixant ses politiques son financement, puis en le soumettant au dispositif gouvernemental repr\u00e9sent\u00e9 par le Minist\u00e8re de l&#8217;Enseignement Sup\u00e9rieur et de la Recherche Scientifique, en plus du secteur public repr\u00e9sent\u00e9 dans les entreprises affili\u00e9es \u00e0 l&#8217;\u00c9tat, qui constitue le march\u00e9 du travail principal pour les dipl\u00f4m\u00e9s des universit\u00e9s nationales. La progression du secteur priv\u00e9 et la diversit\u00e9 des comp\u00e9tences et les besoins demand\u00e9s par l&#8217;\u00e9conomie de march\u00e9, l&#8217;universit\u00e9 a \u00e9t\u00e9 oblig\u00e9e de conclure des partenariats avec de nombreuses entreprises \u00e9conomiques et autres . A cet \u00e9gard, l&#8217;Organisation internationale du travail OIT a mis au point une plate-forme d&#8217;orientation \u2013 TAWJIH \u2013 pour faire correspondre la formation et les comp\u00e9tences avec les besoins du march\u00e9 du travail r\u00e9partis en Alg\u00e9rie, Tunisie, Maroc, Mauritanie et Libye. Ainsi, l&#8217;Alg\u00e9rie cherche \u00e0 suivre ces d\u00e9veloppements, elle a r\u00e9parti les missions entre les secteurs concern\u00e9s \u00e0 ce sujet, par le minist\u00e8re de l&#8217;Enseignement Sup\u00e9rieur et de la Recherche Scientifique, qui supervise toutes les universit\u00e9s du pays en mati\u00e8re de suivi de ces \u00e9volutions, par la cr\u00e9ation des services au sein de l&#8217;universit\u00e9 dont la responsabilit\u00e9 est d&#8217;organiser le fonctionnement entre l&#8217;universit\u00e9 et le march\u00e9 du travail.<\/p><p>Compte tenu de ce qui pr\u00e9c\u00e8de, l&#8217;Universit\u00e9 d&#8217;Oum El-Bouaghi, a d\u00e9cid\u00e9 de suivre les d\u00e9veloppements et l&#8217;ouverture de l&#8217;universit\u00e9 sur son environnement \u00e9conomique, et le renforcement et la coop\u00e9ration entre l&#8217;universit\u00e9 et l\u2019environnement social, la mise en place du bureau de liaison entre l&#8217;universit\u00e9 et les entreprises \u00e9conomiques <span style=\"color: #0000ff;\">BLUE<\/span> officiellement.<\/p><p>Le bureau de liaison, g\u00e9r\u00e9 par une \u00e9quipe de sp\u00e9cialistes en informatique et statistiques, est consid\u00e9r\u00e9 comme un outil d&#8217;aide \u00e0 la prise de d\u00e9cision de l&#8217;universit\u00e9, et dans cette perspective, a pour mission de consulter la communaut\u00e9 universitaire (\u00e9tudiants, professeurs et personnel) sur les questions li\u00e9es \u00e0 l&#8217;\u00e9valuation et le perfectionnement de l&#8217;activit\u00e9 interne de l&#8217;universit\u00e9 (enseignement, recherche, vie universitaire, infrastructures, coop\u00e9ration internationale, relation avec l&#8217;environnement socio-\u00e9conomique et la gouvernance des institutions). Le bureau de liaison est \u00e9galement consid\u00e9r\u00e9 comme un outil auxiliaire pour le fonctionnement de l&#8217;universit\u00e9, des facult\u00e9s et des instituts, et le perfectionnement des responsables, par une r\u00e9daction de conclusion sous forme de rapports annuels.<\/p>\t\t\t\t\t\t<\/div>\n\t\t\t\t<\/div>\n\t\t\t\t\t<\/div>\n\t\t<\/div>\n\t\t\t\t\t<\/div>\n\t\t<\/section>\n\t\t\t\t<section class=\"elementor-section elementor-top-section elementor-element elementor-element-e1b524c elementor-section-boxed elementor-section-height-default elementor-section-height-default\" data-id=\"e1b524c\" data-element_type=\"section\">\n\t\t\t\t\t\t<div class=\"elementor-container elementor-column-gap-default\">\n\t\t\t\t\t<div class=\"elementor-column elementor-col-100 elementor-top-column elementor-element elementor-element-2ff40b2\" data-id=\"2ff40b2\" data-element_type=\"column\">\n\t\t\t<div class=\"elementor-widget-wrap elementor-element-populated\">\n\t\t\t\t\t\t<div class=\"elementor-element elementor-element-31729ff elementor-invisible elementor-widget elementor-widget-text-editor\" data-id=\"31729ff\" data-element_type=\"widget\" data-settings=\"{&quot;_animation&quot;:&quot;fadeInUp&quot;}\" data-widget_type=\"text-editor.default\">\n\t\t\t\t<div class=\"elementor-widget-container\">\n\t\t\t\t\t\t\t<h3>\u00a0 <span style=\"text-decoration: underline;\"><span style=\"color: #993300;\"><strong>Les taches du\u00a0<\/strong><\/span><span style=\"color: #993300; text-decoration: underline;\"><strong>Bureau de Liaison Universit\u00e9- Entreprise<\/strong><\/span><\/span><\/h3>\t\t\t\t\t\t<\/div>\n\t\t\t\t<\/div>\n\t\t\t\t\t<\/div>\n\t\t<\/div>\n\t\t\t\t\t<\/div>\n\t\t<\/section>\n\t\t\t\t<section class=\"elementor-section elementor-top-section elementor-element elementor-element-d022020 elementor-section-boxed elementor-section-height-default elementor-section-height-default\" data-id=\"d022020\" data-element_type=\"section\">\n\t\t\t\t\t\t<div class=\"elementor-container elementor-column-gap-default\">\n\t\t\t\t\t<div class=\"elementor-column elementor-col-100 elementor-top-column elementor-element elementor-element-600f837\" data-id=\"600f837\" data-element_type=\"column\">\n\t\t\t<div class=\"elementor-widget-wrap elementor-element-populated\">\n\t\t\t\t\t\t<div class=\"elementor-element elementor-element-c62474e elementor-widget elementor-widget-text-editor\" data-id=\"c62474e\" data-element_type=\"widget\" data-widget_type=\"text-editor.default\">\n\t\t\t\t<div class=\"elementor-widget-container\">\n\t\t\t\t\t\t\t<p>* Renforcer les relations entre l&#8217;universit\u00e9 et les entreprises \u00e9conomiques\/ les organismes sociaux.<\/p><p>* D\u00e9terminer les objectifs et les responsabilit\u00e9s de l&#8217;universit\u00e9 envers son environnement social et \u00e9conomique, responsabiliser l&#8217;environnement social et \u00e9conomique envers l&#8217;universit\u00e9, avec cr\u00e9dibilit\u00e9 et profit mutuel.<\/p><p>* Institutionnaliser les relations entre l&#8217;universit\u00e9 et les entreprises \u00e9conomiques.<\/p><p>* Suivi des anciens dipl\u00f4m\u00e9s universitaires apr\u00e8s un ou deux ann\u00e9es de chaque promotion, afin de faire une identification des profils et des sp\u00e9cialit\u00e9s dans le march\u00e9 d\u2019emploi.<\/p><p>* Comptabiliser les dipl\u00f4m\u00e9s universitaires et suivre de leurs petits projets (cr\u00e9ation d&#8217;une base de donn\u00e9es des anciens dipl\u00f4m\u00e9s de l&#8217;Universit\u00e9 Oum El Bouaghi).<\/p><p>* Correspondre les dipl\u00f4mes aux comp\u00e9tences de chaque domaine\/sp\u00e9cialit\u00e9, y compris les exigences du march\u00e9 du travail.<\/p><p>* Cr\u00e9ation des formulaires en ligne des dipl\u00f4m\u00e9s en coordination avec le Centre des syst\u00e8mes et r\u00e9seaux d&#8217;informatique et de communication de l&#8217;Universit\u00e9.<\/p><p>* La collaboration avec les commissions d\u2019encadrements: Wilaya, Daira, APC, chambre des commerces (CCI), Les directions d\u2019ex\u00e9cutives de wilaya,\u00a0l\u2019ANEM, ANGEM, ANSEJ, CNAC, DAS,\u00a0associations et autres.<\/p><p>*Suivi de l&#8217;actualit\u00e9 du monde de travail et de l&#8217;emploi et dans le domaine de la recherche.<\/p><p>* \u00a0La cr\u00e9ation de r\u00e9seaux relationnels\u00a0(\u00e9conomique et social) .<\/p><p>* Le renforcement de l&#8217;employabilit\u00e9.<\/p><p>* Encourager l&#8217;innovation et l&#8217;entrepreneuriat.<\/p>\t\t\t\t\t\t<\/div>\n\t\t\t\t<\/div>\n\t\t\t\t\t<\/div>\n\t\t<\/div>\n\t\t\t\t\t<\/div>\n\t\t<\/section>\n\t\t\t\t<section class=\"elementor-section elementor-top-section elementor-element elementor-element-cd3645e elementor-section-boxed elementor-section-height-default elementor-section-height-default\" data-id=\"cd3645e\" data-element_type=\"section\">\n\t\t\t\t\t\t<div class=\"elementor-container elementor-column-gap-default\">\n\t\t\t\t\t<div class=\"elementor-column elementor-col-33 elementor-top-column elementor-element elementor-element-4a7b8a9\" data-id=\"4a7b8a9\" data-element_type=\"column\">\n\t\t\t<div class=\"elementor-widget-wrap elementor-element-populated\">\n\t\t\t\t\t\t<div class=\"elementor-element elementor-element-8c798a7 elementor-invisible elementor-widget elementor-widget-image\" data-id=\"8c798a7\" data-element_type=\"widget\" data-settings=\"{&quot;_animation&quot;:&quot;rotateIn&quot;}\" data-widget_type=\"image.default\">\n\t\t\t\t<div class=\"elementor-widget-container\">\n\t\t\t\t\t\t\t\t\t\t\t\t\t<img decoding=\"async\" width=\"300\" height=\"300\" src=\"https:\/\/www.univ-oeb.dz\/vrlex\/wp-content\/uploads\/2023\/02\/nous-conbtacter-logo1-300x300.png\" class=\"attachment-large size-large wp-image-6971\" alt=\"\" srcset=\"https:\/\/www.univ-oeb.dz\/vrlex\/wp-content\/uploads\/2023\/02\/nous-conbtacter-logo1-300x300.png 300w, https:\/\/www.univ-oeb.dz\/vrlex\/wp-content\/uploads\/2023\/02\/nous-conbtacter-logo1-300x300-150x150.png 150w\" sizes=\"(max-width: 300px) 100vw, 300px\" \/>\t\t\t\t\t\t\t\t\t\t\t\t\t<\/div>\n\t\t\t\t<\/div>\n\t\t\t\t\t<\/div>\n\t\t<\/div>\n\t\t\t\t<div class=\"elementor-column elementor-col-66 elementor-top-column elementor-element elementor-element-76be7ac\" data-id=\"76be7ac\" data-element_type=\"column\">\n\t\t\t<div class=\"elementor-widget-wrap elementor-element-populated\">\n\t\t\t\t\t\t<div class=\"elementor-element elementor-element-a875c02 elementor-widget elementor-widget-text-editor\" data-id=\"a875c02\" data-element_type=\"widget\" data-widget_type=\"text-editor.default\">\n\t\t\t\t<div class=\"elementor-widget-container\">\n\t\t\t\t\t\t\t<h3><span style=\"text-decoration: underline; color: #008000;\"><strong>Coordonn\u00e9es\u00a0:<\/strong><\/span><\/h3>\t\t\t\t\t\t<\/div>\n\t\t\t\t<\/div>\n\t\t\t\t\t<\/div>\n\t\t<\/div>\n\t\t\t\t\t<\/div>\n\t\t<\/section>\n\t\t\t\t<section class=\"elementor-section elementor-top-section elementor-element elementor-element-bf19c56 elementor-section-boxed elementor-section-height-default elementor-section-height-default\" data-id=\"bf19c56\" data-element_type=\"section\">\n\t\t\t\t\t\t<div class=\"elementor-container elementor-column-gap-default\">\n\t\t\t\t\t<div class=\"elementor-column elementor-col-100 elementor-top-column elementor-element elementor-element-70fe7a0\" data-id=\"70fe7a0\" data-element_type=\"column\">\n\t\t\t<div class=\"elementor-widget-wrap elementor-element-populated\">\n\t\t\t\t\t\t<div class=\"elementor-element elementor-element-03d4119 elementor-widget elementor-widget-text-editor\" data-id=\"03d4119\" data-element_type=\"widget\" data-widget_type=\"text-editor.default\">\n\t\t\t\t<div class=\"elementor-widget-container\">\n\t\t\t\t\t\t\t<p>* responsable de bureau\u00a0: Dr Mezrag Manal .<\/p><ul><li>Num\u00e9ro de t\u00e9l\u00e9phone\u00a0: 032563192 .<\/li><li>Email\u00a0: <span style=\"text-decoration: underline;\"><a href=\"mailto:relex.bleu@univ-oeb.dz\"><strong>\u00a0<\/strong><strong>relex.bleu@univ-oeb.dz<\/strong><\/a><\/span><\/li><\/ul>\t\t\t\t\t\t<\/div>\n\t\t\t\t<\/div>\n\t\t\t\t\t<\/div>\n\t\t<\/div>\n\t\t\t\t\t<\/div>\n\t\t<\/section>\n\t\t\t\t<\/div>\n\t\t","protected":false},"excerpt":{"rendered":"<p>Bureau de Liaison Universit\u00e9 et Entreprises -BLUE- \u00a0\u00a0\u00a0\u00a0\u00a0 L&#8217;universit\u00e9 joue un r\u00f4le tr\u00e8s important\u00a0 dans le d\u00e9veloppement des soci\u00e9t\u00e9s, elle repr\u00e9sente le progr\u00e8s du savoir dans le secteur socio-\u00e9conomique et le parcours menant le savoir de la soci\u00e9t\u00e9. Son but consiste \u00e0 l\u2019int\u00e9gration aux exigences du d\u00e9veloppement et aux aspirations et besoins de la soci\u00e9t\u00e9, &hellip;<\/p>\n","protected":false},"author":2,"featured_media":7013,"parent":0,"menu_order":0,"comment_status":"closed","ping_status":"closed","template":"","meta":{"_monsterinsights_skip_tracking":false,"_monsterinsights_sitenote_active":false,"_monsterinsights_sitenote_note":"","_monsterinsights_sitenote_category":0,"footnotes":""},"class_list":["post-7014","page","type-page","status-publish","has-post-thumbnail","hentry"],"amp_enabled":true,"_links":{"self":[{"href":"https:\/\/www.univ-oeb.dz\/vrlex\/wp-json\/wp\/v2\/pages\/7014","targetHints":{"allow":["GET"]}}],"collection":[{"href":"https:\/\/www.univ-oeb.dz\/vrlex\/wp-json\/wp\/v2\/pages"}],"about":[{"href":"https:\/\/www.univ-oeb.dz\/vrlex\/wp-json\/wp\/v2\/types\/page"}],"author":[{"embeddable":true,"href":"https:\/\/www.univ-oeb.dz\/vrlex\/wp-json\/wp\/v2\/users\/2"}],"replies":[{"embeddable":true,"href":"https:\/\/www.univ-oeb.dz\/vrlex\/wp-json\/wp\/v2\/comments?post=7014"}],"version-history":[{"count":3,"href":"https:\/\/www.univ-oeb.dz\/vrlex\/wp-json\/wp\/v2\/pages\/7014\/revisions"}],"predecessor-version":[{"id":7067,"href":"https:\/\/www.univ-oeb.dz\/vrlex\/wp-json\/wp\/v2\/pages\/7014\/revisions\/7067"}],"wp:featuredmedia":[{"embeddable":true,"href":"https:\/\/www.univ-oeb.dz\/vrlex\/wp-json\/wp\/v2\/media\/7013"}],"wp:attachment":[{"href":"https:\/\/www.univ-oeb.dz\/vrlex\/wp-json\/wp\/v2\/media?parent=7014"}],"curies":[{"name":"wp","href":"https:\/\/api.w.org\/{rel}","templated":true}]}}