{"id":53,"date":"2018-11-17T10:03:13","date_gmt":"2018-11-17T10:03:13","guid":{"rendered":"http:\/\/www.univ-oeb.dz\/vrlex\/?page_id=53"},"modified":"2023-01-22T14:52:32","modified_gmt":"2023-01-22T13:52:32","slug":"partenariat-national","status":"publish","type":"page","link":"https:\/\/www.univ-oeb.dz\/vrlex\/partenariat-national\/","title":{"rendered":"Partenariat national"},"content":{"rendered":"\t\t<div data-elementor-type=\"wp-post\" data-elementor-id=\"53\" class=\"elementor elementor-53\">\n\t\t\t\t\t\t<section class=\"elementor-section elementor-top-section elementor-element elementor-element-3a313a8f elementor-section-boxed elementor-section-height-default elementor-section-height-default\" data-id=\"3a313a8f\" data-element_type=\"section\">\n\t\t\t\t\t\t<div class=\"elementor-container elementor-column-gap-default\">\n\t\t\t\t\t<div class=\"elementor-column elementor-col-100 elementor-top-column elementor-element elementor-element-10f72b2c\" data-id=\"10f72b2c\" data-element_type=\"column\">\n\t\t\t<div class=\"elementor-widget-wrap elementor-element-populated\">\n\t\t\t\t\t\t<div class=\"elementor-element elementor-element-40706b9e elementor-invisible elementor-widget elementor-widget-text-editor\" data-id=\"40706b9e\" data-element_type=\"widget\" data-settings=\"{&quot;_animation&quot;:&quot;zoomIn&quot;}\" data-widget_type=\"text-editor.default\">\n\t\t\t\t<div class=\"elementor-widget-container\">\n\t\t\t\t\t\t\t<p><strong><span style=\"color: #050101;\">Les conventions-cadres de coop\u00e9ration nationale visent le d\u00e9veloppement de la recherche, de l\u2019enseignement et de la formation, ainsi que la diffusion des savoirs \u00e0 travers l\u2019organisation de conf\u00e9rences, journ\u00e9es d\u2019\u00e9tudes et rencontres scientifiques, portant sur des th\u00e9matiques d\u2019int\u00e9r\u00eat commun. Elles pr\u00e9voient des \u00e9changes scientifiques entre enseignants pour pallier les d\u00e9ficits dans leurs domaines respectifs, \u00e0 travers des sessions de formation dans diff\u00e9rentes disciplines visant \u00e0 am\u00e9liorer la p\u00e9dagogie et, ainsi, le degr\u00e9 d\u2019assimilation scientifique et culturelle des \u00e9tudiants, et facilitant les \u00e9changes entre les \u00e9tablissements universitaires nationaux avant de se tourner vers l\u2019\u00e9tranger.<\/span><\/strong><\/p><p><!-- \/wp:paragraph --><\/p><p>\n<table id=\"tablepress-1\" class=\"tablepress tablepress-id-1\">\n<thead>\n<tr class=\"row-1\">\n\t<th class=\"column-1\"><font color=\"green\"><font size=\"+1\">Liste des conventions avec les universit\u00e9s nationales<\/font> <\/font><\/th><th class=\"column-2\"><font color=\"green\"><font size=\"+1\">Langue<\/font> <\/font><\/th><th class=\"column-3\"><\/th><th class=\"column-4\"><font color=\"green\"><font size=\"+1\">Date<\/font> <\/font><\/th>\n<\/tr>\n<\/thead>\n<tbody class=\"row-striping row-hover\">\n<tr class=\"row-2\">\n\t<td class=\"column-1\">Agence Nationale d&#8217;Appui et de D\u00e9veloppement de l&#8217;Entreprenariat NESDA<\/td><td class=\"column-2\"><a href=\"https:\/\/www.univ-oeb.dz\/vrlex\/wp-content\/uploads\/2024\/10\/Centre-de-developpement-de-lentrepreneuriat-NESDA.pdf\" rel=\"noopener\" target=\"_blank\">Ar<\/a><\/td><td class=\"column-3\"><\/td><td class=\"column-4\">25\/09\/2024<\/td>\n<\/tr>\n<tr class=\"row-3\">\n\t<td class=\"column-1\">L\u2019\u00e9cole nationale polytechnique d\u2019Oran Maurice Audin<\/td><td class=\"column-2\"><\/td><td class=\"column-3\"><a href=\"https:\/\/www.univ-oeb.dz\/vrlex\/wp-content\/uploads\/2024\/03\/Convention-DOran.pdf\" rel=\"noopener\" target=\"_blank\">Fr<\/a><\/td><td class=\"column-4\">11\/03\/2024<\/td>\n<\/tr>\n<tr class=\"row-4\">\n\t<td class=\"column-1\">Universit\u00e9 Mouloud Mammeri de TIZI OUZOU<\/td><td class=\"column-2\"><\/td><td class=\"column-3\"><a href=\"https:\/\/www.univ-oeb.dz\/vrlex\/wp-content\/uploads\/2024\/02\/Convention-universit\u00e9-Tizi-Ouzou.pdf\" rel=\"noopener\" target=\"_blank\">Fr<\/a><\/td><td class=\"column-4\">21\/02\/2024<\/td>\n<\/tr>\n<tr class=\"row-5\">\n\t<td class=\"column-1\">Universit\u00e9 Abderrahmane MIRA de B\u00e9jaia<\/td><td class=\"column-2\"><\/td><td class=\"column-3\"><a href=\"https:\/\/www.univ-oeb.dz\/vrlex\/wp-content\/uploads\/2024\/02\/Convention-universit\u00e9-bejaia.pdf\" rel=\"noopener\" target=\"_blank\">Fr<\/a><\/td><td class=\"column-4\">21\/02\/2024<\/td>\n<\/tr>\n<tr class=\"row-6\">\n\t<td class=\"column-1\">Universit\u00e9 Amine Elokkal El Hadj Moussa EG Akhamouk de TAMANGHASSET<\/td><td class=\"column-2\"><\/td><td class=\"column-3\"><a href=\"https:\/\/www.univ-oeb.dz\/vrlex\/wp-content\/uploads\/2024\/02\/Convention-universit\u00e9-Tamanghasset.pdf\" rel=\"noopener\" target=\"_blank\">Fr<\/a><\/td><td class=\"column-4\">21\/02\/2024<\/td>\n<\/tr>\n<tr class=\"row-7\">\n\t<td class=\"column-1\">Universit\u00e9 des Sciences Islamiques Emir Abdelkader &#8211; Constantine<\/td><td class=\"column-2\"><a href=\"https:\/\/www.univ-oeb.dz\/vrlex\/wp-content\/uploads\/2023\/11\/Universit\u00e9-des-Sciences-Islamiques-Emir-Abdelkader.pdf\" rel=\"noopener\" target=\"_blank\">Ar<\/a><\/td><td class=\"column-3\"><\/td><td class=\"column-4\">23\/10\/2023<\/td>\n<\/tr>\n<tr class=\"row-8\">\n\t<td class=\"column-1\">Centre universitaire de Barika<\/td><td class=\"column-2\"><\/td><td class=\"column-3\"><a href=\"https:\/\/www.univ-oeb.dz\/vrlex\/wp-content\/uploads\/2023\/06\/Centre-universitaire-de-Barika.pdf\" rel=\"noopener\" target=\"_blank\">Ar<\/a><\/td><td class=\"column-4\">13\/06\/2023<\/td>\n<\/tr>\n<tr class=\"row-9\">\n\t<td class=\"column-1\">Universit\u00e9 Mohamed Boudiaf &#8211; M&#8217;sila<\/td><td class=\"column-2\"><a href=\"https:\/\/www.univ-oeb.dz\/vrlex\/wp-content\/uploads\/2023\/05\/Convention-Msila.pdf\">Ar<\/a><\/td><td class=\"column-3\"><\/td><td class=\"column-4\">30\/05\/2023<\/td>\n<\/tr>\n<tr class=\"row-10\">\n\t<td class=\"column-1\">Universit\u00e9 des sciences et de la technologie d&#8217;Oran Mohammed Boudiaf<\/td><td class=\"column-2\"><a href=\"https:\/\/www.univ-oeb.dz\/vrlex\/wp-content\/uploads\/2023\/04\/Convention-Universit\u00e9-USTO.pdf\" rel=\"noopener\" target=\"_blank\">Fr<\/a><\/td><td class=\"column-3\"><\/td><td class=\"column-4\">10\/04\/2023<\/td>\n<\/tr>\n<tr class=\"row-11\">\n\t<td class=\"column-1\">Universit\u00e9 chadli bendjedid &#8211; \u064f\u064f\u064fEltarf<\/td><td class=\"column-2\"><\/td><td class=\"column-3\"><a href=\"https:\/\/www.univ-oeb.dz\/vrlex\/wp-content\/uploads\/2023\/11\/Universit\u00e9-chadli-taref.pdf\" rel=\"noopener\" target=\"_blank\">Fr<\/a><\/td><td class=\"column-4\">15\/01\/2023<\/td>\n<\/tr>\n<tr class=\"row-12\">\n\t<td class=\"column-1\">Universit\u00e9 Salah Boubnider -Constantine <\/td><td class=\"column-2\"><a href=\"https:\/\/www.univ-oeb.dz\/vrlex\/wp-content\/uploads\/2023\/05\/Universit\u00e9-Salah-Boubnider-Constantine-305022023.pdf\" rel=\"noopener\" target=\"_blank\">Fr<\/a><\/td><td class=\"column-3\"><\/td><td class=\"column-4\">11\/01\/2023<\/td>\n<\/tr>\n<tr class=\"row-13\">\n\t<td class=\"column-1\">Universit\u00e9 badji Mokhtar &#8211; Annaba<\/td><td class=\"column-2\"><a href=\"https:\/\/www.univ-oeb.dz\/vrlex\/wp-content\/uploads\/2022\/11\/Universit\u00e9-badji-Mokhtar-Annaba.pdf\" rel=\"noopener\" target=\"_blank\">Fr<\/a><\/td><td class=\"column-3\"><\/td><td class=\"column-4\">06\/10\/2022<\/td>\n<\/tr>\n<tr class=\"row-14\">\n\t<td class=\"column-1\">Universit\u00e9 Fr\u00e8res Mentouri \u2013 Constantine 1<\/td><td class=\"column-2\"><a href=\"https:\/\/www.univ-oeb.dz\/vrlex\/wp-content\/uploads\/2022\/09\/universot\u00e9-fr\u00e8res-mentouri-constantine-1.pdf\" rel=\"noopener\" target=\"_blank\">Fr<\/a><\/td><td class=\"column-3\"><\/td><td class=\"column-4\">12\/09\/2022<\/td>\n<\/tr>\n<tr class=\"row-15\">\n\t<td class=\"column-1\">Universit\u00e9 de recherche Kasdi Merbah &#8211; Ouargla <\/td><td class=\"column-2\"><a href=\"https:\/\/www.univ-oeb.dz\/vrlex\/wp-content\/uploads\/2022\/08\/Convention-ouargla.pdf\" rel=\"noopener\" target=\"_blank\">Fr<\/a><\/td><td class=\"column-3\"><\/td><td class=\"column-4\">07\/09\/2022<\/td>\n<\/tr>\n<tr class=\"row-16\">\n\t<td class=\"column-1\">Universit\u00e9 de Khenchela \u2013 Abbas Laghrour<\/td><td class=\"column-2\"><\/td><td class=\"column-3\"><a href=\"https:\/\/www.univ-oeb.dz\/vrlex\/wp-content\/uploads\/2022\/08\/\u062c\u0627\u0645\u0639\u0629-\u062e\u0646\u0634\u0644\u0629.pdf\" rel=\"noopener\" target=\"_blank\">Ar<\/a><\/td><td class=\"column-4\">07\/09\/2022<\/td>\n<\/tr>\n<tr class=\"row-17\">\n\t<td class=\"column-1\">Universit\u00e9 ABDELHAMID IBN BADIS  -MOSTAGANEM-<\/td><td class=\"column-2\"><a href=\"https:\/\/www.univ-oeb.dz\/vrlex\/wp-content\/uploads\/2022\/06\/Mostaganem.pdf\" rel=\"noopener\" target=\"_blank\">Fr<\/a><\/td><td class=\"column-3\"><\/td><td class=\"column-4\">19\/06\/2022<\/td>\n<\/tr>\n<tr class=\"row-18\">\n\t<td class=\"column-1\">Universit\u00e9 de Khenchela \u2013 Abbas Laghrour<\/td><td class=\"column-2\"><a href=\"https:\/\/www.univ-oeb.dz\/vrlex\/wp-content\/uploads\/2022\/01\/Convention-khenchla.pdf\" rel=\"noopener\" target=\"_blank\">Fr<\/a><\/td><td class=\"column-3\"><\/td><td class=\"column-4\">19\/12\/2021<\/td>\n<\/tr>\n<tr class=\"row-19\">\n\t<td class=\"column-1\">Universit\u00e9 badji Mokhtar (COTA) &#8211; Annaba<\/td><td class=\"column-2\"><a href=\"https:\/\/www.univ-oeb.dz\/vrlex\/wp-content\/uploads\/2022\/11\/Universit\u00e9-badji-Mokhtar-Annaba-informatique-COTA-1.pdf\" rel=\"noopener\" target=\"_blank\">Fr<\/a><\/td><td class=\"column-3\"><\/td><td class=\"column-4\">01\/12\/2021<\/td>\n<\/tr>\n<tr class=\"row-20\">\n\t<td class=\"column-1\">Universit\u00e9 badji Mokhtar (Informatique) &#8211; Annaba<\/td><td class=\"column-2\"><a href=\"https:\/\/www.univ-oeb.dz\/vrlex\/wp-content\/uploads\/2022\/11\/Universit\u00e9-badji-Mokhtar-Annaba-informatique-1.pdf\" rel=\"noopener\" target=\"_blank\">Fr<\/a><\/td><td class=\"column-3\"><\/td><td class=\"column-4\">22\/11\/2021<\/td>\n<\/tr>\n<tr class=\"row-21\">\n\t<td class=\"column-1\">Universit\u00e9 de Mohamed Cherif Messaadia &#8211; Souk Ahras<\/td><td class=\"column-2\"><a href=\"https:\/\/www.univ-oeb.dz\/vrlex\/wp-content\/uploads\/2020\/10\/Scaned_PDF.pdf\">Fr<\/a><\/td><td class=\"column-3\"><\/td><td class=\"column-4\">04\/08\/2020<\/td>\n<\/tr>\n<tr class=\"row-22\">\n\t<td class=\"column-1\">Universit\u00e9 Militaire de Cherchell  \u2013 Houari Boumediene<\/td><td class=\"column-2\"><a href=\"https:\/\/www.univ-oeb.dz\/vrlex\/wp-content\/uploads\/2018\/11\/Conventions-Patenariat-national\/Convention%20l'Academie%20Militaire%20de%20Cherchell.PDF\">Fr<\/a><\/td><td class=\"column-3\"><a href=\"https:\/\/www.univ-oeb.dz\/vrlex\/wp-content\/uploads\/2018\/11\/Conventions-Patenariat-national\/Convention%20l'Academie%20Militaire%20de%20Cherchell-AR.PDF\">Ar<\/a><\/td><td class=\"column-4\">11\/10\/2017<\/td>\n<\/tr>\n<tr class=\"row-23\">\n\t<td class=\"column-1\">Universit\u00e9 de Bejaia Abderrahmane Mira<\/td><td class=\"column-2\"><a href=\"https:\/\/www.univ-oeb.dz\/vrlex\/wp-content\/uploads\/2018\/11\/Conventions-Patenariat-national\/Convention%20Univ%20B%C3%A9jaia.PDF\">Fr<\/a><\/td><td class=\"column-3\"><\/td><td class=\"column-4\">19\/04\/2017<\/td>\n<\/tr>\n<tr class=\"row-24\">\n\t<td class=\"column-1\">Universit\u00e9 de S\u00e9tif 2 \u2013 Mohamed Lamine Debaghine<\/td><td class=\"column-2\"><a href=\"https:\/\/www.univ-oeb.dz\/vrlex\/wp-content\/uploads\/2018\/11\/Conventions-Patenariat-national\/Convention%20Univ%20S%C3%A9tif%202.PDF\">Fr<\/a><\/td><td class=\"column-3\"><\/td><td class=\"column-4\">31\/01\/2017<\/td>\n<\/tr>\n<tr class=\"row-25\">\n\t<td class=\"column-1\">Universit\u00e9 S\u00e9tif 1 \u2013 Ferhat Abass<\/td><td class=\"column-2\"><a href=\"https:\/\/www.univ-oeb.dz\/vrlex\/wp-content\/uploads\/2018\/11\/Conventions-Patenariat-national\/Convention%20Univ%20S%C3%A9tif%201.PDF\">Fr<\/a><\/td><td class=\"column-3\"><\/td><td class=\"column-4\">16\/11\/2016<\/td>\n<\/tr>\n<tr class=\"row-26\">\n\t<td class=\"column-1\">Universit\u00e9 d\u2019Annaba \u2013 Badji Mokhtar<\/td><td class=\"column-2\"><a href=\"https:\/\/www.univ-oeb.dz\/vrlex\/wp-content\/uploads\/2018\/11\/Conventions-Patenariat-national\/Convention%20Univ%20Annaba.PDF\">Fr<\/a><\/td><td class=\"column-3\"><\/td><td class=\"column-4\">04\/10\/2016<\/td>\n<\/tr>\n<tr class=\"row-27\">\n\t<td class=\"column-1\">ENS de Constantine<\/td><td class=\"column-2\"><a href=\"https:\/\/www.univ-oeb.dz\/vrlex\/wp-content\/uploads\/2018\/11\/Conventions-Patenariat-national\/Convention%20ENS%20CONSTANTINE.PDF\">Fr<\/a><\/td><td class=\"column-3\"><\/td><td class=\"column-4\">03\/11\/2015<\/td>\n<\/tr>\n<tr class=\"row-28\">\n\t<td class=\"column-1\">Universit\u00e9 de Batna 2<\/td><td class=\"column-2\"><a href=\"https:\/\/www.univ-oeb.dz\/vrlex\/wp-content\/uploads\/2018\/11\/Conventions-Patenariat-national\/Convention%20Univ%20Batna%202.PDF\">Fr<\/a><\/td><td class=\"column-3\"><\/td><td class=\"column-4\">03\/11\/2015<\/td>\n<\/tr>\n<tr class=\"row-29\">\n\t<td class=\"column-1\">Universit\u00e9 de Constantine 2 \u2013 Abdelhamid Mehri<\/td><td class=\"column-2\"><a href=\"https:\/\/www.univ-oeb.dz\/vrlex\/wp-content\/uploads\/2018\/11\/Conventions-Patenariat-national\/Convention%20Univ%20Constantine%202.PDF\">Fr<\/a><\/td><td class=\"column-3\"><\/td><td class=\"column-4\">03\/11\/2015<\/td>\n<\/tr>\n<tr class=\"row-30\">\n\t<td class=\"column-1\">Universit\u00e9 de Chlef \u2013 Hassiba Benbouali<\/td><td class=\"column-2\"><a href=\"https:\/\/www.univ-oeb.dz\/vrlex\/wp-content\/uploads\/2018\/11\/Conventions-Patenariat-national\/Convention%20Univ%20Chlef.PDF\">Fr<\/a><\/td><td class=\"column-3\"><\/td><td class=\"column-4\">28\/05\/2014<\/td>\n<\/tr>\n<tr class=\"row-31\">\n\t<td class=\"column-1\">Universit\u00e9 de Biskra \u2013 Mohamed Khider     et<br \/>\nl\u2019Universit\u00e9 de Constantine 3 \u2013 Salah Boubnider<\/td><td class=\"column-2\"><a href=\"https:\/\/www.univ-oeb.dz\/vrlex\/wp-content\/uploads\/2018\/11\/Conventions-Patenariat-national\/Convention%20Univ%20Biskra+Const%203.PDF\">Fr<\/a><\/td><td class=\"column-3\"><\/td><td class=\"column-4\">23\/04\/2014<\/td>\n<\/tr>\n<\/tbody>\n<\/table>\n<!-- #tablepress-1 from cache --><\/p>\t\t\t\t\t\t<\/div>\n\t\t\t\t<\/div>\n\t\t\t\t\t<\/div>\n\t\t<\/div>\n\t\t\t\t\t<\/div>\n\t\t<\/section>\n\t\t\t\t<\/div>\n\t\t","protected":false},"excerpt":{"rendered":"<p>Les conventions-cadres de coop\u00e9ration nationale visent le d\u00e9veloppement de la recherche, de l\u2019enseignement et de la formation, ainsi que la diffusion des savoirs \u00e0 travers l\u2019organisation de conf\u00e9rences, journ\u00e9es d\u2019\u00e9tudes et rencontres scientifiques, portant sur des th\u00e9matiques d\u2019int\u00e9r\u00eat commun. Elles pr\u00e9voient des \u00e9changes scientifiques entre enseignants pour pallier les d\u00e9ficits dans leurs domaines respectifs, \u00e0 &hellip;<\/p>\n","protected":false},"author":2,"featured_media":0,"parent":0,"menu_order":0,"comment_status":"closed","ping_status":"closed","template":"","meta":{"_monsterinsights_skip_tracking":false,"_monsterinsights_sitenote_active":false,"_monsterinsights_sitenote_note":"","_monsterinsights_sitenote_category":0,"footnotes":""},"class_list":["post-53","page","type-page","status-publish","hentry"],"amp_enabled":true,"_links":{"self":[{"href":"https:\/\/www.univ-oeb.dz\/vrlex\/wp-json\/wp\/v2\/pages\/53","targetHints":{"allow":["GET"]}}],"collection":[{"href":"https:\/\/www.univ-oeb.dz\/vrlex\/wp-json\/wp\/v2\/pages"}],"about":[{"href":"https:\/\/www.univ-oeb.dz\/vrlex\/wp-json\/wp\/v2\/types\/page"}],"author":[{"embeddable":true,"href":"https:\/\/www.univ-oeb.dz\/vrlex\/wp-json\/wp\/v2\/users\/2"}],"replies":[{"embeddable":true,"href":"https:\/\/www.univ-oeb.dz\/vrlex\/wp-json\/wp\/v2\/comments?post=53"}],"version-history":[{"count":11,"href":"https:\/\/www.univ-oeb.dz\/vrlex\/wp-json\/wp\/v2\/pages\/53\/revisions"}],"predecessor-version":[{"id":6859,"href":"https:\/\/www.univ-oeb.dz\/vrlex\/wp-json\/wp\/v2\/pages\/53\/revisions\/6859"}],"wp:attachment":[{"href":"https:\/\/www.univ-oeb.dz\/vrlex\/wp-json\/wp\/v2\/media?parent=53"}],"curies":[{"name":"wp","href":"https:\/\/api.w.org\/{rel}","templated":true}]}}