{"id":474,"date":"2019-02-19T15:08:40","date_gmt":"2019-02-19T14:08:40","guid":{"rendered":"http:\/\/www.univ-oeb.dz\/vrlex\/?page_id=474"},"modified":"2019-07-24T09:01:21","modified_gmt":"2019-07-24T08:01:21","slug":"textes-perfectionnements-a-telecharger","status":"publish","type":"page","link":"https:\/\/www.univ-oeb.dz\/vrlex\/textes-perfectionnements-a-telecharger\/","title":{"rendered":"Note, Canevas, Grilles et Textes perfectionnements \u00e0 t\u00e9l\u00e9charger"},"content":{"rendered":"\r\n<h2 class=\"wp-block-heading\"><span style=\"color: #993300;\">\u00a0<\/span><\/h2>\r\n\r\n\r\n\n<table id=\"tablepress-8\" class=\"tablepress tablepress-id-8\">\n<tbody class=\"row-striping row-hover\">\n<tr class=\"row-1\">\n\t<td class=\"column-1\">Arr\u00eat\u00e9 N\u00b01349 - 04\/10\/2022<\/td><td class=\"column-2\"><\/td><td class=\"column-3\"><a href=\"http:\/\/www.univ-oeb.dz\/vrlex\/wp-content\/uploads\/2022\/10\/\u0627\u0644\u0642\u0631\u0627\u0631-\u0627\u0644\u0630\u064a-\u064a\u062d\u062f\u062f-\u0645\u0639\u0627\u064a\u064a\u0631-\u0627\u0644\u0627\u0646\u062a\u0642\u0627\u0644-\u0644\u0644\u0642\u0628\u0648\u0644-\u0641\u064a-\u0628\u0631\u0645\u0627\u0645\u062c-\u0627\u0644\u062d\u0631\u0643\u064a\u0629-\u0642\u0635\u064a\u0631\u0629-\u0627\u0644\u0645\u062f\u0649-\u0641\u064a-\u0627\u0644\u062e\u0627\u0631\u062c.pdf\" rel=\"noopener\" target=\"_blank\">Ar<\/a><\/td>\n<\/tr>\n<tr class=\"row-2\">\n\t<td class=\"column-1\">Arr\u00eat\u00e9 N\u00b01003 - 04\/08\/2022<\/td><td class=\"column-2\"><\/td><td class=\"column-3\"><a href=\"http:\/\/www.univ-oeb.dz\/vrlex\/wp-content\/uploads\/2022\/09\/ARRETE-1003-EN-ARABE.pdf\" rel=\"noopener\" target=\"_blank\">Ar<\/a><\/td>\n<\/tr>\n<tr class=\"row-3\">\n\t<td class=\"column-1\">Arr\u00eat\u00e9 N\u00b0327 du 09-07-2015 Modifiant l\u2019arr\u00eat\u00e9 N\u00b02010 du 29-12-2014<\/td><td class=\"column-2\"><a href=\"http:\/\/www.univ-oeb.dz\/vrlex\/wp-content\/uploads\/2019\/04\/Arr%C3%AAt%C3%A9-N%C2%B0327-du-09-07-2015-Fr-1.pdf\">Fr<\/a><\/td><td class=\"column-3\"><a href=\"http:\/\/www.univ-oeb.dz\/vrlex\/wp-content\/uploads\/2019\/04\/Arr%C3%A9t%C3%A9-N%C2%B0-327-du-09-07-2015.pdf\">Ar<\/a><\/td>\n<\/tr>\n<tr class=\"row-4\">\n\t<td class=\"column-1\">Arr\u00eat\u00e9 N\u00b0750 Compl\u00e9tant \u00e0 l\u2019arr\u00eat\u00e9 N\u00b0742<\/td><td class=\"column-2\"><a href=\"http:\/\/www.univ-oeb.dz\/vrlex\/wp-content\/uploads\/2019\/02\/Arr%C3%AAt%C3%A9-N%C2%B0750-Compl%C3%A9tant-%C3%A0-larr%C3%AAt%C3%A9-n%C2%B0742-Fr.pdf\">Fr<\/a><\/td><td class=\"column-3\"><a href=\"http:\/\/www.univ-oeb.dz\/vrlex\/wp-content\/uploads\/2019\/02\/Arr%C3%AAt%C3%A9-N%C2%B0750-Compl%C3%A9tant-%C3%A0-larr%C3%AAt%C3%A9-n%C2%B0742-Ar.pdf\">Ar<\/a><\/td>\n<\/tr>\n<tr class=\"row-5\">\n\t<td class=\"column-1\">Arr\u00eat\u00e9 N\u00b0742 \u2013 Perfectionnement \u00e0 l\u2019\u00e9tranger-2019<\/td><td class=\"column-2\"><a href=\"http:\/\/www.univ-oeb.dz\/vrlex\/wp-content\/uploads\/2019\/02\/Arr%C3%A9t%C3%A9-N%C2%B0-742-perfectionnement-%C3%A0-l%C3%A9tranger-Fr-2019.pdf\">Fr<\/a><\/td><td class=\"column-3\"><a href=\"http:\/\/www.univ-oeb.dz\/vrlex\/wp-content\/uploads\/2019\/02\/Arr%C3%A9t%C3%A9-N%C2%B0-742-perfectionnement-%C3%A0-l%C3%A9tranger-Ar-2019.pdf\">Ar<\/a><\/td>\n<\/tr>\n<tr class=\"row-6\">\n\t<td class=\"column-1\">Correspondance de Mr. le Secr\u00e9taire G\u00e9n\u00e9ral de la Tutelle-Perfectionnement 2019<\/td><td class=\"column-2\"><\/td><td class=\"column-3\"><a href=\"http:\/\/www.univ-oeb.dz\/vrlex\/wp-content\/uploads\/2019\/02\/Correspondance-du-SG-de-la-Tutelle-Perfectionnement.pdf\">Ar<\/a><\/td>\n<\/tr>\n<tr class=\"row-7\">\n\t<td class=\"column-1\">\u00c9ch\u00e9ancier Perfectionnement 2019<\/td><td class=\"column-2\"><a href=\"http:\/\/www.univ-oeb.dz\/vrlex\/wp-content\/uploads\/2019\/03\/Ech%C3%A9ancier-Perfectionnement_2019.pdf\">Fr<\/a><\/td><td class=\"column-3\"><\/td>\n<\/tr>\n<tr class=\"row-8\">\n\t<td class=\"column-1\">Instruction Relative \u00e0 la Recevabilit\u00e9 des Dossiers de Perfectionnement-2019<\/td><td class=\"column-2\"><a href=\"http:\/\/www.univ-oeb.dz\/vrlex\/wp-content\/uploads\/2019\/03\/Instruction-Relative-%C3%A0-la-Recevabilit%C3%A9-des-dossiers.pdf\">Fr<\/a><\/td><td class=\"column-3\"><\/td>\n<\/tr>\n<tr class=\"row-9\">\n\t<td class=\"column-1\">Canevas de Candidatures-MA &amp; DNS<\/td><td class=\"column-2\"><a href=\"http:\/\/www.univ-oeb.dz\/vrlex\/wp-content\/uploads\/2019\/03\/CANEVAS-DE-CANDIDATURES-MA-DNS-Fr-1.doc\">Fr<\/a><\/td><td class=\"column-3\"><a href=\"http:\/\/www.univ-oeb.dz\/vrlex\/wp-content\/uploads\/2019\/03\/CANEVAS-DE-CANDIDATURES-MA-DNS-Ar-2.doc\">Ar<\/a><\/td>\n<\/tr>\n<tr class=\"row-10\">\n\t<td class=\"column-1\">Canevas de Candidatures-PROF-MCA &amp; MCB<\/td><td class=\"column-2\"><a href=\"http:\/\/www.univ-oeb.dz\/vrlex\/wp-content\/uploads\/2019\/03\/CANEVAS-DE-CANDIDATURES-PROF-MCA-MCB-Fr.doc\">Fr<\/a><\/td><td class=\"column-3\"><a href=\"http:\/\/www.univ-oeb.dz\/vrlex\/wp-content\/uploads\/2019\/03\/CANEVAS-DE-CANDIDATURES-PROF-MCA-MCB-Ar-1.doc\">Ar<\/a><\/td>\n<\/tr>\n<tr class=\"row-11\">\n\t<td class=\"column-1\">Grille de Classement Enseignants et Etudiants non-salari\u00e9s-2019<\/td><td class=\"column-2\"><a href=\"http:\/\/www.univ-oeb.dz\/vrlex\/wp-content\/uploads\/2019\/03\/Grille-de-Classement_Enseignants-Etudiants-non-salari%C3%A9s.doc\">Fr<\/a><\/td><td class=\"column-3\"><\/td>\n<\/tr>\n<tr class=\"row-12\">\n\t<td class=\"column-1\">Grille de Classement MCB-2019<\/td><td class=\"column-2\"><a href=\"http:\/\/www.univ-oeb.dz\/vrlex\/wp-content\/uploads\/2019\/03\/Grille-de-Classement_MCB.doc\">Fr<\/a><\/td><td class=\"column-3\"><\/td>\n<\/tr>\n<tr class=\"row-13\">\n\t<td class=\"column-1\">Grille de Classement PROF &amp; MCA-2019<\/td><td class=\"column-2\"><a href=\"http:\/\/www.univ-oeb.dz\/vrlex\/wp-content\/uploads\/2019\/03\/Grille-de-Classement_PROF-MCA-5-1.doc\">Fr<\/a><\/td><td class=\"column-3\"><\/td>\n<\/tr>\n<tr class=\"row-14\">\n\t<td class=\"column-1\">Grille de Classement ATS-2019<\/td><td class=\"column-2\"><a href=\"http:\/\/www.univ-oeb.dz\/vrlex\/wp-content\/uploads\/2019\/03\/Grille-de-Classement_ATS.doc\">Fr<\/a><\/td><td class=\"column-3\"><\/td>\n<\/tr>\n<\/tbody>\n<\/table>\n","protected":false},"excerpt":{"rendered":"<p>\u00a0<\/p>\n","protected":false},"author":2,"featured_media":0,"parent":0,"menu_order":0,"comment_status":"closed","ping_status":"closed","template":"","meta":{"_monsterinsights_skip_tracking":false,"_monsterinsights_sitenote_active":false,"_monsterinsights_sitenote_note":"","_monsterinsights_sitenote_category":0,"footnotes":""},"class_list":["post-474","page","type-page","status-publish","hentry"],"amp_enabled":true,"_links":{"self":[{"href":"https:\/\/www.univ-oeb.dz\/vrlex\/wp-json\/wp\/v2\/pages\/474","targetHints":{"allow":["GET"]}}],"collection":[{"href":"https:\/\/www.univ-oeb.dz\/vrlex\/wp-json\/wp\/v2\/pages"}],"about":[{"href":"https:\/\/www.univ-oeb.dz\/vrlex\/wp-json\/wp\/v2\/types\/page"}],"author":[{"embeddable":true,"href":"https:\/\/www.univ-oeb.dz\/vrlex\/wp-json\/wp\/v2\/users\/2"}],"replies":[{"embeddable":true,"href":"https:\/\/www.univ-oeb.dz\/vrlex\/wp-json\/wp\/v2\/comments?post=474"}],"version-history":[{"count":51,"href":"https:\/\/www.univ-oeb.dz\/vrlex\/wp-json\/wp\/v2\/pages\/474\/revisions"}],"predecessor-version":[{"id":1396,"href":"https:\/\/www.univ-oeb.dz\/vrlex\/wp-json\/wp\/v2\/pages\/474\/revisions\/1396"}],"wp:attachment":[{"href":"https:\/\/www.univ-oeb.dz\/vrlex\/wp-json\/wp\/v2\/media?parent=474"}],"curies":[{"name":"wp","href":"https:\/\/api.w.org\/{rel}","templated":true}]}}