{"id":46,"date":"2018-11-17T09:37:34","date_gmt":"2018-11-17T09:37:34","guid":{"rendered":"http:\/\/www.univ-oeb.dz\/vrlex\/?page_id=46"},"modified":"2025-01-06T09:34:45","modified_gmt":"2025-01-06T08:34:45","slug":"accueil","status":"publish","type":"page","link":"https:\/\/www.univ-oeb.dz\/vrlex\/","title":{"rendered":"Accueil"},"content":{"rendered":"[wonderplugin_slider id=1]\n<p>https:\/\/www.univ-oeb.dz\/vrlex\/wp-content\/uploads\/2024\/04\/GC_5uBkdYuJ-sFsBAOEUyNL_nfAFbmdjAAAF.mp4<br \/>\n\t\t\t\t\t\t\t\t\t\t\t\t\t<img decoding=\"async\" width=\"153\" height=\"153\" src=\"https:\/\/www.univ-oeb.dz\/vrlex\/wp-content\/uploads\/2021\/12\/algerie2-1.gif\" alt=\"\" \/>\t\t\t\t\t\t\t\t\t\t\t\t\t<\/p>\n<p>Participation du Vice-Recteur charg\u00e9 des Relations Ext\u00e9rieures, Prof. Dr. Lamamra Kheireddine \u00e0 la journ\u00e9e d&#8217;\u00e9tude sur \u00ab\u00a0Activer la coop\u00e9ration et les accords de jumelage\u00a0\u00bb organis\u00e9e par l&#8217;Universit\u00e9 des Sciences Islamiques El Amir Abdelkader de Constantine<\/p>\n<p>https:\/\/www.univ-oeb.dz\/vrlex\/wp-content\/uploads\/2024\/03\/GOx-YBhGRGa3pkMBAPc8U3aii9EvbmdjAAAF.mp4\t\t<\/p>\n<figure class='gallery-item'>\n\t\t\t\t<a data-elementor-open-lightbox=\"yes\" data-elementor-lightbox-slideshow=\"bfa78b0\" data-elementor-lightbox-title=\"275941034_483040513460126_3224730264178020154_n\" data-e-action-hash=\"#elementor-action%3Aaction%3Dlightbox%26settings%3DeyJpZCI6NDk5MywidXJsIjoiaHR0cHM6XC9cL3d3dy51bml2LW9lYi5kelwvdnJsZXhcL3dwLWNvbnRlbnRcL3VwbG9hZHNcLzIwMjJcLzAzXC8yNzU5NDEwMzRfNDgzMDQwNTEzNDYwMTI2XzMyMjQ3MzAyNjQxNzgwMjAxNTRfbi5qcGciLCJzbGlkZXNob3ciOiJiZmE3OGIwIn0%3D\" href='https:\/\/www.univ-oeb.dz\/vrlex\/wp-content\/uploads\/2022\/03\/275941034_483040513460126_3224730264178020154_n.jpg'><img width=\"150\" height=\"150\" src=\"https:\/\/www.univ-oeb.dz\/vrlex\/wp-content\/uploads\/2022\/03\/275941034_483040513460126_3224730264178020154_n-150x150.jpg\" alt=\"\" decoding=\"async\" \/><\/a><br \/>\n\t\t\t<\/figure>\n<figure class='gallery-item'>\n\t\t\t\t<a data-elementor-open-lightbox=\"yes\" data-elementor-lightbox-slideshow=\"bfa78b0\" data-elementor-lightbox-title=\"275945109_366994372099078_5803098107239770020_n\" data-e-action-hash=\"#elementor-action%3Aaction%3Dlightbox%26settings%3DeyJpZCI6NDk5NCwidXJsIjoiaHR0cHM6XC9cL3d3dy51bml2LW9lYi5kelwvdnJsZXhcL3dwLWNvbnRlbnRcL3VwbG9hZHNcLzIwMjJcLzAzXC8yNzU5NDUxMDlfMzY2OTk0MzcyMDk5MDc4XzU4MDMwOTgxMDcyMzk3NzAwMjBfbi5qcGciLCJzbGlkZXNob3ciOiJiZmE3OGIwIn0%3D\" href='https:\/\/www.univ-oeb.dz\/vrlex\/wp-content\/uploads\/2022\/03\/275945109_366994372099078_5803098107239770020_n.jpg'><img width=\"150\" height=\"150\" src=\"https:\/\/www.univ-oeb.dz\/vrlex\/wp-content\/uploads\/2022\/03\/275945109_366994372099078_5803098107239770020_n-150x150.jpg\" alt=\"\" decoding=\"async\" \/><\/a><br \/>\n\t\t\t<\/figure>\n<figure class='gallery-item'>\n\t\t\t\t<a data-elementor-open-lightbox=\"yes\" data-elementor-lightbox-slideshow=\"bfa78b0\" data-elementor-lightbox-title=\"275207976_3153304488270153_2434055427874362797_n\" data-e-action-hash=\"#elementor-action%3Aaction%3Dlightbox%26settings%3DeyJpZCI6NDk5MiwidXJsIjoiaHR0cHM6XC9cL3d3dy51bml2LW9lYi5kelwvdnJsZXhcL3dwLWNvbnRlbnRcL3VwbG9hZHNcLzIwMjJcLzAzXC8yNzUyMDc5NzZfMzE1MzMwNDQ4ODI3MDE1M18yNDM0MDU1NDI3ODc0MzYyNzk3X24uanBnIiwic2xpZGVzaG93IjoiYmZhNzhiMCJ9\" href='https:\/\/www.univ-oeb.dz\/vrlex\/wp-content\/uploads\/2022\/03\/275207976_3153304488270153_2434055427874362797_n.jpg'><img loading=\"lazy\" width=\"150\" height=\"150\" src=\"https:\/\/www.univ-oeb.dz\/vrlex\/wp-content\/uploads\/2022\/03\/275207976_3153304488270153_2434055427874362797_n-150x150.jpg\" alt=\"\" decoding=\"async\" \/><\/a><br \/>\n\t\t\t<\/figure>\n<figure class='gallery-item'>\n\t\t\t\t<a data-elementor-open-lightbox=\"yes\" data-elementor-lightbox-slideshow=\"bfa78b0\" data-elementor-lightbox-title=\"103984056_2921523024604420_324989510939739661_o-150x150\" data-e-action-hash=\"#elementor-action%3Aaction%3Dlightbox%26settings%3DeyJpZCI6NDYxNSwidXJsIjoiaHR0cHM6XC9cL3d3dy51bml2LW9lYi5kelwvdnJsZXhcL3dwLWNvbnRlbnRcL3VwbG9hZHNcLzIwMjFcLzEyXC8xMDM5ODQwNTZfMjkyMTUyMzAyNDYwNDQyMF8zMjQ5ODk1MTA5Mzk3Mzk2NjFfby0xNTB4MTUwLmpwZyIsInNsaWRlc2hvdyI6ImJmYTc4YjAifQ%3D%3D\" href='https:\/\/www.univ-oeb.dz\/vrlex\/wp-content\/uploads\/2021\/12\/103984056_2921523024604420_324989510939739661_o-150x150.jpg'><img loading=\"lazy\" width=\"150\" height=\"150\" src=\"https:\/\/www.univ-oeb.dz\/vrlex\/wp-content\/uploads\/2021\/12\/103984056_2921523024604420_324989510939739661_o-150x150.jpg\" alt=\"\" decoding=\"async\" \/><\/a><br \/>\n\t\t\t<\/figure>\n<figure class='gallery-item'>\n\t\t\t\t<a data-elementor-open-lightbox=\"yes\" data-elementor-lightbox-slideshow=\"bfa78b0\" data-elementor-lightbox-title=\"103534492_2921520601271329_6551860801222365026_o-150x150\" data-e-action-hash=\"#elementor-action%3Aaction%3Dlightbox%26settings%3DeyJpZCI6NDYxNiwidXJsIjoiaHR0cHM6XC9cL3d3dy51bml2LW9lYi5kelwvdnJsZXhcL3dwLWNvbnRlbnRcL3VwbG9hZHNcLzIwMjFcLzEyXC8xMDM1MzQ0OTJfMjkyMTUyMDYwMTI3MTMyOV82NTUxODYwODAxMjIyMzY1MDI2X28tMTUweDE1MC5qcGciLCJzbGlkZXNob3ciOiJiZmE3OGIwIn0%3D\" href='https:\/\/www.univ-oeb.dz\/vrlex\/wp-content\/uploads\/2021\/12\/103534492_2921520601271329_6551860801222365026_o-150x150.jpg'><img loading=\"lazy\" width=\"150\" height=\"150\" src=\"https:\/\/www.univ-oeb.dz\/vrlex\/wp-content\/uploads\/2021\/12\/103534492_2921520601271329_6551860801222365026_o-150x150.jpg\" alt=\"\" decoding=\"async\" \/><\/a><br \/>\n\t\t\t<\/figure>\n<figure class='gallery-item'>\n\t\t\t\t<a data-elementor-open-lightbox=\"yes\" data-elementor-lightbox-slideshow=\"bfa78b0\" data-elementor-lightbox-title=\"89581719_2704321199657938_5233137648373071872_o-1\" data-e-action-hash=\"#elementor-action%3Aaction%3Dlightbox%26settings%3DeyJpZCI6NDYxNywidXJsIjoiaHR0cHM6XC9cL3d3dy51bml2LW9lYi5kelwvdnJsZXhcL3dwLWNvbnRlbnRcL3VwbG9hZHNcLzIwMjFcLzEyXC84OTU4MTcxOV8yNzA0MzIxMTk5NjU3OTM4XzUyMzMxMzc2NDgzNzMwNzE4NzJfby0xLmpwZyIsInNsaWRlc2hvdyI6ImJmYTc4YjAifQ%3D%3D\" href='https:\/\/www.univ-oeb.dz\/vrlex\/wp-content\/uploads\/2021\/12\/89581719_2704321199657938_5233137648373071872_o-1.jpg'><img loading=\"lazy\" width=\"150\" height=\"150\" src=\"https:\/\/www.univ-oeb.dz\/vrlex\/wp-content\/uploads\/2021\/12\/89581719_2704321199657938_5233137648373071872_o-1-150x150.jpg\" alt=\"\" decoding=\"async\" \/><\/a><br \/>\n\t\t\t<\/figure>\n<figure class='gallery-item'>\n\t\t\t\t<a data-elementor-open-lightbox=\"yes\" data-elementor-lightbox-slideshow=\"bfa78b0\" data-elementor-lightbox-title=\"87058379_2667812606642131_5700831751224426496_n-1\" data-e-action-hash=\"#elementor-action%3Aaction%3Dlightbox%26settings%3DeyJpZCI6NDYxMSwidXJsIjoiaHR0cHM6XC9cL3d3dy51bml2LW9lYi5kelwvdnJsZXhcL3dwLWNvbnRlbnRcL3VwbG9hZHNcLzIwMjFcLzEyXC84NzA1ODM3OV8yNjY3ODEyNjA2NjQyMTMxXzU3MDA4MzE3NTEyMjQ0MjY0OTZfbi0xLmpwZyIsInNsaWRlc2hvdyI6ImJmYTc4YjAifQ%3D%3D\" href='https:\/\/www.univ-oeb.dz\/vrlex\/wp-content\/uploads\/2021\/12\/87058379_2667812606642131_5700831751224426496_n-1.jpg'><img loading=\"lazy\" width=\"150\" height=\"150\" src=\"https:\/\/www.univ-oeb.dz\/vrlex\/wp-content\/uploads\/2021\/12\/87058379_2667812606642131_5700831751224426496_n-1-150x150.jpg\" alt=\"\" decoding=\"async\" \/><\/a><br \/>\n\t\t\t<\/figure>\n<figure class='gallery-item'>\n\t\t\t\t<a data-elementor-open-lightbox=\"yes\" data-elementor-lightbox-slideshow=\"bfa78b0\" data-elementor-lightbox-title=\"IMG_2860-150x150\" data-e-action-hash=\"#elementor-action%3Aaction%3Dlightbox%26settings%3DeyJpZCI6NDYxMiwidXJsIjoiaHR0cHM6XC9cL3d3dy51bml2LW9lYi5kelwvdnJsZXhcL3dwLWNvbnRlbnRcL3VwbG9hZHNcLzIwMjFcLzEyXC9JTUdfMjg2MC0xNTB4MTUwLmpwZyIsInNsaWRlc2hvdyI6ImJmYTc4YjAifQ%3D%3D\" href='https:\/\/www.univ-oeb.dz\/vrlex\/wp-content\/uploads\/2021\/12\/IMG_2860-150x150.jpg'><img loading=\"lazy\" width=\"150\" height=\"150\" src=\"https:\/\/www.univ-oeb.dz\/vrlex\/wp-content\/uploads\/2021\/12\/IMG_2860-150x150.jpg\" alt=\"\" decoding=\"async\" \/><\/a><br \/>\n\t\t\t<\/figure>\n<figure class='gallery-item'>\n\t\t\t\t<a data-elementor-open-lightbox=\"yes\" data-elementor-lightbox-slideshow=\"bfa78b0\" data-elementor-lightbox-title=\"IMG_2925-150x150\" data-e-action-hash=\"#elementor-action%3Aaction%3Dlightbox%26settings%3DeyJpZCI6NDYxMywidXJsIjoiaHR0cHM6XC9cL3d3dy51bml2LW9lYi5kelwvdnJsZXhcL3dwLWNvbnRlbnRcL3VwbG9hZHNcLzIwMjFcLzEyXC9JTUdfMjkyNS0xNTB4MTUwLmpwZyIsInNsaWRlc2hvdyI6ImJmYTc4YjAifQ%3D%3D\" href='https:\/\/www.univ-oeb.dz\/vrlex\/wp-content\/uploads\/2021\/12\/IMG_2925-150x150.jpg'><img loading=\"lazy\" width=\"150\" height=\"150\" src=\"https:\/\/www.univ-oeb.dz\/vrlex\/wp-content\/uploads\/2021\/12\/IMG_2925-150x150.jpg\" alt=\"\" decoding=\"async\" \/><\/a><br \/>\n\t\t\t<\/figure>\n<figure class='gallery-item'>\n\t\t\t\t<a data-elementor-open-lightbox=\"yes\" data-elementor-lightbox-slideshow=\"bfa78b0\" data-elementor-lightbox-title=\"IMG_9775-300x200\" data-e-action-hash=\"#elementor-action%3Aaction%3Dlightbox%26settings%3DeyJpZCI6NDYxNCwidXJsIjoiaHR0cHM6XC9cL3d3dy51bml2LW9lYi5kelwvdnJsZXhcL3dwLWNvbnRlbnRcL3VwbG9hZHNcLzIwMjFcLzEyXC9JTUdfOTc3NS0zMDB4MjAwLTEuanBnIiwic2xpZGVzaG93IjoiYmZhNzhiMCJ9\" href='https:\/\/www.univ-oeb.dz\/vrlex\/wp-content\/uploads\/2021\/12\/IMG_9775-300x200-1.jpg'><img loading=\"lazy\" width=\"150\" height=\"150\" src=\"https:\/\/www.univ-oeb.dz\/vrlex\/wp-content\/uploads\/2021\/12\/IMG_9775-300x200-1-150x150.jpg\" alt=\"\" decoding=\"async\" \/><\/a><br \/>\n\t\t\t<\/figure>\n<figure class='gallery-item'>\n\t\t\t\t<a data-elementor-open-lightbox=\"yes\" data-elementor-lightbox-slideshow=\"bfa78b0\" data-elementor-lightbox-title=\"IMG_9775-300x200\" data-e-action-hash=\"#elementor-action%3Aaction%3Dlightbox%26settings%3DeyJpZCI6NDYwOCwidXJsIjoiaHR0cHM6XC9cL3d3dy51bml2LW9lYi5kelwvdnJsZXhcL3dwLWNvbnRlbnRcL3VwbG9hZHNcLzIwMjFcLzEyXC9JTUdfOTc3NS0zMDB4MjAwLmpwZyIsInNsaWRlc2hvdyI6ImJmYTc4YjAifQ%3D%3D\" href='https:\/\/www.univ-oeb.dz\/vrlex\/wp-content\/uploads\/2021\/12\/IMG_9775-300x200.jpg'><img loading=\"lazy\" width=\"150\" height=\"150\" src=\"https:\/\/www.univ-oeb.dz\/vrlex\/wp-content\/uploads\/2021\/12\/IMG_9775-300x200-150x150.jpg\" alt=\"\" decoding=\"async\" \/><\/a><br \/>\n\t\t\t<\/figure>\n<figure class='gallery-item'>\n\t\t\t\t<a data-elementor-open-lightbox=\"yes\" data-elementor-lightbox-slideshow=\"bfa78b0\" data-elementor-lightbox-title=\"IMG_9908-150x150\" data-e-action-hash=\"#elementor-action%3Aaction%3Dlightbox%26settings%3DeyJpZCI6NDYwOSwidXJsIjoiaHR0cHM6XC9cL3d3dy51bml2LW9lYi5kelwvdnJsZXhcL3dwLWNvbnRlbnRcL3VwbG9hZHNcLzIwMjFcLzEyXC9JTUdfOTkwOC0xNTB4MTUwLmpwZyIsInNsaWRlc2hvdyI6ImJmYTc4YjAifQ%3D%3D\" href='https:\/\/www.univ-oeb.dz\/vrlex\/wp-content\/uploads\/2021\/12\/IMG_9908-150x150.jpg'><img loading=\"lazy\" width=\"150\" height=\"150\" src=\"https:\/\/www.univ-oeb.dz\/vrlex\/wp-content\/uploads\/2021\/12\/IMG_9908-150x150.jpg\" alt=\"\" decoding=\"async\" \/><\/a><br \/>\n\t\t\t<\/figure>\n<figure class='gallery-item'>\n\t\t\t\t<a data-elementor-open-lightbox=\"yes\" data-elementor-lightbox-slideshow=\"bfa78b0\" data-elementor-lightbox-title=\"univ-oum-el-bouaghi-copie-150x150\" data-e-action-hash=\"#elementor-action%3Aaction%3Dlightbox%26settings%3DeyJpZCI6NDYxMCwidXJsIjoiaHR0cHM6XC9cL3d3dy51bml2LW9lYi5kelwvdnJsZXhcL3dwLWNvbnRlbnRcL3VwbG9hZHNcLzIwMjFcLzEyXC91bml2LW91bS1lbC1ib3VhZ2hpLWNvcGllLTE1MHgxNTAuanBnIiwic2xpZGVzaG93IjoiYmZhNzhiMCJ9\" href='https:\/\/www.univ-oeb.dz\/vrlex\/wp-content\/uploads\/2021\/12\/univ-oum-el-bouaghi-copie-150x150.jpg'><img loading=\"lazy\" width=\"150\" height=\"150\" src=\"https:\/\/www.univ-oeb.dz\/vrlex\/wp-content\/uploads\/2021\/12\/univ-oum-el-bouaghi-copie-150x150.jpg\" alt=\"\" decoding=\"async\" \/><\/a><br \/>\n\t\t\t<\/figure>\n<figure class='gallery-item'>\n\t\t\t\t<a data-elementor-open-lightbox=\"yes\" data-elementor-lightbox-slideshow=\"bfa78b0\" data-elementor-lightbox-title=\"DIGITAQ-2\" data-e-action-hash=\"#elementor-action%3Aaction%3Dlightbox%26settings%3DeyJpZCI6NDM4MywidXJsIjoiaHR0cHM6XC9cL3d3dy51bml2LW9lYi5kelwvdnJsZXhcL3dwLWNvbnRlbnRcL3VwbG9hZHNcLzIwMjFcLzExXC9ESUdJVEFRLTIuanBnIiwic2xpZGVzaG93IjoiYmZhNzhiMCJ9\" href='https:\/\/www.univ-oeb.dz\/vrlex\/wp-content\/uploads\/2021\/11\/DIGITAQ-2.jpg'><img loading=\"lazy\" width=\"150\" height=\"150\" src=\"https:\/\/www.univ-oeb.dz\/vrlex\/wp-content\/uploads\/2021\/11\/DIGITAQ-2-150x150.jpg\" alt=\"\" decoding=\"async\" \/><\/a><br \/>\n\t\t\t<\/figure>\n<figure class='gallery-item'>\n\t\t\t\t<a data-elementor-open-lightbox=\"yes\" data-elementor-lightbox-slideshow=\"bfa78b0\" data-elementor-lightbox-title=\"DIGITAQ-1\" data-e-action-hash=\"#elementor-action%3Aaction%3Dlightbox%26settings%3DeyJpZCI6NDM4MiwidXJsIjoiaHR0cHM6XC9cL3d3dy51bml2LW9lYi5kelwvdnJsZXhcL3dwLWNvbnRlbnRcL3VwbG9hZHNcLzIwMjFcLzExXC9ESUdJVEFRLTEuanBnIiwic2xpZGVzaG93IjoiYmZhNzhiMCJ9\" href='https:\/\/www.univ-oeb.dz\/vrlex\/wp-content\/uploads\/2021\/11\/DIGITAQ-1.jpg'><img loading=\"lazy\" width=\"150\" height=\"150\" src=\"https:\/\/www.univ-oeb.dz\/vrlex\/wp-content\/uploads\/2021\/11\/DIGITAQ-1-150x150.jpg\" alt=\"\" decoding=\"async\" \/><\/a><br \/>\n\t\t\t<\/figure>\n","protected":false},"excerpt":{"rendered":"<p>[wonderplugin_slider id=1] https:\/\/www.univ-oeb.dz\/vrlex\/wp-content\/uploads\/2024\/04\/GC_5uBkdYuJ-sFsBAOEUyNL_nfAFbmdjAAAF.mp4 Participation du Vice-Recteur charg\u00e9 des Relations Ext\u00e9rieures, Prof. Dr. Lamamra Kheireddine \u00e0 la journ\u00e9e d&#8217;\u00e9tude sur \u00ab\u00a0Activer la coop\u00e9ration et les accords de jumelage\u00a0\u00bb organis\u00e9e par l&#8217;Universit\u00e9 des Sciences Islamiques El Amir Abdelkader de Constantine https:\/\/www.univ-oeb.dz\/vrlex\/wp-content\/uploads\/2024\/03\/GOx-YBhGRGa3pkMBAPc8U3aii9EvbmdjAAAF.mp4<\/p>\n","protected":false},"author":2,"featured_media":0,"parent":0,"menu_order":0,"comment_status":"closed","ping_status":"closed","template":"","meta":{"_monsterinsights_skip_tracking":false,"_monsterinsights_sitenote_active":false,"_monsterinsights_sitenote_note":"","_monsterinsights_sitenote_category":0,"footnotes":""},"class_list":["post-46","page","type-page","status-publish","hentry"],"amp_enabled":false,"_links":{"self":[{"href":"https:\/\/www.univ-oeb.dz\/vrlex\/wp-json\/wp\/v2\/pages\/46","targetHints":{"allow":["GET"]}}],"collection":[{"href":"https:\/\/www.univ-oeb.dz\/vrlex\/wp-json\/wp\/v2\/pages"}],"about":[{"href":"https:\/\/www.univ-oeb.dz\/vrlex\/wp-json\/wp\/v2\/types\/page"}],"author":[{"embeddable":true,"href":"https:\/\/www.univ-oeb.dz\/vrlex\/wp-json\/wp\/v2\/users\/2"}],"replies":[{"embeddable":true,"href":"https:\/\/www.univ-oeb.dz\/vrlex\/wp-json\/wp\/v2\/comments?post=46"}],"version-history":[{"count":36,"href":"https:\/\/www.univ-oeb.dz\/vrlex\/wp-json\/wp\/v2\/pages\/46\/revisions"}],"predecessor-version":[{"id":11968,"href":"https:\/\/www.univ-oeb.dz\/vrlex\/wp-json\/wp\/v2\/pages\/46\/revisions\/11968"}],"wp:attachment":[{"href":"https:\/\/www.univ-oeb.dz\/vrlex\/wp-json\/wp\/v2\/media?parent=46"}],"curies":[{"name":"wp","href":"https:\/\/api.w.org\/{rel}","templated":true}]}}