{"id":3918,"date":"2021-06-27T15:28:48","date_gmt":"2021-06-27T14:28:48","guid":{"rendered":"http:\/\/www.univ-oeb.dz\/vrlex\/?page_id=3918"},"modified":"2024-05-07T15:12:16","modified_gmt":"2024-05-07T14:12:16","slug":"formulaire-a-telecharger-2","status":"publish","type":"page","link":"https:\/\/www.univ-oeb.dz\/vrlex\/formulaire-a-telecharger-2\/","title":{"rendered":"Formulaire \u00e0 t\u00e9l\u00e9charger"},"content":{"rendered":"\t\t<div data-elementor-type=\"wp-post\" data-elementor-id=\"3918\" class=\"elementor elementor-3918\">\n\t\t\t\t\t\t<section class=\"elementor-section elementor-top-section elementor-element elementor-element-1feeb68 elementor-section-boxed elementor-section-height-default elementor-section-height-default\" data-id=\"1feeb68\" data-element_type=\"section\">\n\t\t\t\t\t\t<div class=\"elementor-container elementor-column-gap-default\">\n\t\t\t\t\t<div class=\"elementor-column elementor-col-100 elementor-top-column elementor-element elementor-element-6f15afc\" data-id=\"6f15afc\" data-element_type=\"column\">\n\t\t\t<div class=\"elementor-widget-wrap elementor-element-populated\">\n\t\t\t\t\t\t<div class=\"elementor-element elementor-element-ff30d91 elementor-widget elementor-widget-heading\" data-id=\"ff30d91\" data-element_type=\"widget\" data-widget_type=\"heading.default\">\n\t\t\t\t<div class=\"elementor-widget-container\">\n\t\t\t<h2 class=\"elementor-heading-title elementor-size-large\">Op\u00e9ration de renouvellement de bourses d'\u00e9tudes 2021\/2022<\/h2>\t\t<\/div>\n\t\t\t\t<\/div>\n\t\t\t\t\t<\/div>\n\t\t<\/div>\n\t\t\t\t\t<\/div>\n\t\t<\/section>\n\t\t\t\t<section class=\"elementor-section elementor-top-section elementor-element elementor-element-ca9d469 elementor-section-boxed elementor-section-height-default elementor-section-height-default\" data-id=\"ca9d469\" data-element_type=\"section\">\n\t\t\t\t\t\t<div class=\"elementor-container elementor-column-gap-default\">\n\t\t\t\t\t<div class=\"elementor-column elementor-col-33 elementor-top-column elementor-element elementor-element-75984b7\" data-id=\"75984b7\" data-element_type=\"column\">\n\t\t\t<div class=\"elementor-widget-wrap elementor-element-populated\">\n\t\t\t\t\t\t<div class=\"elementor-element elementor-element-134f055 elementor-widget elementor-widget-image\" data-id=\"134f055\" data-element_type=\"widget\" data-widget_type=\"image.default\">\n\t\t\t\t<div class=\"elementor-widget-container\">\n\t\t\t\t\t\t\t\t\t\t\t\t\t<img fetchpriority=\"high\" decoding=\"async\" width=\"512\" height=\"470\" src=\"https:\/\/www.univ-oeb.dz\/vrlex\/wp-content\/uploads\/2020\/12\/\u062a\u062d\u0645\u064a\u0644-\u0628\u0631\u0646\u0627\u0645\u062c-pdf-\u0645\u062c\u0627\u0646\u0627-512x470.png\" class=\"attachment-full size-full wp-image-2814\" alt=\"\" srcset=\"https:\/\/www.univ-oeb.dz\/vrlex\/wp-content\/uploads\/2020\/12\/\u062a\u062d\u0645\u064a\u0644-\u0628\u0631\u0646\u0627\u0645\u062c-pdf-\u0645\u062c\u0627\u0646\u0627-512x470.png 512w, https:\/\/www.univ-oeb.dz\/vrlex\/wp-content\/uploads\/2020\/12\/\u062a\u062d\u0645\u064a\u0644-\u0628\u0631\u0646\u0627\u0645\u062c-pdf-\u0645\u062c\u0627\u0646\u0627-512x470-300x275.png 300w\" sizes=\"(max-width: 512px) 100vw, 512px\" \/>\t\t\t\t\t\t\t\t\t\t\t\t\t<\/div>\n\t\t\t\t<\/div>\n\t\t\t\t\t<\/div>\n\t\t<\/div>\n\t\t\t\t<div class=\"elementor-column elementor-col-66 elementor-top-column elementor-element elementor-element-3750d0a\" data-id=\"3750d0a\" data-element_type=\"column\">\n\t\t\t<div class=\"elementor-widget-wrap elementor-element-populated\">\n\t\t\t\t\t\t<div class=\"elementor-element elementor-element-8702994 elementor-widget elementor-widget-text-editor\" data-id=\"8702994\" data-element_type=\"widget\" data-widget_type=\"text-editor.default\">\n\t\t\t\t<div class=\"elementor-widget-container\">\n\t\t\t\t\t\t\t<h4>\u00a0 \u00a0 \u00a0 \u00a0<span style=\"color: #000000;\"><a style=\"color: #000000;\" href=\"https:\/\/www.univ-oeb.dz\/vrlex\/wp-content\/uploads\/2021\/06\/CORRESPONDANCE-PRESIDENT-V.ARABE_.pdf\">CORRESPONDANCE PRESIDENT V.ARABE AR<\/a><\/span><\/h4>\t\t\t\t\t\t<\/div>\n\t\t\t\t<\/div>\n\t\t\t\t\t<\/div>\n\t\t<\/div>\n\t\t\t\t\t<\/div>\n\t\t<\/section>\n\t\t\t\t<section class=\"elementor-section elementor-top-section elementor-element elementor-element-cccba5d elementor-section-boxed elementor-section-height-default elementor-section-height-default\" data-id=\"cccba5d\" data-element_type=\"section\">\n\t\t\t\t\t\t<div class=\"elementor-container elementor-column-gap-default\">\n\t\t\t\t\t<div class=\"elementor-column elementor-col-33 elementor-top-column elementor-element elementor-element-06ffb39\" data-id=\"06ffb39\" data-element_type=\"column\">\n\t\t\t<div class=\"elementor-widget-wrap elementor-element-populated\">\n\t\t\t\t\t\t<div class=\"elementor-element elementor-element-1468a3b elementor-widget elementor-widget-image\" data-id=\"1468a3b\" data-element_type=\"widget\" data-widget_type=\"image.default\">\n\t\t\t\t<div class=\"elementor-widget-container\">\n\t\t\t\t\t\t\t\t\t\t\t\t\t<img fetchpriority=\"high\" decoding=\"async\" width=\"512\" height=\"470\" src=\"https:\/\/www.univ-oeb.dz\/vrlex\/wp-content\/uploads\/2020\/12\/\u062a\u062d\u0645\u064a\u0644-\u0628\u0631\u0646\u0627\u0645\u062c-pdf-\u0645\u062c\u0627\u0646\u0627-512x470.png\" class=\"attachment-full size-full wp-image-2814\" alt=\"\" srcset=\"https:\/\/www.univ-oeb.dz\/vrlex\/wp-content\/uploads\/2020\/12\/\u062a\u062d\u0645\u064a\u0644-\u0628\u0631\u0646\u0627\u0645\u062c-pdf-\u0645\u062c\u0627\u0646\u0627-512x470.png 512w, https:\/\/www.univ-oeb.dz\/vrlex\/wp-content\/uploads\/2020\/12\/\u062a\u062d\u0645\u064a\u0644-\u0628\u0631\u0646\u0627\u0645\u062c-pdf-\u0645\u062c\u0627\u0646\u0627-512x470-300x275.png 300w\" sizes=\"(max-width: 512px) 100vw, 512px\" \/>\t\t\t\t\t\t\t\t\t\t\t\t\t<\/div>\n\t\t\t\t<\/div>\n\t\t\t\t\t<\/div>\n\t\t<\/div>\n\t\t\t\t<div class=\"elementor-column elementor-col-66 elementor-top-column elementor-element elementor-element-635940e\" data-id=\"635940e\" data-element_type=\"column\">\n\t\t\t<div class=\"elementor-widget-wrap elementor-element-populated\">\n\t\t\t\t\t\t<div class=\"elementor-element elementor-element-47760e6 elementor-widget elementor-widget-text-editor\" data-id=\"47760e6\" data-element_type=\"widget\" data-widget_type=\"text-editor.default\">\n\t\t\t\t<div class=\"elementor-widget-container\">\n\t\t\t\t\t\t\t<h4>\u00a0 \u00a0 \u00a0 <span style=\"color: #000000;\">\u00a0<a style=\"color: #000000;\" href=\"https:\/\/www.univ-oeb.dz\/vrlex\/wp-content\/uploads\/2021\/06\/CORRESPONDANCE-PRESIDENT-V.FRANCAIS.pdf\">CORRESPONDANCE PRESIDENT V.FRANCAIS\u00a0FR<\/a><\/span><\/h4>\t\t\t\t\t\t<\/div>\n\t\t\t\t<\/div>\n\t\t\t\t\t<\/div>\n\t\t<\/div>\n\t\t\t\t\t<\/div>\n\t\t<\/section>\n\t\t\t\t<\/div>\n\t\t","protected":false},"excerpt":{"rendered":"<p>Op\u00e9ration de renouvellement de bourses d&#8217;\u00e9tudes 2021\/2022 \u00a0 \u00a0 \u00a0 \u00a0CORRESPONDANCE PRESIDENT V.ARABE AR \u00a0 \u00a0 \u00a0 \u00a0CORRESPONDANCE PRESIDENT V.FRANCAIS\u00a0FR<\/p>\n","protected":false},"author":2,"featured_media":0,"parent":0,"menu_order":0,"comment_status":"closed","ping_status":"closed","template":"","meta":{"_monsterinsights_skip_tracking":false,"_monsterinsights_sitenote_active":false,"_monsterinsights_sitenote_note":"","_monsterinsights_sitenote_category":0,"footnotes":""},"class_list":["post-3918","page","type-page","status-publish","hentry"],"amp_enabled":true,"_links":{"self":[{"href":"https:\/\/www.univ-oeb.dz\/vrlex\/wp-json\/wp\/v2\/pages\/3918","targetHints":{"allow":["GET"]}}],"collection":[{"href":"https:\/\/www.univ-oeb.dz\/vrlex\/wp-json\/wp\/v2\/pages"}],"about":[{"href":"https:\/\/www.univ-oeb.dz\/vrlex\/wp-json\/wp\/v2\/types\/page"}],"author":[{"embeddable":true,"href":"https:\/\/www.univ-oeb.dz\/vrlex\/wp-json\/wp\/v2\/users\/2"}],"replies":[{"embeddable":true,"href":"https:\/\/www.univ-oeb.dz\/vrlex\/wp-json\/wp\/v2\/comments?post=3918"}],"version-history":[{"count":7,"href":"https:\/\/www.univ-oeb.dz\/vrlex\/wp-json\/wp\/v2\/pages\/3918\/revisions"}],"predecessor-version":[{"id":10029,"href":"https:\/\/www.univ-oeb.dz\/vrlex\/wp-json\/wp\/v2\/pages\/3918\/revisions\/10029"}],"wp:attachment":[{"href":"https:\/\/www.univ-oeb.dz\/vrlex\/wp-json\/wp\/v2\/media?parent=3918"}],"curies":[{"name":"wp","href":"https:\/\/api.w.org\/{rel}","templated":true}]}}