{"id":3251,"date":"2021-02-25T11:40:37","date_gmt":"2021-02-25T10:40:37","guid":{"rendered":"http:\/\/www.univ-oeb.dz\/vrlex\/?page_id=3251"},"modified":"2025-01-15T14:38:26","modified_gmt":"2025-01-15T13:38:26","slug":"internationales-2","status":"publish","type":"page","link":"https:\/\/www.univ-oeb.dz\/vrlex\/internationales-2\/","title":{"rendered":"Internationales"},"content":{"rendered":"\n<table id=\"tablepress-17\" class=\"tablepress tablepress-id-17\">\n<thead>\n<tr class=\"row-1\">\n\t<th class=\"column-1\"><font color=\"green\"><font size=\"+1\">Facult\u00e9 \/ Institut <\/font> <\/font><\/th><th class=\"column-2\"><font color=\"green\"><font size=\"+1\">Le Titre<\/font> <\/font><\/th><th class=\"column-3\"><font color=\"green\"><font size=\"+1\">La Date<\/font> <\/font><\/th>\n<\/tr>\n<\/thead>\n<tbody class=\"row-striping row-hover\">\n<tr class=\"row-2\">\n\t<td class=\"column-1\">Institut des sciences et des techniques appliqu\u00e9es<br \/>\nInstitut des sciences et des techniques appliqu\u00e9es<br \/>\n<\/td><td class=\"column-2\"><a href=\"http:\/\/www.univ-oeb.dz\/vrlex\/2023\/9148\/\" rel=\"noopener\" target=\"_blank\">Les technologies \u00e9lectriques, informatiques, des t\u00e9l\u00e9communications et de l\u2019\u00e9nergie<\/a><\/td><td class=\"column-3\">17-18 D\u00e9cembre 2024<\/td>\n<\/tr>\n<tr class=\"row-3\">\n\t<td class=\"column-1\">Facult\u00e9 des sciences sociales et humaines<\/td><td class=\"column-2\"><a href=\"http:\/\/www.univ-oeb.dz\/vrlex\/2024\/9724\/\" rel=\"noopener\" target=\"_blank\">Strat\u00e9gies de traitement de l\u2019\u00e9puisement psychologique dans le monde arabe<\/a><\/td><td class=\"column-3\">13 Juin 2024<br \/>\nReport\u00e9 <\/td>\n<\/tr>\n<tr class=\"row-4\">\n\t<td class=\"column-1\">Facult\u00e9 des Sciences Exacte et Sciences de la nature et la vie<\/td><td class=\"column-2\"><a href=\"https:\/\/www.univ-oeb.dz\/vrlex\/2024\/10526\/\" rel=\"noopener\" target=\"_blank\">La Troisi\u00e8me Conf\u00e9rence Internationale sur les Syst\u00e8mes Informatiques Complexes<\/a><\/td><td class=\"column-3\">13 - 14 Novembre 2024<\/td>\n<\/tr>\n<tr class=\"row-5\">\n\t<td class=\"column-1\">Facult\u00e9 des lettres et des langues<\/td><td class=\"column-2\"><a href=\"https:\/\/www.univ-oeb.dz\/vrlex\/2024\/10291\/\" rel=\"noopener\" target=\"_blank\">Linguistique cognitive et application des principes de l'intelligence artificielle<\/a><\/td><td class=\"column-3\">28-29 Octobre 2024<br \/>\nReport\u00e9<\/td>\n<\/tr>\n<tr class=\"row-6\">\n\t<td class=\"column-1\">Facult\u00e9 des sciences \u00e9conomiques, sciences commerciales et des sciences de gestion<\/td><td class=\"column-2\"><a href=\"http:\/\/www.univ-oeb.dz\/vrlex\/2024\/9683\/\" rel=\"noopener\" target=\"_blank\">Les d\u00e9fis de l\u2019\u00e9conomie alg\u00e9rienne au troisi\u00e8me mill\u00e9naire : Num\u00e9risation et \u00e9conomie informelle<\/a><\/td><td class=\"column-3\">23-24 Octobre 2024<\/td>\n<\/tr>\n<tr class=\"row-7\">\n\t<td class=\"column-1\">Institut des Sciences et Techniques des Activit\u00e9s Physiques et Sportives<\/td><td class=\"column-2\"><a href=\"http:\/\/www.univ-oeb.dz\/vrlex\/2024\/9657\/\" rel=\"noopener\" target=\"_blank\">Activit\u00e9 physique sportive, sciences m\u00e9dicales, sciences biologiques et sciences psychosociales<\/a><\/td><td class=\"column-3\">28-29 Mai 2024<\/td>\n<\/tr>\n<tr class=\"row-8\">\n\t<td class=\"column-1\">Facult\u00e9 des lettres et des langues<\/td><td class=\"column-2\"><a href=\"http:\/\/www.univ-oeb.dz\/vrlex\/2023\/8464\/\" rel=\"noopener\" target=\"_blank\">LITT\u00c9RATIES UNIVERSITAIRES \u00c0 L\u2019\u00c8RE DU NUM\u00c9RIQUE<\/a><\/td><td class=\"column-3\">27\/28\/29 Novembre <br \/>\n2023<br \/>\nReport\u00e9 au 23-24 Avril 2024<\/td>\n<\/tr>\n<tr class=\"row-9\">\n\t<td class=\"column-1\">Facult\u00e9 des lettres et des langues<\/td><td class=\"column-2\"><a href=\"http:\/\/www.univ-oeb.dz\/vrlex\/2023\/8816\/\" rel=\"noopener\" target=\"_blank\">La narration de l\u2019identit\u00e9 dans la litt\u00e9rature arabe<\/a><\/td><td class=\"column-3\">06\/07 Novembre 2023<\/td>\n<\/tr>\n<tr class=\"row-10\">\n\t<td class=\"column-1\">Facult\u00e9 des sciences \u00e9conomiques, sciences commerciales et des sciences de gestion<\/td><td class=\"column-2\"><a href=\"http:\/\/www.univ-oeb.dz\/vrlex\/2023\/8679\/\" rel=\"noopener\" target=\"_blank\">D\u00e9fis de l\u2019\u00e9conomie alg\u00e9rienne au troisi\u00e8me mill\u00e9naire<\/a><\/td><td class=\"column-3\">03-04 Octobre 2023<\/td>\n<\/tr>\n<tr class=\"row-11\">\n\t<td class=\"column-1\">Facult\u00e9 des Sciences Exacte et Sciences de la nature et la vie<\/td><td class=\"column-2\"><a href=\"http:\/\/www.univ-oeb.dz\/vrlex\/2022\/5907\/\" rel=\"noopener\" target=\"_blank\">Les Innovations dans la Chimie \u00e0 vis\u00e9e Th\u00e9rapeutique (1 ICTA 2022)<\/a><\/td><td class=\"column-3\">23\/24 Octobre 2022<\/td>\n<\/tr>\n<tr class=\"row-12\">\n\t<td class=\"column-1\">Facult\u00e9 des Sciences Exacte et Sciences de la nature et la vie<\/td><td class=\"column-2\"><a href=\"http:\/\/www.univ-oeb.dz\/vrlex\/2022\/5745\/\" rel=\"noopener\" target=\"_blank\">l'analyse de mod\u00e8les et les syst\u00e8mes intelligents (PAIS\u20192022)<\/a><\/td><td class=\"column-3\">12\/13 octobre 2022<\/td>\n<\/tr>\n<tr class=\"row-13\">\n\t<td class=\"column-1\">Facult\u00e9 des lettres et des langues<\/td><td class=\"column-2\"><a href=\"http:\/\/www.univ-oeb.dz\/vrlex\/2022\/6286\/\" rel=\"noopener\" target=\"_blank\">Probl\u00e9matiques de la recherche scientifique chez les \u00e9tudiants de langue et litt\u00e9rature arabes et d\u00e9fis de la num\u00e9risation<\/a><\/td><td class=\"column-3\">09\/10 Octobre 2022<\/td>\n<\/tr>\n<tr class=\"row-14\">\n\t<td class=\"column-1\">L\u2019Institut de Gestion des Techniques Urbaines<\/td><td class=\"column-2\"><a href=\"http:\/\/www.univ-oeb.dz\/vrlex\/2022\/5169\/\" rel=\"noopener\" target=\"_blank\">La Ville et son rapport au tourisme : Une opportunit\u00e9 pour la valorisation du d\u00e9veloppement local<\/a><\/td><td class=\"column-3\">27\/28 Septembre 2022<\/td>\n<\/tr>\n<tr class=\"row-15\">\n\t<td class=\"column-1\">Facult\u00e9 des Sciences Exacte et Sciences de la nature et la vie<\/td><td class=\"column-2\"><a href=\"http:\/\/www.univ-oeb.dz\/vrlex\/2022\/6183\/\" rel=\"noopener\" target=\"_blank\">la Biodiversit\u00e9 en Alg\u00e9rie \u2018\u2019RICHESSE ET CONSERVATION\u2019\u2019<\/a><\/td><td class=\"column-3\">25-26 septembre 2022<\/td>\n<\/tr>\n<tr class=\"row-16\">\n\t<td class=\"column-1\">Facult\u00e9 des lettres et des langues<\/td><td class=\"column-2\"><a href=\"http:\/\/www.univ-oeb.dz\/vrlex\/2022\/5360\/\" rel=\"noopener\" target=\"_blank\">Les mutations de la po\u00e9sie Alg\u00e9rienne contemporaine entre l'ouverture des formes et la productivit\u00e9 de la lecture<\/a><\/td><td class=\"column-3\">27\/28 juin 2022<\/td>\n<\/tr>\n<tr class=\"row-17\">\n\t<td class=\"column-1\">Facult\u00e9 des lettres et des langues<\/td><td class=\"column-2\"><a href=\"http:\/\/www.univ-oeb.dz\/vrlex\/2022\/4998\/\" rel=\"noopener\" target=\"_blank\">Litt\u00e9rature pour enfant arabe<\/a><\/td><td class=\"column-3\">09\/10 Mai 2022<\/td>\n<\/tr>\n<tr class=\"row-18\">\n\t<td class=\"column-1\">Institut des Sciences et Techniques des Activit\u00e9s Physiques et Sportives<\/td><td class=\"column-2\"><a href=\"http:\/\/www.univ-oeb.dz\/vrlex\/2022\/4860\/\" rel=\"noopener\" target=\"_blank\">Contribution de la mesure et de l'\u00e9valuation au d\u00e9veloppement de la performance sportive<\/a><\/td><td class=\"column-3\">23\/24 Avril 2022<\/td>\n<\/tr>\n<tr class=\"row-19\">\n\t<td class=\"column-1\">MESRS - ALGER<\/td><td class=\"column-2\"><a href=\"http:\/\/www.univ-oeb.dz\/vrlex\/2021\/4088\/\" rel=\"noopener\" target=\"_blank\">S\u00e9minaire didactique<\/a><\/td><td class=\"column-3\">13 et 14 Novenbre 2021<\/td>\n<\/tr>\n<tr class=\"row-20\">\n\t<td class=\"column-1\">Laboratoire d'Electronique et des Nouvelles Technologies \u2013LENT-<\/td><td class=\"column-2\"><a href=\"http:\/\/www.univ-oeb.dz\/vrlex\/2021\/3683\/\" rel=\"noopener\" target=\"_blank\">L\u2019ICEAINT\u201921<\/a><\/td><td class=\"column-3\">29 et 30 novembre 2021<br \/>\nReport\u00e9 au 08- 09 D\u00e9cembre 2021<\/td>\n<\/tr>\n<tr class=\"row-21\">\n\t<td class=\"column-1\">Facult\u00e9 des Sciences et des Sciences Appliqu\u00e9es<\/td><td class=\"column-2\"><a href=\"http:\/\/www.univ-oeb.dz\/vrlex\/2021\/3619\/\" rel=\"noopener\" target=\"_blank\"> CISM\u201921<\/a><\/td><td class=\"column-3\">12 et 13 Novembre <br \/>\n2021<br \/>\nReport\u00e9 le 15 et 16 Novembre 2021<\/td>\n<\/tr>\n<tr class=\"row-22\">\n\t<td class=\"column-1\">Facult\u00e9 des Sciences de la Terre et de l\u2019Architecture<\/td><td class=\"column-2\"><a href=\"http:\/\/www.univ-oeb.dz\/vrlex\/2021\/3654\/\" rel=\"noopener\" target=\"_blank\">Les villes petites et moyennes dans un monde globalis\u00e9.<\/a><\/td><td class=\"column-3\">02 et 03 novembre 2021<\/td>\n<\/tr>\n<tr class=\"row-23\">\n\t<td class=\"column-1\">Facult\u00e9 des lettres et des langues<\/td><td class=\"column-2\"><a href=\"http:\/\/www.univ-oeb.dz\/vrlex\/2021\/3229\/\" rel=\"noopener\" target=\"_blank\">L'impact des technologies de l'information et de la communication sur l'enseignement <\/a><\/td><td class=\"column-3\">29 et 30 juin 2021<br \/>\nReport\u00e9 au 14\/15 Novembre 2021<\/td>\n<\/tr>\n<tr class=\"row-24\">\n\t<td class=\"column-1\">Facult\u00e9 des sciences \u00e9conomiques, sciences commerciales et des sciences de gestion<\/td><td class=\"column-2\"><a href=\"http:\/\/www.univ-oeb.dz\/vrlex\/2021\/3535\/\" rel=\"noopener\" target=\"_blank\">Internationalisation de l\u2019enseignement comptable<\/a><\/td><td class=\"column-3\">05 juin 2021 Report\u00e9 au 05 Octobre 2021<\/td>\n<\/tr>\n<tr class=\"row-25\">\n\t<td class=\"column-1\">Universit\u00e9 Larbi Ben Mhidi<\/td><td class=\"column-2\"><a href=\"http:\/\/www.univ-oeb.dz\/vrlex\/ar\/2021\/3288\/\" rel=\"noopener\" target=\"_blank\">La troisi\u00e8me rencontre internationale sur le martyr \" Mohammed El Arbi Ben M'hidi \"<\/a><\/td><td class=\"column-3\">02 et 03 mars 2021<\/td>\n<\/tr>\n<tr class=\"row-26\">\n\t<td class=\"column-1\">Institut des Sciences et Techniques des Activit\u00e9s Physiques et Sportives<\/td><td class=\"column-2\"><a href=\"http:\/\/www.univ-oeb.dz\/vrlex\/2021\/3460\/\" rel=\"noopener\" target=\"_blank\">Contribution des sciences biom\u00e9dicales au d\u00e9veloppement de la performance sportive d'\u00e9lite<\/a><\/td><td class=\"column-3\">29 et 30 Mai 2021<\/td>\n<\/tr>\n<tr class=\"row-27\">\n\t<td class=\"column-1\">Facult\u00e9 des Sciences Exacte et Sciences de la nature et la vie<\/td><td class=\"column-2\"><a href=\"http:\/\/www.univ-oeb.dz\/vrlex\/iccsa2021-3\/\" rel=\"noopener\" target=\"_blank\">La deuxi\u00e8me Conf\u00e9rence Internationale sur les Syst\u00e8mes Informatiques Complexes et leurs Applications<\/a><\/td><td class=\"column-3\">25 et 26 mai 2021<\/td>\n<\/tr>\n<tr class=\"row-28\">\n\t<td class=\"column-1\">Institut des Sciences et Techniques des Activit\u00e9s Physiques et Sportives<\/td><td class=\"column-2\"><a href=\"http:\/\/www.univ-oeb.dz\/vrlex\/2021\/3184\/\" rel=\"noopener\" target=\"_blank\">Pr\u00e9paration physique et Technologie D\u2019analyse De La Performance Chez le Sportif De Haut Niveau<\/a><\/td><td class=\"column-3\">10 et 11 Avril 2021<\/td>\n<\/tr>\n<\/tbody>\n<\/table>\n\n","protected":false},"excerpt":{"rendered":"","protected":false},"author":2,"featured_media":0,"parent":0,"menu_order":0,"comment_status":"closed","ping_status":"closed","template":"","meta":{"_monsterinsights_skip_tracking":false,"_monsterinsights_sitenote_active":false,"_monsterinsights_sitenote_note":"","_monsterinsights_sitenote_category":0,"footnotes":""},"class_list":["post-3251","page","type-page","status-publish","hentry"],"amp_enabled":true,"_links":{"self":[{"href":"https:\/\/www.univ-oeb.dz\/vrlex\/wp-json\/wp\/v2\/pages\/3251","targetHints":{"allow":["GET"]}}],"collection":[{"href":"https:\/\/www.univ-oeb.dz\/vrlex\/wp-json\/wp\/v2\/pages"}],"about":[{"href":"https:\/\/www.univ-oeb.dz\/vrlex\/wp-json\/wp\/v2\/types\/page"}],"author":[{"embeddable":true,"href":"https:\/\/www.univ-oeb.dz\/vrlex\/wp-json\/wp\/v2\/users\/2"}],"replies":[{"embeddable":true,"href":"https:\/\/www.univ-oeb.dz\/vrlex\/wp-json\/wp\/v2\/comments?post=3251"}],"version-history":[{"count":3,"href":"https:\/\/www.univ-oeb.dz\/vrlex\/wp-json\/wp\/v2\/pages\/3251\/revisions"}],"predecessor-version":[{"id":12024,"href":"https:\/\/www.univ-oeb.dz\/vrlex\/wp-json\/wp\/v2\/pages\/3251\/revisions\/12024"}],"wp:attachment":[{"href":"https:\/\/www.univ-oeb.dz\/vrlex\/wp-json\/wp\/v2\/media?parent=3251"}],"curies":[{"name":"wp","href":"https:\/\/api.w.org\/{rel}","templated":true}]}}