{"id":2974,"date":"2021-01-05T14:32:56","date_gmt":"2021-01-05T13:32:56","guid":{"rendered":"http:\/\/www.univ-oeb.dz\/vrlex\/?page_id=2974"},"modified":"2021-02-15T10:19:49","modified_gmt":"2021-02-15T09:19:49","slug":"bourses-en-roumanie-2021-2022","status":"publish","type":"page","link":"https:\/\/www.univ-oeb.dz\/vrlex\/bourses-en-roumanie-2021-2022\/","title":{"rendered":"BOURSES EN ROUMANIE  2021-2022"},"content":{"rendered":"\t\t<div data-elementor-type=\"wp-post\" data-elementor-id=\"2974\" class=\"elementor elementor-2974\">\n\t\t\t\t\t\t<section class=\"elementor-section elementor-top-section elementor-element elementor-element-79f7adf elementor-section-boxed elementor-section-height-default elementor-section-height-default\" data-id=\"79f7adf\" data-element_type=\"section\">\n\t\t\t\t\t\t<div class=\"elementor-container elementor-column-gap-default\">\n\t\t\t\t\t<div class=\"elementor-column elementor-col-100 elementor-top-column elementor-element elementor-element-530e148\" data-id=\"530e148\" data-element_type=\"column\">\n\t\t\t<div class=\"elementor-widget-wrap elementor-element-populated\">\n\t\t\t\t\t\t<div class=\"elementor-element elementor-element-7f8952a elementor-widget elementor-widget-heading\" data-id=\"7f8952a\" data-element_type=\"widget\" data-widget_type=\"heading.default\">\n\t\t\t\t<div class=\"elementor-widget-container\">\n\t\t\t<h2 class=\"elementor-heading-title elementor-size-default\">BOURSES EN ROUMANIE \n\n<\/h2>\t\t<\/div>\n\t\t\t\t<\/div>\n\t\t\t\t<div class=\"elementor-element elementor-element-24a4b01 elementor-widget elementor-widget-heading\" data-id=\"24a4b01\" data-element_type=\"widget\" data-widget_type=\"heading.default\">\n\t\t\t\t<div class=\"elementor-widget-container\">\n\t\t\t<h2 class=\"elementor-heading-title elementor-size-default\">2021 \u2013 2022 <\/h2>\t\t<\/div>\n\t\t\t\t<\/div>\n\t\t\t\t<div class=\"elementor-element elementor-element-0c158ea elementor-widget-divider--view-line elementor-invisible elementor-widget elementor-widget-divider\" data-id=\"0c158ea\" data-element_type=\"widget\" data-settings=\"{&quot;_animation&quot;:&quot;fadeInUp&quot;}\" data-widget_type=\"divider.default\">\n\t\t\t\t<div class=\"elementor-widget-container\">\n\t\t\t\t\t<div class=\"elementor-divider\">\n\t\t\t<span class=\"elementor-divider-separator\">\n\t\t\t\t\t\t<\/span>\n\t\t<\/div>\n\t\t\t\t<\/div>\n\t\t\t\t<\/div>\n\t\t\t\t<div class=\"elementor-element elementor-element-f20643b elementor-invisible elementor-widget elementor-widget-image\" data-id=\"f20643b\" data-element_type=\"widget\" data-settings=\"{&quot;_animation&quot;:&quot;rollIn&quot;}\" data-widget_type=\"image.default\">\n\t\t\t\t<div class=\"elementor-widget-container\">\n\t\t\t\t\t\t\t\t\t\t\t\t\t<img fetchpriority=\"high\" decoding=\"async\" width=\"1024\" height=\"565\" src=\"https:\/\/www.univ-oeb.dz\/vrlex\/wp-content\/uploads\/2021\/01\/Programme-de-Bourses-Roumain_2021-2022-Affiche-1024x565.jpg\" class=\"attachment-large size-large wp-image-2966\" alt=\"\" srcset=\"https:\/\/www.univ-oeb.dz\/vrlex\/wp-content\/uploads\/2021\/01\/Programme-de-Bourses-Roumain_2021-2022-Affiche-1024x565.jpg 1024w, https:\/\/www.univ-oeb.dz\/vrlex\/wp-content\/uploads\/2021\/01\/Programme-de-Bourses-Roumain_2021-2022-Affiche-300x166.jpg 300w, https:\/\/www.univ-oeb.dz\/vrlex\/wp-content\/uploads\/2021\/01\/Programme-de-Bourses-Roumain_2021-2022-Affiche-768x424.jpg 768w, https:\/\/www.univ-oeb.dz\/vrlex\/wp-content\/uploads\/2021\/01\/Programme-de-Bourses-Roumain_2021-2022-Affiche.jpg 1477w\" sizes=\"(max-width: 1024px) 100vw, 1024px\" \/>\t\t\t\t\t\t\t\t\t\t\t\t\t<\/div>\n\t\t\t\t<\/div>\n\t\t\t\t\t<\/div>\n\t\t<\/div>\n\t\t\t\t\t<\/div>\n\t\t<\/section>\n\t\t\t\t<section class=\"elementor-section elementor-top-section elementor-element elementor-element-4cf7dd9 elementor-section-boxed elementor-section-height-default elementor-section-height-default\" data-id=\"4cf7dd9\" data-element_type=\"section\">\n\t\t\t\t\t\t<div class=\"elementor-container elementor-column-gap-default\">\n\t\t\t\t\t<div class=\"elementor-column elementor-col-100 elementor-top-column elementor-element elementor-element-7ff19c8\" data-id=\"7ff19c8\" data-element_type=\"column\">\n\t\t\t<div class=\"elementor-widget-wrap elementor-element-populated\">\n\t\t\t\t\t\t<div class=\"elementor-element elementor-element-7a160a9 elementor-widget elementor-widget-text-editor\" data-id=\"7a160a9\" data-element_type=\"widget\" data-widget_type=\"text-editor.default\">\n\t\t\t\t<div class=\"elementor-widget-container\">\n\t\t\t\t\t\t\t<p><span style=\"color: #000000;\">L\u2019Universit\u00e9 d\u2019Oum El Bouaghi par l\u2019interm\u00e9diaire du minist\u00e8re de l\u2019enseignement sup\u00e9rieur \u00e0 l\u2019honneur de vous informer qu\u2019une offre de bourse \u00e9manant du gouvernement Roumain qui nous font part de l\u2019ouverture des candidatures \u00e0 des bourses d\u2019\u00e9tudes au titre de l\u2019ann\u00e9e universitaire 2021\/2022, dans toute les fili\u00e8res \u00e0 l\u2019exception de la M\u00e9decine, M\u00e9decine dentaire et Pharmacie.<\/span><\/p><p><span style=\"color: #000000;\">Ce programme, est destin\u00e9 aux \u00e9tudiants qui souhaitent poursuivre des \u00e9tudes sup\u00e9rieures en Roumanie \u00e0 <span style=\"color: #ff0000;\"><strong>titre individuel<\/strong><\/span> de niveau (Master ou Doctorat) ils <span style=\"color: #ff0000;\"><span style=\"color: #000000;\">peuvent postuler<\/span> <strong>uniquement<\/strong><\/span> aux bourses d\u2019\u00e9tudes octroy\u00e9es par le Gouvernement Roumain.<\/span><\/p><p><span style=\"color: #000000;\">Vous trouverez ci-dessous les documents n\u00e9cessaires pour ce programme \u00e0 t\u00e9l\u00e9charger (note d\u2019information du programme ainsi que le formulaire de candidature).<\/span><\/p><p><span style=\"color: #000000;\">Les dossiers complets des candidatures r\u00e9pondant aux conditions d\u2019\u00e9ligibilit\u00e9 et aux crit\u00e8res r\u00e9glementaires d\u2019admissibilit\u00e9 au programme de<span style=\"color: #800080;\"><strong> bourses offert par l\u2019\u00e9tat Roumain<\/strong><\/span>\u00a0sont \u00e0 faire parvenir au service du vice rectorat des relations ext\u00e9rieures de l\u2019Universit\u00e9 avant le <span style=\"color: #ff0000;\"><strong><u>21<\/u><\/strong><strong><u> f\u00e9vrier 2021\u00a0\u00e0 15 h (d\u00e9lai de rigueur).<\/u><\/strong><\/span><\/span><\/p><blockquote><h4><span style=\"color: #993300;\"><strong><u>Documents concernant le programme \u00e0 t\u00e9l\u00e9charger\u00a0:<\/u><\/strong><\/span><\/h4><\/blockquote>\t\t\t\t\t\t<\/div>\n\t\t\t\t<\/div>\n\t\t\t\t\t<\/div>\n\t\t<\/div>\n\t\t\t\t\t<\/div>\n\t\t<\/section>\n\t\t\t\t<section class=\"elementor-section elementor-top-section elementor-element elementor-element-c10dff8 elementor-section-boxed elementor-section-height-default elementor-section-height-default\" data-id=\"c10dff8\" data-element_type=\"section\">\n\t\t\t\t\t\t<div class=\"elementor-container elementor-column-gap-default\">\n\t\t\t\t\t<div class=\"elementor-column elementor-col-100 elementor-top-column elementor-element elementor-element-695cc7a\" data-id=\"695cc7a\" data-element_type=\"column\">\n\t\t\t<div class=\"elementor-widget-wrap elementor-element-populated\">\n\t\t\t\t\t\t<div class=\"elementor-element elementor-element-ba9cb3f elementor-invisible elementor-widget elementor-widget-text-editor\" data-id=\"ba9cb3f\" data-element_type=\"widget\" data-settings=\"{&quot;_animation&quot;:&quot;tada&quot;}\" data-widget_type=\"text-editor.default\">\n\t\t\t\t<div class=\"elementor-widget-container\">\n\t\t\t\t\t\t\t<p>\u00a0<\/p><ul><li><h6><span style=\"text-decoration: underline;\"><span style=\"color: #008000; text-decoration: underline;\"><a style=\"color: #008000; text-decoration: underline;\" href=\"https:\/\/www.univ-oeb.dz\/vrlex\/wp-content\/uploads\/2021\/01\/Appendix-1-Application-Form.doc\" target=\"_blank\" rel=\"noopener\"><strong>Appendix 1 &#8211; Application Form.DOC<\/strong><\/a><\/span><\/span><\/h6><\/li><li><h6><span style=\"text-decoration: underline;\"><span style=\"color: #008000; text-decoration: underline;\"><a style=\"color: #008000; text-decoration: underline;\" href=\"https:\/\/www.univ-oeb.dz\/vrlex\/wp-content\/uploads\/2021\/01\/Appendix2-Europass_Curriculum-vitae.doc\" target=\"_blank\" rel=\"noopener\"><strong>Appendix 2 &#8211; Europass_Curriculum vitae.DOC<\/strong><\/a><\/span><\/span><\/h6><\/li><li><h6><span style=\"text-decoration: underline;\"><span style=\"color: #008000; text-decoration: underline;\"><a style=\"color: #008000; text-decoration: underline;\" href=\"https:\/\/www.univ-oeb.dz\/vrlex\/wp-content\/uploads\/2021\/01\/Informations-sur-le-Programme-de-Bourses.pdf\"><strong>Informations sur le Programme de Bourses-Roumanie.PDF<\/strong><\/a><\/span><\/span><\/h6><\/li><\/ul><p>\u00a0<\/p>\t\t\t\t\t\t<\/div>\n\t\t\t\t<\/div>\n\t\t\t\t\t<\/div>\n\t\t<\/div>\n\t\t\t\t\t<\/div>\n\t\t<\/section>\n\t\t\t\t<\/div>\n\t\t","protected":false},"excerpt":{"rendered":"<p>BOURSES EN ROUMANIE 2021 \u2013 2022 L\u2019Universit\u00e9 d\u2019Oum El Bouaghi par l\u2019interm\u00e9diaire du minist\u00e8re de l\u2019enseignement sup\u00e9rieur \u00e0 l\u2019honneur de vous informer qu\u2019une offre de bourse \u00e9manant du gouvernement Roumain qui nous font part de l\u2019ouverture des candidatures \u00e0 des bourses d\u2019\u00e9tudes au titre de l\u2019ann\u00e9e universitaire 2021\/2022, dans toute les fili\u00e8res \u00e0 l\u2019exception de &hellip;<\/p>\n","protected":false},"author":2,"featured_media":0,"parent":0,"menu_order":0,"comment_status":"closed","ping_status":"closed","template":"","meta":{"_monsterinsights_skip_tracking":false,"_monsterinsights_sitenote_active":false,"_monsterinsights_sitenote_note":"","_monsterinsights_sitenote_category":0,"footnotes":""},"class_list":["post-2974","page","type-page","status-publish","hentry"],"amp_enabled":true,"_links":{"self":[{"href":"https:\/\/www.univ-oeb.dz\/vrlex\/wp-json\/wp\/v2\/pages\/2974","targetHints":{"allow":["GET"]}}],"collection":[{"href":"https:\/\/www.univ-oeb.dz\/vrlex\/wp-json\/wp\/v2\/pages"}],"about":[{"href":"https:\/\/www.univ-oeb.dz\/vrlex\/wp-json\/wp\/v2\/types\/page"}],"author":[{"embeddable":true,"href":"https:\/\/www.univ-oeb.dz\/vrlex\/wp-json\/wp\/v2\/users\/2"}],"replies":[{"embeddable":true,"href":"https:\/\/www.univ-oeb.dz\/vrlex\/wp-json\/wp\/v2\/comments?post=2974"}],"version-history":[{"count":4,"href":"https:\/\/www.univ-oeb.dz\/vrlex\/wp-json\/wp\/v2\/pages\/2974\/revisions"}],"predecessor-version":[{"id":3100,"href":"https:\/\/www.univ-oeb.dz\/vrlex\/wp-json\/wp\/v2\/pages\/2974\/revisions\/3100"}],"wp:attachment":[{"href":"https:\/\/www.univ-oeb.dz\/vrlex\/wp-json\/wp\/v2\/media?parent=2974"}],"curies":[{"name":"wp","href":"https:\/\/api.w.org\/{rel}","templated":true}]}}