{"id":2840,"date":"2020-12-08T15:56:07","date_gmt":"2020-12-08T14:56:07","guid":{"rendered":"http:\/\/www.univ-oeb.dz\/vrlex\/?page_id=2840"},"modified":"2021-03-24T13:54:22","modified_gmt":"2021-03-24T12:54:22","slug":"iccsa2021-3","status":"publish","type":"page","link":"https:\/\/www.univ-oeb.dz\/vrlex\/iccsa2021-3\/","title":{"rendered":"ICCSA\u20192021"},"content":{"rendered":"\t\t<div data-elementor-type=\"wp-post\" data-elementor-id=\"2840\" class=\"elementor elementor-2840\">\n\t\t\t\t\t\t<section class=\"elementor-section elementor-top-section elementor-element elementor-element-2ad61b0 elementor-section-boxed elementor-section-height-default elementor-section-height-default\" data-id=\"2ad61b0\" data-element_type=\"section\">\n\t\t\t\t\t\t<div class=\"elementor-container elementor-column-gap-default\">\n\t\t\t\t\t<div class=\"elementor-column elementor-col-100 elementor-top-column elementor-element elementor-element-55d56ae\" data-id=\"55d56ae\" data-element_type=\"column\">\n\t\t\t<div class=\"elementor-widget-wrap elementor-element-populated\">\n\t\t\t\t\t\t<div class=\"elementor-element elementor-element-6392183 elementor-invisible elementor-widget elementor-widget-heading\" data-id=\"6392183\" data-element_type=\"widget\" data-settings=\"{&quot;_animation&quot;:&quot;fadeInDown&quot;,&quot;_animation_delay&quot;:0}\" data-widget_type=\"heading.default\">\n\t\t\t\t<div class=\"elementor-widget-container\">\n\t\t\t<h2 class=\"elementor-heading-title elementor-size-default\">La deuxi\u00e8me Conf\u00e9rence Internationale sur les Syst\u00e8mes Informatiques Complexes et leurs Applications.<\/h2>\t\t<\/div>\n\t\t\t\t<\/div>\n\t\t\t\t<div class=\"elementor-element elementor-element-ef3e89b elementor-widget elementor-widget-heading\" data-id=\"ef3e89b\" data-element_type=\"widget\" data-widget_type=\"heading.default\">\n\t\t\t\t<div class=\"elementor-widget-container\">\n\t\t\t<h2 class=\"elementor-heading-title elementor-size-default\">Oum El Bouaghi - Alg\u00e9rie<\/h2>\t\t<\/div>\n\t\t\t\t<\/div>\n\t\t\t\t<div class=\"elementor-element elementor-element-230c895 animated-slow elementor-widget-divider--view-line elementor-invisible elementor-widget elementor-widget-divider\" data-id=\"230c895\" data-element_type=\"widget\" data-settings=\"{&quot;_animation&quot;:&quot;fadeInRight&quot;}\" data-widget_type=\"divider.default\">\n\t\t\t\t<div class=\"elementor-widget-container\">\n\t\t\t\t\t<div class=\"elementor-divider\">\n\t\t\t<span class=\"elementor-divider-separator\">\n\t\t\t\t\t\t<\/span>\n\t\t<\/div>\n\t\t\t\t<\/div>\n\t\t\t\t<\/div>\n\t\t\t\t\t<\/div>\n\t\t<\/div>\n\t\t\t\t\t<\/div>\n\t\t<\/section>\n\t\t\t\t<section class=\"elementor-section elementor-top-section elementor-element elementor-element-2bb7dfa elementor-section-boxed elementor-section-height-default elementor-section-height-default\" data-id=\"2bb7dfa\" data-element_type=\"section\">\n\t\t\t\t\t\t<div class=\"elementor-container elementor-column-gap-default\">\n\t\t\t\t\t<div class=\"elementor-column elementor-col-100 elementor-top-column elementor-element elementor-element-e24c642\" data-id=\"e24c642\" data-element_type=\"column\">\n\t\t\t<div class=\"elementor-widget-wrap elementor-element-populated\">\n\t\t\t\t\t\t<div class=\"elementor-element elementor-element-5bcf6b2 elementor-widget elementor-widget-image\" data-id=\"5bcf6b2\" data-element_type=\"widget\" data-widget_type=\"image.default\">\n\t\t\t\t<div class=\"elementor-widget-container\">\n\t\t\t\t\t\t\t\t\t\t\t\t\t<img fetchpriority=\"high\" decoding=\"async\" width=\"1024\" height=\"440\" src=\"https:\/\/www.univ-oeb.dz\/vrlex\/wp-content\/uploads\/2020\/12\/ICCSA2021-Affiche-FR-1024x440.jpg\" class=\"attachment-large size-large wp-image-2796\" alt=\"\" srcset=\"https:\/\/www.univ-oeb.dz\/vrlex\/wp-content\/uploads\/2020\/12\/ICCSA2021-Affiche-FR-1024x440.jpg 1024w, https:\/\/www.univ-oeb.dz\/vrlex\/wp-content\/uploads\/2020\/12\/ICCSA2021-Affiche-FR-300x129.jpg 300w, https:\/\/www.univ-oeb.dz\/vrlex\/wp-content\/uploads\/2020\/12\/ICCSA2021-Affiche-FR-768x330.jpg 768w, https:\/\/www.univ-oeb.dz\/vrlex\/wp-content\/uploads\/2020\/12\/ICCSA2021-Affiche-FR.jpg 1595w\" sizes=\"(max-width: 1024px) 100vw, 1024px\" \/>\t\t\t\t\t\t\t\t\t\t\t\t\t<\/div>\n\t\t\t\t<\/div>\n\t\t\t\t\t<\/div>\n\t\t<\/div>\n\t\t\t\t\t<\/div>\n\t\t<\/section>\n\t\t\t\t<section class=\"elementor-section elementor-top-section elementor-element elementor-element-bb4fd82 elementor-section-boxed elementor-section-height-default elementor-section-height-default\" data-id=\"bb4fd82\" data-element_type=\"section\">\n\t\t\t\t\t\t<div class=\"elementor-container elementor-column-gap-default\">\n\t\t\t\t\t<div class=\"elementor-column elementor-col-100 elementor-top-column elementor-element elementor-element-08aad48\" data-id=\"08aad48\" data-element_type=\"column\">\n\t\t\t<div class=\"elementor-widget-wrap elementor-element-populated\">\n\t\t\t\t\t\t<div class=\"elementor-element elementor-element-665f55a elementor-invisible elementor-widget elementor-widget-text-editor\" data-id=\"665f55a\" data-element_type=\"widget\" data-settings=\"{&quot;_animation&quot;:&quot;fadeInUp&quot;}\" data-widget_type=\"text-editor.default\">\n\t\t\t\t<div class=\"elementor-widget-container\">\n\t\t\t\t\t\t\t<p><span style=\"color: #000000;\">Suite au succ\u00e8s de l\u2019\u00e9dition pr\u00e9c\u00e9dente <strong>ICCSA&#8217;2016<\/strong>, nous avons le plaisir d&#8217;annoncer la <strong>2\u00e8me<\/strong> Conf\u00e9rence internationale sur<strong><span style=\"color: #008000;\"> les syst\u00e8mes complexes et leurs applications ICCSA&#8217;2021<\/span><\/strong>, qui aura lieu \u00e0 l&#8217;Universit\u00e9 d&#8217;Oum El Bouaghi, Alg\u00e9rie, <strong><span style=\"color: #ff0000;\">du 25 au 26 mai 2021<\/span><\/strong>. L&#8217;objectif de la conf\u00e9rence <strong>ICCSA&#8217;2021<\/strong> est de fournir une plate-forme aux chercheurs, ing\u00e9nieurs et professionnels de l&#8217;industrie de partout dans le monde de pr\u00e9senter leurs r\u00e9sultats de recherche et leurs activit\u00e9s de d\u00e9veloppement dans diff\u00e9rents domaines des syst\u00e8mes complexes. <\/span><\/p><p><span style=\"color: #000000;\">Cette conf\u00e9rence fournira des opportunit\u00e9s pour tous les participants pour \u00e9changer de nouvelles id\u00e9es et des exp\u00e9riences applicatives afin d&#8217;\u00e9tablir des relations de recherche ou d\u2019affaire et de trouver des partenaires \u00a0nationales et internationales pour une collaboration future.<\/span><\/p>\t\t\t\t\t\t<\/div>\n\t\t\t\t<\/div>\n\t\t\t\t\t<\/div>\n\t\t<\/div>\n\t\t\t\t\t<\/div>\n\t\t<\/section>\n\t\t\t\t<section class=\"elementor-section elementor-top-section elementor-element elementor-element-bfbbf72 elementor-section-boxed elementor-section-height-default elementor-section-height-default\" data-id=\"bfbbf72\" data-element_type=\"section\">\n\t\t\t\t\t\t<div class=\"elementor-container elementor-column-gap-default\">\n\t\t\t\t\t<div class=\"elementor-column elementor-col-33 elementor-top-column elementor-element elementor-element-ba50da9\" data-id=\"ba50da9\" data-element_type=\"column\">\n\t\t\t<div class=\"elementor-widget-wrap elementor-element-populated\">\n\t\t\t\t\t\t<div class=\"elementor-element elementor-element-84c54f0 elementor-invisible elementor-widget elementor-widget-image\" data-id=\"84c54f0\" data-element_type=\"widget\" data-settings=\"{&quot;_animation&quot;:&quot;fadeInLeft&quot;}\" data-widget_type=\"image.default\">\n\t\t\t\t<div class=\"elementor-widget-container\">\n\t\t\t\t\t\t\t\t\t\t\t\t\t\t<a href=\"https:\/\/www.univ-oeb.dz\/vrlex\/wp-content\/uploads\/2020\/12\/Depliant_ICCSA2021_FR.pdf\">\n\t\t\t\t\t\t\t<img decoding=\"async\" src=\"https:\/\/www.univ-oeb.dz\/vrlex\/wp-content\/uploads\/2020\/12\/\u062a\u062d\u0645\u064a\u0644-\u0628\u0631\u0646\u0627\u0645\u062c-pdf-\u0645\u062c\u0627\u0646\u0627-512x470-1-135x100.png\" title=\"\u062a\u062d\u0645\u064a\u0644-\u0628\u0631\u0646\u0627\u0645\u062c-pdf-\u0645\u062c\u0627\u0646\u0627-512&#215;470\" alt=\"\u062a\u062d\u0645\u064a\u0644-\u0628\u0631\u0646\u0627\u0645\u062c-pdf-\u0645\u062c\u0627\u0646\u0627-512x470\" loading=\"lazy\" \/>\t\t\t\t\t\t\t\t<\/a>\n\t\t\t\t\t\t\t\t\t\t\t\t\t<\/div>\n\t\t\t\t<\/div>\n\t\t\t\t\t<\/div>\n\t\t<\/div>\n\t\t\t\t<div class=\"elementor-column elementor-col-66 elementor-top-column elementor-element elementor-element-cb0945e\" data-id=\"cb0945e\" data-element_type=\"column\">\n\t\t\t<div class=\"elementor-widget-wrap elementor-element-populated\">\n\t\t\t\t\t\t<div class=\"elementor-element elementor-element-8096659 elementor-invisible elementor-widget elementor-widget-text-editor\" data-id=\"8096659\" data-element_type=\"widget\" data-settings=\"{&quot;_animation&quot;:&quot;fadeInRight&quot;}\" data-widget_type=\"text-editor.default\">\n\t\t\t\t<div class=\"elementor-widget-container\">\n\t\t\t\t\t\t\t<h4><a href=\"https:\/\/www.univ-oeb.dz\/vrlex\/wp-content\/uploads\/2021\/03\/depliant_v3_image_FR_extension.pdf\" target=\"_blank\" rel=\"noopener\"><span style=\"color: #339966;\">Depliant_ICCSA&#8217;2021_FR<\/span><\/a><\/h4>\t\t\t\t\t\t<\/div>\n\t\t\t\t<\/div>\n\t\t\t\t\t<\/div>\n\t\t<\/div>\n\t\t\t\t\t<\/div>\n\t\t<\/section>\n\t\t\t\t<\/div>\n\t\t","protected":false},"excerpt":{"rendered":"<p>La deuxi\u00e8me Conf\u00e9rence Internationale sur les Syst\u00e8mes Informatiques Complexes et leurs Applications. Oum El Bouaghi &#8211; Alg\u00e9rie Suite au succ\u00e8s de l\u2019\u00e9dition pr\u00e9c\u00e9dente ICCSA&#8217;2016, nous avons le plaisir d&#8217;annoncer la 2\u00e8me Conf\u00e9rence internationale sur les syst\u00e8mes complexes et leurs applications ICCSA&#8217;2021, qui aura lieu \u00e0 l&#8217;Universit\u00e9 d&#8217;Oum El Bouaghi, Alg\u00e9rie, du 25 au 26 mai &hellip;<\/p>\n","protected":false},"author":2,"featured_media":0,"parent":0,"menu_order":0,"comment_status":"closed","ping_status":"closed","template":"","meta":{"_monsterinsights_skip_tracking":false,"_monsterinsights_sitenote_active":false,"_monsterinsights_sitenote_note":"","_monsterinsights_sitenote_category":0,"footnotes":""},"class_list":["post-2840","page","type-page","status-publish","hentry"],"amp_enabled":true,"_links":{"self":[{"href":"https:\/\/www.univ-oeb.dz\/vrlex\/wp-json\/wp\/v2\/pages\/2840","targetHints":{"allow":["GET"]}}],"collection":[{"href":"https:\/\/www.univ-oeb.dz\/vrlex\/wp-json\/wp\/v2\/pages"}],"about":[{"href":"https:\/\/www.univ-oeb.dz\/vrlex\/wp-json\/wp\/v2\/types\/page"}],"author":[{"embeddable":true,"href":"https:\/\/www.univ-oeb.dz\/vrlex\/wp-json\/wp\/v2\/users\/2"}],"replies":[{"embeddable":true,"href":"https:\/\/www.univ-oeb.dz\/vrlex\/wp-json\/wp\/v2\/comments?post=2840"}],"version-history":[{"count":4,"href":"https:\/\/www.univ-oeb.dz\/vrlex\/wp-json\/wp\/v2\/pages\/2840\/revisions"}],"predecessor-version":[{"id":3392,"href":"https:\/\/www.univ-oeb.dz\/vrlex\/wp-json\/wp\/v2\/pages\/2840\/revisions\/3392"}],"wp:attachment":[{"href":"https:\/\/www.univ-oeb.dz\/vrlex\/wp-json\/wp\/v2\/media?parent=2840"}],"curies":[{"name":"wp","href":"https:\/\/api.w.org\/{rel}","templated":true}]}}