{"id":2577,"date":"2020-10-18T15:31:20","date_gmt":"2020-10-18T14:31:20","guid":{"rendered":"http:\/\/www.univ-oeb.dz\/vrlex\/?page_id=2577"},"modified":"2022-05-11T12:16:57","modified_gmt":"2022-05-11T11:16:57","slug":"cooperation-bilaterale-algero-wallonne","status":"publish","type":"page","link":"https:\/\/www.univ-oeb.dz\/vrlex\/cooperation-bilaterale-algero-wallonne\/","title":{"rendered":"Coop\u00e9ration Bilat\u00e9rale Alg\u00e9ro \u2013 Wallonne"},"content":{"rendered":"\t\t<div data-elementor-type=\"wp-post\" data-elementor-id=\"2577\" class=\"elementor elementor-2577\">\n\t\t\t\t\t\t<section class=\"elementor-section elementor-top-section elementor-element elementor-element-d01b3ad elementor-section-boxed elementor-section-height-default elementor-section-height-default\" data-id=\"d01b3ad\" data-element_type=\"section\">\n\t\t\t\t\t\t<div class=\"elementor-container elementor-column-gap-default\">\n\t\t\t\t\t<div class=\"elementor-column elementor-col-100 elementor-top-column elementor-element elementor-element-7acee8b\" data-id=\"7acee8b\" data-element_type=\"column\">\n\t\t\t<div class=\"elementor-widget-wrap elementor-element-populated\">\n\t\t\t\t\t\t<div class=\"elementor-element elementor-element-4c13e30 elementor-widget elementor-widget-heading\" data-id=\"4c13e30\" data-element_type=\"widget\" data-widget_type=\"heading.default\">\n\t\t\t\t<div class=\"elementor-widget-container\">\n\t\t\t<h1 class=\"elementor-heading-title elementor-size-default\">Coop\u00e9ration Bilat\u00e9rale Alg\u00e9ro \u2013 Wallonne<\/h1>\t\t<\/div>\n\t\t\t\t<\/div>\n\t\t\t\t\t<\/div>\n\t\t<\/div>\n\t\t\t\t\t<\/div>\n\t\t<\/section>\n\t\t\t\t<section class=\"elementor-section elementor-top-section elementor-element elementor-element-5c1bf2e elementor-section-boxed elementor-section-height-default elementor-section-height-default\" data-id=\"5c1bf2e\" data-element_type=\"section\">\n\t\t\t\t\t\t<div class=\"elementor-container elementor-column-gap-default\">\n\t\t\t\t\t<div class=\"elementor-column elementor-col-100 elementor-top-column elementor-element elementor-element-8abedb4\" data-id=\"8abedb4\" data-element_type=\"column\">\n\t\t\t<div class=\"elementor-widget-wrap elementor-element-populated\">\n\t\t\t\t\t\t<div class=\"elementor-element elementor-element-e6d5d96 elementor-widget elementor-widget-heading\" data-id=\"e6d5d96\" data-element_type=\"widget\" data-widget_type=\"heading.default\">\n\t\t\t\t<div class=\"elementor-widget-container\">\n\t\t\t<h2 class=\"elementor-heading-title elementor-size-default\">\"Fonds de Mobilit\u00e9 WBI Maghreb \u2013 Fma \u2013\"\n\n\n<\/h2>\t\t<\/div>\n\t\t\t\t<\/div>\n\t\t\t\t\t<\/div>\n\t\t<\/div>\n\t\t\t\t\t<\/div>\n\t\t<\/section>\n\t\t\t\t<section class=\"elementor-section elementor-top-section elementor-element elementor-element-50bcae2 elementor-section-boxed elementor-section-height-default elementor-section-height-default\" data-id=\"50bcae2\" data-element_type=\"section\">\n\t\t\t\t\t\t<div class=\"elementor-container elementor-column-gap-default\">\n\t\t\t\t\t<div class=\"elementor-column elementor-col-100 elementor-top-column elementor-element elementor-element-176d783\" data-id=\"176d783\" data-element_type=\"column\">\n\t\t\t<div class=\"elementor-widget-wrap elementor-element-populated\">\n\t\t\t\t\t\t<div class=\"elementor-element elementor-element-2964cdc elementor-widget elementor-widget-image\" data-id=\"2964cdc\" data-element_type=\"widget\" data-widget_type=\"image.default\">\n\t\t\t\t<div class=\"elementor-widget-container\">\n\t\t\t\t\t\t\t\t\t\t\t\t\t<img fetchpriority=\"high\" decoding=\"async\" width=\"1024\" height=\"440\" src=\"https:\/\/www.univ-oeb.dz\/vrlex\/wp-content\/uploads\/2020\/10\/Alg\u00e9ro-Wallonne-Affiche-1024x440.jpg\" class=\"attachment-large size-large wp-image-2567\" alt=\"\" srcset=\"https:\/\/www.univ-oeb.dz\/vrlex\/wp-content\/uploads\/2020\/10\/Alg\u00e9ro-Wallonne-Affiche-1024x440.jpg 1024w, https:\/\/www.univ-oeb.dz\/vrlex\/wp-content\/uploads\/2020\/10\/Alg\u00e9ro-Wallonne-Affiche-300x129.jpg 300w, https:\/\/www.univ-oeb.dz\/vrlex\/wp-content\/uploads\/2020\/10\/Alg\u00e9ro-Wallonne-Affiche-768x330.jpg 768w, https:\/\/www.univ-oeb.dz\/vrlex\/wp-content\/uploads\/2020\/10\/Alg\u00e9ro-Wallonne-Affiche.jpg 1595w\" sizes=\"(max-width: 1024px) 100vw, 1024px\" \/>\t\t\t\t\t\t\t\t\t\t\t\t\t<\/div>\n\t\t\t\t<\/div>\n\t\t\t\t\t<\/div>\n\t\t<\/div>\n\t\t\t\t\t<\/div>\n\t\t<\/section>\n\t\t\t\t<section class=\"elementor-section elementor-top-section elementor-element elementor-element-bc83464 elementor-section-boxed elementor-section-height-default elementor-section-height-default\" data-id=\"bc83464\" data-element_type=\"section\">\n\t\t\t\t\t\t<div class=\"elementor-container elementor-column-gap-default\">\n\t\t\t\t\t<div class=\"elementor-column elementor-col-100 elementor-top-column elementor-element elementor-element-b63ebd8\" data-id=\"b63ebd8\" data-element_type=\"column\">\n\t\t\t<div class=\"elementor-widget-wrap elementor-element-populated\">\n\t\t\t\t\t\t<div class=\"elementor-element elementor-element-16a9625 elementor-widget elementor-widget-text-editor\" data-id=\"16a9625\" data-element_type=\"widget\" data-widget_type=\"text-editor.default\">\n\t\t\t\t<div class=\"elementor-widget-container\">\n\t\t\t\t\t\t\t<div align=\"justify\"><div><span style=\"color: #000000;\">Le Minist\u00e8re de l&#8217;enseignement sup\u00e9rieur et de la recherche scientifique est destinataire d&#8217;un appel \u00e0 candidature du <span style=\"color: #800000;\">&#8220;<strong>Fonds de mobilit\u00e9 Acad\u00e9mique Maghreb<\/strong>&#8220;<\/span>, lanc\u00e9 par la D\u00e9l\u00e9gation G\u00e9n\u00e9rale Wallonie-Bruxelles International.<\/span><\/div><div>\u00a0<\/div><div><span style=\"color: #000000;\">Le\u00a0<span style=\"color: #800000;\"><strong>fonds de mobilit\u00e9 &#8220;Maghreb&#8221;<\/strong><\/span> constitue un programme compl\u00e9mentaire de soutien\u00a0 \u00e0 la mobilit\u00e9 en Wallonie-Bruxelles et en Alg\u00e9rie, des membres du personnel acad\u00e9mique, scientifique ou administratif des \u00e9tablissements d\u2019enseignement sup\u00e9rieur de l\u2019Alg\u00e9rie, en vue de l\u2019initiation de favoriser l\u2019\u00e9mergence de nouvelles collaborations et partenariats ou de consolider des collaborations existantes, et ainsi appuyer le d\u00e9veloppement de la coop\u00e9ration bilat\u00e9rale Alg\u00e9ro \u2013 Wallonne.<\/span><\/div><div>\u00a0<\/div><div><span style=\"color: #000000;\">\u00c0 cet effet, le vice rectorat des relations ext\u00e9rieures et de coop\u00e9ration invite les membres du personnel acad\u00e9mique, scientifique ou administratif de l\u2019Universit\u00e9 \u00e0 lui transmettre <strong><span style=\"color: #ff0000;\">avant le 29 octobre 2020 <\/span><\/strong>les dossiers de\u00a0candidature, afin de les transmettre \u00e0 la tutelle<strong><span style=\"color: #ff0000;\"> avant le 31 octobre 2020.<\/span><\/strong><\/span><\/div><h3>\u00a0<\/h3><\/div>\t\t\t\t\t\t<\/div>\n\t\t\t\t<\/div>\n\t\t\t\t<div class=\"elementor-element elementor-element-229fac4 elementor-view-framed elementor-shape-square elementor-position-left elementor-vertical-align-middle elementor-mobile-position-top elementor-widget elementor-widget-icon-box\" data-id=\"229fac4\" data-element_type=\"widget\" data-widget_type=\"icon-box.default\">\n\t\t\t\t<div class=\"elementor-widget-container\">\n\t\t\t\t\t<div class=\"elementor-icon-box-wrapper\">\n\n\t\t\t\t\t\t<div class=\"elementor-icon-box-icon\">\n\t\t\t\t<span  class=\"elementor-icon elementor-animation-\">\n\t\t\t\t<svg xmlns=\"http:\/\/www.w3.org\/2000\/svg\" width=\"1280.000000pt\" height=\"895.000000pt\" viewBox=\"0 0 1280.000000 895.000000\" preserveAspectRatio=\"xMidYMid meet\"><metadata>Created by potrace 1.15, written by Peter Selinger 2001-2017<\/metadata><g transform=\"translate(0.000000,895.000000) scale(0.100000,-0.100000)\" fill=\"#009688\" stroke=\"none\"><path d=\"M10296 8935 c-120 -20 -243 -58 -351 -110 -94 -46 -7920 -4828 -8024 -4903 -33 -24 -96 -80 -140 -123 -220 -218 -351 -519 -351 -807 0 -137 50 -324 118 -442 69 -119 491 -804 535 -868 131 -190 342 -328 590 -384 110 -25 321 -29 437 -9 108 19 252 67 350 116 98 49 1661 1000 3102 1886 483 298 596 367 1368 837 338 205 626 384 639 395 31 29 61 94 61 135 1 128 -139 226 -254 178 -18 -7 -257 -151 -532 -318 -274 -168 -668 -408 -874 -533 -527 -321 -1810 -1106 -2280 -1395 -862 -530 -1348 -825 -1418 -857 -121 -56 -210 -76 -352 -77 -144 0 -215 15 -329 70 -129 63 -165 109 -441 559 -308 501 -296 479 -320 566 -75 271 70 600 345 785 95 64 872 541 5116 3136 1515 927 2774 1695 2797 1707 121 62 246 91 391 91 124 0 206 -18 311 -68 121 -57 189 -135 343 -389 70 -116 137 -238 149 -270 13 -37 22 -93 26 -154 6 -130 -15 -222 -81 -353 -44 -86 -66 -115 -147 -197 -86 -86 -118 -110 -345 -249 -1409 -864 -6223 -3789 -6266 -3807 -165 -67 -360 -40 -461 64 -34 35 -219 327 -268 422 -88 173 -2 404 200 541 30 20 291 181 580 357 1478 902 2262 1381 2920 1785 399 245 959 588 1245 763 286 175 536 329 556 342 64 42 99 130 79 202 -23 87 -106 146 -194 139 -47 -4 -160 -71 -1471 -873 -2324 -1422 -2905 -1776 -3420 -2090 -565 -343 -555 -337 -641 -418 -172 -161 -265 -372 -265 -602 0 -118 15 -193 57 -284 31 -70 242 -413 302 -493 176 -234 520 -328 852 -232 113 33 100 25 1450 851 947 579 4767 2906 4942 3010 189 112 261 161 351 242 308 271 461 676 388 1027 -33 162 -55 208 -245 518 -117 191 -155 243 -238 322 -130 126 -288 208 -483 250 -101 22 -301 26 -409 9z\"><\/path><\/g><\/svg>\t\t\t\t<\/span>\n\t\t\t<\/div>\n\t\t\t\n\t\t\t\t\t\t<div class=\"elementor-icon-box-content\">\n\n\t\t\t\t\t\t\t\t\t<h3 class=\"elementor-icon-box-title\">\n\t\t\t\t\t\t<span  >\n\t\t\t\t\t\t\tDocuments li\u00e9s\t\t\t\t\t\t<\/span>\n\t\t\t\t\t<\/h3>\n\t\t\t\t\n\t\t\t\t\n\t\t\t<\/div>\n\t\t\t\n\t\t<\/div>\n\t\t\t\t<\/div>\n\t\t\t\t<\/div>\n\t\t\t\t\t<\/div>\n\t\t<\/div>\n\t\t\t\t\t<\/div>\n\t\t<\/section>\n\t\t\t\t<section class=\"elementor-section elementor-top-section elementor-element elementor-element-0335440 elementor-section-boxed elementor-section-height-default elementor-section-height-default\" data-id=\"0335440\" data-element_type=\"section\">\n\t\t\t\t\t\t<div class=\"elementor-container elementor-column-gap-default\">\n\t\t\t\t\t<div class=\"elementor-column elementor-col-100 elementor-top-column elementor-element elementor-element-bf789db\" data-id=\"bf789db\" data-element_type=\"column\">\n\t\t\t<div class=\"elementor-widget-wrap elementor-element-populated\">\n\t\t\t\t\t\t<div class=\"elementor-element elementor-element-3b91eca elementor-view-framed elementor-position-left elementor-shape-circle elementor-mobile-position-top elementor-vertical-align-top elementor-widget elementor-widget-icon-box\" data-id=\"3b91eca\" data-element_type=\"widget\" data-widget_type=\"icon-box.default\">\n\t\t\t\t<div class=\"elementor-widget-container\">\n\t\t\t\t\t<div class=\"elementor-icon-box-wrapper\">\n\n\t\t\t\t\t\t<div class=\"elementor-icon-box-icon\">\n\t\t\t\t<a href=\"https:\/\/www.univ-oeb.dz\/vrlex\/wp-content\/uploads\/2020\/10\/2020-10-31bis_Formulaire-pour-les-Fonds-de-Mobilite.doc\" target=\"_blank\" class=\"elementor-icon elementor-animation-\" tabindex=\"-1\">\n\t\t\t\t<svg xmlns=\"http:\/\/www.w3.org\/2000\/svg\" viewBox=\"0 0 64 64\" width=\"64px\" height=\"64px\"><path fill=\"#e3f2ff\" d=\"M57,51H39c-1.105,0-2-0.895-2-2V13c0-1.105,0.895-2,2-2h18c1.105,0,2,0.895,2,2v36 C59,50.105,58.105,51,57,51z\"><\/path><path fill=\"#85cbf8\" d=\"M36.832,57.948c0,0.426-0.235,0.688-0.376,0.805c-0.141,0.118-0.435,0.304-0.859,0.231h0.001 l-30.69-5.416c-1.007-0.178-1.738-1.049-1.738-2.072V10.504c0-1.023,0.731-1.894,1.738-2.072l30.69-5.416 c0.424-0.071,0.719,0.113,0.859,0.231c0.141,0.117,0.376,0.379,0.376,0.805V57.948z\"><\/path><path fill=\"#6fc6f0\" d=\"M7.031,30c-2.221,0-4.017,1.81-4,4.031l0.137,17.465c0,1.023,0.731,1.894,1.738,2.072l30.69,5.416h0 c0.424,0.073,0.719-0.113,0.859-0.231c0.141-0.117,0.376-0.379,0.376-0.805l0.144-23.923c0.013-2.219-1.781-4.024-4-4.024H7.031z\"><\/path><path fill=\"#9fddff\" d=\"M36.456,3.247c-0.141-0.118-0.435-0.302-0.859-0.231L4.907,8.432 C3.899,8.61,3.168,9.481,3.168,10.504v4c0-1.023,0.731-1.894,1.738-2.072l30.69-5.416c0.424-0.071,0.719,0.113,0.859,0.231 c0.141,0.117,0.376,0.379,0.376,0.805v-4C36.832,3.626,36.596,3.364,36.456,3.247z\"><\/path><path fill=\"#c5e4fa\" d=\"M37 11H43V51H37z\"><\/path><path fill=\"#8d6c9f\" d=\"M57,10H38V5.384c0-0.889-0.391-1.727-1.072-2.298c-0.681-0.572-1.573-0.813-2.45-0.656L5.305,7.578 C3.39,7.916,2,9.572,2,11.517v38.967c0,1.944,1.39,3.601,3.305,3.938l29.174,5.148h0c0.174,0.031,0.349,0.046,0.523,0.046 c0.7,0,1.381-0.244,1.926-0.702C37.609,58.343,38,57.505,38,56.616V52h19c1.654,0,3-1.346,3-3V13C60,11.346,58.654,10,57,10z M36,56.616c0,0.405-0.224,0.654-0.357,0.766c-0.134,0.112-0.414,0.289-0.817,0.22h0L5.652,52.453C4.695,52.284,4,51.456,4,50.483 V11.517c0-0.973,0.695-1.801,1.652-1.97l29.173-5.148c0.403-0.067,0.683,0.107,0.817,0.22C35.776,4.729,36,4.979,36,5.384V56.616z M58,49c0,0.552-0.449,1-1,1H38v-6h13c0.552,0,1-0.447,1-1s-0.448-1-1-1H38v-4h5.375c0.552,0,1-0.447,1-1s-0.448-1-1-1H38v-4h13 c0.552,0,1-0.447,1-1s-0.448-1-1-1H38v-4h13c0.552,0,1-0.447,1-1s-0.448-1-1-1H38v-4h13c0.552,0,1-0.447,1-1s-0.448-1-1-1H38v-6h19 c0.551,0,1,0.448,1,1V49z\"><\/path><path fill=\"#8d6c9f\" d=\"M51,36h-4c-0.552,0-1,0.447-1,1s0.448,1,1,1h4c0.552,0,1-0.447,1-1S51.552,36,51,36z\"><\/path><path fill=\"#faefde\" d=\"M30.243,20.03c-0.533-0.134-1.079,0.19-1.213,0.728L24.949,37.08l-3.986-14.348 C20.843,22.3,20.449,22,20,22s-0.843,0.3-0.963,0.732L15.051,37.08L10.97,20.758c-0.134-0.537-0.677-0.861-1.213-0.728 s-0.861,0.677-0.728,1.212l5,20c0.11,0.44,0.503,0.752,0.957,0.758c0.452-0.014,0.855-0.295,0.977-0.732L20,26.736l4.037,14.531 C24.157,41.701,24.551,42,25,42c0.004,0,0.009,0,0.013,0c0.454-0.006,0.847-0.317,0.957-0.758l5-20 C31.104,20.707,30.778,20.164,30.243,20.03z\"><\/path><\/svg>\t\t\t\t<\/a>\n\t\t\t<\/div>\n\t\t\t\n\t\t\t\t\t\t<div class=\"elementor-icon-box-content\">\n\n\t\t\t\t\t\t\t\t\t<h5 class=\"elementor-icon-box-title\">\n\t\t\t\t\t\t<a href=\"https:\/\/www.univ-oeb.dz\/vrlex\/wp-content\/uploads\/2020\/10\/2020-10-31bis_Formulaire-pour-les-Fonds-de-Mobilite.doc\" target=\"_blank\" >\n\t\t\t\t\t\t\tFormulaire pour les \"Fonds de Mobilite de WBI\"\t\t\t\t\t\t<\/a>\n\t\t\t\t\t<\/h5>\n\t\t\t\t\n\t\t\t\t\t\t\t\t\t<p class=\"elementor-icon-box-description\">\n\t\t\t\t\t\t<a href=\"https:\/\/www.univ-oeb.dz\/vrlex\/wp-content\/uploads\/2020\/10\/2020-10-31bis_Formulaire-pour-les-Fonds-de-Mobilite.doc \">T\u00e9l\u00e9chargement <\/a> <div>\n(Taille du fichier : 182 Ko \/ Type de fichier : DOC )\t\t\t\t\t<\/p>\n\t\t\t\t\n\t\t\t<\/div>\n\t\t\t\n\t\t<\/div>\n\t\t\t\t<\/div>\n\t\t\t\t<\/div>\n\t\t\t\t\t<\/div>\n\t\t<\/div>\n\t\t\t\t\t<\/div>\n\t\t<\/section>\n\t\t\t\t<section class=\"elementor-section elementor-top-section elementor-element elementor-element-3b02e65 elementor-section-boxed elementor-section-height-default elementor-section-height-default\" data-id=\"3b02e65\" data-element_type=\"section\">\n\t\t\t\t\t\t<div class=\"elementor-container elementor-column-gap-default\">\n\t\t\t\t\t<div class=\"elementor-column elementor-col-100 elementor-top-column elementor-element elementor-element-55aed78\" data-id=\"55aed78\" data-element_type=\"column\">\n\t\t\t<div class=\"elementor-widget-wrap elementor-element-populated\">\n\t\t\t\t\t\t<div class=\"elementor-element elementor-element-de670c1 elementor-view-framed elementor-position-left elementor-shape-circle elementor-mobile-position-top elementor-vertical-align-top elementor-widget elementor-widget-icon-box\" data-id=\"de670c1\" data-element_type=\"widget\" data-widget_type=\"icon-box.default\">\n\t\t\t\t<div class=\"elementor-widget-container\">\n\t\t\t\t\t<div class=\"elementor-icon-box-wrapper\">\n\n\t\t\t\t\t\t<div class=\"elementor-icon-box-icon\">\n\t\t\t\t<a href=\"https:\/\/www.univ-oeb.dz\/vrlex\/wp-content\/uploads\/2020\/10\/2020-10-31bis_Desriptif-Fonds-de-Mobilite.docx\" target=\"_blank\" class=\"elementor-icon elementor-animation-\" tabindex=\"-1\">\n\t\t\t\t<svg xmlns=\"http:\/\/www.w3.org\/2000\/svg\" viewBox=\"0 0 64 64\" width=\"64px\" height=\"64px\"><path fill=\"#e3f2ff\" d=\"M57,51H39c-1.105,0-2-0.895-2-2V13c0-1.105,0.895-2,2-2h18c1.105,0,2,0.895,2,2v36 C59,50.105,58.105,51,57,51z\"><\/path><path fill=\"#85cbf8\" d=\"M36.832,57.948c0,0.426-0.235,0.688-0.376,0.805c-0.141,0.118-0.435,0.304-0.859,0.231h0.001 l-30.69-5.416c-1.007-0.178-1.738-1.049-1.738-2.072V10.504c0-1.023,0.731-1.894,1.738-2.072l30.69-5.416 c0.424-0.071,0.719,0.113,0.859,0.231c0.141,0.117,0.376,0.379,0.376,0.805V57.948z\"><\/path><path fill=\"#6fc6f0\" d=\"M7.031,30c-2.221,0-4.017,1.81-4,4.031l0.137,17.465c0,1.023,0.731,1.894,1.738,2.072l30.69,5.416h0 c0.424,0.073,0.719-0.113,0.859-0.231c0.141-0.117,0.376-0.379,0.376-0.805l0.144-23.923c0.013-2.219-1.781-4.024-4-4.024H7.031z\"><\/path><path fill=\"#9fddff\" d=\"M36.456,3.247c-0.141-0.118-0.435-0.302-0.859-0.231L4.907,8.432 C3.899,8.61,3.168,9.481,3.168,10.504v4c0-1.023,0.731-1.894,1.738-2.072l30.69-5.416c0.424-0.071,0.719,0.113,0.859,0.231 c0.141,0.117,0.376,0.379,0.376,0.805v-4C36.832,3.626,36.596,3.364,36.456,3.247z\"><\/path><path fill=\"#c5e4fa\" d=\"M37 11H43V51H37z\"><\/path><path fill=\"#8d6c9f\" d=\"M57,10H38V5.384c0-0.889-0.391-1.727-1.072-2.298c-0.681-0.572-1.573-0.813-2.45-0.656L5.305,7.578 C3.39,7.916,2,9.572,2,11.517v38.967c0,1.944,1.39,3.601,3.305,3.938l29.174,5.148h0c0.174,0.031,0.349,0.046,0.523,0.046 c0.7,0,1.381-0.244,1.926-0.702C37.609,58.343,38,57.505,38,56.616V52h19c1.654,0,3-1.346,3-3V13C60,11.346,58.654,10,57,10z M36,56.616c0,0.405-0.224,0.654-0.357,0.766c-0.134,0.112-0.414,0.289-0.817,0.22h0L5.652,52.453C4.695,52.284,4,51.456,4,50.483 V11.517c0-0.973,0.695-1.801,1.652-1.97l29.173-5.148c0.403-0.067,0.683,0.107,0.817,0.22C35.776,4.729,36,4.979,36,5.384V56.616z M58,49c0,0.552-0.449,1-1,1H38v-6h13c0.552,0,1-0.447,1-1s-0.448-1-1-1H38v-4h5.375c0.552,0,1-0.447,1-1s-0.448-1-1-1H38v-4h13 c0.552,0,1-0.447,1-1s-0.448-1-1-1H38v-4h13c0.552,0,1-0.447,1-1s-0.448-1-1-1H38v-4h13c0.552,0,1-0.447,1-1s-0.448-1-1-1H38v-6h19 c0.551,0,1,0.448,1,1V49z\"><\/path><path fill=\"#8d6c9f\" d=\"M51,36h-4c-0.552,0-1,0.447-1,1s0.448,1,1,1h4c0.552,0,1-0.447,1-1S51.552,36,51,36z\"><\/path><path fill=\"#faefde\" d=\"M30.243,20.03c-0.533-0.134-1.079,0.19-1.213,0.728L24.949,37.08l-3.986-14.348 C20.843,22.3,20.449,22,20,22s-0.843,0.3-0.963,0.732L15.051,37.08L10.97,20.758c-0.134-0.537-0.677-0.861-1.213-0.728 s-0.861,0.677-0.728,1.212l5,20c0.11,0.44,0.503,0.752,0.957,0.758c0.452-0.014,0.855-0.295,0.977-0.732L20,26.736l4.037,14.531 C24.157,41.701,24.551,42,25,42c0.004,0,0.009,0,0.013,0c0.454-0.006,0.847-0.317,0.957-0.758l5-20 C31.104,20.707,30.778,20.164,30.243,20.03z\"><\/path><\/svg>\t\t\t\t<\/a>\n\t\t\t<\/div>\n\t\t\t\n\t\t\t\t\t\t<div class=\"elementor-icon-box-content\">\n\n\t\t\t\t\t\t\t\t\t<h5 class=\"elementor-icon-box-title\">\n\t\t\t\t\t\t<a href=\"https:\/\/www.univ-oeb.dz\/vrlex\/wp-content\/uploads\/2020\/10\/2020-10-31bis_Desriptif-Fonds-de-Mobilite.docx\" target=\"_blank\" >\n\t\t\t\t\t\t\tDescriptif de l\u2019aide \"Fonds de mobilit\u00e9 de WBI\"\t\t\t\t\t\t<\/a>\n\t\t\t\t\t<\/h5>\n\t\t\t\t\n\t\t\t\t\t\t\t\t\t<p class=\"elementor-icon-box-description\">\n\t\t\t\t\t\t<a href=\"https:\/\/www.univ-oeb.dz\/vrlex\/wp-content\/uploads\/2020\/10\/2020-10-31bis_Desriptif-Fonds-de-Mobilite.docx \">T\u00e9l\u00e9chargement <\/a> <div>\n(Taille du fichier : 152\u00a0Ko \/ Type de fichier : DOC )\t\t\t\t\t<\/p>\n\t\t\t\t\n\t\t\t<\/div>\n\t\t\t\n\t\t<\/div>\n\t\t\t\t<\/div>\n\t\t\t\t<\/div>\n\t\t\t\t\t<\/div>\n\t\t<\/div>\n\t\t\t\t\t<\/div>\n\t\t<\/section>\n\t\t\t\t<section class=\"elementor-section elementor-top-section elementor-element elementor-element-1175895 elementor-section-boxed elementor-section-height-default elementor-section-height-default\" data-id=\"1175895\" data-element_type=\"section\">\n\t\t\t\t\t\t<div class=\"elementor-container elementor-column-gap-default\">\n\t\t\t\t\t<div class=\"elementor-column elementor-col-100 elementor-top-column elementor-element elementor-element-989ba0c\" data-id=\"989ba0c\" data-element_type=\"column\">\n\t\t\t<div class=\"elementor-widget-wrap elementor-element-populated\">\n\t\t\t\t\t\t<div class=\"elementor-element elementor-element-c5711c9 elementor-widget elementor-widget-text-editor\" data-id=\"c5711c9\" data-element_type=\"widget\" data-widget_type=\"text-editor.default\">\n\t\t\t\t<div class=\"elementor-widget-container\">\n\t\t\t\t\t\t\t<h3 style=\"text-align: center;\"><span style=\"text-decoration: underline; color: #0000ff;\"><strong><a style=\"color: #0000ff; text-decoration: underline;\" href=\"https:\/\/www.univ-oeb.dz\/vrlex\/2022\/5710\/\" target=\"_blank\" rel=\"noopener\">https:\/\/www.univ-oeb.dz\/vrlex\/2022\/5710\/<\/a><\/strong><\/span><\/h3>\t\t\t\t\t\t<\/div>\n\t\t\t\t<\/div>\n\t\t\t\t\t<\/div>\n\t\t<\/div>\n\t\t\t\t\t<\/div>\n\t\t<\/section>\n\t\t\t\t<\/div>\n\t\t","protected":false},"excerpt":{"rendered":"<p>Coop\u00e9ration Bilat\u00e9rale Alg\u00e9ro \u2013 Wallonne &#8220;Fonds de Mobilit\u00e9 WBI Maghreb \u2013 Fma \u2013&#8221; Le Minist\u00e8re de l&#8217;enseignement sup\u00e9rieur et de la recherche scientifique est destinataire d&#8217;un appel \u00e0 candidature du &#8220;Fonds de mobilit\u00e9 Acad\u00e9mique Maghreb&#8220;, lanc\u00e9 par la D\u00e9l\u00e9gation G\u00e9n\u00e9rale Wallonie-Bruxelles International.\u00a0Le\u00a0fonds de mobilit\u00e9 &#8220;Maghreb&#8221; constitue un programme compl\u00e9mentaire de soutien\u00a0 \u00e0 la mobilit\u00e9 en &hellip;<\/p>\n","protected":false},"author":2,"featured_media":0,"parent":0,"menu_order":0,"comment_status":"closed","ping_status":"closed","template":"","meta":{"_monsterinsights_skip_tracking":false,"_monsterinsights_sitenote_active":false,"_monsterinsights_sitenote_note":"","_monsterinsights_sitenote_category":0,"footnotes":""},"class_list":["post-2577","page","type-page","status-publish","hentry"],"amp_enabled":true,"_links":{"self":[{"href":"https:\/\/www.univ-oeb.dz\/vrlex\/wp-json\/wp\/v2\/pages\/2577","targetHints":{"allow":["GET"]}}],"collection":[{"href":"https:\/\/www.univ-oeb.dz\/vrlex\/wp-json\/wp\/v2\/pages"}],"about":[{"href":"https:\/\/www.univ-oeb.dz\/vrlex\/wp-json\/wp\/v2\/types\/page"}],"author":[{"embeddable":true,"href":"https:\/\/www.univ-oeb.dz\/vrlex\/wp-json\/wp\/v2\/users\/2"}],"replies":[{"embeddable":true,"href":"https:\/\/www.univ-oeb.dz\/vrlex\/wp-json\/wp\/v2\/comments?post=2577"}],"version-history":[{"count":5,"href":"https:\/\/www.univ-oeb.dz\/vrlex\/wp-json\/wp\/v2\/pages\/2577\/revisions"}],"predecessor-version":[{"id":5731,"href":"https:\/\/www.univ-oeb.dz\/vrlex\/wp-json\/wp\/v2\/pages\/2577\/revisions\/5731"}],"wp:attachment":[{"href":"https:\/\/www.univ-oeb.dz\/vrlex\/wp-json\/wp\/v2\/media?parent=2577"}],"curies":[{"name":"wp","href":"https:\/\/api.w.org\/{rel}","templated":true}]}}