{"id":2541,"date":"2020-10-12T10:05:56","date_gmt":"2020-10-12T09:05:56","guid":{"rendered":"http:\/\/www.univ-oeb.dz\/vrlex\/?page_id=2541"},"modified":"2020-10-12T10:13:03","modified_gmt":"2020-10-12T09:13:03","slug":"bourses-detude-master-phd-pakistan-printemps-2021","status":"publish","type":"page","link":"https:\/\/www.univ-oeb.dz\/vrlex\/bourses-detude-master-phd-pakistan-printemps-2021\/","title":{"rendered":"Bourses d\u2019\u00e9tude Master \/PhD: Pakistan  Printemps 2021"},"content":{"rendered":"\t\t<div data-elementor-type=\"wp-post\" data-elementor-id=\"2541\" class=\"elementor elementor-2541\">\n\t\t\t\t\t\t<section class=\"elementor-section elementor-top-section elementor-element elementor-element-db9424c elementor-section-boxed elementor-section-height-default elementor-section-height-default\" data-id=\"db9424c\" data-element_type=\"section\">\n\t\t\t\t\t\t<div class=\"elementor-container elementor-column-gap-default\">\n\t\t\t\t\t<div class=\"elementor-column elementor-col-100 elementor-top-column elementor-element elementor-element-86d1116\" data-id=\"86d1116\" data-element_type=\"column\">\n\t\t\t<div class=\"elementor-widget-wrap elementor-element-populated\">\n\t\t\t\t\t\t<div class=\"elementor-element elementor-element-4212ba6 elementor-widget elementor-widget-heading\" data-id=\"4212ba6\" data-element_type=\"widget\" data-widget_type=\"heading.default\">\n\t\t\t\t<div class=\"elementor-widget-container\">\n\t\t\t<h2 class=\"elementor-heading-title elementor-size-large\">Bourses d\u2019\u00e9tude Master \/PhD: Pakistan \nPrintemps 2021 \n<\/h2>\t\t<\/div>\n\t\t\t\t<\/div>\n\t\t\t\t\t<\/div>\n\t\t<\/div>\n\t\t\t\t\t<\/div>\n\t\t<\/section>\n\t\t\t\t<section class=\"elementor-section elementor-top-section elementor-element elementor-element-fb62cda elementor-section-boxed elementor-section-height-default elementor-section-height-default\" data-id=\"fb62cda\" data-element_type=\"section\">\n\t\t\t\t\t\t<div class=\"elementor-container elementor-column-gap-default\">\n\t\t\t\t\t<div class=\"elementor-column elementor-col-100 elementor-top-column elementor-element elementor-element-5b509ce\" data-id=\"5b509ce\" data-element_type=\"column\">\n\t\t\t<div class=\"elementor-widget-wrap elementor-element-populated\">\n\t\t\t\t\t\t<div class=\"elementor-element elementor-element-85d3fb1 elementor-widget elementor-widget-heading\" data-id=\"85d3fb1\" data-element_type=\"widget\" data-widget_type=\"heading.default\">\n\t\t\t\t<div class=\"elementor-widget-container\">\n\t\t\t<h1 class=\"elementor-heading-title elementor-size-default\">COMSATS University Islamabad \u2013 Pakistan<\/h1>\t\t<\/div>\n\t\t\t\t<\/div>\n\t\t\t\t\t<\/div>\n\t\t<\/div>\n\t\t\t\t\t<\/div>\n\t\t<\/section>\n\t\t\t\t<section class=\"elementor-section elementor-top-section elementor-element elementor-element-789e70e elementor-section-boxed elementor-section-height-default elementor-section-height-default\" data-id=\"789e70e\" data-element_type=\"section\">\n\t\t\t\t\t\t<div class=\"elementor-container elementor-column-gap-default\">\n\t\t\t\t\t<div class=\"elementor-column elementor-col-100 elementor-top-column elementor-element elementor-element-77a033b\" data-id=\"77a033b\" data-element_type=\"column\">\n\t\t\t<div class=\"elementor-widget-wrap elementor-element-populated\">\n\t\t\t\t\t\t<div class=\"elementor-element elementor-element-77fe777 elementor-widget elementor-widget-image\" data-id=\"77fe777\" data-element_type=\"widget\" data-widget_type=\"image.default\">\n\t\t\t\t<div class=\"elementor-widget-container\">\n\t\t\t\t\t\t\t\t\t\t\t\t\t<img fetchpriority=\"high\" decoding=\"async\" width=\"1024\" height=\"440\" src=\"https:\/\/www.univ-oeb.dz\/vrlex\/wp-content\/uploads\/2020\/10\/Offres-de-Bourses-COMSATS-EN-Affiche-1024x440.jpg\" class=\"attachment-large size-large wp-image-2538\" alt=\"\" srcset=\"https:\/\/www.univ-oeb.dz\/vrlex\/wp-content\/uploads\/2020\/10\/Offres-de-Bourses-COMSATS-EN-Affiche-1024x440.jpg 1024w, https:\/\/www.univ-oeb.dz\/vrlex\/wp-content\/uploads\/2020\/10\/Offres-de-Bourses-COMSATS-EN-Affiche-300x129.jpg 300w, https:\/\/www.univ-oeb.dz\/vrlex\/wp-content\/uploads\/2020\/10\/Offres-de-Bourses-COMSATS-EN-Affiche-768x330.jpg 768w, https:\/\/www.univ-oeb.dz\/vrlex\/wp-content\/uploads\/2020\/10\/Offres-de-Bourses-COMSATS-EN-Affiche-e1602497122757.jpg 600w\" sizes=\"(max-width: 1024px) 100vw, 1024px\" \/>\t\t\t\t\t\t\t\t\t\t\t\t\t<\/div>\n\t\t\t\t<\/div>\n\t\t\t\t<div class=\"elementor-element elementor-element-218a0df elementor-widget elementor-widget-text-editor\" data-id=\"218a0df\" data-element_type=\"widget\" data-widget_type=\"text-editor.default\">\n\t\t\t\t<div class=\"elementor-widget-container\">\n\t\t\t\t\t\t\t<div align=\"justify\"><p>\u00a0<\/p><p><span style=\"color: #000000;\">L\u2019institut de la technologie de l\u2019information au Pakistan, relevant de la commission des sciences de la technologie de l\u2019information <strong>(COMPATS)<\/strong>, offre des bourses d\u2019\u00e9tudes pour\u00a0<span style=\"color: #800000;\"><strong>le printemps 2021<\/strong><\/span>, au profit des \u00e9tudiants et chercheurs des pays membres de cette Commission, dont l\u2019Alg\u00e9rie.<\/span><\/p><p><span style=\"color: #000000;\">Les programmes de formation couverts par les bourses du COMSATS sont t\u00e9l\u00e9chargeables suivant le document ci-dessous.<\/span><\/p><\/div>\t\t\t\t\t\t<\/div>\n\t\t\t\t<\/div>\n\t\t\t\t\t<\/div>\n\t\t<\/div>\n\t\t\t\t\t<\/div>\n\t\t<\/section>\n\t\t\t\t<section class=\"elementor-section elementor-top-section elementor-element elementor-element-be692cf elementor-section-boxed elementor-section-height-default elementor-section-height-default\" data-id=\"be692cf\" data-element_type=\"section\">\n\t\t\t\t\t\t<div class=\"elementor-container elementor-column-gap-default\">\n\t\t\t\t\t<div class=\"elementor-column elementor-col-100 elementor-top-column elementor-element elementor-element-c9cb223\" data-id=\"c9cb223\" data-element_type=\"column\">\n\t\t\t<div class=\"elementor-widget-wrap elementor-element-populated\">\n\t\t\t\t\t\t<div class=\"elementor-element elementor-element-8ba8556 elementor-button-success elementor-align-center elementor-widget elementor-widget-button\" data-id=\"8ba8556\" data-element_type=\"widget\" data-widget_type=\"button.default\">\n\t\t\t\t<div class=\"elementor-widget-container\">\n\t\t\t\t\t\t\t<div class=\"elementor-button-wrapper\">\n\t\t\t\t\t<a class=\"elementor-button elementor-button-link elementor-size-lg\" href=\"https:\/\/www.univ-oeb.dz\/vrlex\/wp-content\/uploads\/2020\/10\/MS-Phd-Scholarship-COMSATS-University-Islamabad-Pakistan.pdf\" target=\"_blank\">\n\t\t\t\t\t\t<span class=\"elementor-button-content-wrapper\">\n\t\t\t\t\t\t\t\t\t<span class=\"elementor-button-text\">Cliquez ici : MS\/PhD Scholarship \u2013 COMSATS University Islamabad- Pakistan<\/span>\n\t\t\t\t\t<\/span>\n\t\t\t\t\t<\/a>\n\t\t\t\t<\/div>\n\t\t\t\t\t\t<\/div>\n\t\t\t\t<\/div>\n\t\t\t\t\t<\/div>\n\t\t<\/div>\n\t\t\t\t\t<\/div>\n\t\t<\/section>\n\t\t\t\t<section class=\"elementor-section elementor-top-section elementor-element elementor-element-df9bff4 elementor-section-boxed elementor-section-height-default elementor-section-height-default\" data-id=\"df9bff4\" data-element_type=\"section\">\n\t\t\t\t\t\t<div class=\"elementor-container elementor-column-gap-default\">\n\t\t\t\t\t<div class=\"elementor-column elementor-col-100 elementor-top-column elementor-element elementor-element-1141ffe\" data-id=\"1141ffe\" data-element_type=\"column\">\n\t\t\t<div class=\"elementor-widget-wrap elementor-element-populated\">\n\t\t\t\t\t\t<div class=\"elementor-element elementor-element-dac9024 elementor-widget elementor-widget-text-editor\" data-id=\"dac9024\" data-element_type=\"widget\" data-widget_type=\"text-editor.default\">\n\t\t\t\t<div class=\"elementor-widget-container\">\n\t\t\t\t\t\t\t<div align=\"justify\"><span style=\"color: #000000;\">Pour de plus amples informations sur ce programme de bourses, les fili\u00e8res offertes ainsi que les modalit\u00e9s de candidatures, les candidats int\u00e9ress\u00e9s sont invit\u00e9s \u00e0 consulter le portait internet du COMSATS sur le lien suivant :<\/span><span style=\"text-decoration: underline;\"><strong><span style=\"color: #0000ff; text-decoration: underline;\">\u00a0<\/span><\/strong><\/span><a href=\"http:\/\/www.comsats.edu.pk\"><span style=\"text-decoration: underline;\"><strong><span style=\"color: #0000ff; text-decoration: underline;\">www.comsats.edu.pk<\/span><\/strong><\/span><\/a><\/div><div align=\"justify\"><p>\u00a0<\/p><p><span style=\"color: #000000;\">Les dossiers de candidature doivent \u00eatre envoy\u00e9s au plus tard le<\/span>\u00a0<span style=\"color: #ff0000;\"><strong>15 octobre 2020<\/strong><\/span>\u00a0<span style=\"color: #000000;\">\u00e0<\/span> <span style=\"color: #000000;\">travers la plateforme suivant :<\/span><\/p><p style=\"text-align: center;\"><span style=\"text-decoration: underline;\"><strong><span style=\"color: #0000ff; text-decoration: underline;\"><a style=\"color: #0000ff; text-decoration: underline;\" href=\"http:\/\/ww3.comsats.edu.pk\/internationalstudents\/OIC.aspx\">http:\/\/ww3.comsats.edu.pk\/internationalstudents\/OIC.aspx<\/a><\/span><\/strong><\/span><\/p><\/div>\t\t\t\t\t\t<\/div>\n\t\t\t\t<\/div>\n\t\t\t\t\t<\/div>\n\t\t<\/div>\n\t\t\t\t\t<\/div>\n\t\t<\/section>\n\t\t\t\t<\/div>\n\t\t","protected":false},"excerpt":{"rendered":"<p>Bourses d\u2019\u00e9tude Master \/PhD: Pakistan Printemps 2021 COMSATS University Islamabad \u2013 Pakistan \u00a0 L\u2019institut de la technologie de l\u2019information au Pakistan, relevant de la commission des sciences de la technologie de l\u2019information (COMPATS), offre des bourses d\u2019\u00e9tudes pour\u00a0le printemps 2021, au profit des \u00e9tudiants et chercheurs des pays membres de cette Commission, dont l\u2019Alg\u00e9rie. Les &hellip;<\/p>\n","protected":false},"author":2,"featured_media":0,"parent":0,"menu_order":0,"comment_status":"closed","ping_status":"closed","template":"","meta":{"_monsterinsights_skip_tracking":false,"_monsterinsights_sitenote_active":false,"_monsterinsights_sitenote_note":"","_monsterinsights_sitenote_category":0,"footnotes":""},"class_list":["post-2541","page","type-page","status-publish","hentry"],"amp_enabled":true,"_links":{"self":[{"href":"https:\/\/www.univ-oeb.dz\/vrlex\/wp-json\/wp\/v2\/pages\/2541","targetHints":{"allow":["GET"]}}],"collection":[{"href":"https:\/\/www.univ-oeb.dz\/vrlex\/wp-json\/wp\/v2\/pages"}],"about":[{"href":"https:\/\/www.univ-oeb.dz\/vrlex\/wp-json\/wp\/v2\/types\/page"}],"author":[{"embeddable":true,"href":"https:\/\/www.univ-oeb.dz\/vrlex\/wp-json\/wp\/v2\/users\/2"}],"replies":[{"embeddable":true,"href":"https:\/\/www.univ-oeb.dz\/vrlex\/wp-json\/wp\/v2\/comments?post=2541"}],"version-history":[{"count":2,"href":"https:\/\/www.univ-oeb.dz\/vrlex\/wp-json\/wp\/v2\/pages\/2541\/revisions"}],"predecessor-version":[{"id":2543,"href":"https:\/\/www.univ-oeb.dz\/vrlex\/wp-json\/wp\/v2\/pages\/2541\/revisions\/2543"}],"wp:attachment":[{"href":"https:\/\/www.univ-oeb.dz\/vrlex\/wp-json\/wp\/v2\/media?parent=2541"}],"curies":[{"name":"wp","href":"https:\/\/api.w.org\/{rel}","templated":true}]}}