{"id":2334,"date":"2020-09-09T14:17:22","date_gmt":"2020-09-09T13:17:22","guid":{"rendered":"http:\/\/www.univ-oeb.dz\/vrlex\/?page_id=2334"},"modified":"2020-09-09T15:13:34","modified_gmt":"2020-09-09T14:13:34","slug":"cooperation-algero-japonaise-programme-satreps","status":"publish","type":"page","link":"https:\/\/www.univ-oeb.dz\/vrlex\/cooperation-algero-japonaise-programme-satreps\/","title":{"rendered":"Coop\u00e9ration Alg\u00e9ro \u2013 Japonaise  Programme SATREPS"},"content":{"rendered":"\t\t<div data-elementor-type=\"wp-post\" data-elementor-id=\"2334\" class=\"elementor elementor-2334\">\n\t\t\t\t\t\t<section class=\"elementor-section elementor-top-section elementor-element elementor-element-cba82ef elementor-section-boxed elementor-section-height-default elementor-section-height-default\" data-id=\"cba82ef\" data-element_type=\"section\">\n\t\t\t\t\t\t<div class=\"elementor-container elementor-column-gap-default\">\n\t\t\t\t\t<div class=\"elementor-column elementor-col-100 elementor-top-column elementor-element elementor-element-f7b4f12\" data-id=\"f7b4f12\" data-element_type=\"column\">\n\t\t\t<div class=\"elementor-widget-wrap elementor-element-populated\">\n\t\t\t\t\t\t<div class=\"elementor-element elementor-element-ad54a2e elementor-widget elementor-widget-heading\" data-id=\"ad54a2e\" data-element_type=\"widget\" data-widget_type=\"heading.default\">\n\t\t\t\t<div class=\"elementor-widget-container\">\n\t\t\t<h4 class=\"elementor-heading-title elementor-size-default\"><b><span style=\"font-size:18.0pt;color:#000099;border:none windowtext 1.0pt;padding:0cm\">Coop\u00e9ration <\/span><span style=\"font-size:18.0pt;color:#000099;border:none windowtext 1.0pt;padding:0cm\">Alg\u00e9ro \u2013 Japonaise<\/span><span style=\"font-size:18.0pt;color:#000099;border:none windowtext 1.0pt;padding:0cm\"> <br><\/span>\n<span style=\"font-size:18.0pt;color:#000099;border:none windowtext 1.0pt;padding:0cm\"><\/span><span style=\"font-size:18.0pt;color:#000099;border:none windowtext 1.0pt;padding:0cm\">   Programme <\/span><span style=\"font-size:18.0pt;color:#000099;border:none windowtext 1.0pt;padding:0cm\">SATREPS<\/span><\/b><\/h4>\t\t<\/div>\n\t\t\t\t<\/div>\n\t\t\t\t\t<\/div>\n\t\t<\/div>\n\t\t\t\t\t<\/div>\n\t\t<\/section>\n\t\t\t\t<section class=\"elementor-section elementor-top-section elementor-element elementor-element-902ab3e elementor-section-boxed elementor-section-height-default elementor-section-height-default\" data-id=\"902ab3e\" data-element_type=\"section\">\n\t\t\t\t\t\t<div class=\"elementor-container elementor-column-gap-default\">\n\t\t\t\t\t<div class=\"elementor-column elementor-col-100 elementor-top-column elementor-element elementor-element-e2f9c70\" data-id=\"e2f9c70\" data-element_type=\"column\">\n\t\t\t<div class=\"elementor-widget-wrap elementor-element-populated\">\n\t\t\t\t\t\t<div class=\"elementor-element elementor-element-4590edd elementor-widget elementor-widget-text-editor\" data-id=\"4590edd\" data-element_type=\"widget\" data-widget_type=\"text-editor.default\">\n\t\t\t\t<div class=\"elementor-widget-container\">\n\t\t\t\t\t\t\t<div align=\"justify\"><p><span style=\"color: #333333;\">Ce programme est con\u00e7u pour promouvoir la recherche conjointe internationale dans laquelle les instituts de recherche japonais et ceux des pays b\u00e9n\u00e9ficiaires travaillent ensemble en fonction des besoins sociaux de ces derniers. Ses objectifs sont d&#8217;acqu\u00e9rir de nouvelles connaissances et d&#8217;utiliser les r\u00e9sultats de la recherche au profit de la soci\u00e9t\u00e9 en vue de r\u00e9soudre des probl\u00e8mes mondiaux tels que l&#8217;environnement et l&#8217;\u00e9nergie, les ressources biologiques, la pr\u00e9vention des catastrophes et les maladies infectieuses. Parall\u00e8lement, il aspire \u00e9galement \u00e0 am\u00e9liorer le d\u00e9veloppement des ressources humaines et des capacit\u00e9s de recherche dans les pays b\u00e9n\u00e9ficiaires en menant des recherches conjointes.<\/span><\/p><p><span style=\"color: #333333;\"><strong><span style=\"color: #000000;\">SATREPS<\/span><\/strong> est r\u00e9alis\u00e9 gr\u00e2ce \u00e0 la collaboration de quatre institutions japonaises: le minist\u00e8re des Affaires \u00e9trang\u00e8res <span style=\"color: #000000;\"><strong>(MOFA)<\/strong><\/span> et la <strong><span style=\"color: #000000;\">JICA<\/span><\/strong>, ainsi que le minist\u00e8re de l&#8217;\u00c9ducation, de la Culture, des Sports, des Sciences et de la Technologie <strong><span style=\"color: #000000;\">(MEXT)<\/span><\/strong>, l&#8217;Agence japonaise pour la science et la technologie <span style=\"color: #000000;\"><strong>(JST)<\/strong><\/span>, et l\u2019Agence japonaise pour la recherche et le d\u00e9veloppement m\u00e9dicaux <strong><span style=\"color: #000000;\">(AMED)<\/span><\/strong>.<\/span><\/p><p><span style=\"color: #333333;\">Dans le cadre de ce programme <strong>SATREPS : Partenariat dans la Recherche Scientifique et Technologique pour le D\u00e9veloppement Durable<\/strong>, le partenaire japonais invite les \u00e9tablissements universitaires alg\u00e9riens par le biais du Minist\u00e8re d\u2019Enseignement Sup\u00e9rieurs et de la Recherche Scientifique, \u00e0 lui transmettre des propositions de coop\u00e9ration, et ce en remplissant le formulaire en question \u00e0 t\u00e9l\u00e9charger ci-dessous <span style=\"color: #000000;\">(version word)<\/span>, en langue anglaise <span style=\"color: #000000;\">(les formulaires remplis en d\u2019autres langues ne seront pas accept\u00e9s).<\/span><\/span><\/p><h5 style=\"text-align: center;\"><strong><span style=\"color: #333333;\">Date limite le \u00a0 <span style=\"color: #ff0000;\">&#8220;05 octobre 2020&#8221;<\/span><\/span><\/strong><\/h5><\/div><h3><span style=\"text-decoration: underline;\"><span style=\"color: #008000; text-decoration: underline;\">Documents \u00e0 t\u00e9l\u00e9charger :<\/span><\/span><\/h3><ul><li><strong><span style=\"color: #993300;\"><a style=\"color: #993300;\" href=\"https:\/\/www.univ-oeb.dz\/vrlex\/wp-content\/uploads\/2020\/09\/Needs-Survey-Guidance-for-SATREPS.pdf\" target=\"_blank\" rel=\"noopener\"><span style=\"text-decoration: underline;\">Needs-Survey-Guidance-for-SATREPS<\/span><\/a><\/span><\/strong><\/li><li><a href=\"https:\/\/www.univ-oeb.dz\/vrlex\/wp-content\/uploads\/2020\/09\/Application-Form-Project-SATREPS.docx\" target=\"_blank\" rel=\"noopener\"><span style=\"text-decoration: underline;\"><strong><span style=\"color: #993300; text-decoration: underline;\">Application Form &#8211; Project SATREPS<\/span><\/strong><\/span><\/a><\/li><\/ul>\t\t\t\t\t\t<\/div>\n\t\t\t\t<\/div>\n\t\t\t\t\t<\/div>\n\t\t<\/div>\n\t\t\t\t\t<\/div>\n\t\t<\/section>\n\t\t\t\t<\/div>\n\t\t","protected":false},"excerpt":{"rendered":"<p>Coop\u00e9ration Alg\u00e9ro \u2013 Japonaise Programme SATREPS Ce programme est con\u00e7u pour promouvoir la recherche conjointe internationale dans laquelle les instituts de recherche japonais et ceux des pays b\u00e9n\u00e9ficiaires travaillent ensemble en fonction des besoins sociaux de ces derniers. Ses objectifs sont d&#8217;acqu\u00e9rir de nouvelles connaissances et d&#8217;utiliser les r\u00e9sultats de la recherche au profit de &hellip;<\/p>\n","protected":false},"author":2,"featured_media":0,"parent":0,"menu_order":0,"comment_status":"closed","ping_status":"closed","template":"","meta":{"_monsterinsights_skip_tracking":false,"_monsterinsights_sitenote_active":false,"_monsterinsights_sitenote_note":"","_monsterinsights_sitenote_category":0,"footnotes":""},"class_list":["post-2334","page","type-page","status-publish","hentry"],"amp_enabled":true,"_links":{"self":[{"href":"https:\/\/www.univ-oeb.dz\/vrlex\/wp-json\/wp\/v2\/pages\/2334","targetHints":{"allow":["GET"]}}],"collection":[{"href":"https:\/\/www.univ-oeb.dz\/vrlex\/wp-json\/wp\/v2\/pages"}],"about":[{"href":"https:\/\/www.univ-oeb.dz\/vrlex\/wp-json\/wp\/v2\/types\/page"}],"author":[{"embeddable":true,"href":"https:\/\/www.univ-oeb.dz\/vrlex\/wp-json\/wp\/v2\/users\/2"}],"replies":[{"embeddable":true,"href":"https:\/\/www.univ-oeb.dz\/vrlex\/wp-json\/wp\/v2\/comments?post=2334"}],"version-history":[{"count":5,"href":"https:\/\/www.univ-oeb.dz\/vrlex\/wp-json\/wp\/v2\/pages\/2334\/revisions"}],"predecessor-version":[{"id":2350,"href":"https:\/\/www.univ-oeb.dz\/vrlex\/wp-json\/wp\/v2\/pages\/2334\/revisions\/2350"}],"wp:attachment":[{"href":"https:\/\/www.univ-oeb.dz\/vrlex\/wp-json\/wp\/v2\/media?parent=2334"}],"curies":[{"name":"wp","href":"https:\/\/api.w.org\/{rel}","templated":true}]}}