{"id":2299,"date":"2020-03-18T11:30:33","date_gmt":"2020-03-18T10:30:33","guid":{"rendered":"http:\/\/www.univ-oeb.dz\/vrlex\/?page_id=2299"},"modified":"2020-03-18T11:47:56","modified_gmt":"2020-03-18T10:47:56","slug":"mena-scholarship-programme","status":"publish","type":"page","link":"https:\/\/www.univ-oeb.dz\/vrlex\/mena-scholarship-programme\/","title":{"rendered":"MENA SCHOLARSHIP PROGRAMME"},"content":{"rendered":"\t\t<div data-elementor-type=\"wp-post\" data-elementor-id=\"2299\" class=\"elementor elementor-2299\">\n\t\t\t\t\t\t<section class=\"elementor-section elementor-top-section elementor-element elementor-element-5205818 elementor-section-boxed elementor-section-height-default elementor-section-height-default\" data-id=\"5205818\" data-element_type=\"section\">\n\t\t\t\t\t\t<div class=\"elementor-container elementor-column-gap-default\">\n\t\t\t\t\t<div class=\"elementor-column elementor-col-100 elementor-top-column elementor-element elementor-element-0f456bc\" data-id=\"0f456bc\" data-element_type=\"column\">\n\t\t\t<div class=\"elementor-widget-wrap elementor-element-populated\">\n\t\t\t\t\t\t<div class=\"elementor-element elementor-element-39b91ac elementor-widget elementor-widget-heading\" data-id=\"39b91ac\" data-element_type=\"widget\" data-widget_type=\"heading.default\">\n\t\t\t\t<div class=\"elementor-widget-container\">\n\t\t\t<h1 class=\"elementor-heading-title elementor-size-default\">MENA SCHOLARSHIP PROGRAMME\n\n<\/h1>\t\t<\/div>\n\t\t\t\t<\/div>\n\t\t\t\t\t<\/div>\n\t\t<\/div>\n\t\t\t\t\t<\/div>\n\t\t<\/section>\n\t\t\t\t<section class=\"elementor-section elementor-top-section elementor-element elementor-element-422bbfa elementor-section-boxed elementor-section-height-default elementor-section-height-default\" data-id=\"422bbfa\" data-element_type=\"section\">\n\t\t\t\t\t\t<div class=\"elementor-container elementor-column-gap-default\">\n\t\t\t\t\t<div class=\"elementor-column elementor-col-100 elementor-top-column elementor-element elementor-element-a45d9a5\" data-id=\"a45d9a5\" data-element_type=\"column\">\n\t\t\t<div class=\"elementor-widget-wrap elementor-element-populated\">\n\t\t\t\t\t\t\t<\/div>\n\t\t<\/div>\n\t\t\t\t\t<\/div>\n\t\t<\/section>\n\t\t\t\t<section class=\"elementor-section elementor-top-section elementor-element elementor-element-f12e6c6 elementor-section-boxed elementor-section-height-default elementor-section-height-default\" data-id=\"f12e6c6\" data-element_type=\"section\">\n\t\t\t\t\t\t<div class=\"elementor-container elementor-column-gap-default\">\n\t\t\t\t\t<div class=\"elementor-column elementor-col-100 elementor-top-column elementor-element elementor-element-0cc1b80\" data-id=\"0cc1b80\" data-element_type=\"column\">\n\t\t\t<div class=\"elementor-widget-wrap elementor-element-populated\">\n\t\t\t\t\t\t<div class=\"elementor-element elementor-element-b532bc9 elementor-widget elementor-widget-text-editor\" data-id=\"b532bc9\" data-element_type=\"widget\" data-widget_type=\"text-editor.default\">\n\t\t\t\t<div class=\"elementor-widget-container\">\n\t\t\t\t\t\t\t<div align=\"justify\"><p><span style=\"color: #000000;\">Le Minist\u00e8re de l&#8217;enseignement sup\u00e9rieur et de la recherche scientifique est destinataire d&#8217;une offre de bourses d&#8217;\u00e9tudes pour des formations de courte dur\u00e9e \u00e9manant de l&#8217;Ambassade du Royaume des Pays-Bas \u00e0 Alger, une liste de cours &#8220;<strong>MENA Scholarship Programme (M.S.P) 2020<\/strong>&#8221; de l\u2019organisation N\u00e9erlandaise pour la coop\u00e9ration internationale dans l\u2019enseignement sup\u00e9rieur (<strong>NUFFIC<\/strong>) dans diverses sp\u00e9cialit\u00e9s, dont l&#8217;agriculture, les ressources en eau, l&#8217;environnement, la p\u00eache, la sant\u00e9, la communication, le droit, la gouvernance locale et l&#8217;\u00e9conomie.<\/span><\/p><p><span style=\"color: #000000;\">Les candidats, int\u00e9ress\u00e9s peuvent soumettre leurs candidatures directement \u00e0 l\u2019\u00e9tablissement d\u2019enseignement sup\u00e9rieur N\u00e9erlandais proposant la formation s\u00e9lectionn\u00e9e et ce avant la date limite du <span style=\"color: #ff0000;\"><strong>24 mars 2020<\/strong>.<\/span><\/span><\/p><p><span style=\"color: #000000;\">Les renseignements sur le contenu du cours, ainsi que les proc\u00e9dures de candidature et de s\u00e9lection sont disponibles sur le site suivant\u00a0:<\/span><\/p><p><span style=\"text-decoration: underline;\"><strong><span style=\"color: #0000ff;\"><a style=\"color: #0000ff; text-decoration: underline;\" href=\"https:\/\/www.studyinholland.nl\/finances\/scholarships\/highlighted-cholarships\/mena-scholarship-programme\">https:\/\/www.studyinholland.nl\/finances\/scholarships\/highlighted-cholarships\/mena-scholarship-programme<\/a><\/span><\/strong><\/span><\/p><p><span style=\"color: #000000;\">Les dossiers complets des candidatures (version papier et num\u00e9ris\u00e9e) r\u00e9pondant aux conditions d\u2019\u00e9ligibilit\u00e9 et aux crit\u00e8res r\u00e9glementaires d\u2019admissibilit\u00e9 au programme cit\u00e9 ci-dessus sont \u00e0 faire parvenir \u00e0 la Direction des Relations Ext\u00e9rieurs de l\u2019Universit\u00e9 par email\u00a0: <strong><span style=\"text-decoration: underline;\"><span style=\"color: #0000ff; text-decoration: underline;\"><a style=\"color: #0000ff; text-decoration: underline;\" href=\"mailto:relex.uoeb@gmail.com\">relex.uoeb@gmail.com<\/a><\/span><\/span><span style=\"color: #0000ff;\">\u00a0<\/span><\/strong>avant le\u00a0<span style=\"color: #800080;\"><strong><u>25 mars 2020\u00a0<\/u><\/strong><\/span>\u00a0<span style=\"color: #ff0000;\">(D\u00e9lai de rigueur).<\/span><\/span><\/p><h3><span style=\"text-decoration: underline;\"><em><strong><span style=\"color: #339966; text-decoration: underline;\">Fichiers t\u00e9l\u00e9chargeables, concernant le programme\u00a0:<\/span><\/strong><\/em><\/span><\/h3><ul><li><strong><span style=\"color: #993300;\"><a style=\"color: #993300;\" href=\"https:\/\/www.univ-oeb.dz\/vrlex\/wp-content\/uploads\/2020\/03\/Provisional-course-list-MENA-Scholarship-Programme-MSP.pdf\" target=\"_blank\" rel=\"noopener\">Provisional course list MENA Scholarship Programme (MSP)<\/a><\/span><\/strong><\/li><li><strong><span style=\"color: #993300;\"><a style=\"color: #993300;\" href=\"https:\/\/www.univ-oeb.dz\/vrlex\/wp-content\/uploads\/2020\/03\/MENA-Scholarship-Programme-MSP-Information-for-applicants.pdf\" target=\"_blank\" rel=\"noopener\">MENA Scholarship Programme (MSP) Information for applicants<\/a><\/span><\/strong><\/li><li><strong><span style=\"color: #993300;\"><a style=\"color: #993300;\" href=\"https:\/\/www.univ-oeb.dz\/vrlex\/wp-content\/uploads\/2020\/03\/Format-employer\u2019s-statement.docx\" target=\"_blank\" rel=\"noopener\">Format employer\u2019s statement<\/a><\/span><\/strong><\/li><li><strong><span style=\"color: #993300;\"><a style=\"color: #993300;\" href=\"https:\/\/www.univ-oeb.dz\/vrlex\/wp-content\/uploads\/2020\/03\/Format-statement-of-government-authority.docx\" target=\"_blank\" rel=\"noopener\">Format statement of government authority<\/a><\/span><\/strong><\/li><\/ul><\/div>\t\t\t\t\t\t<\/div>\n\t\t\t\t<\/div>\n\t\t\t\t\t<\/div>\n\t\t<\/div>\n\t\t\t\t\t<\/div>\n\t\t<\/section>\n\t\t\t\t<\/div>\n\t\t","protected":false},"excerpt":{"rendered":"<p>MENA SCHOLARSHIP PROGRAMME Le Minist\u00e8re de l&#8217;enseignement sup\u00e9rieur et de la recherche scientifique est destinataire d&#8217;une offre de bourses d&#8217;\u00e9tudes pour des formations de courte dur\u00e9e \u00e9manant de l&#8217;Ambassade du Royaume des Pays-Bas \u00e0 Alger, une liste de cours &#8220;MENA Scholarship Programme (M.S.P) 2020&#8221; de l\u2019organisation N\u00e9erlandaise pour la coop\u00e9ration internationale dans l\u2019enseignement sup\u00e9rieur (NUFFIC) &hellip;<\/p>\n","protected":false},"author":2,"featured_media":0,"parent":0,"menu_order":0,"comment_status":"closed","ping_status":"closed","template":"","meta":{"_monsterinsights_skip_tracking":false,"_monsterinsights_sitenote_active":false,"_monsterinsights_sitenote_note":"","_monsterinsights_sitenote_category":0,"footnotes":""},"class_list":["post-2299","page","type-page","status-publish","hentry"],"amp_enabled":true,"_links":{"self":[{"href":"https:\/\/www.univ-oeb.dz\/vrlex\/wp-json\/wp\/v2\/pages\/2299","targetHints":{"allow":["GET"]}}],"collection":[{"href":"https:\/\/www.univ-oeb.dz\/vrlex\/wp-json\/wp\/v2\/pages"}],"about":[{"href":"https:\/\/www.univ-oeb.dz\/vrlex\/wp-json\/wp\/v2\/types\/page"}],"author":[{"embeddable":true,"href":"https:\/\/www.univ-oeb.dz\/vrlex\/wp-json\/wp\/v2\/users\/2"}],"replies":[{"embeddable":true,"href":"https:\/\/www.univ-oeb.dz\/vrlex\/wp-json\/wp\/v2\/comments?post=2299"}],"version-history":[{"count":6,"href":"https:\/\/www.univ-oeb.dz\/vrlex\/wp-json\/wp\/v2\/pages\/2299\/revisions"}],"predecessor-version":[{"id":2311,"href":"https:\/\/www.univ-oeb.dz\/vrlex\/wp-json\/wp\/v2\/pages\/2299\/revisions\/2311"}],"wp:attachment":[{"href":"https:\/\/www.univ-oeb.dz\/vrlex\/wp-json\/wp\/v2\/media?parent=2299"}],"curies":[{"name":"wp","href":"https:\/\/api.w.org\/{rel}","templated":true}]}}