{"id":2278,"date":"2020-03-10T11:42:30","date_gmt":"2020-03-10T10:42:30","guid":{"rendered":"http:\/\/www.univ-oeb.dz\/vrlex\/?page_id=2278"},"modified":"2020-03-10T11:43:14","modified_gmt":"2020-03-10T10:43:14","slug":"dossier-de-participation-aux-manifestations-scientifiques-internationales-de-haut-niveau-indexees","status":"publish","type":"page","link":"https:\/\/www.univ-oeb.dz\/vrlex\/dossier-de-participation-aux-manifestations-scientifiques-internationales-de-haut-niveau-indexees\/","title":{"rendered":"Dossier de Participation aux manifestations scientifiques internationales de haut niveau (index\u00e9es)"},"content":{"rendered":"\t\t<div data-elementor-type=\"wp-post\" data-elementor-id=\"2278\" class=\"elementor elementor-2278\">\n\t\t\t\t\t\t<section class=\"elementor-section elementor-top-section elementor-element elementor-element-d4348d6 elementor-section-boxed elementor-section-height-default elementor-section-height-default\" data-id=\"d4348d6\" data-element_type=\"section\">\n\t\t\t\t\t\t<div class=\"elementor-container elementor-column-gap-default\">\n\t\t\t\t\t<div class=\"elementor-column elementor-col-100 elementor-top-column elementor-element elementor-element-a46c6e3\" data-id=\"a46c6e3\" data-element_type=\"column\">\n\t\t\t<div class=\"elementor-widget-wrap elementor-element-populated\">\n\t\t\t\t\t\t<div class=\"elementor-element elementor-element-20f621e elementor-widget elementor-widget-text-editor\" data-id=\"20f621e\" data-element_type=\"widget\" data-widget_type=\"text-editor.default\">\n\t\t\t\t<div class=\"elementor-widget-container\">\n\t\t\t\t\t\t\t<!-- wp:paragraph -->\n<p>Il est port\u00e9 \u00e0 la connaissance des enseignants-chercheurs, doctorants salari\u00e9s et non-salari\u00e9s de l\u2019universit\u00e9 Larbi Ben M\u2019hidi &#8211; Oum El Bouaghi &#8211; envisageant de participer \u00e0 des manifestations scientifiques internationales de haut niveau (index\u00e9es) que le dossier de candidature doit comprendre les pi\u00e8ces suivantes&nbsp;:<\/p>\n<!-- \/wp:paragraph -->\n\n<!-- wp:list -->\n<ul><li>Demande manuscrite sign\u00e9e par l\u2019int\u00e9ress\u00e9,<\/li><li>L\u2019appel \u00e0 communication (frais d\u2019inscription\ninclus),<\/li><li>Version papier et num\u00e9rique de l\u2019article \u00e0\npr\u00e9senter,<\/li><li>L\u2019acceptation pour pr\u00e9senter l\u2019article (cas\nde l\u2019article accept\u00e9),<\/li><li>Programme de la conf\u00e9rence (cas de l\u2019article\naccept\u00e9)<\/li><li>Extrait du PV du conseil scientifique ou le\nbureau du CS (cas de l\u2019article accept\u00e9).<\/li><\/ul>\n<!-- \/wp:list -->\n\n<!-- wp:paragraph -->\n<p><strong>N.B&nbsp;: <\/strong>Manifestation scientifique&nbsp;<strong>accept\u00e9e<\/strong> ou<strong> en attente d\u2019acceptation<\/strong>.<\/p>\n<!-- \/wp:paragraph -->\t\t\t\t\t\t<\/div>\n\t\t\t\t<\/div>\n\t\t\t\t\t<\/div>\n\t\t<\/div>\n\t\t\t\t\t<\/div>\n\t\t<\/section>\n\t\t\t\t<\/div>\n\t\t","protected":false},"excerpt":{"rendered":"<p>Il est port\u00e9 \u00e0 la connaissance des enseignants-chercheurs, doctorants salari\u00e9s et non-salari\u00e9s de l\u2019universit\u00e9 Larbi Ben M\u2019hidi &#8211; Oum El Bouaghi &#8211; envisageant de participer \u00e0 des manifestations scientifiques internationales de haut niveau (index\u00e9es) que le dossier de candidature doit comprendre les pi\u00e8ces suivantes&nbsp;: Demande manuscrite sign\u00e9e par l\u2019int\u00e9ress\u00e9,L\u2019appel \u00e0 communication (frais d\u2019inscription inclus),Version papier &hellip;<\/p>\n","protected":false},"author":2,"featured_media":0,"parent":0,"menu_order":0,"comment_status":"closed","ping_status":"closed","template":"","meta":{"_monsterinsights_skip_tracking":false,"_monsterinsights_sitenote_active":false,"_monsterinsights_sitenote_note":"","_monsterinsights_sitenote_category":0,"footnotes":""},"class_list":["post-2278","page","type-page","status-publish","hentry"],"amp_enabled":true,"_links":{"self":[{"href":"https:\/\/www.univ-oeb.dz\/vrlex\/wp-json\/wp\/v2\/pages\/2278","targetHints":{"allow":["GET"]}}],"collection":[{"href":"https:\/\/www.univ-oeb.dz\/vrlex\/wp-json\/wp\/v2\/pages"}],"about":[{"href":"https:\/\/www.univ-oeb.dz\/vrlex\/wp-json\/wp\/v2\/types\/page"}],"author":[{"embeddable":true,"href":"https:\/\/www.univ-oeb.dz\/vrlex\/wp-json\/wp\/v2\/users\/2"}],"replies":[{"embeddable":true,"href":"https:\/\/www.univ-oeb.dz\/vrlex\/wp-json\/wp\/v2\/comments?post=2278"}],"version-history":[{"count":2,"href":"https:\/\/www.univ-oeb.dz\/vrlex\/wp-json\/wp\/v2\/pages\/2278\/revisions"}],"predecessor-version":[{"id":2280,"href":"https:\/\/www.univ-oeb.dz\/vrlex\/wp-json\/wp\/v2\/pages\/2278\/revisions\/2280"}],"wp:attachment":[{"href":"https:\/\/www.univ-oeb.dz\/vrlex\/wp-json\/wp\/v2\/media?parent=2278"}],"curies":[{"name":"wp","href":"https:\/\/api.w.org\/{rel}","templated":true}]}}