{"id":2273,"date":"2020-03-10T11:35:17","date_gmt":"2020-03-10T10:35:17","guid":{"rendered":"http:\/\/www.univ-oeb.dz\/vrlex\/?page_id=2273"},"modified":"2024-02-27T11:45:13","modified_gmt":"2024-02-27T10:45:13","slug":"reseaux","status":"publish","type":"page","link":"https:\/\/www.univ-oeb.dz\/vrlex\/reseaux\/","title":{"rendered":"TETHYS"},"content":{"rendered":"\t\t<div data-elementor-type=\"wp-post\" data-elementor-id=\"2273\" class=\"elementor elementor-2273\">\n\t\t\t\t\t\t<section class=\"elementor-section elementor-top-section elementor-element elementor-element-9a9558a elementor-section-boxed elementor-section-height-default elementor-section-height-default\" data-id=\"9a9558a\" data-element_type=\"section\">\n\t\t\t\t\t\t<div class=\"elementor-container elementor-column-gap-default\">\n\t\t\t\t\t<div class=\"elementor-column elementor-col-100 elementor-top-column elementor-element elementor-element-bf50778\" data-id=\"bf50778\" data-element_type=\"column\">\n\t\t\t<div class=\"elementor-widget-wrap elementor-element-populated\">\n\t\t\t\t\t\t<div class=\"elementor-element elementor-element-594c2af elementor-widget elementor-widget-accordion\" data-id=\"594c2af\" data-element_type=\"widget\" data-widget_type=\"accordion.default\">\n\t\t\t\t<div class=\"elementor-widget-container\">\n\t\t\t\t\t<div class=\"elementor-accordion\">\n\t\t\t\t\t\t\t<div class=\"elementor-accordion-item\">\n\t\t\t\t\t<div id=\"elementor-tab-title-9361\" class=\"elementor-tab-title\" data-tab=\"1\" role=\"button\" aria-controls=\"elementor-tab-content-9361\" aria-expanded=\"false\">\n\t\t\t\t\t\t\t\t\t\t\t\t\t<span class=\"elementor-accordion-icon elementor-accordion-icon-left\" aria-hidden=\"true\">\n\t\t\t\t\t\t\t\t\t\t\t\t\t\t\t<span class=\"elementor-accordion-icon-closed\"><i class=\"fas fa-plus\"><\/i><\/span>\n\t\t\t\t\t\t\t\t<span class=\"elementor-accordion-icon-opened\"><i class=\"fas fa-minus\"><\/i><\/span>\n\t\t\t\t\t\t\t\t\t\t\t\t\t\t<\/span>\n\t\t\t\t\t\t\t\t\t\t\t\t<a class=\"elementor-accordion-title\" tabindex=\"0\">TETHYS<\/a>\n\t\t\t\t\t<\/div>\n\t\t\t\t\t<div id=\"elementor-tab-content-9361\" class=\"elementor-tab-content elementor-clearfix\" data-tab=\"1\" role=\"region\" aria-labelledby=\"elementor-tab-title-9361\"><p>L&#8217;Universit\u00e9 Larbi Ben M&#8217;Hidi d&#8217;Oum El Bouaghi, d\u00e9veloppe des coop\u00e9rations avec des universit\u00e9s \u00e9trang\u00e8res aussi bien europ\u00e9ennes qu&#8217;Arabes et am\u00e9ricaines, favorisant les \u00e9changes et collaborations scientifiques.<\/p><p><!-- \/wp:paragraph --><\/p><p><!-- wp:paragraph --><\/p><p>Elle appartient aujourd&#8217;hui \u00e0 diff\u00e9rents r\u00e9seaux, le r\u00e9seau des Universit\u00e9s Euro-m\u00e9diterran\u00e9ennes TETHYS, l&#8217;Agence Universitaire de la Francophonie (AUF), l&#8217;Association des Universit\u00e9s Africaines (AUA), l&#8217;Association des Universit\u00e9s Arabes (AUA); Et elle fait aussi partie du r\u00e9seau Averro\u00e8s.<\/p><p><img fetchpriority=\"high\" decoding=\"async\" class=\"alignnone size-medium wp-image-373\" src=\"https:\/\/www.univ-oeb.dz\/vrlex\/wp-content\/uploads\/2019\/01\/compere_averoes_logo-2-300x247.png\" alt=\"\" width=\"300\" height=\"247\" srcset=\"https:\/\/www.univ-oeb.dz\/vrlex\/wp-content\/uploads\/2019\/01\/compere_averoes_logo-2-300x247.png 300w, https:\/\/www.univ-oeb.dz\/vrlex\/wp-content\/uploads\/2019\/01\/compere_averoes_logo-2.png 640w\" sizes=\"(max-width: 300px) 100vw, 300px\" \/> <img decoding=\"async\" class=\"alignnone size-medium wp-image-374\" src=\"https:\/\/www.univ-oeb.dz\/vrlex\/wp-content\/uploads\/2019\/01\/th.jpg\" alt=\"\" width=\"234\" height=\"168\" \/> <img decoding=\"async\" class=\"alignnone size-medium wp-image-375\" src=\"https:\/\/www.univ-oeb.dz\/vrlex\/wp-content\/uploads\/2019\/01\/Logo_de_lAssociation_des_Universit\u00e9s_Africaines-295x300.jpg\" alt=\"\" width=\"295\" height=\"300\" srcset=\"https:\/\/www.univ-oeb.dz\/vrlex\/wp-content\/uploads\/2019\/01\/Logo_de_lAssociation_des_Universit\u00e9s_Africaines-295x300.jpg 295w, https:\/\/www.univ-oeb.dz\/vrlex\/wp-content\/uploads\/2019\/01\/Logo_de_lAssociation_des_Universit\u00e9s_Africaines.jpg 480w\" sizes=\"(max-width: 295px) 100vw, 295px\" \/> <img loading=\"lazy\" decoding=\"async\" class=\"alignnone size-medium wp-image-376\" src=\"https:\/\/www.univ-oeb.dz\/vrlex\/wp-content\/uploads\/2019\/01\/AArU_Logo-249x300.jpeg\" alt=\"\" width=\"249\" height=\"300\" \/> <img loading=\"lazy\" decoding=\"async\" class=\"alignnone size-medium wp-image-377\" src=\"https:\/\/www.univ-oeb.dz\/vrlex\/wp-content\/uploads\/2019\/01\/th2.jpg\" alt=\"\" width=\"294\" height=\"221\" srcset=\"https:\/\/www.univ-oeb.dz\/vrlex\/wp-content\/uploads\/2019\/01\/th2.jpg 294w, https:\/\/www.univ-oeb.dz\/vrlex\/wp-content\/uploads\/2019\/01\/th2-135x100.jpg 135w\" sizes=\"(max-width: 294px) 100vw, 294px\" \/><\/p><\/div>\n\t\t\t\t<\/div>\n\t\t\t\t\t\t\t<div class=\"elementor-accordion-item\">\n\t\t\t\t\t<div id=\"elementor-tab-title-9362\" class=\"elementor-tab-title\" data-tab=\"2\" role=\"button\" aria-controls=\"elementor-tab-content-9362\" aria-expanded=\"false\">\n\t\t\t\t\t\t\t\t\t\t\t\t\t<span class=\"elementor-accordion-icon elementor-accordion-icon-left\" aria-hidden=\"true\">\n\t\t\t\t\t\t\t\t\t\t\t\t\t\t\t<span class=\"elementor-accordion-icon-closed\"><i class=\"fas fa-plus\"><\/i><\/span>\n\t\t\t\t\t\t\t\t<span class=\"elementor-accordion-icon-opened\"><i class=\"fas fa-minus\"><\/i><\/span>\n\t\t\t\t\t\t\t\t\t\t\t\t\t\t<\/span>\n\t\t\t\t\t\t\t\t\t\t\t\t<a class=\"elementor-accordion-title\" tabindex=\"0\">Appel \u00e0 candidatures T\u00e9thys - Atelier doctoral \/ PhD workshop - UAM Madrid - 22-24 mai 2024<\/a>\n\t\t\t\t\t<\/div>\n\t\t\t\t\t<div id=\"elementor-tab-content-9362\" class=\"elementor-tab-content elementor-clearfix\" data-tab=\"2\" role=\"region\" aria-labelledby=\"elementor-tab-title-9362\"><div dir=\"auto\">Appel \u00e0 candidatures destin\u00e9 aux \u00e9tudiants en doctorat pour un Atelier doctoral de <span style=\"color: #008000;\"><strong>3 jours \u00e0 Madrid<\/strong><\/span> dans le cadre de l\u2019Assembl\u00e9e G\u00e9n\u00e9rale T\u00e9thys.<\/div><div dir=\"auto\">Date limite pour la r\u00e9ception des candidatures : <span style=\"color: #ff0000;\"><strong>17 Mars 2024.<\/strong><\/span><\/div><div dir=\"auto\">La pr\u00e9sentation des diff\u00e9rentes th\u00e9matiques, le calendrier ainsi que les modalit\u00e9s de s\u00e9lection se trouvent dans le document suivant :\u00a0<\/div><div dir=\"auto\"><strong><a href=\"https:\/\/drive.google.com\/file\/d\/1php5DsS0s5vYYZ3vpFMbkXnvPCdjSqk_\/view?usp=sharing\" target=\"_blank\" rel=\"noopener\">https:\/\/drive.google.com\/file\/d\/1php5DsS0s5vYYZ3vpFMbkXnvPCdjSqk_\/view?usp=sharing<\/a><\/strong><\/div><div dir=\"auto\">\u00a0<\/div><div dir=\"auto\"><a href=\"https:\/\/www.univ-oeb.dz\/vrlex\/wp-content\/uploads\/2024\/02\/image001.png\"><img loading=\"lazy\" decoding=\"async\" class=\"alignnone size-medium wp-image-9465\" src=\"https:\/\/www.univ-oeb.dz\/vrlex\/wp-content\/uploads\/2024\/02\/image001-300x99.png\" alt=\"\" width=\"300\" height=\"99\" srcset=\"https:\/\/www.univ-oeb.dz\/vrlex\/wp-content\/uploads\/2024\/02\/image001-300x99.png 300w, https:\/\/www.univ-oeb.dz\/vrlex\/wp-content\/uploads\/2024\/02\/image001-768x254.png 768w, https:\/\/www.univ-oeb.dz\/vrlex\/wp-content\/uploads\/2024\/02\/image001.png 953w\" sizes=\"(max-width: 300px) 100vw, 300px\" \/><\/a><\/div><\/div>\n\t\t\t\t<\/div>\n\t\t\t\t\t\t\t\t<\/div>\n\t\t\t\t<\/div>\n\t\t\t\t<\/div>\n\t\t\t\t\t<\/div>\n\t\t<\/div>\n\t\t\t\t\t<\/div>\n\t\t<\/section>\n\t\t\t\t<\/div>\n\t\t","protected":false},"excerpt":{"rendered":"<p>TETHYS L&#8217;Universit\u00e9 Larbi Ben M&#8217;Hidi d&#8217;Oum El Bouaghi, d\u00e9veloppe des coop\u00e9rations avec des universit\u00e9s \u00e9trang\u00e8res aussi bien europ\u00e9ennes qu&#8217;Arabes et am\u00e9ricaines, favorisant les \u00e9changes et collaborations scientifiques.Elle appartient aujourd&#8217;hui \u00e0 diff\u00e9rents r\u00e9seaux, le r\u00e9seau des Universit\u00e9s Euro-m\u00e9diterran\u00e9ennes TETHYS, l&#8217;Agence Universitaire de la Francophonie (AUF), l&#8217;Association des Universit\u00e9s Africaines (AUA), l&#8217;Association des Universit\u00e9s Arabes (AUA); Et &hellip;<\/p>\n","protected":false},"author":2,"featured_media":0,"parent":0,"menu_order":0,"comment_status":"closed","ping_status":"closed","template":"","meta":{"_monsterinsights_skip_tracking":false,"_monsterinsights_sitenote_active":false,"_monsterinsights_sitenote_note":"","_monsterinsights_sitenote_category":0,"footnotes":""},"class_list":["post-2273","page","type-page","status-publish","hentry"],"amp_enabled":true,"_links":{"self":[{"href":"https:\/\/www.univ-oeb.dz\/vrlex\/wp-json\/wp\/v2\/pages\/2273","targetHints":{"allow":["GET"]}}],"collection":[{"href":"https:\/\/www.univ-oeb.dz\/vrlex\/wp-json\/wp\/v2\/pages"}],"about":[{"href":"https:\/\/www.univ-oeb.dz\/vrlex\/wp-json\/wp\/v2\/types\/page"}],"author":[{"embeddable":true,"href":"https:\/\/www.univ-oeb.dz\/vrlex\/wp-json\/wp\/v2\/users\/2"}],"replies":[{"embeddable":true,"href":"https:\/\/www.univ-oeb.dz\/vrlex\/wp-json\/wp\/v2\/comments?post=2273"}],"version-history":[{"count":5,"href":"https:\/\/www.univ-oeb.dz\/vrlex\/wp-json\/wp\/v2\/pages\/2273\/revisions"}],"predecessor-version":[{"id":9466,"href":"https:\/\/www.univ-oeb.dz\/vrlex\/wp-json\/wp\/v2\/pages\/2273\/revisions\/9466"}],"wp:attachment":[{"href":"https:\/\/www.univ-oeb.dz\/vrlex\/wp-json\/wp\/v2\/media?parent=2273"}],"curies":[{"name":"wp","href":"https:\/\/api.w.org\/{rel}","templated":true}]}}