{"id":2207,"date":"2020-02-10T13:47:12","date_gmt":"2020-02-10T12:47:12","guid":{"rendered":"http:\/\/www.univ-oeb.dz\/vrlex\/?page_id=2207"},"modified":"2020-02-10T14:07:36","modified_gmt":"2020-02-10T13:07:36","slug":"prima-internship-progam-2020-2021","status":"publish","type":"page","link":"https:\/\/www.univ-oeb.dz\/vrlex\/prima-internship-progam-2020-2021\/","title":{"rendered":"PRIMA INTERNSHIP PROGAM 2020-2021"},"content":{"rendered":"\t\t<div data-elementor-type=\"wp-post\" data-elementor-id=\"2207\" class=\"elementor elementor-2207\">\n\t\t\t\t\t\t<section class=\"elementor-section elementor-top-section elementor-element elementor-element-742d810 elementor-section-boxed elementor-section-height-default elementor-section-height-default\" data-id=\"742d810\" data-element_type=\"section\">\n\t\t\t\t\t\t<div class=\"elementor-container elementor-column-gap-default\">\n\t\t\t\t\t<div class=\"elementor-column elementor-col-100 elementor-top-column elementor-element elementor-element-9025c4f\" data-id=\"9025c4f\" data-element_type=\"column\">\n\t\t\t<div class=\"elementor-widget-wrap elementor-element-populated\">\n\t\t\t\t\t\t<div class=\"elementor-element elementor-element-61b4f71 elementor-widget elementor-widget-heading\" data-id=\"61b4f71\" data-element_type=\"widget\" data-widget_type=\"heading.default\">\n\t\t\t\t<div class=\"elementor-widget-container\">\n\t\t\t<h1 class=\"elementor-heading-title elementor-size-default\">PRIMA INTERNSHIP PROGAM 2020-2021\n\n<br><\/h1>\t\t<\/div>\n\t\t\t\t<\/div>\n\t\t\t\t<div class=\"elementor-element elementor-element-99b97f4 elementor-widget elementor-widget-text-editor\" data-id=\"99b97f4\" data-element_type=\"widget\" data-widget_type=\"text-editor.default\">\n\t\t\t\t<div class=\"elementor-widget-container\">\n\t\t\t\t\t\t\t<p>\u00a0<\/p><p style=\"text-align: justify;\">Cette ann\u00e9e 2020, la Fondation <strong><span style=\"color: #000000;\">PRIMA<\/span><\/strong> a lanc\u00e9 de nouveau sur son site officiel, un appel \u00e0 candidatures dans le cadre de son programme de stages d\u00e9di\u00e9 aux jeunes chercheurs de la rive sud de la m\u00e9diterran\u00e9e pour l\u2019ann\u00e9e <strong><span style=\"color: #000000;\">2020-2021<\/span><\/strong>.<\/p><p>La date limite pour soumettre les candidatures sera <strong><span style=\"color: #800000;\">le 3 mars 2020 \u00e0 17 h 00<\/span><\/strong>.<\/p><p>Toutes les demandes doivent \u00eatre soumises uniquement via le lien du formulaire d&#8217;inscription suivant\u00a0:<\/p><p style=\"text-align: center;\"><a href=\"https:\/\/docs.google.com\/forms\/d\/e\/1FAIpQLSem8x3kKwVsZoVr-xgDdapkvX9YbUXcBhAMKvjgnlOP0adPvg\/viewform\"><span style=\"text-decoration: underline;\"><strong><span style=\"color: #0000ff; text-decoration: underline;\">https:\/\/docs.google.com\/forms\/d\/e\/1FAIpQLSem8x3kKwVsZoVr-xgDdapkvX9YbUXcBhAMKvjgnlOP0adPvg\/viewform<\/span><\/strong><\/span><\/a><\/p><p>La documentation de la liste ci-dessous sera t\u00e9l\u00e9charg\u00e9e<span style=\"color: #000000;\"> (en anglais et dans un seul document sous format pdf)<\/span> lors de la derni\u00e8re \u00e9tape de l&#8217;inscription.<\/p><p><strong><span style=\"color: #000000;\">CV<\/span><\/strong> du candidat <span style=\"color: #000000;\">(indiquant clairement les informations relatives aux exigences l\u00e9gales et internes)<\/span>. Lettre de motivation. Copie de son passeport. Veuillez noter que les candidatures ne comprenant pas tous les documents mentionn\u00e9s ne seront pas prises en consid\u00e9ration.<\/p><p>Seule une courte liste de candidats sera contact\u00e9e, qui recevra un avis par courrier \u00e9lectronique <strong><span style=\"color: #000000;\">a<\/span><span style=\"color: #000000;\">u moins sept jours civils<\/span> <\/strong>de leur demander d&#8217;assister \u00e0 un entretien virtuel.<\/p><h3><span style=\"text-decoration: underline;\"><span style=\"color: #800080; text-decoration: underline;\">A t\u00e9l\u00e9charger :<\/span><\/span><\/h3><blockquote><p><a href=\"https:\/\/www.univ-oeb.dz\/vrlex\/wp-content\/uploads\/2020\/02\/PRIMA-INTERNSHIP-PROGAM-2020-2021.pdf\" target=\"_blank\" rel=\"noopener\"><span style=\"text-decoration: underline;\"><strong><span style=\"color: #993300; text-decoration: underline;\">PRIMA-INTERNSHIP-PROGAM-2020-2021.pd<\/span><\/strong><\/span><\/a><\/p><\/blockquote>\t\t\t\t\t\t<\/div>\n\t\t\t\t<\/div>\n\t\t\t\t\t<\/div>\n\t\t<\/div>\n\t\t\t\t\t<\/div>\n\t\t<\/section>\n\t\t\t\t<\/div>\n\t\t","protected":false},"excerpt":{"rendered":"<p>PRIMA INTERNSHIP PROGAM 2020-2021 \u00a0 Cette ann\u00e9e 2020, la Fondation PRIMA a lanc\u00e9 de nouveau sur son site officiel, un appel \u00e0 candidatures dans le cadre de son programme de stages d\u00e9di\u00e9 aux jeunes chercheurs de la rive sud de la m\u00e9diterran\u00e9e pour l\u2019ann\u00e9e 2020-2021. La date limite pour soumettre les candidatures sera le 3 &hellip;<\/p>\n","protected":false},"author":2,"featured_media":0,"parent":0,"menu_order":0,"comment_status":"closed","ping_status":"closed","template":"elementor_header_footer","meta":{"_monsterinsights_skip_tracking":false,"_monsterinsights_sitenote_active":false,"_monsterinsights_sitenote_note":"","_monsterinsights_sitenote_category":0,"footnotes":""},"class_list":["post-2207","page","type-page","status-publish","hentry"],"amp_enabled":false,"_links":{"self":[{"href":"https:\/\/www.univ-oeb.dz\/vrlex\/wp-json\/wp\/v2\/pages\/2207","targetHints":{"allow":["GET"]}}],"collection":[{"href":"https:\/\/www.univ-oeb.dz\/vrlex\/wp-json\/wp\/v2\/pages"}],"about":[{"href":"https:\/\/www.univ-oeb.dz\/vrlex\/wp-json\/wp\/v2\/types\/page"}],"author":[{"embeddable":true,"href":"https:\/\/www.univ-oeb.dz\/vrlex\/wp-json\/wp\/v2\/users\/2"}],"replies":[{"embeddable":true,"href":"https:\/\/www.univ-oeb.dz\/vrlex\/wp-json\/wp\/v2\/comments?post=2207"}],"version-history":[{"count":3,"href":"https:\/\/www.univ-oeb.dz\/vrlex\/wp-json\/wp\/v2\/pages\/2207\/revisions"}],"predecessor-version":[{"id":2217,"href":"https:\/\/www.univ-oeb.dz\/vrlex\/wp-json\/wp\/v2\/pages\/2207\/revisions\/2217"}],"wp:attachment":[{"href":"https:\/\/www.univ-oeb.dz\/vrlex\/wp-json\/wp\/v2\/media?parent=2207"}],"curies":[{"name":"wp","href":"https:\/\/api.w.org\/{rel}","templated":true}]}}