{"id":1990,"date":"2020-02-04T09:31:02","date_gmt":"2020-02-04T08:31:02","guid":{"rendered":"http:\/\/www.univ-oeb.dz\/vrlex\/?page_id=1990"},"modified":"2020-02-10T11:02:32","modified_gmt":"2020-02-10T10:02:32","slug":"phc-maghreb-2020-2021","status":"publish","type":"page","link":"https:\/\/www.univ-oeb.dz\/vrlex\/phc-maghreb-2020-2021\/","title":{"rendered":"PHC MAGHREB-2020-2021"},"content":{"rendered":"\t\t<div data-elementor-type=\"wp-post\" data-elementor-id=\"1990\" class=\"elementor elementor-1990\">\n\t\t\t\t\t\t<section class=\"elementor-section elementor-top-section elementor-element elementor-element-6b74756 elementor-section-boxed elementor-section-height-default elementor-section-height-default\" data-id=\"6b74756\" data-element_type=\"section\">\n\t\t\t\t\t\t<div class=\"elementor-container elementor-column-gap-default\">\n\t\t\t\t\t<div class=\"elementor-column elementor-col-100 elementor-top-column elementor-element elementor-element-875bd13\" data-id=\"875bd13\" data-element_type=\"column\">\n\t\t\t<div class=\"elementor-widget-wrap elementor-element-populated\">\n\t\t\t\t\t\t<div class=\"elementor-element elementor-element-d9e73aa elementor-widget elementor-widget-heading\" data-id=\"d9e73aa\" data-element_type=\"widget\" data-widget_type=\"heading.default\">\n\t\t\t\t<div class=\"elementor-widget-container\">\n\t\t\t<h2 class=\"elementor-heading-title elementor-size-xxl\"><h1 class=\"entry-title\">PHC MAGHREB-2020-2021<\/h1><\/h2>\t\t<\/div>\n\t\t\t\t<\/div>\n\t\t\t\t<div class=\"elementor-element elementor-element-24a2326 elementor-widget elementor-widget-heading\" data-id=\"24a2326\" data-element_type=\"widget\" data-widget_type=\"heading.default\">\n\t\t\t\t<div class=\"elementor-widget-container\">\n\t\t\t<h1 class=\"elementor-heading-title elementor-size-default\"><p style=\"text-align:center\" align=\"center\"><b><span style=\"font-size:26.0pt\"> <\/span><\/b><b><span style=\"font-size:26.0pt\"><header>\n\t\t<h1><u>PHC MAGHREB-2020-2021<\/u><\/h1>\n\t<\/header>APPEL\nA CANDIDATURES<\/span><\/b><\/p><\/h1>\t\t<\/div>\n\t\t\t\t<\/div>\n\t\t\t\t<div class=\"elementor-element elementor-element-1bb583e elementor-widget elementor-widget-text-editor\" data-id=\"1bb583e\" data-element_type=\"widget\" data-widget_type=\"text-editor.default\">\n\t\t\t\t<div class=\"elementor-widget-container\">\n\t\t\t\t\t\t\t<div align=\"justify\"><p>Dans le cadre de la mise en \u0153uvre du programme PHC-Maghreb le lancement de l\u2019appel \u00e0 candidatures pour l\u2019ann\u00e9e 2019. Les trois Partenariats Hubert Curien (PHC) du Maghreb (PHC franco-alg\u00e9rien \u00ab Tassili \u00bb, PHC franco-tunisien \u00ab Utique \u00bb et PHC franco-marocain \u00ab Toubkal \u00bb) encouragent \u00e0 travers le PHC Maghreb les coop\u00e9rations multilat\u00e9rales en finan\u00e7ant conjointement des projets r\u00e9gionaux impliquant les 3 pays du Maghreb et la France. Ces projets sont financ\u00e9s pour une dur\u00e9e de 3 ans et Plusieurs \u00e9quipes d&#8217;un m\u00eame pays peuvent \u00eatre associ\u00e9es au projet d\u00e9pos\u00e9. Pour l&#8217;appel \u00e0 candidatures 2021une th\u00e9matique prioritaire a \u00e9t\u00e9 d\u00e9fini : <span style=\"color: #ff0000;\"><strong>L\u2019espace<\/strong><strong> m\u00e9diterran\u00e9en pluriculturel et durable, face aux enjeux li\u00e9s :<\/strong><\/span><\/p><ul><li style=\"text-align: left;\">Aux changements climatiques et \u00e9nerg\u00e9tiques,<\/li><li style=\"text-align: left;\">A l\u2019innovation et \u00e0 la comp\u00e9titivit\u00e9 des entreprises,<\/li><li style=\"text-align: left;\">A l\u2019identit\u00e9, la valeur et le dialogue des civilisations, les migrations et l\u2019int\u00e9gration, l\u2019histoire et le patrimoine, le droit et le commerce,<\/li><li style=\"text-align: left;\">A la transition num\u00e9rique.<\/li><\/ul><p>Cette th\u00e9matique permet \u00e0 <span style=\"color: #000000;\"><strong>toutes les disciplines<\/strong><\/span>\u00a0(<span style=\"color: #0000ff;\"><strong>sciences humaines et sociales, sciences et techn<\/strong><strong>ologies, chimie, physique, math\u00e9matiques, sciences pour l&#8217;ing\u00e9nieur, sciences et technologies de l&#8217;information et de la communication, sciences de la terre et de l&#8217;univers, espace, agronomie, productions animale, v\u00e9g\u00e9tale et agroalimentaire, sciences de la sant\u00e9, sciences v\u00e9t\u00e9rinaires&#8230;<\/strong><\/span>) de s&#8217;int\u00e9grer dans un projet. Les aspects notamment soci\u00e9taux, environnementaux, climatiques, technologiques, \u00e9nerg\u00e9tiques devront appara\u00eetre dans les projets ainsi que la formation des doctorants.<\/p><p>\u00c0 cet effet\u00a0vous trouverez ci-dessous les documents n\u00e9cessaires pour ce programme \u00e0 t\u00e9l\u00e9charger.<\/p><ul><li><span style=\"text-decoration: underline;\"><strong><span style=\"color: #993300;\"><a style=\"color: #993300; text-decoration: underline;\" href=\"https:\/\/www.univ-oeb.dz\/vrlex\/wp-content\/uploads\/2020\/02\/AAP_PHC_Maghreb_2021_UOEB.pdf\" target=\"_blank\" rel=\"noopener\">AAP_PHC_Maghreb_2021_UOEB<\/a><\/span><\/strong><\/span><\/li><li><span style=\"text-decoration: underline;\"><strong><span style=\"color: #993300;\"><a style=\"color: #993300; text-decoration: underline;\" href=\"https:\/\/www.univ-oeb.dz\/vrlex\/wp-content\/uploads\/2020\/02\/PHC-Maghreb-2021-Formulaire.doc\" target=\"_blank\" rel=\"noopener\">PHC-Maghreb-2021-Formulaire<\/a><\/span><\/strong><\/span><\/li><\/ul><p>Les dossiers complets des candidatures (version papier et num\u00e9ris\u00e9e) r\u00e9pondant aux conditions d\u2019\u00e9ligibilit\u00e9 et aux crit\u00e8res r\u00e9glementaires d\u2019admissibilit\u00e9 au programme sont \u00e0 faire parvenir \u00e0 la Direction des Relations Ext\u00e9rieurs de l\u2019Universit\u00e9 avant le <span style=\"color: #800080;\"><strong>03 mars 2020<\/strong><\/span> <span style=\"color: #800080;\">(D\u00e9lai de rigueur).<\/span><\/p><p style=\"text-align: center;\"><span style=\"color: #ff0000;\"><u>Date limite de d\u00e9p\u00f4t des candidatures : <strong>02 mars 2020.<\/strong><\/u><\/span><\/p><\/div>\t\t\t\t\t\t<\/div>\n\t\t\t\t<\/div>\n\t\t\t\t\t<\/div>\n\t\t<\/div>\n\t\t\t\t\t<\/div>\n\t\t<\/section>\n\t\t\t\t<\/div>\n\t\t","protected":false},"excerpt":{"rendered":"<p>PHC MAGHREB-2020-2021 PHC MAGHREB-2020-2021 APPEL A CANDIDATURES Dans le cadre de la mise en \u0153uvre du programme PHC-Maghreb le lancement de l\u2019appel \u00e0 candidatures pour l\u2019ann\u00e9e 2019. Les trois Partenariats Hubert Curien (PHC) du Maghreb (PHC franco-alg\u00e9rien \u00ab Tassili \u00bb, PHC franco-tunisien \u00ab Utique \u00bb et PHC franco-marocain \u00ab Toubkal \u00bb) encouragent \u00e0 travers le &hellip;<\/p>\n","protected":false},"author":2,"featured_media":2024,"parent":0,"menu_order":0,"comment_status":"closed","ping_status":"closed","template":"","meta":{"_monsterinsights_skip_tracking":false,"_monsterinsights_sitenote_active":false,"_monsterinsights_sitenote_note":"","_monsterinsights_sitenote_category":0,"footnotes":""},"class_list":["post-1990","page","type-page","status-publish","has-post-thumbnail","hentry"],"amp_enabled":true,"_links":{"self":[{"href":"https:\/\/www.univ-oeb.dz\/vrlex\/wp-json\/wp\/v2\/pages\/1990","targetHints":{"allow":["GET"]}}],"collection":[{"href":"https:\/\/www.univ-oeb.dz\/vrlex\/wp-json\/wp\/v2\/pages"}],"about":[{"href":"https:\/\/www.univ-oeb.dz\/vrlex\/wp-json\/wp\/v2\/types\/page"}],"author":[{"embeddable":true,"href":"https:\/\/www.univ-oeb.dz\/vrlex\/wp-json\/wp\/v2\/users\/2"}],"replies":[{"embeddable":true,"href":"https:\/\/www.univ-oeb.dz\/vrlex\/wp-json\/wp\/v2\/comments?post=1990"}],"version-history":[{"count":6,"href":"https:\/\/www.univ-oeb.dz\/vrlex\/wp-json\/wp\/v2\/pages\/1990\/revisions"}],"predecessor-version":[{"id":2077,"href":"https:\/\/www.univ-oeb.dz\/vrlex\/wp-json\/wp\/v2\/pages\/1990\/revisions\/2077"}],"wp:featuredmedia":[{"embeddable":true,"href":"https:\/\/www.univ-oeb.dz\/vrlex\/wp-json\/wp\/v2\/media\/2024"}],"wp:attachment":[{"href":"https:\/\/www.univ-oeb.dz\/vrlex\/wp-json\/wp\/v2\/media?parent=1990"}],"curies":[{"name":"wp","href":"https:\/\/api.w.org\/{rel}","templated":true}]}}