{"id":1787,"date":"2019-11-24T14:10:09","date_gmt":"2019-11-24T13:10:09","guid":{"rendered":"http:\/\/www.univ-oeb.dz\/vrlex\/?page_id=1787"},"modified":"2019-12-30T11:00:45","modified_gmt":"2019-12-30T10:00:45","slug":"programme-de-formation-residentielle-a-letranger","status":"publish","type":"page","link":"https:\/\/www.univ-oeb.dz\/vrlex\/programme-de-formation-residentielle-a-letranger\/","title":{"rendered":"Bourse Alg\u00e9ro-Hongrois 2020-2021"},"content":{"rendered":"\t\t<div data-elementor-type=\"wp-post\" data-elementor-id=\"1787\" class=\"elementor elementor-1787\">\n\t\t\t\t\t\t<section class=\"elementor-section elementor-top-section elementor-element elementor-element-b5afe25 elementor-section-boxed elementor-section-height-default elementor-section-height-default\" data-id=\"b5afe25\" data-element_type=\"section\">\n\t\t\t\t\t\t<div class=\"elementor-container elementor-column-gap-default\">\n\t\t\t\t\t<div class=\"elementor-column elementor-col-100 elementor-top-column elementor-element elementor-element-2632ee6\" data-id=\"2632ee6\" data-element_type=\"column\">\n\t\t\t<div class=\"elementor-widget-wrap elementor-element-populated\">\n\t\t\t\t\t\t<div class=\"elementor-element elementor-element-1f9e57c elementor-widget elementor-widget-heading\" data-id=\"1f9e57c\" data-element_type=\"widget\" data-widget_type=\"heading.default\">\n\t\t\t\t<div class=\"elementor-widget-container\">\n\t\t\t<h3 class=\"elementor-heading-title elementor-size-default\">Programme de formation r\u00e9sidentielle \u00e0 l\u2019\u00e9tranger<\/h3>\t\t<\/div>\n\t\t\t\t<\/div>\n\t\t\t\t<div class=\"elementor-element elementor-element-6505f1b elementor-widget elementor-widget-text-editor\" data-id=\"6505f1b\" data-element_type=\"widget\" data-widget_type=\"text-editor.default\">\n\t\t\t\t<div class=\"elementor-widget-container\">\n\t\t\t\t\t\t\t<div align=\"justify\"><p>Le minist\u00e8re de l\u2019Enseignement sup\u00e9rieur et de la recherche scientifique est destinataire d\u2019une offre de bourse au titre de l\u2019ann\u00e9e universitaire <strong>2020\/2021<\/strong> \u00e9manant du gouvernement Hongrois.<\/p><p>Cette offre concerne\u00a0: <strong>Les \u00e9tudiants major de promotion<\/strong> inscrits en derni\u00e8re ann\u00e9e de <strong>Licence souhaitant pr\u00e9parer un Master<\/strong> et ceux inscrits en derni\u00e8re ann\u00e9e de <strong>Master souhaitant pr\u00e9parer un PHD<\/strong>.<\/p><p>Les inscriptions et d\u00e9p\u00f4ts de dossiers de candidature se font en ligne, une plate-forme d\u2019application \u00e0 consulter sur les liens suivants\u00a0: <span style=\"text-decoration: underline;\"><span style=\"color: #0000ff; text-decoration: underline;\"><a style=\"color: #0000ff; text-decoration: underline;\" href=\"http:\/\/studyinhungary.hu\/study-in-hungary\/menu\/stipendium-hungaricum-scholarship-programme\/apply-for-a-stipendium-hungaricum-scholarship\">http:\/\/studyinhungary.hu\/study-in-hungary\/menu\/stipendium-hungaricum-scholarship-programme\/apply-for-a-stipendium-hungaricum-scholarship<\/a>,<\/span><\/span><\/p><p>\u00c9galement une copie du dossier de candidature doit \u00eatre adress\u00e9e en version \u00e9lectronique \u00e0 l\u2019adresse suivante\u00a0: <span style=\"text-decoration: underline;\"><span style=\"color: #0000ff; text-decoration: underline;\"><a style=\"color: #0000ff; text-decoration: underline;\" href=\"mailto:stipendiumhungaricum@tpf.hu\">stipendiumhungaricum@tpf.hu<\/a>.<\/span><\/span><\/p><p>Les dossiers complets des candidatures r\u00e9pondant aux conditions d\u2019\u00e9ligibilit\u00e9 et aux crit\u00e8res r\u00e9glementaires d\u2019admissibilit\u00e9 au programme de formation r\u00e9sidentielle <span style=\"color: #0000ff;\">(<strong>Alg\u00e9ro-Hongrois<\/strong>)<\/span> sont \u00e0 faire parvenir au service du vice rectorat des relations ext\u00e9rieures de l\u2019Universit\u00e9 avant le \u00a0<span style=\"text-decoration: underline;\"><span style=\"color: #ff0000;\"><strong>05 janvier 2020\u00a0 \u00e0 15 h (d\u00e9lai de rigueur).<\/strong><\/span><\/span><\/p><h3><span style=\"text-decoration: underline;\"><span style=\"color: #339966;\"><strong>Documents concernant le programme \u00e0 t\u00e9l\u00e9charger:<\/strong><\/span><\/span><\/h3><ul><li><strong><span style=\"color: #993300;\"><a style=\"color: #993300;\" href=\"https:\/\/www.univ-oeb.dz\/vrlex\/wp-content\/uploads\/2019\/12\/Fiche-de-candidature-Alg\u00e9ro-Hongrois.docx\" target=\"_blank\" rel=\"noopener\">Fiche de candidature<\/a><\/span><\/strong><\/li><li><span style=\"color: #993300;\"><a style=\"color: #993300;\" href=\"https:\/\/www.univ-oeb.dz\/vrlex\/wp-content\/uploads\/2019\/11\/Constitution-du-dossier-administratif_Alg\u00e9ro-Hongrois.docx\" target=\"_blank\" rel=\"noopener\"><em><strong>Constitution du dossier administratif_Alg\u00e9ro-Hongrois<\/strong><\/em><\/a><\/span><\/li><li><span style=\"color: #993300;\"><a style=\"color: #993300;\" href=\"https:\/\/www.univ-oeb.dz\/vrlex\/wp-content\/uploads\/2019\/11\/Attestation-de-non-benefice-formation-residentielle_ALGERO-HONGROIS-2020.doc\" target=\"_blank\" rel=\"noopener\"><em><strong>Attestation de non-benefice formation residentielle_ALGERO HONGROIS-2020<\/strong><\/em><\/a><\/span><\/li><li><span style=\"color: #993300;\"><em><a style=\"color: #993300;\" href=\"https:\/\/www.univ-oeb.dz\/vrlex\/wp-content\/uploads\/2019\/11\/Master_Applications_2020_2021.pdf\" target=\"_blank\" rel=\"noopener\"><strong>Master_Applications_2020_2021<\/strong><\/a><\/em><\/span><\/li><li><span style=\"color: #993300;\"><em><a style=\"color: #993300;\" href=\"https:\/\/www.univ-oeb.dz\/vrlex\/wp-content\/uploads\/2019\/11\/PhD_Call_for_Applications_2020_2021.pdf\" target=\"_blank\" rel=\"noopener\"><strong>PhD_Call_for_Applications_2020_2021<\/strong><\/a><\/em><\/span><\/li><\/ul><\/div>\t\t\t\t\t\t<\/div>\n\t\t\t\t<\/div>\n\t\t\t\t\t<\/div>\n\t\t<\/div>\n\t\t\t\t\t<\/div>\n\t\t<\/section>\n\t\t\t\t<\/div>\n\t\t","protected":false},"excerpt":{"rendered":"<p>Programme de formation r\u00e9sidentielle \u00e0 l\u2019\u00e9tranger Le minist\u00e8re de l\u2019Enseignement sup\u00e9rieur et de la recherche scientifique est destinataire d\u2019une offre de bourse au titre de l\u2019ann\u00e9e universitaire 2020\/2021 \u00e9manant du gouvernement Hongrois. Cette offre concerne\u00a0: Les \u00e9tudiants major de promotion inscrits en derni\u00e8re ann\u00e9e de Licence souhaitant pr\u00e9parer un Master et ceux inscrits en derni\u00e8re &hellip;<\/p>\n","protected":false},"author":2,"featured_media":0,"parent":0,"menu_order":0,"comment_status":"closed","ping_status":"closed","template":"","meta":{"_monsterinsights_skip_tracking":false,"_monsterinsights_sitenote_active":false,"_monsterinsights_sitenote_note":"","_monsterinsights_sitenote_category":0,"footnotes":""},"class_list":["post-1787","page","type-page","status-publish","hentry"],"amp_enabled":true,"_links":{"self":[{"href":"https:\/\/www.univ-oeb.dz\/vrlex\/wp-json\/wp\/v2\/pages\/1787","targetHints":{"allow":["GET"]}}],"collection":[{"href":"https:\/\/www.univ-oeb.dz\/vrlex\/wp-json\/wp\/v2\/pages"}],"about":[{"href":"https:\/\/www.univ-oeb.dz\/vrlex\/wp-json\/wp\/v2\/types\/page"}],"author":[{"embeddable":true,"href":"https:\/\/www.univ-oeb.dz\/vrlex\/wp-json\/wp\/v2\/users\/2"}],"replies":[{"embeddable":true,"href":"https:\/\/www.univ-oeb.dz\/vrlex\/wp-json\/wp\/v2\/comments?post=1787"}],"version-history":[{"count":11,"href":"https:\/\/www.univ-oeb.dz\/vrlex\/wp-json\/wp\/v2\/pages\/1787\/revisions"}],"predecessor-version":[{"id":1892,"href":"https:\/\/www.univ-oeb.dz\/vrlex\/wp-json\/wp\/v2\/pages\/1787\/revisions\/1892"}],"wp:attachment":[{"href":"https:\/\/www.univ-oeb.dz\/vrlex\/wp-json\/wp\/v2\/media?parent=1787"}],"curies":[{"name":"wp","href":"https:\/\/api.w.org\/{rel}","templated":true}]}}