{"id":1571,"date":"2019-09-26T11:31:31","date_gmt":"2019-09-26T10:31:31","guid":{"rendered":"http:\/\/www.univ-oeb.dz\/vrlex\/?page_id=1571"},"modified":"2021-06-03T10:24:50","modified_gmt":"2021-06-03T09:24:50","slug":"international-partnership","status":"publish","type":"page","link":"https:\/\/www.univ-oeb.dz\/vrlex\/international-partnership\/","title":{"rendered":"International Partnership"},"content":{"rendered":"\n<table id=\"tablepress-2\" class=\"tablepress tablepress-id-2\">\n<tbody class=\"row-striping row-hover\">\n<tr class=\"row-1\">\n\t<td class=\"column-1\"><font color=\"green\"><font size=\"+2\">Libye<\/font> <\/font><\/td><td class=\"column-2\"><strong>Langue<\/strong><\/td><td class=\"column-3\"><strong>Langue<\/strong><\/td><td class=\"column-4\"><strong>Langue<\/strong><\/td><td class=\"column-5\"><strong>Date<\/strong><\/td>\n<\/tr>\n<tr class=\"row-2\">\n\t<td class=\"column-1\">Universit\u00e9 de Sabratha<\/td><td class=\"column-2\"><\/td><td class=\"column-3\"><\/td><td class=\"column-4\"><a href=\"https:\/\/www.univ-oeb.dz\/vrlex\/wp-content\/uploads\/2025\/02\/Libye-sabratha.pdf\" target=\"_blank\">Ar<\/a><\/td><td class=\"column-5\">04\/02\/2025<\/td>\n<\/tr>\n<tr class=\"row-3\">\n\t<td class=\"column-1\"><font color=\"green\"><font size=\"+2\">Hongrie<\/font> <\/font><\/td><td class=\"column-2\"><\/td><td class=\"column-3\"><\/td><td class=\"column-4\"><\/td><td class=\"column-5\"><\/td>\n<\/tr>\n<tr class=\"row-4\">\n\t<td class=\"column-1\">University of Debrecen<\/td><td class=\"column-2\"><\/td><td class=\"column-3\"><a href=\"https:\/\/www.univ-oeb.dz\/vrlex\/wp-content\/uploads\/2024\/05\/Convention-hungary.pdf\" rel=\"noopener\" target=\"_blank\">Fr<\/a><\/td><td class=\"column-4\"><\/td><td class=\"column-5\">23\/04\/2024<\/td>\n<\/tr>\n<tr class=\"row-5\">\n\t<td class=\"column-1\">  <font color=\"green\"><font size=\"+2\">Russie<\/font> <\/font> <\/td><td class=\"column-2\"><\/td><td class=\"column-3\"><\/td><td class=\"column-4\"><\/td><td class=\"column-5\"><\/td>\n<\/tr>\n<tr class=\"row-6\">\n\t<td class=\"column-1\">The State Educational Institution of Higher Education in the Moscow Region \"The State University of Humanities and Technology\" (GGTU)<br \/>\nThe Russian Federation<\/td><td class=\"column-2\"><a href=\"https:\/\/www.univ-oeb.dz\/vrlex\/wp-content\/uploads\/2024\/06\/Convention-russian-federation.pdf\" rel=\"noopener\" target=\"_blank\">En<\/a><\/td><td class=\"column-3\"><\/td><td class=\"column-4\"><a href=\"https:\/\/www.univ-oeb.dz\/vrlex\/wp-content\/uploads\/2024\/10\/Convention-Russia-GGTU.pdf\" rel=\"noopener\" target=\"_blank\">Ru<\/a><\/td><td class=\"column-5\">15\/06\/2024<\/td>\n<\/tr>\n<tr class=\"row-7\">\n\t<td class=\"column-1\">Saint Petersburg Univrsity-Russian Federation<\/td><td class=\"column-2\"><a href=\"http:\/\/www.univ-oeb.dz\/vrlex\/wp-content\/uploads\/2023\/09\/Agreement-for-cooperation.pdf\" rel=\"noopener\" target=\"_blank\">En<\/a><\/td><td class=\"column-3\"><\/td><td class=\"column-4\"><a href=\"http:\/\/www.univ-oeb.dz\/vrlex\/wp-content\/uploads\/2023\/09\/Agreement-for-cooperation-rus.pdf\" rel=\"noopener\" target=\"_blank\">Ru<\/a><\/td><td class=\"column-5\">11\/09\/2023<\/td>\n<\/tr>\n<tr class=\"row-8\">\n\t<td class=\"column-1\">Ural Federal University<\/td><td class=\"column-2\"><a href=\"http:\/\/www.univ-oeb.dz\/vrlex\/wp-content\/uploads\/2023\/09\/MoU-UrFU-Oum-El-Bouaghi-Eng.pdf\" rel=\"noopener\" target=\"_blank\">En<\/a><\/td><td class=\"column-3\"><\/td><td class=\"column-4\"><a href=\"http:\/\/www.univ-oeb.dz\/vrlex\/wp-content\/uploads\/2023\/09\/MoU-UrFU-Oum-El-Bouaghi-Rus.pdf\" rel=\"noopener\" target=\"_blank\">Ru<\/a><\/td><td class=\"column-5\">14\/08\/2023<\/td>\n<\/tr>\n<tr class=\"row-9\">\n\t<td class=\"column-1\">  <font color=\"green\"><font size=\"+2\">Allemagne<\/font> <\/font> <\/td><td class=\"column-2\"><\/td><td class=\"column-3\"><\/td><td class=\"column-4\"><\/td><td class=\"column-5\"><\/td>\n<\/tr>\n<tr class=\"row-10\">\n\t<td class=\"column-1\">Universit\u00e9 Rostock<\/td><td class=\"column-2\"><\/td><td class=\"column-3\"><a href=\"http:\/\/www.univ-oeb.dz\/vrlex\/wp-content\/uploads\/2022\/02\/Rostock-convention.pdf\" rel=\"noopener\" target=\"_blank\">Fr<\/a><\/td><td class=\"column-4\"><\/td><td class=\"column-5\">03\/01\/2022<\/td>\n<\/tr>\n<tr class=\"row-11\">\n\t<td class=\"column-1\">DEUTSCHE GESELLSCHAFT FUR INTERNATIONALE ZUSAMMENARBEIT (GIZ) ALGER<\/td><td class=\"column-2\"><\/td><td class=\"column-3\"><a href=\"http:\/\/www.univ-oeb.dz\/vrlex\/wp-content\/uploads\/2021\/04\/convention-oeb-giz.pdf\" rel=\"noopener\" target=\"_blank\">Fr<\/a><\/td><td class=\"column-4\"><\/td><td class=\"column-5\">19\/04\/2021<\/td>\n<\/tr>\n<tr class=\"row-12\">\n\t<td class=\"column-1\">DBFZ Deutsches Biomasseforschungszentrum gemeinn\u00fctzige GmbH<\/td><td class=\"column-2\"><a href=\"http:\/\/www.univ-oeb.dz\/vrlex\/wp-content\/uploads\/2018\/11\/Conventions-Partenariat-international\/Allemagne\/Convention%20DBFZ.PDF\">En<\/a><\/td><td class=\"column-3\"><\/td><td class=\"column-4\"><\/td><td class=\"column-5\">20\/12\/2017<\/td>\n<\/tr>\n<tr class=\"row-13\">\n\t<td class=\"column-1\"> <font color=\"green\"><font size=\"+2\">France <\/font> <\/font> <\/td><td class=\"column-2\"><\/td><td class=\"column-3\"><\/td><td class=\"column-4\"><\/td><td class=\"column-5\"><\/td>\n<\/tr>\n<tr class=\"row-14\">\n\t<td class=\"column-1\">L'Institut Euro-M\u00e9diterran\u00e9en de la formation contunie-Marseille, France<\/td><td class=\"column-2\"><\/td><td class=\"column-3\"><a href=\"http:\/\/www.univ-oeb.dz\/vrlex\/wp-content\/uploads\/2022\/10\/LInstitut-Euro-M\u00e9diterran\u00e9en-de-la-formation-contunie-Marseille-France.pdf\" rel=\"noopener\" target=\"_blank\">Fr<\/a><\/td><td class=\"column-4\"><\/td><td class=\"column-5\">17\/10\/2022<\/td>\n<\/tr>\n<tr class=\"row-15\">\n\t<td class=\"column-1\">L\u2019Universit\u00e9 d\u2019Angers<br \/>\nL\u2019Institut National de la Recherche Agronomique INRA<br \/>\nL\u2019universit\u00e9 de Cergy-Pontoise (Nouveau)<br \/>\nL\u2019Universit\u00e9 de Cergy-Pontoise (Ancien)<br \/>\nL\u2019Universit\u00e9 Grenoble Alpes<br \/>\nL\u2019Universit\u00e9 Haute Alsace<br \/>\nL\u2019Universit\u00e9 de Nime<br \/>\nL\u2019Universit\u00e9 de Paris 13<br \/>\nL\u2019Universit\u00e9 de Paris Est<br \/>\nL\u2019Universit\u00e9 de Paris Sud<br \/>\nL\u2019Universit\u00e9 de Valenciennes et du Hainaut-Cambr\u00e9sis<br \/>\nL\u2019Intitut National Polytechnique de Toulouse<br \/>\nL\u2019 Universit\u00e9 de CAEN Basse-Normandie<br \/>\nInstitut National des Langues et Civilisation Orientale (INALCO)<\/td><td class=\"column-2\"><\/td><td class=\"column-3\"><a href=\"http:\/\/www.univ-oeb.dz\/vrlex\/wp-content\/uploads\/2018\/11\/Conventions-Partenariat-international\/France\/Convention%20univ%20angers.PDF\">Fr<\/a><br \/>\n<a href=\"http:\/\/www.univ-oeb.dz\/vrlex\/wp-content\/uploads\/2018\/11\/Conventions-Partenariat-international\/France\/Centre%20dec%20recherche%20INRA-PACA.PDF\">Fr<\/a><br \/>\n<a href=\"http:\/\/www.univ-oeb.dz\/vrlex\/wp-content\/uploads\/2018\/11\/Conventions-Partenariat-international\/France\/Convention%20univ%20Cergy-Pontoise.PDF\">Fr<\/a><br \/>\n<a href=\"http:\/\/www.univ-oeb.dz\/vrlex\/wp-content\/uploads\/2018\/11\/Conventions-Partenariat-international\/France\/Convention%20univ%20Cergy-Pontoise%20sign%C3%A9.PDF\">Fr<\/a><br \/>\n<a href=\"http:\/\/www.univ-oeb.dz\/vrlex\/wp-content\/uploads\/2018\/11\/Conventions-Partenariat-international\/France\/Convention%20univ%20Grenoble%20Alpes.PDF\">Fr<\/a><br \/>\n<a href=\"http:\/\/www.univ-oeb.dz\/vrlex\/wp-content\/uploads\/2018\/11\/Conventions-Partenariat-international\/France\/Convention%20univ%20Haute-Alsace.PDF\">Fr<\/a><br \/>\n<a href=\"http:\/\/www.univ-oeb.dz\/vrlex\/wp-content\/uploads\/2018\/11\/Conventions-Partenariat-international\/France\/Convention%20univ%20Nimes.PDF\">Fr<\/a><br \/>\n<a href=\"http:\/\/www.univ-oeb.dz\/vrlex\/wp-content\/uploads\/2018\/11\/Conventions-Partenariat-international\/France\/Convention%20univ%20Paris13.PDF\">Fr<\/a><br \/>\n<a href=\"http:\/\/www.univ-oeb.dz\/vrlex\/wp-content\/uploads\/2018\/11\/Conventions-Partenariat-international\/France\/Convention%20univ%20Paris-Est.PDF\">Fr<\/a><br \/>\n<a href=\"http:\/\/www.univ-oeb.dz\/vrlex\/wp-content\/uploads\/2018\/11\/Conventions-Partenariat-international\/France\/Convention%20univ%20Paris-Sud.PDF\">Fr<\/a><br \/>\n<a href=\"http:\/\/www.univ-oeb.dz\/vrlex\/wp-content\/uploads\/2018\/11\/Conventions-Partenariat-international\/France\/Convention%20univ%20Valenciennes.PDF\">Fr<\/a><br \/>\n<a href=\"http:\/\/www.univ-oeb.dz\/vrlex\/wp-content\/uploads\/2018\/11\/Conventions-Partenariat-international\/France\/Institut%20national%20polytechnique%20de%20toulouse.PDF\">Fr<\/a><br \/>\n<a href=\"http:\/\/www.univ-oeb.dz\/vrlex\/wp-content\/uploads\/2018\/11\/Conventions-Partenariat-international\/France\/universit%C3%A9%20de%20Caen%20Basse%20normandie.PDF\">Fr<\/a><br \/>\n<a href=\"http:\/\/www.univ-oeb.dz\/vrlex\/wp-content\/uploads\/2019\/09\/Convention-INALCO.pdf\" rel=\"noopener\" target=\"_blank\">Fr<\/a><\/td><td class=\"column-4\"><\/td><td class=\"column-5\">23\/10\/2017<br \/>\n21\/10\/2012<br \/>\n25\/07\/2017<br \/>\n04\/07\/2012<br \/>\n02\/02\/2015<br \/>\n07\/11\/2016<br \/>\n01\/07\/2015<br \/>\n11\/04\/2017<br \/>\n02\/02\/2015<br \/>\n10\/07\/2014<br \/>\n05\/04\/2012<br \/>\n14\/02\/2011<br \/>\n17\/07\/2011<br \/>\n01\/08\/2018<\/td>\n<\/tr>\n<tr class=\"row-16\">\n\t<td class=\"column-1\">  <font color=\"green\"><font size=\"+2\">Soudan<\/font> <\/font> <\/td><td class=\"column-2\"><\/td><td class=\"column-3\"><\/td><td class=\"column-4\"><\/td><td class=\"column-5\"><\/td>\n<\/tr>\n<tr class=\"row-17\">\n\t<td class=\"column-1\">Universit\u00e9 Dalanj <\/td><td class=\"column-2\"><\/td><td class=\"column-3\"><\/td><td class=\"column-4\"><a href=\"http:\/\/www.univ-oeb.dz\/vrlex\/wp-content\/uploads\/2022\/12\/\u0625\u062a\u0641\u0627\u0642\u064a\u0629-\u0627\u0644\u0633\u0648\u062f\u0627\u0646-\u0627\u0644\u062f\u0644\u0646\u062c.pdf\" rel=\"noopener\" target=\"_blank\">Ar<\/a><\/td><td class=\"column-5\">24\/11\/2022<\/td>\n<\/tr>\n<tr class=\"row-18\">\n\t<td class=\"column-1\"> <font color=\"green\"><font size=\"+2\">Jordanie <\/font> <\/font> <\/td><td class=\"column-2\"><\/td><td class=\"column-3\"><\/td><td class=\"column-4\"><\/td><td class=\"column-5\"><\/td>\n<\/tr>\n<tr class=\"row-19\">\n\t<td class=\"column-1\">Le Centre G\u00e9ographique Royal de Jordanie<br \/>\nL\u2019Universit\u00e9 des Sciences et Technologies de Jordanie<\/td><td class=\"column-2\"><\/td><td class=\"column-3\"><\/td><td class=\"column-4\"><a href=\"http:\/\/www.univ-oeb.dz\/vrlex\/wp-content\/uploads\/2018\/11\/Conventions-Partenariat-international\/Jordanie\/Convention%20Centre%20geographique%20royale.PDF\">Ar<\/a><br \/>\n<a href=\"http:\/\/www.univ-oeb.dz\/vrlex\/wp-content\/uploads\/2018\/11\/Conventions-Partenariat-international\/Jordanie\/Convention%20Univ%20Sci-Tech%20Jordanie.PDF\">Ar<\/a><\/td><td class=\"column-5\">30\/07\/2017<br \/>\n06\/08\/2014<\/td>\n<\/tr>\n<tr class=\"row-20\">\n\t<td class=\"column-1\"><font color=\"green\"><font size=\"+2\">Canada  <\/font> <\/font> <\/td><td class=\"column-2\"><\/td><td class=\"column-3\"><\/td><td class=\"column-4\"><\/td><td class=\"column-5\"><\/td>\n<\/tr>\n<tr class=\"row-21\">\n\t<td class=\"column-1\">L\u2019Universit\u00e9 du Qu\u00e9bec \u00e0 Montr\u00e9al<br \/>\nL\u2019Universit\u00e9 du Qu\u00e9bec en Abitibi-T\u00e9miscamingue<\/td><td class=\"column-2\"><\/td><td class=\"column-3\"><a href=\"http:\/\/www.univ-oeb.dz\/vrlex\/wp-content\/uploads\/2018\/11\/Conventions-Partenariat-international\/Canada\/Convention%20univ%20Qu%C3%A9bec(Canada)UQAM.PDF\">Fr<\/a><br \/>\n<a href=\"http:\/\/www.univ-oeb.dz\/vrlex\/wp-content\/uploads\/2018\/11\/Conventions-Partenariat-international\/Canada\/Convention%20univ%20Qu%C3%A9bec(Canada)UQAT.PDF\">Fr<\/a><\/td><td class=\"column-4\"><\/td><td class=\"column-5\">23\/01\/2017<br \/>\n02\/02\/2011<\/td>\n<\/tr>\n<tr class=\"row-22\">\n\t<td class=\"column-1\"><font color=\"green\"><font size=\"+2\">Italie<\/font> <\/font> <\/td><td class=\"column-2\"><\/td><td class=\"column-3\"><\/td><td class=\"column-4\"><\/td><td class=\"column-5\"><\/td>\n<\/tr>\n<tr class=\"row-23\">\n\t<td class=\"column-1\">L\u2019Universit\u00e9 de Rome Tor Vergata<\/td><td class=\"column-2\"><\/td><td class=\"column-3\"><a href=\"http:\/\/www.univ-oeb.dz\/vrlex\/wp-content\/uploads\/2018\/11\/Conventions-Partenariat-international\/Italie\/Convention%20Univ%20Tor%20Vergata(Rome).PDF\">Fr<\/a><\/td><td class=\"column-4\"><\/td><td class=\"column-5\">02\/02\/2011<\/td>\n<\/tr>\n<tr class=\"row-24\">\n\t<td class=\"column-1\">L\u2019Universit\u00e9 de Naples Federico II<\/td><td class=\"column-2\"><a href=\"http:\/\/www.univ-oeb.dz\/vrlex\/wp-content\/uploads\/2018\/11\/Conventions-Partenariat-international\/Italie\/Convention%20univ%20Napoli%20Federico%20II(Italie).PDF\">En<\/a><\/td><td class=\"column-3\"><\/td><td class=\"column-4\"><\/td><td class=\"column-5\">19\/07\/2016<br \/>\n<\/td>\n<\/tr>\n<tr class=\"row-25\">\n\t<td class=\"column-1\"> <font color=\"green\"><font size=\"+2\">Roumanie<\/font> <\/font> <\/td><td class=\"column-2\"><\/td><td class=\"column-3\"><\/td><td class=\"column-4\"><\/td><td class=\"column-5\"><\/td>\n<\/tr>\n<tr class=\"row-26\">\n\t<td class=\"column-1\">L\u2019Universit\u00e9 de Craiova Roumanie<\/td><td class=\"column-2\"><\/td><td class=\"column-3\"><a href=\"http:\/\/www.univ-oeb.dz\/vrlex\/wp-content\/uploads\/2018\/11\/Conventions-Partenariat-international\/Roumanie\/Convention%20univ%20Craoiva(Roumanie).PDF\">Fr<\/a><\/td><td class=\"column-4\"><\/td><td class=\"column-5\">08\/07\/2014<\/td>\n<\/tr>\n<tr class=\"row-27\">\n\t<td class=\"column-1\"> <font color=\"green\"><font size=\"+2\">Tunisie <\/font> <\/font> <\/td><td class=\"column-2\"><\/td><td class=\"column-3\"><\/td><td class=\"column-4\"><\/td><td class=\"column-5\"><\/td>\n<\/tr>\n<tr class=\"row-28\">\n\t<td class=\"column-1\">Institut des Hautes Etudes de Sousse<br \/>\n <br \/>\nUniversit\u00e9 de Sousse<br \/>\n<br \/>\nUniversit\u00e9 El Manar<br \/>\n<br \/>\nAccord de Coop\u00e9ration Internationale 5\/5:<br \/>\n  L\u2019Universit\u00e9 de Tunis El Manar,<br \/>\n  L\u2019Universit\u00e9 de Kairouan,<br \/>\n  L\u2019Universit\u00e9 de Gafsa,<br \/>\n  L\u2019Universit\u00e9 de Jendouba,<br \/>\n  L\u2019Universit\u00e9 de Carthage<br \/>\nL\u2019Universit\u00e9 de Kairouan<br \/>\nL\u2019Universit\u00e9 de Gafsa<\/td><td class=\"column-2\"><\/td><td class=\"column-3\"><a href=\"https:\/\/www.univ-oeb.dz\/vrlex\/wp-content\/uploads\/2024\/08\/Convention-avec-linstitut-de-sousse.pdf\" rel=\"noopener\" target=\"_blank\">Fr<\/a><br \/>\n<br \/>\n<br \/>\n<br \/>\n<br \/>\n<br \/>\n<br \/>\n<a href=\"http:\/\/www.univ-oeb.dz\/vrlex\/wp-content\/uploads\/2018\/11\/Conventions-Partenariat-international\/Tunisie\/Convention5+5TUNISIE.PDF\">Fr<\/a><\/td><td class=\"column-4\"><br \/>\n<br \/>\n<a href=\"http:\/\/www.univ-oeb.dz\/vrlex\/wp-content\/uploads\/2023\/05\/PV-05082023.pdf\" rel=\"noopener\" target=\"_blank\">Ar<\/a><br \/>\n<br \/>\n<a href=\"http:\/\/www.univ-oeb.dz\/vrlex\/wp-content\/uploads\/2023\/05\/Manar05082023.pdf\" rel=\"noopener\" target=\"_blank\">Ar<\/a><br \/>\n<br \/>\n<br \/>\n<br \/>\n<a href=\"http:\/\/www.univ-oeb.dz\/vrlex\/wp-content\/uploads\/2018\/11\/Conventions-Partenariat-international\/Tunisie\/Convention-univ-Gafsa.PDF\">Ar<\/a><\/td><td class=\"column-5\">27\/07\/2024<br \/>\n<br \/>\n07\/05\/2023<br \/>\n<br \/>\n07\/05\/2023<br \/>\n<br \/>\n03\/10\/2013<br \/>\n<br \/>\n11\/04\/2012<\/td>\n<\/tr>\n<tr class=\"row-29\">\n\t<td class=\"column-1\"> <font color=\"green\"><font size=\"+2\">Turquie<\/font> <\/font> <\/td><td class=\"column-2\"><\/td><td class=\"column-3\"><\/td><td class=\"column-4\"><\/td><td class=\"column-5\"><\/td>\n<\/tr>\n<tr class=\"row-30\">\n\t<td class=\"column-1\">Centre Yildiz de formation et d\u2019\u00e9ducation <br \/>\nL\u2019Universit\u00e9 d\u2019Abant  <br \/>\nIzzet Baysal<br \/>\nL\u2019Universit\u00e9 de Bartin<br \/>\nL\u2019Universit\u00e9 de Cankiri Karatekin<br \/>\nL\u2019Universit\u00e9 de Dicle<br \/>\nL\u2019Universit\u00e9 de Kahramanmars Sutcu Imam<br \/>\nAksaray University<\/td><td class=\"column-2\"><br \/>\n<a href=\"http:\/\/www.univ-oeb.dz\/vrlex\/wp-content\/uploads\/2018\/11\/Conventions-Partenariat-international\/Turquie\/Convention%20univ%20Abant%20Izzet%20Baysal.PDF\">En<\/a><br \/>\n<a href=\"http:\/\/www.univ-oeb.dz\/vrlex\/wp-content\/uploads\/2018\/11\/Conventions-Partenariat-international\/Turquie\/Convention%20univ%20Bartin%20Turquie.PDF\">En<\/a><br \/>\n<a href=\"http:\/\/www.univ-oeb.dz\/vrlex\/wp-content\/uploads\/2018\/11\/Conventions-Partenariat-international\/Turquie\/Convention%20univ%20Cankiri%20Karatekin%20Turquie.PDF\">En<\/a><br \/>\n<a href=\"http:\/\/www.univ-oeb.dz\/vrlex\/wp-content\/uploads\/2018\/11\/Conventions-Partenariat-international\/Turquie\/Convention%20univ%20Dicle.PDF\">En<\/a><br \/>\n<a href=\"http:\/\/www.univ-oeb.dz\/vrlex\/wp-content\/uploads\/2018\/11\/Conventions-Partenariat-international\/Turquie\/Convention%20univ%20Kahramanmars%20Sutcu%20Imam(Turquie).PDF\">En<\/a><br \/>\n<a href=\"http:\/\/www.univ-oeb.dz\/vrlex\/wp-content\/uploads\/2023\/04\/Aksaray-University.pdf\" rel=\"noopener\" target=\"_blank\">En<\/a><\/td><td class=\"column-3\"><\/td><td class=\"column-4\"><a href=\"http:\/\/www.univ-oeb.dz\/vrlex\/wp-content\/uploads\/2024\/01\/Convention-Yaldiz-Turquie.pdf\" rel=\"noopener\" target=\"_blank\">Ar<\/a><\/td><td class=\"column-5\">10\/01\/2024<br \/>\n2013<br \/>\n18\/04\/2016<br \/>\n04\/01\/2015<br \/>\n01\/09\/2015<br \/>\n26\/05\/2014<br \/>\n23\/04\/2023<\/td>\n<\/tr>\n<tr class=\"row-31\">\n\t<td class=\"column-1\"> <font color=\"green\"><font size=\"+2\">Ukraine<\/font> <\/font> <\/td><td class=\"column-2\"><\/td><td class=\"column-3\"><\/td><td class=\"column-4\"><\/td><td class=\"column-5\"><\/td>\n<\/tr>\n<tr class=\"row-32\">\n\t<td class=\"column-1\">L\u2019Universit\u00e9 Nationale Taras Shevchenko de Kiev<\/td><td class=\"column-2\"><a href=\"http:\/\/www.univ-oeb.dz\/vrlex\/wp-content\/uploads\/2018\/11\/Conventions-Partenariat-international\/Ukraine\/Convention%20Univ%20Kiev(Ukraine).PDF\">En<\/a><\/td><td class=\"column-3\"><\/td><td class=\"column-4\"><\/td><td class=\"column-5\">18\/02\/2013<\/td>\n<\/tr>\n<tr class=\"row-33\">\n\t<td class=\"column-1\"> <font color=\"green\"><font size=\"+2\">Finland<\/font> <\/font> <\/td><td class=\"column-2\"><\/td><td class=\"column-3\"><\/td><td class=\"column-4\"><\/td><td class=\"column-5\"><\/td>\n<\/tr>\n<tr class=\"row-34\">\n\t<td class=\"column-1\">L\u2019Universit\u00e9 de Vaasa<\/td><td class=\"column-2\"><a href=\"http:\/\/www.univ-oeb.dz\/vrlex\/wp-content\/uploads\/2018\/11\/Conventions-Partenariat-international\/Finland\/Convention%20Univ%20Vaasa(Finland).PDF\">En<\/a><\/td><td class=\"column-3\"><\/td><td class=\"column-4\"><\/td><td class=\"column-5\">16\/02\/2012<\/td>\n<\/tr>\n<tr class=\"row-35\">\n\t<td class=\"column-1\"> <font color=\"green\"><font size=\"+2\">Syrie <\/font> <\/font> <\/td><td class=\"column-2\"><\/td><td class=\"column-3\"><\/td><td class=\"column-4\"><\/td><td class=\"column-5\"><\/td>\n<\/tr>\n<tr class=\"row-36\">\n\t<td class=\"column-1\">L\u2019Universit\u00e9 Al-Furat <br \/>\nL\u2019Universit\u00e9 de Damas<br \/>\nL\u2019Universit\u00e9 Al-Baath de Homs<br \/>\nL\u2019Universit\u00e9 de Tichrine<br \/>\nL\u2019Universit\u00e9 d\u2019Alep<\/td><td class=\"column-2\"><\/td><td class=\"column-3\"><\/td><td class=\"column-4\"><a href=\"http:\/\/www.univ-oeb.dz\/vrlex\/wp-content\/uploads\/2018\/11\/Conventions-Partenariat-international\/Syrie\/Convention-univ-El-Furat.PDF\">Ar<\/a><br \/>\n<a href=\"http:\/\/www.univ-oeb.dz\/vrlex\/wp-content\/uploads\/2018\/11\/Conventions-Partenariat-international\/Syrie\/Convention-univ-Damas.PDF\">Ar<\/a><br \/>\n<a href=\"http:\/\/www.univ-oeb.dz\/vrlex\/wp-content\/uploads\/2018\/11\/Conventions-Partenariat-international\/Syrie\/Convention-univ-Al-Baath-Homs.PDF\">Ar<\/a><br \/>\n<a href=\"http:\/\/www.univ-oeb.dz\/vrlex\/wp-content\/uploads\/2018\/11\/Conventions-Partenariat-international\/Syrie\/Convention-univ-Tichrine.PDF\">Ar<\/a><br \/>\n<a href=\"http:\/\/www.univ-oeb.dz\/vrlex\/wp-content\/uploads\/2018\/11\/Conventions-Partenariat-international\/Syrie\/Convention-univ-Alep.PDF\">Ar<\/a><\/td><td class=\"column-5\">13\/03\/2010<br \/>\n13\/03\/2010<br \/>\n13\/03\/2010<br \/>\n13\/03\/2010<br \/>\n13\/03\/2010<\/td>\n<\/tr>\n<tr class=\"row-37\">\n\t<td class=\"column-1\"> <font color=\"green\"><font size=\"+2\">USA<\/font> <\/font> <\/td><td class=\"column-2\"><\/td><td class=\"column-3\"><\/td><td class=\"column-4\"><\/td><td class=\"column-5\"><\/td>\n<\/tr>\n<tr class=\"row-38\">\n\t<td class=\"column-1\">Florida International University<\/td><td class=\"column-2\"><a href=\"http:\/\/www.univ-oeb.dz\/vrlex\/wp-content\/uploads\/2020\/10\/MOU_UOEB-and-FIU_22-02-2020.pdf\">En<\/a><\/td><td class=\"column-3\"><\/td><td class=\"column-4\"><\/td><td class=\"column-5\">20\/02\/2020<\/td>\n<\/tr>\n<\/tbody>\n<\/table>\n<!-- #tablepress-2 from cache -->\n","protected":false},"excerpt":{"rendered":"","protected":false},"author":2,"featured_media":0,"parent":0,"menu_order":0,"comment_status":"closed","ping_status":"closed","template":"","meta":{"_monsterinsights_skip_tracking":false,"_monsterinsights_sitenote_active":false,"_monsterinsights_sitenote_note":"","_monsterinsights_sitenote_category":0,"footnotes":""},"class_list":["post-1571","page","type-page","status-publish","hentry"],"amp_enabled":true,"_links":{"self":[{"href":"https:\/\/www.univ-oeb.dz\/vrlex\/wp-json\/wp\/v2\/pages\/1571","targetHints":{"allow":["GET"]}}],"collection":[{"href":"https:\/\/www.univ-oeb.dz\/vrlex\/wp-json\/wp\/v2\/pages"}],"about":[{"href":"https:\/\/www.univ-oeb.dz\/vrlex\/wp-json\/wp\/v2\/types\/page"}],"author":[{"embeddable":true,"href":"https:\/\/www.univ-oeb.dz\/vrlex\/wp-json\/wp\/v2\/users\/2"}],"replies":[{"embeddable":true,"href":"https:\/\/www.univ-oeb.dz\/vrlex\/wp-json\/wp\/v2\/comments?post=1571"}],"version-history":[{"count":2,"href":"https:\/\/www.univ-oeb.dz\/vrlex\/wp-json\/wp\/v2\/pages\/1571\/revisions"}],"predecessor-version":[{"id":3790,"href":"https:\/\/www.univ-oeb.dz\/vrlex\/wp-json\/wp\/v2\/pages\/1571\/revisions\/3790"}],"wp:attachment":[{"href":"https:\/\/www.univ-oeb.dz\/vrlex\/wp-json\/wp\/v2\/media?parent=1571"}],"curies":[{"name":"wp","href":"https:\/\/api.w.org\/{rel}","templated":true}]}}