{"id":153,"date":"2018-11-12T08:48:36","date_gmt":"2018-11-12T07:48:36","guid":{"rendered":"http:\/\/www.univ-oeb.dz\/vrlex\/?page_id=153"},"modified":"2019-07-22T09:59:14","modified_gmt":"2019-07-22T08:59:14","slug":"formulaire-a-telecharger","status":"publish","type":"page","link":"https:\/\/www.univ-oeb.dz\/vrlex\/formulaire-a-telecharger\/","title":{"rendered":"Formulaires \u00e0 t\u00e9l\u00e9charger"},"content":{"rendered":"\r\n<h2 class=\"wp-block-heading\"><span style=\"color: #993300;\">PNE<\/span><\/h2>\r\n\r\n\r\n\r\n\r\n\n<table id=\"tablepress-7\" class=\"tablepress tablepress-id-7\">\n<tbody class=\"row-striping row-hover\">\n<tr class=\"row-1\">\n\t<td class=\"column-1\">Appel \u00e0 Candidature PROFAS B+_UOEB-2019<\/td><td class=\"column-2\"><a href=\"http:\/\/www.univ-oeb.dz\/vrlex\/wp-content\/uploads\/2019\/03\/Appel-%C3%A0-Candidature-PROFAS-B_UOEB-2019.pdf\">Fr<\/a><\/td>\n<\/tr>\n<tr class=\"row-2\">\n\t<td class=\"column-1\">Appel \u00e0 Candidature PROFAS B+ 2019<\/td><td class=\"column-2\"><a href=\"http:\/\/www.univ-oeb.dz\/vrlex\/wp-content\/uploads\/2019\/03\/Appel-%C3%A0-candidatures_PROFAS-B_2019.pdf\">Fr<\/a><\/td>\n<\/tr>\n<tr class=\"row-3\">\n\t<td class=\"column-1\">Formulaire de Candidature PROFAS B+_2019<\/td><td class=\"column-2\"><a href=\"http:\/\/www.univ-oeb.dz\/vrlex\/wp-content\/uploads\/2019\/03\/Formulaire-de-candidature_PROFAS-B_2019.docx\">Fr<\/a><\/td>\n<\/tr>\n<tr class=\"row-4\">\n\t<td class=\"column-1\">Lettre d\u2019Accueil pour un Co-encadrement PROFAS B+_2019<\/td><td class=\"column-2\"><a href=\"http:\/\/www.univ-oeb.dz\/vrlex\/wp-content\/uploads\/2019\/03\/Lettre-daccueil_pour-co-encadrement_PROFAS-B_2019.docx\">Fr<\/a><\/td>\n<\/tr>\n<tr class=\"row-5\">\n\t<td class=\"column-1\">Engagement-Convention de Cotutelle de Th\u00e8se PROFAS B+_2019<\/td><td class=\"column-2\"><a href=\"http:\/\/www.univ-oeb.dz\/vrlex\/wp-content\/uploads\/2019\/03\/Engagement-convention-de-cotutelle_PROFAS-B_2019.docx\">Fr<\/a><\/td>\n<\/tr>\n<tr class=\"row-6\">\n\t<td class=\"column-1\">Attestation d\u2019Engagement PROFAS B+_2019<\/td><td class=\"column-2\"><a href=\"http:\/\/www.univ-oeb.dz\/vrlex\/wp-content\/uploads\/2019\/03\/Attestation-dengagement_PROFAS-B_2019.docx\">Fr<\/a><\/td>\n<\/tr>\n<tr class=\"row-7\">\n\t<td class=\"column-1\">Attestation de non-exercice d\u2019une activit\u00e9 r\u00e9mun\u00e9r\u00e9e<\/td><td class=\"column-2\"><a href=\"http:\/\/www.univ-oeb.dz\/vrlex\/wp-content\/uploads\/2019\/03\/Attestation-de-non-activite_PROFAS-B_2019.docx\">Fr<\/a><\/td>\n<\/tr>\n<tr class=\"row-8\">\n\t<td class=\"column-1\">Imprim\u00e9 de Demande de Bourse<\/td><td class=\"column-2\"><a href=\"http:\/\/www.univ-oeb.dz\/vrlex\/wp-content\/uploads\/2019\/03\/Imprim%C3%A9-de-Demande-de-Bourse.pdf\">Fr<\/a><\/td>\n<\/tr>\n<tr class=\"row-9\">\n\t<td class=\"column-1\">Fiche de Contr\u00f4le de Dossier du Candidat PROFAS B+_2019<\/td><td class=\"column-2\"><a href=\"http:\/\/www.univ-oeb.dz\/vrlex\/wp-content\/uploads\/2019\/03\/Fiche-de-contr%C3%B4le-de-dossier-du-candidat-PROFAS-B-2019-2020.doc\">Fr<\/a><\/td>\n<\/tr>\n<\/tbody>\n<\/table>\n\r\n\r\n\r\n\r\n\n<table id=\"tablepress-5\" class=\"tablepress tablepress-id-5\">\n<tbody class=\"row-striping row-hover\">\n<tr class=\"row-1\">\n\t<td class=\"column-1\">CANEVAS de Candidature \u2013 2019<\/td><td class=\"column-2\"><a href=\"http:\/\/www.univ-oeb.dz\/vrlex\/wp-content\/uploads\/2019\/02\/Canevas-de-candidature-2019-2020-Fr.docx\">Fr<\/a><\/td><td class=\"column-3\"><a href=\"http:\/\/www.univ-oeb.dz\/vrlex\/wp-content\/uploads\/2019\/02\/Canevas-de-candidature-2019-2020-Ar.docx\">Ar<\/a><\/td>\n<\/tr>\n<tr class=\"row-2\">\n\t<td class=\"column-1\">Imprim\u00e9 de Demande de Bourse<\/td><td class=\"column-2\"><a href=\"http:\/\/www.univ-oeb.dz\/vrlex\/wp-content\/uploads\/2019\/02\/Imprim%C3%A9-de-Demande-de-Bourse.pdf\">Fr<\/a><\/td><td class=\"column-3\"><\/td>\n<\/tr>\n<tr class=\"row-3\">\n\t<td class=\"column-1\">Etat d\u2019avancement des travaux en (%) \u2013 2019<\/td><td class=\"column-2\"><a href=\"http:\/\/www.univ-oeb.dz\/vrlex\/wp-content\/uploads\/2019\/02\/Etat-d'Avancement-des-Travaux-Fr.doc\">Fr<\/a><\/td><td class=\"column-3\"><a href=\"http:\/\/www.univ-oeb.dz\/vrlex\/wp-content\/uploads\/2019\/02\/Etat-d'Avancement-des-Travaux-Ar.docx\">Ar<\/a><\/td>\n<\/tr>\n<tr class=\"row-4\">\n\t<td class=\"column-1\">Grille de S\u00e9lection_PNE \u2013 2019<\/td><td class=\"column-2\"><a href=\"http:\/\/www.univ-oeb.dz\/vrlex\/wp-content\/uploads\/2019\/02\/Grille-de-S%C3%A9lection_P.N.E.doc\">Fr<\/a><\/td><td class=\"column-3\"><\/td>\n<\/tr>\n<tr class=\"row-5\">\n\t<td class=\"column-1\">Mod\u00e8le de Lettre d\u2019accueil \u2013 2019<\/td><td class=\"column-2\"><a href=\"http:\/\/www.univ-oeb.dz\/vrlex\/wp-content\/uploads\/2019\/02\/Mod%C3%A8le-de-la-Lettre-daccueil-Fr-2.doc\">Fr<\/a><\/td><td class=\"column-3\"><a href=\"http:\/\/www.univ-oeb.dz\/vrlex\/wp-content\/uploads\/2019\/02\/Mod%C3%A8le-de-la-Lettre-daccueil-Ar.docx\">Ar<\/a><\/td>\n<\/tr>\n<\/tbody>\n<\/table>\n\r\n\r\n\r\n<h2 class=\"wp-block-heading\"><span style=\"color: #993300;\">PROFAS B+<\/span><\/h2>\r\n\r\n\r\n<!-- wp:html -->\r\n\r\n\n<table id=\"tablepress-7-no-2\" class=\"tablepress tablepress-id-7\">\n<tbody class=\"row-striping row-hover\">\n<tr class=\"row-1\">\n\t<td class=\"column-1\">Appel \u00e0 Candidature PROFAS B+_UOEB-2019<\/td><td class=\"column-2\"><a href=\"http:\/\/www.univ-oeb.dz\/vrlex\/wp-content\/uploads\/2019\/03\/Appel-%C3%A0-Candidature-PROFAS-B_UOEB-2019.pdf\">Fr<\/a><\/td>\n<\/tr>\n<tr class=\"row-2\">\n\t<td class=\"column-1\">Appel \u00e0 Candidature PROFAS B+ 2019<\/td><td class=\"column-2\"><a href=\"http:\/\/www.univ-oeb.dz\/vrlex\/wp-content\/uploads\/2019\/03\/Appel-%C3%A0-candidatures_PROFAS-B_2019.pdf\">Fr<\/a><\/td>\n<\/tr>\n<tr class=\"row-3\">\n\t<td class=\"column-1\">Formulaire de Candidature PROFAS B+_2019<\/td><td class=\"column-2\"><a href=\"http:\/\/www.univ-oeb.dz\/vrlex\/wp-content\/uploads\/2019\/03\/Formulaire-de-candidature_PROFAS-B_2019.docx\">Fr<\/a><\/td>\n<\/tr>\n<tr class=\"row-4\">\n\t<td class=\"column-1\">Lettre d\u2019Accueil pour un Co-encadrement PROFAS B+_2019<\/td><td class=\"column-2\"><a href=\"http:\/\/www.univ-oeb.dz\/vrlex\/wp-content\/uploads\/2019\/03\/Lettre-daccueil_pour-co-encadrement_PROFAS-B_2019.docx\">Fr<\/a><\/td>\n<\/tr>\n<tr class=\"row-5\">\n\t<td class=\"column-1\">Engagement-Convention de Cotutelle de Th\u00e8se PROFAS B+_2019<\/td><td class=\"column-2\"><a href=\"http:\/\/www.univ-oeb.dz\/vrlex\/wp-content\/uploads\/2019\/03\/Engagement-convention-de-cotutelle_PROFAS-B_2019.docx\">Fr<\/a><\/td>\n<\/tr>\n<tr class=\"row-6\">\n\t<td class=\"column-1\">Attestation d\u2019Engagement PROFAS B+_2019<\/td><td class=\"column-2\"><a href=\"http:\/\/www.univ-oeb.dz\/vrlex\/wp-content\/uploads\/2019\/03\/Attestation-dengagement_PROFAS-B_2019.docx\">Fr<\/a><\/td>\n<\/tr>\n<tr class=\"row-7\">\n\t<td class=\"column-1\">Attestation de non-exercice d\u2019une activit\u00e9 r\u00e9mun\u00e9r\u00e9e<\/td><td class=\"column-2\"><a href=\"http:\/\/www.univ-oeb.dz\/vrlex\/wp-content\/uploads\/2019\/03\/Attestation-de-non-activite_PROFAS-B_2019.docx\">Fr<\/a><\/td>\n<\/tr>\n<tr class=\"row-8\">\n\t<td class=\"column-1\">Imprim\u00e9 de Demande de Bourse<\/td><td class=\"column-2\"><a href=\"http:\/\/www.univ-oeb.dz\/vrlex\/wp-content\/uploads\/2019\/03\/Imprim%C3%A9-de-Demande-de-Bourse.pdf\">Fr<\/a><\/td>\n<\/tr>\n<tr class=\"row-9\">\n\t<td class=\"column-1\">Fiche de Contr\u00f4le de Dossier du Candidat PROFAS B+_2019<\/td><td class=\"column-2\"><a href=\"http:\/\/www.univ-oeb.dz\/vrlex\/wp-content\/uploads\/2019\/03\/Fiche-de-contr%C3%B4le-de-dossier-du-candidat-PROFAS-B-2019-2020.doc\">Fr<\/a><\/td>\n<\/tr>\n<\/tbody>\n<\/table>\n","protected":false},"excerpt":{"rendered":"<p>PNE PROFAS B+<\/p>\n","protected":false},"author":2,"featured_media":0,"parent":0,"menu_order":0,"comment_status":"closed","ping_status":"closed","template":"","meta":{"_monsterinsights_skip_tracking":false,"_monsterinsights_sitenote_active":false,"_monsterinsights_sitenote_note":"","_monsterinsights_sitenote_category":0,"footnotes":""},"class_list":["post-153","page","type-page","status-publish","hentry"],"amp_enabled":true,"_links":{"self":[{"href":"https:\/\/www.univ-oeb.dz\/vrlex\/wp-json\/wp\/v2\/pages\/153","targetHints":{"allow":["GET"]}}],"collection":[{"href":"https:\/\/www.univ-oeb.dz\/vrlex\/wp-json\/wp\/v2\/pages"}],"about":[{"href":"https:\/\/www.univ-oeb.dz\/vrlex\/wp-json\/wp\/v2\/types\/page"}],"author":[{"embeddable":true,"href":"https:\/\/www.univ-oeb.dz\/vrlex\/wp-json\/wp\/v2\/users\/2"}],"replies":[{"embeddable":true,"href":"https:\/\/www.univ-oeb.dz\/vrlex\/wp-json\/wp\/v2\/comments?post=153"}],"version-history":[{"count":41,"href":"https:\/\/www.univ-oeb.dz\/vrlex\/wp-json\/wp\/v2\/pages\/153\/revisions"}],"predecessor-version":[{"id":1387,"href":"https:\/\/www.univ-oeb.dz\/vrlex\/wp-json\/wp\/v2\/pages\/153\/revisions\/1387"}],"wp:attachment":[{"href":"https:\/\/www.univ-oeb.dz\/vrlex\/wp-json\/wp\/v2\/media?parent=153"}],"curies":[{"name":"wp","href":"https:\/\/api.w.org\/{rel}","templated":true}]}}