{"id":10599,"date":"2024-10-13T11:17:37","date_gmt":"2024-10-13T10:17:37","guid":{"rendered":"https:\/\/www.univ-oeb.dz\/vrlex\/?page_id=10599"},"modified":"2024-10-13T13:35:44","modified_gmt":"2024-10-13T12:35:44","slug":"journee-dinformation-vrinvet-2024","status":"publish","type":"page","link":"https:\/\/www.univ-oeb.dz\/vrlex\/journee-dinformation-vrinvet-2024\/","title":{"rendered":"Journ\u00e9e d&#8217;Information VRinVET &#8211; 2024"},"content":{"rendered":"\t\t<div data-elementor-type=\"wp-page\" data-elementor-id=\"10599\" class=\"elementor elementor-10599\">\n\t\t\t\t\t\t<section class=\"elementor-section elementor-top-section elementor-element elementor-element-25218e9 elementor-section-boxed elementor-section-height-default elementor-section-height-default\" data-id=\"25218e9\" data-element_type=\"section\">\n\t\t\t\t\t\t<div class=\"elementor-container elementor-column-gap-default\">\n\t\t\t\t\t<div class=\"elementor-column elementor-col-16 elementor-top-column elementor-element elementor-element-f4eae98\" data-id=\"f4eae98\" data-element_type=\"column\">\n\t\t\t<div class=\"elementor-widget-wrap elementor-element-populated\">\n\t\t\t\t\t\t<div class=\"elementor-element elementor-element-cbb735a elementor-widget elementor-widget-image\" data-id=\"cbb735a\" data-element_type=\"widget\" data-widget_type=\"image.default\">\n\t\t\t\t<div class=\"elementor-widget-container\">\n\t\t\t\t\t\t\t\t\t\t\t\t\t<img fetchpriority=\"high\" decoding=\"async\" width=\"247\" height=\"228\" src=\"https:\/\/www.univ-oeb.dz\/vrlex\/wp-content\/uploads\/2024\/10\/VRinVET-Logo.png\" class=\"attachment-large size-large wp-image-10606\" alt=\"\" \/>\t\t\t\t\t\t\t\t\t\t\t\t\t<\/div>\n\t\t\t\t<\/div>\n\t\t\t\t\t<\/div>\n\t\t<\/div>\n\t\t\t\t<div class=\"elementor-column elementor-col-66 elementor-top-column elementor-element elementor-element-d28b096\" data-id=\"d28b096\" data-element_type=\"column\">\n\t\t\t<div class=\"elementor-widget-wrap elementor-element-populated\">\n\t\t\t\t\t\t<div class=\"elementor-element elementor-element-7184bcb elementor-widget elementor-widget-image\" data-id=\"7184bcb\" data-element_type=\"widget\" data-widget_type=\"image.default\">\n\t\t\t\t<div class=\"elementor-widget-container\">\n\t\t\t\t\t\t\t\t\t\t\t\t\t<img decoding=\"async\" width=\"731\" height=\"341\" src=\"https:\/\/www.univ-oeb.dz\/vrlex\/wp-content\/uploads\/2024\/10\/Logo_Erasmus.png\" class=\"attachment-large size-large wp-image-10608\" alt=\"\" srcset=\"https:\/\/www.univ-oeb.dz\/vrlex\/wp-content\/uploads\/2024\/10\/Logo_Erasmus.png 731w, https:\/\/www.univ-oeb.dz\/vrlex\/wp-content\/uploads\/2024\/10\/Logo_Erasmus-300x140.png 300w\" sizes=\"(max-width: 731px) 100vw, 731px\" \/>\t\t\t\t\t\t\t\t\t\t\t\t\t<\/div>\n\t\t\t\t<\/div>\n\t\t\t\t\t<\/div>\n\t\t<\/div>\n\t\t\t\t<div class=\"elementor-column elementor-col-16 elementor-top-column elementor-element elementor-element-c473b15\" data-id=\"c473b15\" data-element_type=\"column\">\n\t\t\t<div class=\"elementor-widget-wrap elementor-element-populated\">\n\t\t\t\t\t\t<div class=\"elementor-element elementor-element-eb7661e elementor-widget elementor-widget-image\" data-id=\"eb7661e\" data-element_type=\"widget\" data-widget_type=\"image.default\">\n\t\t\t\t<div class=\"elementor-widget-container\">\n\t\t\t\t\t\t\t\t\t\t\t\t\t<img decoding=\"async\" width=\"68\" height=\"73\" src=\"https:\/\/www.univ-oeb.dz\/vrlex\/wp-content\/uploads\/2024\/10\/Logo_UOEB.png\" class=\"attachment-large size-large wp-image-10607\" alt=\"\" \/>\t\t\t\t\t\t\t\t\t\t\t\t\t<\/div>\n\t\t\t\t<\/div>\n\t\t\t\t\t<\/div>\n\t\t<\/div>\n\t\t\t\t\t<\/div>\n\t\t<\/section>\n\t\t\t\t<section class=\"elementor-section elementor-top-section elementor-element elementor-element-d8535b8 elementor-section-boxed elementor-section-height-default elementor-section-height-default\" data-id=\"d8535b8\" data-element_type=\"section\">\n\t\t\t\t\t\t<div class=\"elementor-container elementor-column-gap-default\">\n\t\t\t\t\t<div class=\"elementor-column elementor-col-100 elementor-top-column elementor-element elementor-element-d602309\" data-id=\"d602309\" data-element_type=\"column\">\n\t\t\t<div class=\"elementor-widget-wrap elementor-element-populated\">\n\t\t\t\t\t\t<div class=\"elementor-element elementor-element-a674e3a elementor-widget-divider--view-line elementor-widget elementor-widget-divider\" data-id=\"a674e3a\" data-element_type=\"widget\" data-widget_type=\"divider.default\">\n\t\t\t\t<div class=\"elementor-widget-container\">\n\t\t\t\t\t<div class=\"elementor-divider\">\n\t\t\t<span class=\"elementor-divider-separator\">\n\t\t\t\t\t\t<\/span>\n\t\t<\/div>\n\t\t\t\t<\/div>\n\t\t\t\t<\/div>\n\t\t\t\t<div class=\"elementor-element elementor-element-f43da31 elementor-widget elementor-widget-text-editor\" data-id=\"f43da31\" data-element_type=\"widget\" data-widget_type=\"text-editor.default\">\n\t\t\t\t<div class=\"elementor-widget-container\">\n\t\t\t\t\t\t\t<p style=\"font-weight: 400;\">L&#8217;Universit\u00e9 d&#8217;Oum El Bouaghi est honor\u00e9e d\u2019organiser la premi\u00e8re Journ\u00e9e d&#8217;Information sur le projet VRinVET, un \u00e9v\u00e9nement consacr\u00e9 \u00e0 la pr\u00e9sentation de ce projet et \u00e0 ses ambitions en mati\u00e8re d&#8217;innovation dans l&#8217;enseignement sup\u00e9rieur et la formation professionnelle gr\u00e2ce \u00e0 l&#8217;utilisation de la r\u00e9alit\u00e9 virtuelle. Cet \u00e9v\u00e9nement, qui se tiendra le\u00a0<strong>17 octobre 2024 dans la grande salle de conf\u00e9rence de l\u2019Universit\u00e9<\/strong>, mettra en lumi\u00e8re l&#8217;importance cruciale de ce projet pour am\u00e9liorer la qualit\u00e9 de l&#8217;\u00e9ducation \u00e0 travers des m\u00e9thodes p\u00e9dagogiques innovantes bas\u00e9es sur les technologies num\u00e9riques.<\/p><p style=\"font-weight: 400;\">Pour ceux et celles qui souhaitent participer, vous pouvez vous inscrire en ligne en remplissant le formulaire disponible ici :<\/p><p style=\"font-weight: 400;\"><span style=\"text-decoration: underline; color: #008000;\"><strong>Formulaire d&#8217;inscription<\/strong><\/span><\/p>\t\t\t\t\t\t<\/div>\n\t\t\t\t<\/div>\n\t\t\t\t<div class=\"elementor-element elementor-element-be2e823 elementor-widget elementor-widget-text-editor\" data-id=\"be2e823\" data-element_type=\"widget\" data-widget_type=\"text-editor.default\">\n\t\t\t\t<div class=\"elementor-widget-container\">\n\t\t\t\t\t\t\t<iframe src=\"https:\/\/docs.google.com\/forms\/d\/e\/1FAIpQLSc8UFtO3uOawHW5SxReVwhtDwS8fpdidJysYm9h7vbFDH9E1g\/viewform?embedded=true\" width=\"640\" height=\"1239\" frameborder=\"0\" marginheight=\"0\" marginwidth=\"0\">Chargement\u2026<\/iframe>\t\t\t\t\t\t<\/div>\n\t\t\t\t<\/div>\n\t\t\t\t<div class=\"elementor-element elementor-element-d75e9dd elementor-widget elementor-widget-text-editor\" data-id=\"d75e9dd\" data-element_type=\"widget\" data-widget_type=\"text-editor.default\">\n\t\t\t\t<div class=\"elementor-widget-container\">\n\t\t\t\t\t\t\t<p style=\"font-weight: 400;\">Une diffusion en ligne est \u00e9galement pr\u00e9vue pour ceux qui ne pourront pas assister en pr\u00e9sentiel. Vous pouvez acc\u00e9der \u00e0 l&#8217;\u00e9v\u00e9nement en ligne via ce lien Zoom :<\/p><p style=\"font-weight: 400;\"><a href=\"https:\/\/us06web.zoom.us\/j\/84598543511?pwd=SrNckEE8cQevEZdSOnec33aJ6L2ucC.1\" data-saferedirecturl=\"https:\/\/www.google.com\/url?q=https:\/\/us06web.zoom.us\/j\/84598543511?pwd%3DSrNckEE8cQevEZdSOnec33aJ6L2ucC.1&amp;source=gmail&amp;ust=1728892371606000&amp;usg=AOvVaw26GT_SHxa3cHbkGS_8lpVH\">Participer \u00e0 la r\u00e9union Zoom<\/a><\/p><p style=\"font-weight: 400;\"><strong>ID de r\u00e9union : 845 9854 3511<\/strong><\/p><p style=\"font-weight: 400;\"><strong>Code secret : 350351<\/strong><\/p><p style=\"font-weight: 400;\">Cette journ\u00e9e sera une occasion unique de mieux comprendre les objectifs du projet et son impact potentiel sur l&#8217;avenir de la formation professionnelle. Vous pouvez t\u00e9l\u00e9charger le programme de la journ\u00e9e ci-dessous.<\/p><p style=\"font-weight: 400; text-align: center;\"><span style=\"color: #ff0000;\"><strong>Le mod\u00e8le sur le site web doit \u00eatre conforme \u00e0 celui pr\u00e9sent\u00e9 dans le document Word !<\/strong><\/span><\/p>\t\t\t\t\t\t<\/div>\n\t\t\t\t<\/div>\n\t\t\t\t\t<\/div>\n\t\t<\/div>\n\t\t\t\t\t<\/div>\n\t\t<\/section>\n\t\t\t\t<section class=\"elementor-section elementor-top-section elementor-element elementor-element-8523859 elementor-section-boxed elementor-section-height-default elementor-section-height-default\" data-id=\"8523859\" data-element_type=\"section\">\n\t\t\t\t\t\t<div class=\"elementor-container elementor-column-gap-default\">\n\t\t\t\t\t<div class=\"elementor-column elementor-col-100 elementor-top-column elementor-element elementor-element-87f60be\" data-id=\"87f60be\" data-element_type=\"column\">\n\t\t\t<div class=\"elementor-widget-wrap elementor-element-populated\">\n\t\t\t\t\t\t<div class=\"elementor-element elementor-element-2043bf6 elementor-position-top elementor-invisible elementor-widget elementor-widget-image-box\" data-id=\"2043bf6\" data-element_type=\"widget\" data-settings=\"{&quot;_animation&quot;:&quot;fadeInUp&quot;}\" data-widget_type=\"image-box.default\">\n\t\t\t\t<div class=\"elementor-widget-container\">\n\t\t\t<div class=\"elementor-image-box-wrapper\"><figure class=\"elementor-image-box-img\"><a href=\"https:\/\/www.univ-oeb.dz\/vrlex\/wp-content\/uploads\/2024\/10\/Journee-dInformation-VRinVET-2024.docx\" target=\"_blank\" tabindex=\"-1\"><img decoding=\"async\" src=\"https:\/\/www.univ-oeb.dz\/vrlex\/wp-content\/uploads\/elementor\/thumbs\/photo_word-1-pnav4qhqmbcmp7cpii9m74pnjv48ma4lw8cbwrpsuw.png\" title=\"photo_word (1)\" alt=\"photo_word (1)\" loading=\"lazy\" \/><\/a><\/figure><div class=\"elementor-image-box-content\"><h3 class=\"elementor-image-box-title\"><a href=\"https:\/\/www.univ-oeb.dz\/vrlex\/wp-content\/uploads\/2024\/10\/Journee-dInformation-VRinVET-2024.docx\" target=\"_blank\">VRinVET - 2024<\/a><\/h3><\/div><\/div>\t\t<\/div>\n\t\t\t\t<\/div>\n\t\t\t\t\t<\/div>\n\t\t<\/div>\n\t\t\t\t\t<\/div>\n\t\t<\/section>\n\t\t\t\t<section class=\"elementor-section elementor-top-section elementor-element elementor-element-8c69e5b elementor-section-boxed elementor-section-height-default elementor-section-height-default\" data-id=\"8c69e5b\" data-element_type=\"section\">\n\t\t\t\t\t\t<div class=\"elementor-container elementor-column-gap-default\">\n\t\t\t\t\t<div class=\"elementor-column elementor-col-100 elementor-top-column elementor-element elementor-element-26527aa\" data-id=\"26527aa\" data-element_type=\"column\">\n\t\t\t<div class=\"elementor-widget-wrap elementor-element-populated\">\n\t\t\t\t\t\t<div class=\"elementor-element elementor-element-122d680 elementor-position-top elementor-invisible elementor-widget elementor-widget-image-box\" data-id=\"122d680\" data-element_type=\"widget\" data-settings=\"{&quot;_animation&quot;:&quot;fadeInUp&quot;}\" data-widget_type=\"image-box.default\">\n\t\t\t\t<div class=\"elementor-widget-container\">\n\t\t\t<div class=\"elementor-image-box-wrapper\"><figure class=\"elementor-image-box-img\"><a href=\"https:\/\/www.univ-oeb.dz\/vrlex\/wp-content\/uploads\/2024\/10\/Info-Day-_VRinVET-UOEB2024.pdf\" target=\"_blank\" tabindex=\"-1\"><img decoding=\"async\" src=\"https:\/\/www.univ-oeb.dz\/vrlex\/wp-content\/uploads\/elementor\/thumbs\/\u062a\u062d\u0645\u064a\u0644-\u0628\u0631\u0646\u0627\u0645\u062c-pdf-\u0645\u062c\u0627\u0646\u0627-512x470-1-ozkg5y0glfxf8xhlvmzyxohita7k1iejha1i7o98wo.png\" title=\"\u062a\u062d\u0645\u064a\u0644-\u0628\u0631\u0646\u0627\u0645\u062c-pdf-\u0645\u062c\u0627\u0646\u0627-512&#215;470\" alt=\"\u062a\u062d\u0645\u064a\u0644-\u0628\u0631\u0646\u0627\u0645\u062c-pdf-\u0645\u062c\u0627\u0646\u0627-512x470\" loading=\"lazy\" \/><\/a><\/figure><div class=\"elementor-image-box-content\"><h3 class=\"elementor-image-box-title\"><a href=\"https:\/\/www.univ-oeb.dz\/vrlex\/wp-content\/uploads\/2024\/10\/Info-Day-_VRinVET-UOEB2024.pdf\" target=\"_blank\">Info Day _VRinVET-UOEB2024<\/a><\/h3><\/div><\/div>\t\t<\/div>\n\t\t\t\t<\/div>\n\t\t\t\t\t<\/div>\n\t\t<\/div>\n\t\t\t\t\t<\/div>\n\t\t<\/section>\n\t\t\t\t<section class=\"elementor-section elementor-top-section elementor-element elementor-element-b33d264 elementor-section-boxed elementor-section-height-default elementor-section-height-default\" data-id=\"b33d264\" data-element_type=\"section\">\n\t\t\t\t\t\t<div class=\"elementor-container elementor-column-gap-default\">\n\t\t\t\t\t<div class=\"elementor-column elementor-col-100 elementor-top-column elementor-element elementor-element-f90acc7\" data-id=\"f90acc7\" data-element_type=\"column\">\n\t\t\t<div class=\"elementor-widget-wrap elementor-element-populated\">\n\t\t\t\t\t\t<div class=\"elementor-element elementor-element-3d71ad3 elementor-widget elementor-widget-image\" data-id=\"3d71ad3\" data-element_type=\"widget\" data-widget_type=\"image.default\">\n\t\t\t\t<div class=\"elementor-widget-container\">\n\t\t\t\t\t\t\t\t\t\t\t\t\t<img loading=\"lazy\" decoding=\"async\" width=\"1120\" height=\"610\" src=\"https:\/\/www.univ-oeb.dz\/vrlex\/wp-content\/uploads\/2024\/10\/Fiche-Infoday-VRinVET2024_UOEB-1120x610.jpg\" class=\"attachment-large size-large wp-image-10612\" alt=\"\" srcset=\"https:\/\/www.univ-oeb.dz\/vrlex\/wp-content\/uploads\/2024\/10\/Fiche-Infoday-VRinVET2024_UOEB-1120x610.jpg 1120w, https:\/\/www.univ-oeb.dz\/vrlex\/wp-content\/uploads\/2024\/10\/Fiche-Infoday-VRinVET2024_UOEB-300x163.jpg 300w, https:\/\/www.univ-oeb.dz\/vrlex\/wp-content\/uploads\/2024\/10\/Fiche-Infoday-VRinVET2024_UOEB-768x419.jpg 768w, https:\/\/www.univ-oeb.dz\/vrlex\/wp-content\/uploads\/2024\/10\/Fiche-Infoday-VRinVET2024_UOEB-1536x837.jpg 1536w, https:\/\/www.univ-oeb.dz\/vrlex\/wp-content\/uploads\/2024\/10\/Fiche-Infoday-VRinVET2024_UOEB-2048x1116.jpg 2048w\" sizes=\"(max-width: 1120px) 100vw, 1120px\" \/>\t\t\t\t\t\t\t\t\t\t\t\t\t<\/div>\n\t\t\t\t<\/div>\n\t\t\t\t\t<\/div>\n\t\t<\/div>\n\t\t\t\t\t<\/div>\n\t\t<\/section>\n\t\t\t\t<\/div>\n\t\t","protected":false},"excerpt":{"rendered":"<p>L&#8217;Universit\u00e9 d&#8217;Oum El Bouaghi est honor\u00e9e d\u2019organiser la premi\u00e8re Journ\u00e9e d&#8217;Information sur le projet VRinVET, un \u00e9v\u00e9nement consacr\u00e9 \u00e0 la pr\u00e9sentation de ce projet et \u00e0 ses ambitions en mati\u00e8re d&#8217;innovation dans l&#8217;enseignement sup\u00e9rieur et la formation professionnelle gr\u00e2ce \u00e0 l&#8217;utilisation de la r\u00e9alit\u00e9 virtuelle. Cet \u00e9v\u00e9nement, qui se tiendra le\u00a017 octobre 2024 dans la &hellip;<\/p>\n","protected":false},"author":2,"featured_media":0,"parent":0,"menu_order":0,"comment_status":"closed","ping_status":"closed","template":"","meta":{"_monsterinsights_skip_tracking":false,"_monsterinsights_sitenote_active":false,"_monsterinsights_sitenote_note":"","_monsterinsights_sitenote_category":0,"footnotes":""},"class_list":["post-10599","page","type-page","status-publish","hentry"],"amp_enabled":true,"_links":{"self":[{"href":"https:\/\/www.univ-oeb.dz\/vrlex\/wp-json\/wp\/v2\/pages\/10599","targetHints":{"allow":["GET"]}}],"collection":[{"href":"https:\/\/www.univ-oeb.dz\/vrlex\/wp-json\/wp\/v2\/pages"}],"about":[{"href":"https:\/\/www.univ-oeb.dz\/vrlex\/wp-json\/wp\/v2\/types\/page"}],"author":[{"embeddable":true,"href":"https:\/\/www.univ-oeb.dz\/vrlex\/wp-json\/wp\/v2\/users\/2"}],"replies":[{"embeddable":true,"href":"https:\/\/www.univ-oeb.dz\/vrlex\/wp-json\/wp\/v2\/comments?post=10599"}],"version-history":[{"count":19,"href":"https:\/\/www.univ-oeb.dz\/vrlex\/wp-json\/wp\/v2\/pages\/10599\/revisions"}],"predecessor-version":[{"id":10630,"href":"https:\/\/www.univ-oeb.dz\/vrlex\/wp-json\/wp\/v2\/pages\/10599\/revisions\/10630"}],"wp:attachment":[{"href":"https:\/\/www.univ-oeb.dz\/vrlex\/wp-json\/wp\/v2\/media?parent=10599"}],"curies":[{"name":"wp","href":"https:\/\/api.w.org\/{rel}","templated":true}]}}