{"id":2157,"date":"2023-06-12T11:19:43","date_gmt":"2023-06-12T08:19:43","guid":{"rendered":"http:\/\/www.univ-oeb.dz\/vrfg\/?page_id=2157"},"modified":"2023-06-12T16:44:18","modified_gmt":"2023-06-12T13:44:18","slug":"le-cadre-juridique-des-certificats-et-diplomes-universitaires-delivres-3","status":"publish","type":"page","link":"https:\/\/www.univ-oeb.dz\/vrfg\/fr\/le-cadre-juridique-des-certificats-et-diplomes-universitaires-delivres-3\/","title":{"rendered":"Le cadre juridique des certificats et dipl\u00f4mes universitaires d\u00e9livr\u00e9s"},"content":{"rendered":"\n<p><strong> cadre juridique des certificats et dipl\u00f4mes universitaires d\u00e9livr\u00e9s<\/strong><\/p>\n\n\n\n<p>L&#8217;Universit\u00e9 Larbi Ben M&#8217;hidi Oum El bouaghi d\u00e9livre des dipl\u00f4mes universitaires \u00e0 trois niveaux: Licence, Master et Doctorat.<\/p>\n\n\n\n<p><strong>Licence<\/strong><\/p>\n\n\n\n<ol class=\"wp-block-list\" type=\"1\">\n<li>Description : Licence est un dipl\u00f4me de premier cycle qui exige g\u00e9n\u00e9ralement trois ann\u00e9es d&#8217;\u00e9tudes \u00e0 temps plein. Il est accord\u00e9 dans divers domaines d&#8217;\u00e9tudes, tels que Licence en sciences, Licence en g\u00e9nie civil etc&#8230;.<\/li>\n\n\n\n<li>Conditions d&#8217;entr\u00e9e : Les moyens minimaux de baccalaur\u00e9at accept\u00e9s dans les universit\u00e9s alg\u00e9riennes d\u00e9terminent la note minimale qu&#8217;un \u00e9tudiant doit avoir obtenue pour \u00eatre admis au programme. Ces moyens sont d\u00e9termin\u00e9s annuellement. Les \u00e9tudiants \u00e9trangers sont admis dans les sp\u00e9cialit\u00e9s requises en fonction des capacit\u00e9s disponibles.<\/li>\n\n\n\n<li>Mode d&#8217;\u00e9tude&nbsp;: sur le campus.<\/li>\n\n\n\n<li>Type de programme : Temps plein.<\/li>\n\n\n\n<li>Dur\u00e9e : 3 ans.<\/li>\n\n\n\n<li>Frais d&#8217;\u00e9tude : L&#8217;\u00e9ducation est gratuite, y compris l&#8217;h\u00e9bergement, la nourriture, le transport, et les \u00e9tudiants re\u00e7oivent \u00e9galement une bourse suppl\u00e9mentaire.<\/li>\n\n\n\n<li>Emploi apr\u00e8s l&#8217;obtention du dipl\u00f4me&nbsp;: \u00e0 la fin d&#8217;une licence, les dipl\u00f4m\u00e9s peuvent poursuivre un emploi dans des \u00e9tablissements publics ou priv\u00e9s, ou ils peuvent choisir de d\u00e9marrer leurs propres projets, en fonction de leur sp\u00e9cialisation.<\/li>\n\n\n\n<li>Domaines et sp\u00e9cialisations : L&#8217;Universit\u00e9 Larbi Ben M&#8217;hidi offre un large \u00e9ventail de sp\u00e9cialisations et de domaines d&#8217;\u00e9tudes selon les d\u00e9cisions minist\u00e9rielles, englobant les domaines suivants :<\/li>\n\n\n\n<li>Droit et sciences politiques<\/li>\n\n\n\n<li>Sciences \u00e9conomiques, de gestion et commerciales<\/li>\n\n\n\n<li>Sciences humaines et sociales<\/li>\n\n\n\n<li>Sciences et techniques des activit\u00e9s physiques et sportives<\/li>\n\n\n\n<li>Langue et litt\u00e9rature arabes<\/li>\n\n\n\n<li>Lettres et langues \u00e9trang\u00e8res<\/li>\n\n\n\n<li>Architecture Urbanisme et M\u00e9tiers de ville<\/li>\n\n\n\n<li>Sciences de la terre et de l&#8217;univers<\/li>\n\n\n\n<li>Sciences et technologies<\/li>\n\n\n\n<li>Math\u00e9matiques et informatique<\/li>\n\n\n\n<li>Sciences de la nature et de la vie<\/li>\n\n\n\n<li>Sciences de la mati\u00e8re.<\/li>\n<\/ol>\n\n\n\n<p>Lorsque le processus d\u2019obtention d\u2019un baccalaur\u00e9at est r\u00e9gi par un ensemble de lois et de d\u00e9cisions minist\u00e9rielles :<\/p>\n\n\n\n<p><a href=\"http:\/\/www.univ-oeb.dz\/vrfg\/wp-content\/uploads\/2023\/05\/123.pdf\">1- D\u00e9cret n\u00b0 171 du 09 f\u00e9vrier 2023 fixant les modalit\u00e9s de r\u00e9inscription et d\u2019inscription en formation pour l\u2019obtention des dipl\u00f4mes de licence et de master, ing\u00e9nieur d\u2019\u00e9tat et architecte, ainsi que les modalit\u00e9s d\u2019organisation, d\u2019\u00e9valuation et de gradation de celles-ci.<\/a><\/p>\n\n\n\n<p><a href=\"http:\/\/www.univ-oeb.dz\/vrfg\/fr\/certificats-et-equivalences\/\">2- D\u00e9cisions minist\u00e9rielles pour les certificats et \u00e9quivalences<\/a><\/p>\n\n\n\n<p><strong>Master<\/strong><\/p>\n\n\n\n<ol class=\"wp-block-list\" type=\"1\">\n<li>Description : Master est un dipl\u00f4me sup\u00e9rieur obtenu apr\u00e8s l&#8217;obtention d&#8217;un baccalaur\u00e9at. Il n\u00e9cessite deux ann\u00e9es d&#8217;\u00e9tudes suppl\u00e9mentaires. Master of Science (MS), Master of Business Administration (MBA) etc&#8230;.<\/li>\n\n\n\n<li>Conditions d&#8217;entr\u00e9e : Pour pouvoir pr\u00e9tendre \u00e0 un master, les \u00e9tudiants doivent \u00eatre titulaires d&#8217;un baccalaur\u00e9at dans la sp\u00e9cialisation concern\u00e9e, en plus du baccalaur\u00e9at. Les \u00e9tudiants \u00e9trangers sont admis dans les sp\u00e9cialit\u00e9s requises en fonction des capacit\u00e9s disponibles.<\/li>\n\n\n\n<li>Mode d&#8217;\u00e9tude&nbsp;: sur le campus.<\/li>\n\n\n\n<li>Type de programme : Temps plein.<\/li>\n\n\n\n<li>Dur\u00e9e: 2 ans.<\/li>\n\n\n\n<li>Frais d&#8217;\u00e9tude : L&#8217;\u00e9ducation est gratuite, y compris l&#8217;h\u00e9bergement, la nourriture, le transport, et les \u00e9tudiants re\u00e7oivent \u00e9galement une bourse suppl\u00e9mentaire.<\/li>\n\n\n\n<li>Emploi apr\u00e8s l&#8217;obtention du dipl\u00f4me&nbsp;: les dipl\u00f4m\u00e9s titulaires d&#8217;un master peuvent poursuivre des opportunit\u00e9s de carri\u00e8re dans des institutions publiques ou priv\u00e9es, ou ils peuvent choisir de d\u00e9marrer leurs propres projets, en fonction de leur domaine de sp\u00e9cialisation.<\/li>\n\n\n\n<li>Domaines et sp\u00e9cialisations : L&#8217;Universit\u00e9 Larbi Ben M&#8217;hidi offre un large \u00e9ventail de sp\u00e9cialisations et de domaines d&#8217;\u00e9tudes selon les d\u00e9cisions minist\u00e9rielles, englobant les domaines suivants :<\/li>\n\n\n\n<li>Droit et sciences politiques<\/li>\n\n\n\n<li>Sciences \u00e9conomiques, de gestion et commerciales<\/li>\n\n\n\n<li>Sciences humaines et sociales<\/li>\n\n\n\n<li>Sciences et techniques des activit\u00e9s physiques et sportives<\/li>\n\n\n\n<li>Langue et litt\u00e9rature arabes<\/li>\n\n\n\n<li>Lettres et langues \u00e9trang\u00e8res<\/li>\n\n\n\n<li>Architecture Urbanisme et M\u00e9tiers de ville<\/li>\n\n\n\n<li>Sciences de la terre et de l&#8217;univers<\/li>\n\n\n\n<li>Sciences et technologies<\/li>\n\n\n\n<li>Math\u00e9matiques et informatique<\/li>\n\n\n\n<li>Sciences de la nature et de la vie<\/li>\n\n\n\n<li>Sciences de la mati\u00e8re.<\/li>\n<\/ol>\n\n\n\n<p> <\/p>\n\n\n\n<p><a href=\"http:\/\/www.univ-oeb.dz\/vrfg\/wp-content\/uploads\/2023\/05\/123.pdf\">1- D\u00e9cret n\u00b0 171 du 09 f\u00e9vrier 2023 fixant les modalit\u00e9s de r\u00e9inscription et d\u2019inscription en formation pour l\u2019obtention des dipl\u00f4mes de licence et de master, ing\u00e9nieur d\u2019\u00e9tat et architecte, ainsi que les modalit\u00e9s d\u2019organisation, d\u2019\u00e9valuation et de gradation de celles-ci.<\/a><\/p>\n\n\n\n<p><a href=\"http:\/\/www.univ-oeb.dz\/vrfg\/fr\/certificats-et-equivalences\/\">2- D\u00e9cisions minist\u00e9rielles pour les certificats et \u00e9quivalences<\/a><\/p>\n\n\n\n<p><\/p>\n\n\n\n<p><strong>Doctorat<\/strong><\/p>\n\n\n\n<ol class=\"wp-block-list\" type=\"1\">\n<li>Description : Un doctorat est le plus haut niveau de r\u00e9ussite acad\u00e9mique, g\u00e9n\u00e9ralement obtenu apr\u00e8s plusieurs ann\u00e9es de recherche sp\u00e9cialis\u00e9e et la r\u00e9daction d&#8217;une th\u00e8se.<\/li>\n\n\n\n<li>Conditions d&#8217;entr\u00e9e : Pour poursuivre un doctorat, les \u00e9tudiants doivent avoir d\u00e9j\u00e0 obtenu un master dans la sp\u00e9cialisation concern\u00e9e, en plus de satisfaire aux exigences du baccalaur\u00e9at. Ils sont \u00e9galement tenus de r\u00e9ussir un concours d&#8217;admission au programme de doctorat. La disponibilit\u00e9 des postes pour ce concours est d\u00e9termin\u00e9e annuellement par arr\u00eat\u00e9s minist\u00e9riels visant \u00e0 valoriser les \u00e9tablissements universitaires.<\/li>\n\n\n\n<li>Mode d&#8217;\u00e9tude&nbsp;: mixte (combinaison d&#8217;apprentissage sur le campus et en ligne).<\/li>\n\n\n\n<li>Type de programme : Temps plein.<\/li>\n\n\n\n<li>Dur\u00e9e : 3 ans.<\/li>\n\n\n\n<li>Frais Monnaie : L&#8217;\u00e9ducation est gratuite, y compris l&#8217;h\u00e9bergement, la nourriture, le transport, et les \u00e9tudiants re\u00e7oivent \u00e9galement une bourse suppl\u00e9mentaire.<\/li>\n\n\n\n<li>Emploi apr\u00e8s l&#8217;obtention du dipl\u00f4me&nbsp;: selon leur domaine de sp\u00e9cialisation, les titulaires d&#8217;un doctorat. dipl\u00f4me peut poursuivre des carri\u00e8res en tant que professeurs d&#8217;universit\u00e9 ou chercheurs dans des centres de recherche. Ils ont \u00e9galement la possibilit\u00e9 de travailler dans des institutions publiques ou priv\u00e9es ou de monter leurs propres projets.<\/li>\n<\/ol>\n\n\n\n<p>Domaines et sp\u00e9cialisations : L&#8217;Universit\u00e9 Larbi Ben M&#8217;hidi propose de nombreuses sp\u00e9cialisations et champs d&#8217;\u00e9tudes, align\u00e9s sur les d\u00e9cisions minist\u00e9rielles, englobant divers domaines, notamment le droit et les sciences politiques, l&#8217;\u00e9conomie, la gestion et les sciences commerciales, les sciences humaines et sociales, les sciences et techniques. des activit\u00e9s physiques et sportives, langue et litt\u00e9rature arabes, lettres et langues \u00e9trang\u00e8res, architecture, urbanisme et gestion de la ville, sciences de la terre et de l&#8217;univers, sciences et techniques, math\u00e9matiques et informatique, sciences naturelles et de la vie, et science de la mati\u00e8re<\/p>\n\n\n\n<p>  <p><a href=\"http:\/\/www.univ-oeb.dz\/vrfg\/wp-content\/uploads\/2023\/06\/Note-relative-a-la-formation-doctorale-22-23-AR-1_compressed-1.pdf\">1- Un m\u00e9morandum relatif aux modalit\u00e9s d\u2019organisation et de conduite du concours pour rejoindre la formation en troisi\u00e8me phase afin d\u2019obtenir un doctorat pour l\u2019ann\u00e9e acad\u00e9mique 2023\/2023<\/a><\/p>    <\/p>\n","protected":false},"excerpt":{"rendered":"<p>cadre juridique des certificats et dipl\u00f4mes universitaires d\u00e9livr\u00e9s L&#8217;Universit\u00e9 Larbi Ben M&#8217;hidi Oum El bouaghi d\u00e9livre des dipl\u00f4mes universitaires \u00e0 trois niveaux: Licence, Master et Doctorat. Licence Description : Licence est un dipl\u00f4me de premier cycle qui exige g\u00e9n\u00e9ralement trois ann\u00e9es d&#8217;\u00e9tudes \u00e0 temps plein. Il est accord\u00e9 dans divers domaines d&#8217;\u00e9tudes, tels que Licence &hellip;<\/p>\n","protected":false},"author":1,"featured_media":0,"parent":0,"menu_order":0,"comment_status":"closed","ping_status":"closed","template":"","meta":{"footnotes":""},"class_list":["post-2157","page","type-page","status-publish","hentry"],"_links":{"self":[{"href":"https:\/\/www.univ-oeb.dz\/vrfg\/wp-json\/wp\/v2\/pages\/2157","targetHints":{"allow":["GET"]}}],"collection":[{"href":"https:\/\/www.univ-oeb.dz\/vrfg\/wp-json\/wp\/v2\/pages"}],"about":[{"href":"https:\/\/www.univ-oeb.dz\/vrfg\/wp-json\/wp\/v2\/types\/page"}],"author":[{"embeddable":true,"href":"https:\/\/www.univ-oeb.dz\/vrfg\/wp-json\/wp\/v2\/users\/1"}],"replies":[{"embeddable":true,"href":"https:\/\/www.univ-oeb.dz\/vrfg\/wp-json\/wp\/v2\/comments?post=2157"}],"version-history":[{"count":4,"href":"https:\/\/www.univ-oeb.dz\/vrfg\/wp-json\/wp\/v2\/pages\/2157\/revisions"}],"predecessor-version":[{"id":2208,"href":"https:\/\/www.univ-oeb.dz\/vrfg\/wp-json\/wp\/v2\/pages\/2157\/revisions\/2208"}],"wp:attachment":[{"href":"https:\/\/www.univ-oeb.dz\/vrfg\/wp-json\/wp\/v2\/media?parent=2157"}],"curies":[{"name":"wp","href":"https:\/\/api.w.org\/{rel}","templated":true}]}}