{"id":24,"date":"2018-11-22T08:22:41","date_gmt":"2018-11-22T07:22:41","guid":{"rendered":"http:\/\/www.univ-oeb.dz\/vrdp\/?page_id=24"},"modified":"2019-02-11T11:19:22","modified_gmt":"2019-02-11T10:19:22","slug":"avis-dattribution","status":"publish","type":"page","link":"https:\/\/www.univ-oeb.dz\/vrdp\/fr\/avis-dattribution\/","title":{"rendered":"Avis d&#8217;attribution"},"content":{"rendered":"\t\t<div data-elementor-type=\"wp-post\" data-elementor-id=\"24\" class=\"elementor elementor-24 elementor-bc-flex-widget\">\n\t\t\t\t\t\t<section class=\"elementor-section elementor-top-section elementor-element elementor-element-5830349d elementor-section-boxed elementor-section-height-default elementor-section-height-default\" data-id=\"5830349d\" data-element_type=\"section\">\n\t\t\t\t\t\t<div class=\"elementor-container elementor-column-gap-default\">\n\t\t\t\t\t<div class=\"elementor-column elementor-col-100 elementor-top-column elementor-element elementor-element-75592c1d\" data-id=\"75592c1d\" data-element_type=\"column\">\n\t\t\t<div class=\"elementor-widget-wrap elementor-element-populated\">\n\t\t\t\t\t\t<div class=\"elementor-element elementor-element-5f1d5b4 elementor-widget elementor-widget-heading\" data-id=\"5f1d5b4\" data-element_type=\"widget\" data-widget_type=\"heading.default\">\n\t\t\t\t<div class=\"elementor-widget-container\">\n\t\t\t<h1 class=\"elementor-heading-title elementor-size-large\">Avis d\u2019attribution\n<\/h1>\t\t<\/div>\n\t\t\t\t<\/div>\n\t\t\t\t<div class=\"elementor-element elementor-element-366b9b20 elementor-widget elementor-widget-text-editor\" data-id=\"366b9b20\" data-element_type=\"widget\" data-widget_type=\"text-editor.default\">\n\t\t\t\t<div class=\"elementor-widget-container\">\n\t\t\t\t\t\t\t<h3><strong>AVIS D\u2019ATTRIBUTION PROVISOIRE CONSULTATION N\u00b0 03\/UOEB\/R-BM\/2018:<\/strong><\/h3>\r\nREALISATION DE CINQ (05) LABORATOIRES DE RECHERCHES: LOT: R\u00c9ALISATION ET INSTALLATION DU CHAUFFAGE CENTRAL, DU RACCORDEMENT A LA CHAUDIERE ET ALIMENTATION EN GAZ NATUREL DES CINQ (05) LABORATOIRES\r\n<h4><a href=\"http:\/\/www.univ-oeb.dz\/vrdp\/wp-content\/uploads\/2018\/12\/Avis-DAttribution-Fr.pdf\">Plus de D\u00e9tails&#8230;<\/a><\/h4>\r\n\r\n<hr \/>\r\n\r\n<ul>\r\n \t<li style=\"list-style-type: none;\">\r\n<ul>\r\n \t<li>R\u00e9alisation de Cinq (05) Laboratoires de Recherches\u00ab\u00a0\u00a0Lot\u00a0: R\u00e9alisation et Installation du chauffage central, du raccordement \u00e0 la chaudi\u00e8re et alimentation en gaz naturel des cinq (05) laboratoires \/ Budget du Fond National de la Recherche (FNR) (08\/03\/2018)<\/li>\r\n<\/ul>\r\n<\/li>\r\n<\/ul>\r\n<h4><a href=\"http:\/\/www.univ-oeb.dz\/vrdp\/wp-content\/uploads\/2018\/12\/Avis-de-consultation-en-Fran\u00e7ais-CHAUFFAGE-1.doc\">Plus de d\u00e9tails\u2026(FR)<\/a><\/h4>\r\n<h4><a href=\"http:\/\/www.univ-oeb.dz\/vrdp\/wp-content\/uploads\/2018\/12\/Avis-de-consultation-en-Arabe-CHAUFFAGE-1.doc\">Plus de d\u00e9tails..(AR)<\/a><\/h4>\r\n\r\n<hr \/>\r\n\r\n<ul>\r\n \t<li style=\"list-style-type: none;\"><\/li>\r\n \t<li style=\"text-align: left;\">\u00a0R\u00e9alisation de Cinq (05) Laboratoires de Recherches Lot: R\u00e9alisation et \u00e9quipements d\u2019un local des machines de la b\u00e2che \u00e0 eau et installation de l\u2019alimentation en eau potable des cinq (05) laboratoires (24\/01\/2018).<\/li>\r\n<\/ul>\r\n<h4><a href=\"http:\/\/www.univ-oeb.dz\/vrdp\/wp-content\/uploads\/2018\/12\/Avis-de-consultation-en-Fran\u00e7ais-AEP.pdf\">Plus de d\u00e9tails\u2026<\/a><\/h4>\r\n\r\n<hr \/>\r\n\r\n<ul>\r\n \t<li style=\"list-style-type: none;\">\r\n<ul>\r\n \t<li>R\u00e9alisation de Cinq (05) Laboratoires de Recherches Lot: R\u00e9alisation et Installation du chauffage central, du raccordement \u00e0 la chaudi\u00e8re et alimentation en gaz naturel des cinq (05) laboratoires (24\/01\/2018)<\/li>\r\n<\/ul>\r\n<\/li>\r\n<\/ul>\r\n<h4><a href=\"http:\/\/www.univ-oeb.dz\/vrdp\/wp-content\/uploads\/2018\/12\/Avis-de-consultation-en-Fran\u00e7ais-CHAUFFAGE01.pdf\">Plus de d\u00e9tails\u2026<\/a><\/h4>\r\n\r\n<hr \/>\r\n\r\n<ul>\r\n \t<li style=\"list-style-type: none;\"><\/li>\r\n<\/ul>\r\n<ul>\r\n \t<li style=\"list-style-type: none;\">\r\n<ul>\r\n \t<li>R\u00e9servation et fourniture de titres de transport a\u00e9rien pour l\u2019ann\u00e9e 2017\u00a0(billets \u00e0 dur\u00e9e de validit\u00e9 limit\u00e9e \u00e0 trois (03) mois)\u00a0(30\/10\/2017)<\/li>\r\n<\/ul>\r\n<\/li>\r\n<\/ul>\r\n<h4><a href=\"http:\/\/www.univ-oeb.dz\/vrdp\/wp-content\/uploads\/2018\/12\/Bielletterie-fr08.pdf\">Plus de d\u00e9tails\u2026<\/a><\/h4>\r\n\r\n<hr \/>\r\n\r\n<ul>\r\n \t<li style=\"list-style-type: none;\">\r\n<ul>\r\n \t<li>Lot: R\u00e9alisation et \u00e9quipements d\u2019un local des machines de la b\u00e2che \u00e0 eau et installation de l\u2019alimentation en eau potable des cinq (05) laboratoires\u00a0(17\/10\/2017)<\/li>\r\n<\/ul>\r\n<\/li>\r\n<\/ul>\r\n<h4><a href=\"http:\/\/www.univ-oeb.dz\/vrdp\/wp-content\/uploads\/2018\/12\/Lot-AEPconsultation07.pdf\">Plus de d\u00e9tails\u2026<\/a><\/h4>\r\n\r\n<hr \/>\r\n\r\n<ul>\r\n \t<li style=\"list-style-type: none;\">\r\n<ul>\r\n \t<li>Lot: Installation du chauffage central, du raccordement \u00e0 la chaudi\u00e8re et alimentation en gaz naturel des cinq (05) laboratoires (17\/10\/2017)<\/li>\r\n<\/ul>\r\n<\/li>\r\n<\/ul>\r\n<h4><a href=\"http:\/\/www.univ-oeb.dz\/vrdp\/wp-content\/uploads\/2018\/12\/Lot-Chauffageconsultation06.pdf\">Plus de d\u00e9tails\u2026<\/a><\/h4>\r\n\r\n<hr \/>\r\n\r\n<ul>\r\n \t<li style=\"list-style-type: none;\">\r\n<ul>\r\n \t<li>Acquisition de fournitures pour la formation de post-graduation(26\/09\/2017)<\/li>\r\n<\/ul>\r\n<\/li>\r\n<\/ul>\r\n<h4><a href=\"http:\/\/www.univ-oeb.dz\/wp-content\/uploads\/2017\/05\/001.bmp\" target=\"_blank\" rel=\"noopener\" data-gal=\"prettyPhoto[13724]\">Plus de d\u00e9tails\u2026<\/a><\/h4>\r\n\r\n<hr \/>\r\n\r\n<ul>\r\n \t<li style=\"list-style-type: none;\">\r\n<ul>\r\n \t<li style=\"list-style-type: none;\">\r\n<ul>\r\n \t<li>Deuxi\u00e8me avis de consultation:\u00a0Acquisition d\u2019\u00e9quipements informatiques au profit de l\u2019universit\u00e9 d\u2019Oum El Bouaghi (11\/07\/2017)<\/li>\r\n<\/ul>\r\n<\/li>\r\n<\/ul>\r\n<\/li>\r\n<\/ul>\r\n<h4><a href=\"http:\/\/www.univ-oeb.dz\/vrdp\/wp-content\/uploads\/2018\/12\/consultation03-Univ-fr.pdf\">Plus de d\u00e9tails\u2026<\/a><\/h4>\r\n<ul>\r\n \t<li style=\"list-style-type: none;\">\r\n<ul>\r\n \t<li style=\"list-style-type: none;\">\r\n<ul>\r\n \t<li>Deuxi\u00e8me avis de consultation:\u00a0Acquisition d\u2019\u00e9quipements Informatiques au profit de l\u2019Institut Sup\u00e9rieur de Technologie d\u2019Oum El Bouaghi\u00a0(11\/07\/2017)<\/li>\r\n<\/ul>\r\n<\/li>\r\n<\/ul>\r\n<\/li>\r\n<\/ul>\r\n<h4><a href=\"http:\/\/www.univ-oeb.dz\/vrdp\/wp-content\/uploads\/2018\/12\/consultation04-IST-fr.pdf\">Plus de d\u00e9tails\u2026<\/a><\/h4>\r\n\r\n<hr \/>\r\n\r\n<ul>\r\n \t<li style=\"list-style-type: none;\">\r\n<ul>\r\n \t<li>Acquisition d\u2019\u00e9quipements Informatiques au profit de l\u2019Institut Sup\u00e9rieur de Technologie d\u2019Oum El Bouaghi (28\/05\/2017)<\/li>\r\n<\/ul>\r\n<\/li>\r\n<\/ul>\r\n<h4><a href=\"http:\/\/www.univ-oeb.dz\/vrdp\/wp-content\/uploads\/2018\/12\/Avis-de-consultation02-IST-en-Fran\u00e7ais-1.pdf\">Plus de d\u00e9tails\u2026<\/a><\/h4>\r\n<ul>\r\n \t<li style=\"list-style-type: none;\">\r\n<ul>\r\n \t<li>Acquisition d\u2019\u00e9quipements informatiques au profit de l\u2019universit\u00e9 d\u2019Oum El Bouaghi (28\/05\/2017)<\/li>\r\n<\/ul>\r\n<\/li>\r\n<\/ul>\r\n<h4><a href=\"http:\/\/www.univ-oeb.dz\/vrdp\/wp-content\/uploads\/2018\/12\/consultation03-Univ-fr-1.pdf\">Plus de d\u00e9tails\u2026<\/a><\/h4>\t\t\t\t\t\t<\/div>\n\t\t\t\t<\/div>\n\t\t\t\t\t<\/div>\n\t\t<\/div>\n\t\t\t\t\t<\/div>\n\t\t<\/section>\n\t\t\t\t<\/div>\n\t\t","protected":false},"excerpt":{"rendered":"<p>Avis d\u2019attribution AVIS D\u2019ATTRIBUTION PROVISOIRE CONSULTATION N\u00b0 03\/UOEB\/R-BM\/2018: REALISATION DE CINQ (05) LABORATOIRES DE RECHERCHES: LOT: R\u00c9ALISATION ET INSTALLATION DU CHAUFFAGE CENTRAL, DU RACCORDEMENT A LA CHAUDIERE ET ALIMENTATION EN GAZ NATUREL DES CINQ (05) LABORATOIRES Plus de D\u00e9tails&#8230; R\u00e9alisation de Cinq (05) Laboratoires de Recherches\u00ab\u00a0\u00a0Lot\u00a0: R\u00e9alisation et Installation du chauffage central, du raccordement \u00e0 &hellip;<\/p>\n","protected":false},"author":1,"featured_media":0,"parent":0,"menu_order":0,"comment_status":"closed","ping_status":"closed","template":"","meta":{"pgc_meta":"","footnotes":""},"class_list":["post-24","page","type-page","status-publish","hentry"],"pgc_meta":"","yoast_head":"<!-- This site is optimized with the Yoast SEO plugin v24.0 - https:\/\/yoast.com\/wordpress\/plugins\/seo\/ -->\n<title>Avis d&#039;attribution - vice rectorat du d\u00e9veloppemnt ,la prospective et de l&#039;orientation<\/title>\n<meta name=\"robots\" content=\"index, follow, max-snippet:-1, max-image-preview:large, max-video-preview:-1\" \/>\n<link rel=\"canonical\" href=\"https:\/\/www.univ-oeb.dz\/vrdp\/fr\/avis-dattribution\/\" \/>\n<meta property=\"og:locale\" content=\"ar_AR\" \/>\n<meta property=\"og:type\" content=\"article\" \/>\n<meta property=\"og:title\" content=\"Avis d&#039;attribution - vice rectorat du d\u00e9veloppemnt ,la prospective et de l&#039;orientation\" \/>\n<meta property=\"og:description\" content=\"Avis d\u2019attribution AVIS D\u2019ATTRIBUTION PROVISOIRE CONSULTATION N\u00b0 03\/UOEB\/R-BM\/2018: REALISATION DE CINQ (05) LABORATOIRES DE RECHERCHES: LOT: R\u00c9ALISATION ET INSTALLATION DU CHAUFFAGE CENTRAL, DU RACCORDEMENT A LA CHAUDIERE ET ALIMENTATION EN GAZ NATUREL DES CINQ (05) LABORATOIRES Plus de D\u00e9tails&#8230; R\u00e9alisation de Cinq (05) Laboratoires de Recherches\u00ab\u00a0\u00a0Lot\u00a0: R\u00e9alisation et Installation du chauffage central, du raccordement \u00e0 &hellip;\" \/>\n<meta property=\"og:url\" content=\"https:\/\/www.univ-oeb.dz\/vrdp\/fr\/avis-dattribution\/\" \/>\n<meta property=\"og:site_name\" content=\"vice rectorat du d\u00e9veloppemnt ,la prospective et de l&#039;orientation\" \/>\n<meta property=\"article:modified_time\" content=\"2019-02-11T10:19:22+00:00\" \/>\n<meta name=\"twitter:card\" content=\"summary_large_image\" \/>\n<meta name=\"twitter:label1\" content=\"\u0648\u0642\u062a \u0627\u0644\u0642\u0631\u0627\u0621\u0629 \u0627\u0644\u0645\u064f\u0642\u062f\u0651\u0631\" \/>\n\t<meta name=\"twitter:data1\" content=\"\u062f\u0642\u064a\u0642\u062a\u0627\u0646\" \/>\n<script type=\"application\/ld+json\" class=\"yoast-schema-graph\">{\"@context\":\"https:\/\/schema.org\",\"@graph\":[{\"@type\":\"WebPage\",\"@id\":\"https:\/\/www.univ-oeb.dz\/vrdp\/fr\/avis-dattribution\/\",\"url\":\"https:\/\/www.univ-oeb.dz\/vrdp\/fr\/avis-dattribution\/\",\"name\":\"Avis d'attribution - vice rectorat du d\u00e9veloppemnt ,la prospective et de l&#039;orientation\",\"isPartOf\":{\"@id\":\"https:\/\/www.univ-oeb.dz\/vrdp\/#website\"},\"datePublished\":\"2018-11-22T07:22:41+00:00\",\"dateModified\":\"2019-02-11T10:19:22+00:00\",\"breadcrumb\":{\"@id\":\"https:\/\/www.univ-oeb.dz\/vrdp\/fr\/avis-dattribution\/#breadcrumb\"},\"inLanguage\":\"ar\",\"potentialAction\":[{\"@type\":\"ReadAction\",\"target\":[\"https:\/\/www.univ-oeb.dz\/vrdp\/fr\/avis-dattribution\/\"]}]},{\"@type\":\"BreadcrumbList\",\"@id\":\"https:\/\/www.univ-oeb.dz\/vrdp\/fr\/avis-dattribution\/#breadcrumb\",\"itemListElement\":[{\"@type\":\"ListItem\",\"position\":1,\"name\":\"Home\",\"item\":\"https:\/\/www.univ-oeb.dz\/vrdp\/\"},{\"@type\":\"ListItem\",\"position\":2,\"name\":\"Avis d&#8217;attribution\"}]},{\"@type\":\"WebSite\",\"@id\":\"https:\/\/www.univ-oeb.dz\/vrdp\/#website\",\"url\":\"https:\/\/www.univ-oeb.dz\/vrdp\/\",\"name\":\"vice rectorat du d\u00e9veloppemnt ,la prospective et de l&#039;orientation\",\"description\":\"universit\u00e9 l&#039;arbi ben m&#039;hidi oum el bouaghi\",\"potentialAction\":[{\"@type\":\"SearchAction\",\"target\":{\"@type\":\"EntryPoint\",\"urlTemplate\":\"https:\/\/www.univ-oeb.dz\/vrdp\/?s={search_term_string}\"},\"query-input\":{\"@type\":\"PropertyValueSpecification\",\"valueRequired\":true,\"valueName\":\"search_term_string\"}}],\"inLanguage\":\"ar\"}]}<\/script>\n<!-- \/ Yoast SEO plugin. -->","yoast_head_json":{"title":"Avis d'attribution - vice rectorat du d\u00e9veloppemnt ,la prospective et de l&#039;orientation","robots":{"index":"index","follow":"follow","max-snippet":"max-snippet:-1","max-image-preview":"max-image-preview:large","max-video-preview":"max-video-preview:-1"},"canonical":"https:\/\/www.univ-oeb.dz\/vrdp\/fr\/avis-dattribution\/","og_locale":"ar_AR","og_type":"article","og_title":"Avis d'attribution - vice rectorat du d\u00e9veloppemnt ,la prospective et de l&#039;orientation","og_description":"Avis d\u2019attribution AVIS D\u2019ATTRIBUTION PROVISOIRE CONSULTATION N\u00b0 03\/UOEB\/R-BM\/2018: REALISATION DE CINQ (05) LABORATOIRES DE RECHERCHES: LOT: R\u00c9ALISATION ET INSTALLATION DU CHAUFFAGE CENTRAL, DU RACCORDEMENT A LA CHAUDIERE ET ALIMENTATION EN GAZ NATUREL DES CINQ (05) LABORATOIRES Plus de D\u00e9tails&#8230; R\u00e9alisation de Cinq (05) Laboratoires de Recherches\u00ab\u00a0\u00a0Lot\u00a0: R\u00e9alisation et Installation du chauffage central, du raccordement \u00e0 &hellip;","og_url":"https:\/\/www.univ-oeb.dz\/vrdp\/fr\/avis-dattribution\/","og_site_name":"vice rectorat du d\u00e9veloppemnt ,la prospective et de l&#039;orientation","article_modified_time":"2019-02-11T10:19:22+00:00","twitter_card":"summary_large_image","twitter_misc":{"\u0648\u0642\u062a \u0627\u0644\u0642\u0631\u0627\u0621\u0629 \u0627\u0644\u0645\u064f\u0642\u062f\u0651\u0631":"\u062f\u0642\u064a\u0642\u062a\u0627\u0646"},"schema":{"@context":"https:\/\/schema.org","@graph":[{"@type":"WebPage","@id":"https:\/\/www.univ-oeb.dz\/vrdp\/fr\/avis-dattribution\/","url":"https:\/\/www.univ-oeb.dz\/vrdp\/fr\/avis-dattribution\/","name":"Avis d'attribution - vice rectorat du d\u00e9veloppemnt ,la prospective et de l&#039;orientation","isPartOf":{"@id":"https:\/\/www.univ-oeb.dz\/vrdp\/#website"},"datePublished":"2018-11-22T07:22:41+00:00","dateModified":"2019-02-11T10:19:22+00:00","breadcrumb":{"@id":"https:\/\/www.univ-oeb.dz\/vrdp\/fr\/avis-dattribution\/#breadcrumb"},"inLanguage":"ar","potentialAction":[{"@type":"ReadAction","target":["https:\/\/www.univ-oeb.dz\/vrdp\/fr\/avis-dattribution\/"]}]},{"@type":"BreadcrumbList","@id":"https:\/\/www.univ-oeb.dz\/vrdp\/fr\/avis-dattribution\/#breadcrumb","itemListElement":[{"@type":"ListItem","position":1,"name":"Home","item":"https:\/\/www.univ-oeb.dz\/vrdp\/"},{"@type":"ListItem","position":2,"name":"Avis d&#8217;attribution"}]},{"@type":"WebSite","@id":"https:\/\/www.univ-oeb.dz\/vrdp\/#website","url":"https:\/\/www.univ-oeb.dz\/vrdp\/","name":"vice rectorat du d\u00e9veloppemnt ,la prospective et de l&#039;orientation","description":"universit\u00e9 l&#039;arbi ben m&#039;hidi oum el bouaghi","potentialAction":[{"@type":"SearchAction","target":{"@type":"EntryPoint","urlTemplate":"https:\/\/www.univ-oeb.dz\/vrdp\/?s={search_term_string}"},"query-input":{"@type":"PropertyValueSpecification","valueRequired":true,"valueName":"search_term_string"}}],"inLanguage":"ar"}]}},"_links":{"self":[{"href":"https:\/\/www.univ-oeb.dz\/vrdp\/wp-json\/wp\/v2\/pages\/24","targetHints":{"allow":["GET"]}}],"collection":[{"href":"https:\/\/www.univ-oeb.dz\/vrdp\/wp-json\/wp\/v2\/pages"}],"about":[{"href":"https:\/\/www.univ-oeb.dz\/vrdp\/wp-json\/wp\/v2\/types\/page"}],"author":[{"embeddable":true,"href":"https:\/\/www.univ-oeb.dz\/vrdp\/wp-json\/wp\/v2\/users\/1"}],"replies":[{"embeddable":true,"href":"https:\/\/www.univ-oeb.dz\/vrdp\/wp-json\/wp\/v2\/comments?post=24"}],"version-history":[{"count":25,"href":"https:\/\/www.univ-oeb.dz\/vrdp\/wp-json\/wp\/v2\/pages\/24\/revisions"}],"predecessor-version":[{"id":1053,"href":"https:\/\/www.univ-oeb.dz\/vrdp\/wp-json\/wp\/v2\/pages\/24\/revisions\/1053"}],"wp:attachment":[{"href":"https:\/\/www.univ-oeb.dz\/vrdp\/wp-json\/wp\/v2\/media?parent=24"}],"curies":[{"name":"wp","href":"https:\/\/api.w.org\/{rel}","templated":true}]}}