{"id":23,"date":"2018-11-22T08:22:41","date_gmt":"2018-11-22T07:22:41","guid":{"rendered":"http:\/\/www.univ-oeb.dz\/vrdp\/?page_id=23"},"modified":"2020-03-16T18:54:12","modified_gmt":"2020-03-16T17:54:12","slug":"avis-de-consultation","status":"publish","type":"page","link":"https:\/\/www.univ-oeb.dz\/vrdp\/fr\/avis-de-consultation\/","title":{"rendered":"Avis de consultation"},"content":{"rendered":"<h2><strong><u><a href=\"http:\/\/www.univ-oeb.dz\/vrdp\/wp-content\/uploads\/2020\/03\/new.gif\"><img decoding=\"async\" class=\"alignnone wp-image-1604\" src=\"http:\/\/www.univ-oeb.dz\/vrdp\/wp-content\/uploads\/2020\/03\/new.gif\" alt=\"\" width=\"68\" height=\"68\" \/><\/a>\u00a0 Avis de consultation\u00a0 Appel d\u2019offres national ouvert avec exigences de <\/u><\/strong><strong><u>capacit\u00e9s minimales n\u00b0 01\/UOEB\/R-BM\/2020<\/u><\/strong><\/h2>\n<p><u>Matricule fiscal<\/u>\u00a0: 099704019090122 000<\/p>\n<p><strong>\u00a0R\u00e9alisation des travaux de renforcement et r\u00e9novation du chauffage centrale et divers travaux d\u2019am\u00e9nagements et de r\u00e9habilitation des structures de l&#8217;ancien campus de l&#8217;Universit\u00e9 d&#8217;Oum El Bouaghi<\/strong><strong>\u00a0<\/strong><\/p>\n<p>pour plus d&#8217;informations:<\/p>\n<p><a href=\"http:\/\/www.univ-oeb.dz\/vrdp\/wp-content\/uploads\/2020\/03\/Avis-de-consultation-en-Fran\u00e7ais.doc\">T\u00e9l\u00e9charger le document en Fran\u00e7ais\u00a0<\/a><\/p>\n<p><a href=\"http:\/\/www.univ-oeb.dz\/vrdp\/wp-content\/uploads\/2020\/03\/Avis-de-consultation-en-Arabe.doc\">T\u00e9l\u00e9charger le document en Arabe<\/a><\/p>\n<h3><\/h3>\n<hr \/>\n<h1><strong><u>Consultation n\u00b0 01\/UOEB\/R-BM\/2020<\/u><\/strong><\/h1>\n<h2><strong>Equipement du campus des 1000 places p\u00e9dagogiques \u00e0 Ain M\u2019Lila au profit de l\u2019Institut des Sciences et Technologies Appliqu\u00e9es de l\u2019universit\u00e9 d\u2019Oum El Bouaghi <\/strong><\/h2>\n<p><a href=\"http:\/\/www.univ-oeb.dz\/vrdp\/wp-content\/uploads\/2020\/03\/Avis-de-Consultation-en-Fran\u00e7ais-n\u00b0-01-2020.doc\">T\u00e9l\u00e9charger le document en fran\u00e7ais<\/a><\/p>\n<p><a href=\"http:\/\/www.univ-oeb.dz\/vrdp\/wp-content\/uploads\/2020\/03\/Avis-de-Consultation-en-Arabe-IT-n\u00b0-01-2020.doc\">T\u00e9l\u00e9charger le document en arabe<\/a><\/p>\n<h2><\/h2>\n<hr \/>\n<h3><\/h3>\n<h3><\/h3>\n<h3><\/h3>\n<h3><\/h3>\n<h3><\/h3>\n<h3><\/h3>\n<h3><\/h3>\n<h3><strong><u>Avis de consultation n\u00b0 04\/UOEB\/R-BM\/2019:<\/u><\/strong><\/h3>\n<p><strong>Equipement du campus des 1000 places p\u00e9dagogiques \u00e0 Ain M\u2019Lila au profit de l\u2019Institut des Sciences et Technologies Appliqu\u00e9es de l\u2019universit\u00e9 d\u2019Oum El Bouaghi &#8220;, en lot unique, Lot 5 : Equipements de d\u00e9tection d\u2019incendie.<\/strong><\/p>\n<p><a href=\"http:\/\/www.univ-oeb.dz\/vrdp\/wp-content\/uploads\/2019\/06\/Avis-de-Consultation-en-Fran\u00e7ais-n\u00b0-04-2019.pdf\">T\u00e9l\u00e9charger l&#8217;avis de Consultation n\u00b0 04-2019 en Fran\u00e7ais<\/a><\/p>\n<p><a href=\"http:\/\/www.univ-oeb.dz\/vrdp\/wp-content\/uploads\/2019\/06\/Avis-de-Consultation-en-Arabe-IT-n\u00b0-04-2019.pdf\">T\u00e9l\u00e9charger l&#8217;avis de Consultation n\u00b0 04-2019 en Arabe<\/a><\/p>\n<hr \/>\n<h3><strong><u>Avis de consultation n\u00b0 03\/UOEB\/R-BM\/2019:<\/u><\/strong><\/h3>\n<p><strong>Equipement du campus des 1000 places p\u00e9dagogiques \u00e0 Ain M\u2019Lila au profit de l\u2019Institut des Sciences et Technologies Appliqu\u00e9es de l\u2019universit\u00e9 d\u2019Oum El Bouaghi &#8220;, en lot unique, Lot 6 : Equipements de climatisation<\/strong><\/p>\n<p><a href=\"http:\/\/www.univ-oeb.dz\/vrdp\/wp-content\/uploads\/2019\/06\/Avis-de-Consultation-en-Fran\u00e7ais-n\u00b0-03-2019.pdf\">T\u00e9l\u00e9charger l&#8217;avis de Consultation\u00a0 n\u00b0 03-2019<\/a>\u00a0<a href=\"http:\/\/www.univ-oeb.dz\/vrdp\/wp-content\/uploads\/2019\/06\/Avis-de-Consultation-en-Fran\u00e7ais-n\u00b0-03-2019.pdf\">en Fran\u00e7ais<\/a><\/p>\n<p><a href=\"http:\/\/www.univ-oeb.dz\/vrdp\/wp-content\/uploads\/2019\/06\/Avis-de-Consultation-en-Arabe-IT-n\u00b0-03-2019.pdf\">T\u00e9l\u00e9charger l&#8217;avis de Consultation\u00a0 n\u00b0 03-2019 en Arabe<\/a><\/p>\n<hr \/>\n<h3><strong><u>Avis de consultation n\u00b0 02\/UOEB\/R-BM\/2019:<\/u><\/strong><\/h3>\n<p><strong>R\u00e9alisation de Cinq (05) Laboratoires de Recherches<\/strong>&#8220;<strong> Lot\u00a0: Menuiserie m\u00e9tallique et aluminium et raccordement \u00e9lectrique des fours \/ Budget du Fond National de la Recherche (FNR)<\/strong><\/p>\n<p><a href=\"http:\/\/www.univ-oeb.dz\/vrdp\/wp-content\/uploads\/2019\/06\/Avis-de-consultation-02-2019-en-Fran\u00e7ais.pdf\">T\u00e9l\u00e9chargez l&#8217;avis de consultation 02-2019 en Fran\u00e7ais<\/a><\/p>\n<p><a href=\"http:\/\/www.univ-oeb.dz\/vrdp\/wp-content\/uploads\/2019\/06\/Avis-de-consultation-02-2019-en-Arabe.pdf\">T\u00e9l\u00e9chargez l&#8217;avis de consultation 02-2019 en Arabe<\/a><\/p>\n<p>&nbsp;<\/p>\n<hr \/>\n<h3><u>Consultation N\u00b0 09\/UOEB\/R-BM\/2018<\/u>:<\/h3>\n<p>R\u00e9alisation de Cinq (05) Laboratoires de Recherches<\/p>\n<ul>\n<li>Lot: Menuiserie m\u00e9tallique et aluminium (03\/12\/2018)\n<ul>\n<li>\n<h4><a href=\"http:\/\/www.univ-oeb.dz\/vrdp\/wp-content\/uploads\/2018\/12\/consultation-09-fr.pdf\">Avis de consultation-09 Fr<\/a><\/h4>\n<\/li>\n<li>\n<h4><a href=\"http:\/\/www.univ-oeb.dz\/vrdp\/wp-content\/uploads\/2018\/12\/consultation-09-ar.pdf\">Avis de consultation-09 Ar<\/a><\/h4>\n<\/li>\n<\/ul>\n<\/li>\n<\/ul>\n<hr \/>\n<h3><strong><u>Consultation<\/u>\u00a0<u>N\u00b0 46\/UOEB\/2018:<\/u><br \/>\n<\/strong><\/h3>\n<p>ACQUISITION FOURNITURES D\u2019ATELIERS DE PEINTURE (POUR LA DIRECTION DES ACTIVITES CULTURELLES) A L\u2019UNIVERSITE D\u2019OUM EL BOUAGHI<\/p>\n<ul>\n<li>\n<h4><a href=\"http:\/\/www.univ-oeb.dz\/vrdp\/wp-content\/uploads\/2018\/12\/consultation-n46-Fr.pdf\">Avis de consultation Fr \u2026<\/a><\/h4>\n<\/li>\n<li>\n<h4><a href=\"http:\/\/www.univ-oeb.dz\/vrdp\/wp-content\/uploads\/2018\/12\/consultation-n46-Ar.pdf\">Avis de consultation Ar \u2026<\/a><\/h4>\n<\/li>\n<\/ul>\n<hr \/>\n<h3><strong><u>Consultation<\/u>\u00a0<u>N\u00b0 45\/UOEB\/2018:<\/u><br \/>\n<\/strong><\/h3>\n<p>ACQUISITION FOURNITURES SCIENTIFIQUES POUR LES CLUBS SCIENTIFIQUES (POUR LA DIRECTION DES ACTIVITES CULTURELLES ET SCIENTIFIQUES) A L\u2019UNIVERSITE D\u2019OUM EL BOUAGHI<\/p>\n<ul>\n<li>\n<h4><a href=\"http:\/\/www.univ-oeb.dz\/vrdp\/wp-content\/uploads\/2018\/12\/consultation-n45-Fr.pdf\">Avis de consultation Fr \u2026<\/a><\/h4>\n<\/li>\n<li>\n<h4><a href=\"http:\/\/www.univ-oeb.dz\/vrdp\/wp-content\/uploads\/2018\/12\/consultation-n45-Ar.pdf\">Avis de consultation Ar \u2026<\/a><\/h4>\n<\/li>\n<\/ul>\n<hr \/>\n<h3><strong><u>Consultation<\/u>\u00a0<u>N\u00b0 42\/UOEB\/2018:<\/u><br \/>\n<\/strong><\/h3>\n<p>ACQUISITIONS MATERIELS MUSICAL POUR LES ACTIVITES CULTURELS POUR L\u2019UNIVERSITE D\u2019OUM EL BOUAGHI<\/p>\n<ul>\n<li>\n<h4><a href=\"http:\/\/www.univ-oeb.dz\/vrdp\/wp-content\/uploads\/2018\/12\/consultation-n42-Fr.pdf\">Avis de consultation Fr \u2026<\/a><\/h4>\n<\/li>\n<li>\n<h4><a href=\"http:\/\/www.univ-oeb.dz\/vrdp\/wp-content\/uploads\/2018\/12\/consultation-n42-Ar.pdf\">Avis de consultation Ar \u2026<\/a><\/h4>\n<\/li>\n<\/ul>\n<hr \/>\n<h3><strong><u>Consultation<\/u>\u00a0<u>n\u00b0 005:<\/u><br \/>\n<\/strong><\/h3>\n<p>Acquisition des \u00e9quipements pour la formation de post graduation<\/p>\n<ul>\n<li>\n<h4><a  data-e-Disable-Page-Transition=\"true\" class=\"download-link\" title=\"\" href=\"http:\/\/www.univ-oeb.dz\/vrdp\/download\/746\/?tmstv=1776512508\" rel=\"nofollow\" id=\"download-link-746\" data-redirect=\"false\" >\n\tAvis de consultation...\t(\u0627\u0644\u0639\u062f\u064a\u062f \u0645\u0646 \u0627\u0644\u062a\u0646\u0632\u064a\u0644\u0627\u062a\t)\n<\/a>\n<\/h4>\n<\/li>\n<\/ul>\n<h3><strong><u>Consultation<\/u>\u00a0<u>n\u00b0 08\/UOEB\/FNR\/2018:<\/u><br \/>\n<\/strong><\/h3>\n<p>Acquisition des \u00e9quipements scientifiques pour laboratoire de chimie appliqu\u00e9e et technologie des mat\u00e9riaux \u00e0 l\u2019universit\u00e9 d\u2019Oum El Bouaghi<\/p>\n<ul>\n<li>Lot: Spectrophom\u00e9tre infrarouge \u00e0 transform\u00e9e de Fourier FT\/IR (24\/10\/2018)\n<ul>\n<li>\n<h4><a href=\"http:\/\/www.univ-oeb.dz\/vrdp\/wp-content\/uploads\/2018\/12\/consultation-n\u00b08-Fr.pdf\">Avis de consultation Fr\u2026<\/a><\/h4>\n<\/li>\n<li>\n<h4><a href=\"http:\/\/www.univ-oeb.dz\/vrdp\/wp-content\/uploads\/2018\/12\/consultation-n\u00b08-Ar.pdf\">Avis de consultation Ar\u2026<\/a><\/h4>\n<\/li>\n<\/ul>\n<\/li>\n<\/ul>\n<hr \/>\n<h3><strong><u>Consultation n\u00b0 07\/UOEB\/R-BM\/2018<\/u>:<\/strong><\/h3>\n<p>Equipement du campus des 1000 places p\u00e9dagogiques \u00e0 Ain M\u2019Lila au profit de l\u2019Institut des Sciences et Technologies Appliqu\u00e9es de l\u2019universit\u00e9 d\u2019Oum El Bouaghi<\/p>\n<ul>\n<li>Equipements de climatisation (02\/10\/2018)\n<ul>\n<li>\n<h4><a href=\"http:\/\/www.univ-oeb.dz\/vrdp\/wp-content\/uploads\/2018\/12\/consultation-Fr-n\u00b0-07.pdf\">Avis de consultation Fr\u2026<\/a><\/h4>\n<\/li>\n<li>\n<h4><a href=\"http:\/\/www.univ-oeb.dz\/vrdp\/wp-content\/uploads\/2018\/12\/consultation-Ar-IT-n\u00b0-07.pdf\">Avis de consultation Ar\u2026<\/a><\/h4>\n<\/li>\n<\/ul>\n<\/li>\n<\/ul>\n<hr \/>\n<h3><strong><u>Consultation n\u00b0 06\/UOEB\/R-BM\/2018<\/u>:<\/strong><\/h3>\n<p>Equipement de la biblioth\u00e8que (250 places assises) de l\u2019institut des sciences et techniques des activit\u00e9s physiques et sportives de l\u2019universit\u00e9 d\u2019Oum El Bouaghi\u00a0(19\/09\/2018)<\/p>\n<ul>\n<li>\n<h4><a href=\"http:\/\/www.univ-oeb.dz\/vrdp\/wp-content\/uploads\/2018\/12\/Consultation-n6-Fr.pdf\">Avis de consultation Fr\u2026<\/a><\/h4>\n<\/li>\n<li>\n<h4><a href=\"http:\/\/www.univ-oeb.dz\/vrdp\/wp-content\/uploads\/2018\/12\/Consultation-n6-Ar.pdf\">Avis de consultation Ar\u2026<\/a><\/h4>\n<\/li>\n<\/ul>\n<hr \/>\n<h3><strong><u>Consultation n\u00b0 05\/UOEB\/R-BM\/2018<\/u>:<\/strong><\/h3>\n<p>R\u00e9alisation de Cinq (05) Laboratoires de Recherches \u2013 Lot : Equipements de Climatisation\u00a0(17\/09\/2018)<\/p>\n<ul>\n<li>\n<h4><a href=\"http:\/\/www.univ-oeb.dz\/vrdp\/wp-content\/uploads\/2018\/12\/Avis-de-consultation-05-Fran\u00e7ais-Climatisation.pdf\">Avis de consultation Fr\u2026<\/a><\/h4>\n<\/li>\n<li>\n<h4><a href=\"http:\/\/www.univ-oeb.dz\/vrdp\/wp-content\/uploads\/2018\/12\/Avis-de-consultation-05-Arabe-Climatisation.pdf\">Avis de consultation Ar\u2026<\/a><\/h4>\n<\/li>\n<\/ul>\n","protected":false},"excerpt":{"rendered":"<p>\u00a0 Avis de consultation\u00a0 Appel d\u2019offres national ouvert avec exigences de capacit\u00e9s minimales n\u00b0 01\/UOEB\/R-BM\/2020 Matricule fiscal\u00a0: 099704019090122 000 \u00a0R\u00e9alisation des travaux de renforcement et r\u00e9novation du chauffage centrale et divers travaux d\u2019am\u00e9nagements et de r\u00e9habilitation des structures de l&#8217;ancien campus de l&#8217;Universit\u00e9 d&#8217;Oum El Bouaghi\u00a0 pour plus d&#8217;informations: T\u00e9l\u00e9charger le document en Fran\u00e7ais\u00a0 T\u00e9l\u00e9charger &hellip;<\/p>\n","protected":false},"author":1,"featured_media":0,"parent":0,"menu_order":0,"comment_status":"closed","ping_status":"closed","template":"","meta":{"pgc_meta":"","footnotes":""},"class_list":["post-23","page","type-page","status-publish","hentry"],"pgc_meta":"","yoast_head":"<!-- This site is optimized with the Yoast SEO plugin v24.0 - https:\/\/yoast.com\/wordpress\/plugins\/seo\/ -->\n<title>Avis de consultation - vice rectorat du d\u00e9veloppemnt ,la prospective et de l&#039;orientation<\/title>\n<meta name=\"robots\" content=\"index, follow, max-snippet:-1, max-image-preview:large, max-video-preview:-1\" \/>\n<link rel=\"canonical\" href=\"https:\/\/www.univ-oeb.dz\/vrdp\/fr\/avis-de-consultation\/\" \/>\n<meta property=\"og:locale\" content=\"ar_AR\" \/>\n<meta property=\"og:type\" content=\"article\" \/>\n<meta property=\"og:title\" content=\"Avis de consultation - vice rectorat du d\u00e9veloppemnt ,la prospective et de l&#039;orientation\" \/>\n<meta property=\"og:description\" content=\"\u00a0 Avis de consultation\u00a0 Appel d\u2019offres national ouvert avec exigences de capacit\u00e9s minimales n\u00b0 01\/UOEB\/R-BM\/2020 Matricule fiscal\u00a0: 099704019090122 000 \u00a0R\u00e9alisation des travaux de renforcement et r\u00e9novation du chauffage centrale et divers travaux d\u2019am\u00e9nagements et de r\u00e9habilitation des structures de l&#8217;ancien campus de l&#8217;Universit\u00e9 d&#8217;Oum El Bouaghi\u00a0 pour plus d&#8217;informations: T\u00e9l\u00e9charger le document en Fran\u00e7ais\u00a0 T\u00e9l\u00e9charger &hellip;\" \/>\n<meta property=\"og:url\" content=\"https:\/\/www.univ-oeb.dz\/vrdp\/fr\/avis-de-consultation\/\" \/>\n<meta property=\"og:site_name\" content=\"vice rectorat du d\u00e9veloppemnt ,la prospective et de l&#039;orientation\" \/>\n<meta property=\"article:modified_time\" content=\"2020-03-16T17:54:12+00:00\" \/>\n<meta property=\"og:image\" content=\"https:\/\/www.univ-oeb.dz\/vrdp\/wp-content\/uploads\/2020\/03\/new.gif\" \/>\n\t<meta property=\"og:image:width\" content=\"150\" \/>\n\t<meta property=\"og:image:height\" content=\"150\" \/>\n\t<meta property=\"og:image:type\" content=\"image\/gif\" \/>\n<meta name=\"twitter:card\" content=\"summary_large_image\" \/>\n<meta name=\"twitter:label1\" content=\"\u0648\u0642\u062a \u0627\u0644\u0642\u0631\u0627\u0621\u0629 \u0627\u0644\u0645\u064f\u0642\u062f\u0651\u0631\" \/>\n\t<meta name=\"twitter:data1\" content=\"3 \u062f\u0642\u0627\u0626\u0642\" \/>\n<script type=\"application\/ld+json\" class=\"yoast-schema-graph\">{\"@context\":\"https:\/\/schema.org\",\"@graph\":[{\"@type\":\"WebPage\",\"@id\":\"https:\/\/www.univ-oeb.dz\/vrdp\/fr\/avis-de-consultation\/\",\"url\":\"https:\/\/www.univ-oeb.dz\/vrdp\/fr\/avis-de-consultation\/\",\"name\":\"Avis de consultation - vice rectorat du d\u00e9veloppemnt ,la prospective et de l&#039;orientation\",\"isPartOf\":{\"@id\":\"https:\/\/www.univ-oeb.dz\/vrdp\/#website\"},\"primaryImageOfPage\":{\"@id\":\"https:\/\/www.univ-oeb.dz\/vrdp\/fr\/avis-de-consultation\/#primaryimage\"},\"image\":{\"@id\":\"https:\/\/www.univ-oeb.dz\/vrdp\/fr\/avis-de-consultation\/#primaryimage\"},\"thumbnailUrl\":\"http:\/\/www.univ-oeb.dz\/vrdp\/wp-content\/uploads\/2020\/03\/new.gif\",\"datePublished\":\"2018-11-22T07:22:41+00:00\",\"dateModified\":\"2020-03-16T17:54:12+00:00\",\"breadcrumb\":{\"@id\":\"https:\/\/www.univ-oeb.dz\/vrdp\/fr\/avis-de-consultation\/#breadcrumb\"},\"inLanguage\":\"ar\",\"potentialAction\":[{\"@type\":\"ReadAction\",\"target\":[\"https:\/\/www.univ-oeb.dz\/vrdp\/fr\/avis-de-consultation\/\"]}]},{\"@type\":\"ImageObject\",\"inLanguage\":\"ar\",\"@id\":\"https:\/\/www.univ-oeb.dz\/vrdp\/fr\/avis-de-consultation\/#primaryimage\",\"url\":\"http:\/\/www.univ-oeb.dz\/vrdp\/wp-content\/uploads\/2020\/03\/new.gif\",\"contentUrl\":\"http:\/\/www.univ-oeb.dz\/vrdp\/wp-content\/uploads\/2020\/03\/new.gif\"},{\"@type\":\"BreadcrumbList\",\"@id\":\"https:\/\/www.univ-oeb.dz\/vrdp\/fr\/avis-de-consultation\/#breadcrumb\",\"itemListElement\":[{\"@type\":\"ListItem\",\"position\":1,\"name\":\"Home\",\"item\":\"https:\/\/www.univ-oeb.dz\/vrdp\/\"},{\"@type\":\"ListItem\",\"position\":2,\"name\":\"Avis de consultation\"}]},{\"@type\":\"WebSite\",\"@id\":\"https:\/\/www.univ-oeb.dz\/vrdp\/#website\",\"url\":\"https:\/\/www.univ-oeb.dz\/vrdp\/\",\"name\":\"vice rectorat du d\u00e9veloppemnt ,la prospective et de l&#039;orientation\",\"description\":\"universit\u00e9 l&#039;arbi ben m&#039;hidi oum el bouaghi\",\"potentialAction\":[{\"@type\":\"SearchAction\",\"target\":{\"@type\":\"EntryPoint\",\"urlTemplate\":\"https:\/\/www.univ-oeb.dz\/vrdp\/?s={search_term_string}\"},\"query-input\":{\"@type\":\"PropertyValueSpecification\",\"valueRequired\":true,\"valueName\":\"search_term_string\"}}],\"inLanguage\":\"ar\"}]}<\/script>\n<!-- \/ Yoast SEO plugin. -->","yoast_head_json":{"title":"Avis de consultation - vice rectorat du d\u00e9veloppemnt ,la prospective et de l&#039;orientation","robots":{"index":"index","follow":"follow","max-snippet":"max-snippet:-1","max-image-preview":"max-image-preview:large","max-video-preview":"max-video-preview:-1"},"canonical":"https:\/\/www.univ-oeb.dz\/vrdp\/fr\/avis-de-consultation\/","og_locale":"ar_AR","og_type":"article","og_title":"Avis de consultation - vice rectorat du d\u00e9veloppemnt ,la prospective et de l&#039;orientation","og_description":"\u00a0 Avis de consultation\u00a0 Appel d\u2019offres national ouvert avec exigences de capacit\u00e9s minimales n\u00b0 01\/UOEB\/R-BM\/2020 Matricule fiscal\u00a0: 099704019090122 000 \u00a0R\u00e9alisation des travaux de renforcement et r\u00e9novation du chauffage centrale et divers travaux d\u2019am\u00e9nagements et de r\u00e9habilitation des structures de l&#8217;ancien campus de l&#8217;Universit\u00e9 d&#8217;Oum El Bouaghi\u00a0 pour plus d&#8217;informations: T\u00e9l\u00e9charger le document en Fran\u00e7ais\u00a0 T\u00e9l\u00e9charger &hellip;","og_url":"https:\/\/www.univ-oeb.dz\/vrdp\/fr\/avis-de-consultation\/","og_site_name":"vice rectorat du d\u00e9veloppemnt ,la prospective et de l&#039;orientation","article_modified_time":"2020-03-16T17:54:12+00:00","og_image":[{"width":150,"height":150,"url":"https:\/\/www.univ-oeb.dz\/vrdp\/wp-content\/uploads\/2020\/03\/new.gif","type":"image\/gif"}],"twitter_card":"summary_large_image","twitter_misc":{"\u0648\u0642\u062a \u0627\u0644\u0642\u0631\u0627\u0621\u0629 \u0627\u0644\u0645\u064f\u0642\u062f\u0651\u0631":"3 \u062f\u0642\u0627\u0626\u0642"},"schema":{"@context":"https:\/\/schema.org","@graph":[{"@type":"WebPage","@id":"https:\/\/www.univ-oeb.dz\/vrdp\/fr\/avis-de-consultation\/","url":"https:\/\/www.univ-oeb.dz\/vrdp\/fr\/avis-de-consultation\/","name":"Avis de consultation - vice rectorat du d\u00e9veloppemnt ,la prospective et de l&#039;orientation","isPartOf":{"@id":"https:\/\/www.univ-oeb.dz\/vrdp\/#website"},"primaryImageOfPage":{"@id":"https:\/\/www.univ-oeb.dz\/vrdp\/fr\/avis-de-consultation\/#primaryimage"},"image":{"@id":"https:\/\/www.univ-oeb.dz\/vrdp\/fr\/avis-de-consultation\/#primaryimage"},"thumbnailUrl":"http:\/\/www.univ-oeb.dz\/vrdp\/wp-content\/uploads\/2020\/03\/new.gif","datePublished":"2018-11-22T07:22:41+00:00","dateModified":"2020-03-16T17:54:12+00:00","breadcrumb":{"@id":"https:\/\/www.univ-oeb.dz\/vrdp\/fr\/avis-de-consultation\/#breadcrumb"},"inLanguage":"ar","potentialAction":[{"@type":"ReadAction","target":["https:\/\/www.univ-oeb.dz\/vrdp\/fr\/avis-de-consultation\/"]}]},{"@type":"ImageObject","inLanguage":"ar","@id":"https:\/\/www.univ-oeb.dz\/vrdp\/fr\/avis-de-consultation\/#primaryimage","url":"http:\/\/www.univ-oeb.dz\/vrdp\/wp-content\/uploads\/2020\/03\/new.gif","contentUrl":"http:\/\/www.univ-oeb.dz\/vrdp\/wp-content\/uploads\/2020\/03\/new.gif"},{"@type":"BreadcrumbList","@id":"https:\/\/www.univ-oeb.dz\/vrdp\/fr\/avis-de-consultation\/#breadcrumb","itemListElement":[{"@type":"ListItem","position":1,"name":"Home","item":"https:\/\/www.univ-oeb.dz\/vrdp\/"},{"@type":"ListItem","position":2,"name":"Avis de consultation"}]},{"@type":"WebSite","@id":"https:\/\/www.univ-oeb.dz\/vrdp\/#website","url":"https:\/\/www.univ-oeb.dz\/vrdp\/","name":"vice rectorat du d\u00e9veloppemnt ,la prospective et de l&#039;orientation","description":"universit\u00e9 l&#039;arbi ben m&#039;hidi oum el bouaghi","potentialAction":[{"@type":"SearchAction","target":{"@type":"EntryPoint","urlTemplate":"https:\/\/www.univ-oeb.dz\/vrdp\/?s={search_term_string}"},"query-input":{"@type":"PropertyValueSpecification","valueRequired":true,"valueName":"search_term_string"}}],"inLanguage":"ar"}]}},"_links":{"self":[{"href":"https:\/\/www.univ-oeb.dz\/vrdp\/wp-json\/wp\/v2\/pages\/23","targetHints":{"allow":["GET"]}}],"collection":[{"href":"https:\/\/www.univ-oeb.dz\/vrdp\/wp-json\/wp\/v2\/pages"}],"about":[{"href":"https:\/\/www.univ-oeb.dz\/vrdp\/wp-json\/wp\/v2\/types\/page"}],"author":[{"embeddable":true,"href":"https:\/\/www.univ-oeb.dz\/vrdp\/wp-json\/wp\/v2\/users\/1"}],"replies":[{"embeddable":true,"href":"https:\/\/www.univ-oeb.dz\/vrdp\/wp-json\/wp\/v2\/comments?post=23"}],"version-history":[{"count":39,"href":"https:\/\/www.univ-oeb.dz\/vrdp\/wp-json\/wp\/v2\/pages\/23\/revisions"}],"predecessor-version":[{"id":1608,"href":"https:\/\/www.univ-oeb.dz\/vrdp\/wp-json\/wp\/v2\/pages\/23\/revisions\/1608"}],"wp:attachment":[{"href":"https:\/\/www.univ-oeb.dz\/vrdp\/wp-json\/wp\/v2\/media?parent=23"}],"curies":[{"name":"wp","href":"https:\/\/api.w.org\/{rel}","templated":true}]}}