{"id":20,"date":"2018-11-22T08:22:41","date_gmt":"2018-11-22T07:22:41","guid":{"rendered":"http:\/\/www.univ-oeb.dz\/vrdp\/?page_id=20"},"modified":"2019-02-11T10:50:42","modified_gmt":"2019-02-11T09:50:42","slug":"marches-publics","status":"publish","type":"page","link":"https:\/\/www.univ-oeb.dz\/vrdp\/fr\/marches-publics\/","title":{"rendered":"March\u00e9s Publics"},"content":{"rendered":"\t\t<div data-elementor-type=\"wp-post\" data-elementor-id=\"20\" class=\"elementor elementor-20 elementor-bc-flex-widget\">\n\t\t\t\t\t\t<section class=\"elementor-section elementor-top-section elementor-element elementor-element-03a48a9 elementor-section-boxed elementor-section-height-default elementor-section-height-default\" data-id=\"03a48a9\" data-element_type=\"section\">\n\t\t\t\t\t\t<div class=\"elementor-container elementor-column-gap-default\">\n\t\t\t\t\t<div class=\"elementor-column elementor-col-100 elementor-top-column elementor-element elementor-element-3b38e78\" data-id=\"3b38e78\" data-element_type=\"column\">\n\t\t\t<div class=\"elementor-widget-wrap elementor-element-populated\">\n\t\t\t\t\t\t<div class=\"elementor-element elementor-element-f8e8d98 elementor-widget elementor-widget-heading\" data-id=\"f8e8d98\" data-element_type=\"widget\" data-widget_type=\"heading.default\">\n\t\t\t\t<div class=\"elementor-widget-container\">\n\t\t\t<h1 class=\"elementor-heading-title elementor-size-default\">March\u00e9s Publics<\/h1>\t\t<\/div>\n\t\t\t\t<\/div>\n\t\t\t\t\t<\/div>\n\t\t<\/div>\n\t\t\t\t\t<\/div>\n\t\t<\/section>\n\t\t\t\t<\/div>\n\t\t","protected":false},"excerpt":{"rendered":"<p>March\u00e9s Publics<\/p>\n","protected":false},"author":1,"featured_media":0,"parent":0,"menu_order":0,"comment_status":"closed","ping_status":"closed","template":"","meta":{"pgc_meta":"","footnotes":""},"class_list":["post-20","page","type-page","status-publish","hentry"],"pgc_meta":"","yoast_head":"<!-- This site is optimized with the Yoast SEO plugin v24.0 - https:\/\/yoast.com\/wordpress\/plugins\/seo\/ -->\n<title>March\u00e9s Publics - vice rectorat du d\u00e9veloppemnt ,la prospective et de l&#039;orientation<\/title>\n<meta name=\"robots\" content=\"index, follow, max-snippet:-1, max-image-preview:large, max-video-preview:-1\" \/>\n<link rel=\"canonical\" href=\"https:\/\/www.univ-oeb.dz\/vrdp\/fr\/marches-publics\/\" \/>\n<meta property=\"og:locale\" content=\"ar_AR\" \/>\n<meta property=\"og:type\" content=\"article\" \/>\n<meta property=\"og:title\" content=\"March\u00e9s Publics - vice rectorat du d\u00e9veloppemnt ,la prospective et de l&#039;orientation\" \/>\n<meta property=\"og:description\" content=\"March\u00e9s Publics\" \/>\n<meta property=\"og:url\" content=\"https:\/\/www.univ-oeb.dz\/vrdp\/fr\/marches-publics\/\" \/>\n<meta property=\"og:site_name\" content=\"vice rectorat du d\u00e9veloppemnt ,la prospective et de l&#039;orientation\" \/>\n<meta property=\"article:modified_time\" content=\"2019-02-11T09:50:42+00:00\" \/>\n<meta name=\"twitter:card\" content=\"summary_large_image\" \/>\n<script type=\"application\/ld+json\" class=\"yoast-schema-graph\">{\"@context\":\"https:\/\/schema.org\",\"@graph\":[{\"@type\":\"WebPage\",\"@id\":\"https:\/\/www.univ-oeb.dz\/vrdp\/fr\/marches-publics\/\",\"url\":\"https:\/\/www.univ-oeb.dz\/vrdp\/fr\/marches-publics\/\",\"name\":\"March\u00e9s Publics - vice rectorat du d\u00e9veloppemnt ,la prospective et de l&#039;orientation\",\"isPartOf\":{\"@id\":\"https:\/\/www.univ-oeb.dz\/vrdp\/#website\"},\"datePublished\":\"2018-11-22T07:22:41+00:00\",\"dateModified\":\"2019-02-11T09:50:42+00:00\",\"breadcrumb\":{\"@id\":\"https:\/\/www.univ-oeb.dz\/vrdp\/fr\/marches-publics\/#breadcrumb\"},\"inLanguage\":\"ar\",\"potentialAction\":[{\"@type\":\"ReadAction\",\"target\":[\"https:\/\/www.univ-oeb.dz\/vrdp\/fr\/marches-publics\/\"]}]},{\"@type\":\"BreadcrumbList\",\"@id\":\"https:\/\/www.univ-oeb.dz\/vrdp\/fr\/marches-publics\/#breadcrumb\",\"itemListElement\":[{\"@type\":\"ListItem\",\"position\":1,\"name\":\"Home\",\"item\":\"https:\/\/www.univ-oeb.dz\/vrdp\/\"},{\"@type\":\"ListItem\",\"position\":2,\"name\":\"March\u00e9s Publics\"}]},{\"@type\":\"WebSite\",\"@id\":\"https:\/\/www.univ-oeb.dz\/vrdp\/#website\",\"url\":\"https:\/\/www.univ-oeb.dz\/vrdp\/\",\"name\":\"vice rectorat du d\u00e9veloppemnt ,la prospective et de l&#039;orientation\",\"description\":\"universit\u00e9 l&#039;arbi ben m&#039;hidi oum el bouaghi\",\"potentialAction\":[{\"@type\":\"SearchAction\",\"target\":{\"@type\":\"EntryPoint\",\"urlTemplate\":\"https:\/\/www.univ-oeb.dz\/vrdp\/?s={search_term_string}\"},\"query-input\":{\"@type\":\"PropertyValueSpecification\",\"valueRequired\":true,\"valueName\":\"search_term_string\"}}],\"inLanguage\":\"ar\"}]}<\/script>\n<!-- \/ Yoast SEO plugin. -->","yoast_head_json":{"title":"March\u00e9s Publics - vice rectorat du d\u00e9veloppemnt ,la prospective et de l&#039;orientation","robots":{"index":"index","follow":"follow","max-snippet":"max-snippet:-1","max-image-preview":"max-image-preview:large","max-video-preview":"max-video-preview:-1"},"canonical":"https:\/\/www.univ-oeb.dz\/vrdp\/fr\/marches-publics\/","og_locale":"ar_AR","og_type":"article","og_title":"March\u00e9s Publics - vice rectorat du d\u00e9veloppemnt ,la prospective et de l&#039;orientation","og_description":"March\u00e9s Publics","og_url":"https:\/\/www.univ-oeb.dz\/vrdp\/fr\/marches-publics\/","og_site_name":"vice rectorat du d\u00e9veloppemnt ,la prospective et de l&#039;orientation","article_modified_time":"2019-02-11T09:50:42+00:00","twitter_card":"summary_large_image","schema":{"@context":"https:\/\/schema.org","@graph":[{"@type":"WebPage","@id":"https:\/\/www.univ-oeb.dz\/vrdp\/fr\/marches-publics\/","url":"https:\/\/www.univ-oeb.dz\/vrdp\/fr\/marches-publics\/","name":"March\u00e9s Publics - vice rectorat du d\u00e9veloppemnt ,la prospective et de l&#039;orientation","isPartOf":{"@id":"https:\/\/www.univ-oeb.dz\/vrdp\/#website"},"datePublished":"2018-11-22T07:22:41+00:00","dateModified":"2019-02-11T09:50:42+00:00","breadcrumb":{"@id":"https:\/\/www.univ-oeb.dz\/vrdp\/fr\/marches-publics\/#breadcrumb"},"inLanguage":"ar","potentialAction":[{"@type":"ReadAction","target":["https:\/\/www.univ-oeb.dz\/vrdp\/fr\/marches-publics\/"]}]},{"@type":"BreadcrumbList","@id":"https:\/\/www.univ-oeb.dz\/vrdp\/fr\/marches-publics\/#breadcrumb","itemListElement":[{"@type":"ListItem","position":1,"name":"Home","item":"https:\/\/www.univ-oeb.dz\/vrdp\/"},{"@type":"ListItem","position":2,"name":"March\u00e9s Publics"}]},{"@type":"WebSite","@id":"https:\/\/www.univ-oeb.dz\/vrdp\/#website","url":"https:\/\/www.univ-oeb.dz\/vrdp\/","name":"vice rectorat du d\u00e9veloppemnt ,la prospective et de l&#039;orientation","description":"universit\u00e9 l&#039;arbi ben m&#039;hidi oum el bouaghi","potentialAction":[{"@type":"SearchAction","target":{"@type":"EntryPoint","urlTemplate":"https:\/\/www.univ-oeb.dz\/vrdp\/?s={search_term_string}"},"query-input":{"@type":"PropertyValueSpecification","valueRequired":true,"valueName":"search_term_string"}}],"inLanguage":"ar"}]}},"_links":{"self":[{"href":"https:\/\/www.univ-oeb.dz\/vrdp\/wp-json\/wp\/v2\/pages\/20","targetHints":{"allow":["GET"]}}],"collection":[{"href":"https:\/\/www.univ-oeb.dz\/vrdp\/wp-json\/wp\/v2\/pages"}],"about":[{"href":"https:\/\/www.univ-oeb.dz\/vrdp\/wp-json\/wp\/v2\/types\/page"}],"author":[{"embeddable":true,"href":"https:\/\/www.univ-oeb.dz\/vrdp\/wp-json\/wp\/v2\/users\/1"}],"replies":[{"embeddable":true,"href":"https:\/\/www.univ-oeb.dz\/vrdp\/wp-json\/wp\/v2\/comments?post=20"}],"version-history":[{"count":6,"href":"https:\/\/www.univ-oeb.dz\/vrdp\/wp-json\/wp\/v2\/pages\/20\/revisions"}],"predecessor-version":[{"id":1040,"href":"https:\/\/www.univ-oeb.dz\/vrdp\/wp-json\/wp\/v2\/pages\/20\/revisions\/1040"}],"wp:attachment":[{"href":"https:\/\/www.univ-oeb.dz\/vrdp\/wp-json\/wp\/v2\/media?parent=20"}],"curies":[{"name":"wp","href":"https:\/\/api.w.org\/{rel}","templated":true}]}}