{"id":1911,"date":"2024-12-11T11:40:10","date_gmt":"2024-12-11T10:40:10","guid":{"rendered":"https:\/\/www.univ-oeb.dz\/vrdp\/?page_id=1911"},"modified":"2024-12-12T10:24:46","modified_gmt":"2024-12-12T09:24:46","slug":"objectifs-du-vice-rectorat","status":"publish","type":"page","link":"https:\/\/www.univ-oeb.dz\/vrdp\/objectifs-du-vice-rectorat\/","title":{"rendered":"OBJECTIFS DU VICE RECTORAT"},"content":{"rendered":"\n<p dir=\"ltr\">La Direction du d\u00e9veloppement, de la prospective et de l&#8217;orientation de l&#8217;universit\u00e9 est charg\u00e9e de :<\/p>\n\n\n\n<p dir=\"ltr\">1-de rassembler les \u00e9l\u00e9ments n\u00e9cessaires \u00e0 l&#8217;\u00e9laboration des projets de plans de d\u00e9veloppement de l&#8217;universit\u00e9<\/p>\n\n\n\n<p dir=\"ltr\">2-de r\u00e9aliser toute \u00e9tude prospective sur l&#8217;\u00e9volution de la population \u00e9tudiante de l&#8217;universit\u00e9 et de proposer toute mesure pour sa prise en charge, notamment dans le domaine de l&#8217;\u00e9volution des cadres p\u00e9dagogiques et administratifs<\/p>\n\n\n\n<p dir=\"ltr\">3-tenir et mettre \u00e0 jour p\u00e9riodiquement la fiche statistique de l&#8217;universit\u00e9<\/p>\n\n\n\n<p dir=\"ltr\">4-pr\u00e9parer des brochures d&#8217;information sur le parcours de formation offert par l&#8217;universit\u00e9 et ses d\u00e9bouch\u00e9s professionnels<\/p>\n\n\n\n<p dir=\"ltr\">5-mettre \u00e0 la disposition des \u00e9tudiants toutes les informations qui les aideront \u00e0 choisir leur orientation<\/p>\n\n\n\n<p dir=\"ltr\">6-suivre les programmes de construction et assurer la mise en \u0153uvre des programmes d&#8217;\u00e9quipement de l&#8217;universit\u00e9 en liaison avec les services concern\u00e9s.<br>Il comprend les services suivants :<\/p>\n\n\n\n<p dir=\"ltr\">* Service des statistiques et de la prospective<\/p>\n\n\n\n<p dir=\"ltr\">* Service de l&#8217;orientation et de l&#8217;informatio<\/p>\n\n\n\n<p dir=\"ltr\">* service des programmes de construction et d&#8217;\u00e9quipement universitaire<\/p>\n\n\n\n<p dir=\"ltr\"><\/p>\n\n\n\n<p><\/p>\n","protected":false},"excerpt":{"rendered":"<p>La Direction du d\u00e9veloppement, de la prospective et de l&#8217;orientation de l&#8217;universit\u00e9 est charg\u00e9e de : 1-de rassembler les \u00e9l\u00e9ments n\u00e9cessaires \u00e0 l&#8217;\u00e9laboration des projets de plans de d\u00e9veloppement de l&#8217;universit\u00e9 2-de r\u00e9aliser toute \u00e9tude prospective sur l&#8217;\u00e9volution de la population \u00e9tudiante de l&#8217;universit\u00e9 et de proposer toute mesure pour sa prise en charge, notamment &hellip;<\/p>\n","protected":false},"author":1,"featured_media":0,"parent":0,"menu_order":0,"comment_status":"closed","ping_status":"closed","template":"","meta":{"pgc_meta":"","footnotes":""},"class_list":["post-1911","page","type-page","status-publish","hentry"],"pgc_meta":"","yoast_head":"<!-- This site is optimized with the Yoast SEO plugin v24.0 - https:\/\/yoast.com\/wordpress\/plugins\/seo\/ -->\n<title>OBJECTIFS DU VICE RECTORAT - vice rectorat du d\u00e9veloppemnt ,la prospective et de l&#039;orientation<\/title>\n<meta name=\"robots\" content=\"index, follow, max-snippet:-1, max-image-preview:large, max-video-preview:-1\" \/>\n<link rel=\"canonical\" href=\"https:\/\/www.univ-oeb.dz\/vrdp\/objectifs-du-vice-rectorat\/\" \/>\n<meta property=\"og:locale\" content=\"ar_AR\" \/>\n<meta property=\"og:type\" content=\"article\" \/>\n<meta property=\"og:title\" content=\"OBJECTIFS DU VICE RECTORAT - vice rectorat du d\u00e9veloppemnt ,la prospective et de l&#039;orientation\" \/>\n<meta property=\"og:description\" content=\"La Direction du d\u00e9veloppement, de la prospective et de l&#8217;orientation de l&#8217;universit\u00e9 est charg\u00e9e de : 1-de rassembler les \u00e9l\u00e9ments n\u00e9cessaires \u00e0 l&#8217;\u00e9laboration des projets de plans de d\u00e9veloppement de l&#8217;universit\u00e9 2-de r\u00e9aliser toute \u00e9tude prospective sur l&#8217;\u00e9volution de la population \u00e9tudiante de l&#8217;universit\u00e9 et de proposer toute mesure pour sa prise en charge, notamment &hellip;\" \/>\n<meta property=\"og:url\" content=\"https:\/\/www.univ-oeb.dz\/vrdp\/objectifs-du-vice-rectorat\/\" \/>\n<meta property=\"og:site_name\" content=\"vice rectorat du d\u00e9veloppemnt ,la prospective et de l&#039;orientation\" \/>\n<meta property=\"article:modified_time\" content=\"2024-12-12T09:24:46+00:00\" \/>\n<meta name=\"twitter:card\" content=\"summary_large_image\" \/>\n<meta name=\"twitter:label1\" content=\"\u0648\u0642\u062a \u0627\u0644\u0642\u0631\u0627\u0621\u0629 \u0627\u0644\u0645\u064f\u0642\u062f\u0651\u0631\" \/>\n\t<meta name=\"twitter:data1\" content=\"\u062f\u0642\u064a\u0642\u062a\u0627\u0646\" \/>\n<script type=\"application\/ld+json\" class=\"yoast-schema-graph\">{\"@context\":\"https:\/\/schema.org\",\"@graph\":[{\"@type\":\"WebPage\",\"@id\":\"https:\/\/www.univ-oeb.dz\/vrdp\/objectifs-du-vice-rectorat\/\",\"url\":\"https:\/\/www.univ-oeb.dz\/vrdp\/objectifs-du-vice-rectorat\/\",\"name\":\"OBJECTIFS DU VICE RECTORAT - vice rectorat du d\u00e9veloppemnt ,la prospective et de l&#039;orientation\",\"isPartOf\":{\"@id\":\"https:\/\/www.univ-oeb.dz\/vrdp\/#website\"},\"datePublished\":\"2024-12-11T10:40:10+00:00\",\"dateModified\":\"2024-12-12T09:24:46+00:00\",\"breadcrumb\":{\"@id\":\"https:\/\/www.univ-oeb.dz\/vrdp\/objectifs-du-vice-rectorat\/#breadcrumb\"},\"inLanguage\":\"ar\",\"potentialAction\":[{\"@type\":\"ReadAction\",\"target\":[\"https:\/\/www.univ-oeb.dz\/vrdp\/objectifs-du-vice-rectorat\/\"]}]},{\"@type\":\"BreadcrumbList\",\"@id\":\"https:\/\/www.univ-oeb.dz\/vrdp\/objectifs-du-vice-rectorat\/#breadcrumb\",\"itemListElement\":[{\"@type\":\"ListItem\",\"position\":1,\"name\":\"Home\",\"item\":\"https:\/\/www.univ-oeb.dz\/vrdp\/\"},{\"@type\":\"ListItem\",\"position\":2,\"name\":\"OBJECTIFS DU VICE RECTORAT\"}]},{\"@type\":\"WebSite\",\"@id\":\"https:\/\/www.univ-oeb.dz\/vrdp\/#website\",\"url\":\"https:\/\/www.univ-oeb.dz\/vrdp\/\",\"name\":\"vice rectorat du d\u00e9veloppemnt ,la prospective et de l&#039;orientation\",\"description\":\"universit\u00e9 l&#039;arbi ben m&#039;hidi oum el bouaghi\",\"potentialAction\":[{\"@type\":\"SearchAction\",\"target\":{\"@type\":\"EntryPoint\",\"urlTemplate\":\"https:\/\/www.univ-oeb.dz\/vrdp\/?s={search_term_string}\"},\"query-input\":{\"@type\":\"PropertyValueSpecification\",\"valueRequired\":true,\"valueName\":\"search_term_string\"}}],\"inLanguage\":\"ar\"}]}<\/script>\n<!-- \/ Yoast SEO plugin. -->","yoast_head_json":{"title":"OBJECTIFS DU VICE RECTORAT - vice rectorat du d\u00e9veloppemnt ,la prospective et de l&#039;orientation","robots":{"index":"index","follow":"follow","max-snippet":"max-snippet:-1","max-image-preview":"max-image-preview:large","max-video-preview":"max-video-preview:-1"},"canonical":"https:\/\/www.univ-oeb.dz\/vrdp\/objectifs-du-vice-rectorat\/","og_locale":"ar_AR","og_type":"article","og_title":"OBJECTIFS DU VICE RECTORAT - vice rectorat du d\u00e9veloppemnt ,la prospective et de l&#039;orientation","og_description":"La Direction du d\u00e9veloppement, de la prospective et de l&#8217;orientation de l&#8217;universit\u00e9 est charg\u00e9e de : 1-de rassembler les \u00e9l\u00e9ments n\u00e9cessaires \u00e0 l&#8217;\u00e9laboration des projets de plans de d\u00e9veloppement de l&#8217;universit\u00e9 2-de r\u00e9aliser toute \u00e9tude prospective sur l&#8217;\u00e9volution de la population \u00e9tudiante de l&#8217;universit\u00e9 et de proposer toute mesure pour sa prise en charge, notamment &hellip;","og_url":"https:\/\/www.univ-oeb.dz\/vrdp\/objectifs-du-vice-rectorat\/","og_site_name":"vice rectorat du d\u00e9veloppemnt ,la prospective et de l&#039;orientation","article_modified_time":"2024-12-12T09:24:46+00:00","twitter_card":"summary_large_image","twitter_misc":{"\u0648\u0642\u062a \u0627\u0644\u0642\u0631\u0627\u0621\u0629 \u0627\u0644\u0645\u064f\u0642\u062f\u0651\u0631":"\u062f\u0642\u064a\u0642\u062a\u0627\u0646"},"schema":{"@context":"https:\/\/schema.org","@graph":[{"@type":"WebPage","@id":"https:\/\/www.univ-oeb.dz\/vrdp\/objectifs-du-vice-rectorat\/","url":"https:\/\/www.univ-oeb.dz\/vrdp\/objectifs-du-vice-rectorat\/","name":"OBJECTIFS DU VICE RECTORAT - vice rectorat du d\u00e9veloppemnt ,la prospective et de l&#039;orientation","isPartOf":{"@id":"https:\/\/www.univ-oeb.dz\/vrdp\/#website"},"datePublished":"2024-12-11T10:40:10+00:00","dateModified":"2024-12-12T09:24:46+00:00","breadcrumb":{"@id":"https:\/\/www.univ-oeb.dz\/vrdp\/objectifs-du-vice-rectorat\/#breadcrumb"},"inLanguage":"ar","potentialAction":[{"@type":"ReadAction","target":["https:\/\/www.univ-oeb.dz\/vrdp\/objectifs-du-vice-rectorat\/"]}]},{"@type":"BreadcrumbList","@id":"https:\/\/www.univ-oeb.dz\/vrdp\/objectifs-du-vice-rectorat\/#breadcrumb","itemListElement":[{"@type":"ListItem","position":1,"name":"Home","item":"https:\/\/www.univ-oeb.dz\/vrdp\/"},{"@type":"ListItem","position":2,"name":"OBJECTIFS DU VICE RECTORAT"}]},{"@type":"WebSite","@id":"https:\/\/www.univ-oeb.dz\/vrdp\/#website","url":"https:\/\/www.univ-oeb.dz\/vrdp\/","name":"vice rectorat du d\u00e9veloppemnt ,la prospective et de l&#039;orientation","description":"universit\u00e9 l&#039;arbi ben m&#039;hidi oum el bouaghi","potentialAction":[{"@type":"SearchAction","target":{"@type":"EntryPoint","urlTemplate":"https:\/\/www.univ-oeb.dz\/vrdp\/?s={search_term_string}"},"query-input":{"@type":"PropertyValueSpecification","valueRequired":true,"valueName":"search_term_string"}}],"inLanguage":"ar"}]}},"_links":{"self":[{"href":"https:\/\/www.univ-oeb.dz\/vrdp\/wp-json\/wp\/v2\/pages\/1911","targetHints":{"allow":["GET"]}}],"collection":[{"href":"https:\/\/www.univ-oeb.dz\/vrdp\/wp-json\/wp\/v2\/pages"}],"about":[{"href":"https:\/\/www.univ-oeb.dz\/vrdp\/wp-json\/wp\/v2\/types\/page"}],"author":[{"embeddable":true,"href":"https:\/\/www.univ-oeb.dz\/vrdp\/wp-json\/wp\/v2\/users\/1"}],"replies":[{"embeddable":true,"href":"https:\/\/www.univ-oeb.dz\/vrdp\/wp-json\/wp\/v2\/comments?post=1911"}],"version-history":[{"count":4,"href":"https:\/\/www.univ-oeb.dz\/vrdp\/wp-json\/wp\/v2\/pages\/1911\/revisions"}],"predecessor-version":[{"id":1923,"href":"https:\/\/www.univ-oeb.dz\/vrdp\/wp-json\/wp\/v2\/pages\/1911\/revisions\/1923"}],"wp:attachment":[{"href":"https:\/\/www.univ-oeb.dz\/vrdp\/wp-json\/wp\/v2\/media?parent=1911"}],"curies":[{"name":"wp","href":"https:\/\/api.w.org\/{rel}","templated":true}]}}