{"id":1428,"date":"2018-11-22T08:22:41","date_gmt":"2018-11-22T07:22:41","guid":{"rendered":"http:\/\/www.univ-oeb.dz\/vrdp\/?page_id=1428"},"modified":"2019-09-17T15:02:07","modified_gmt":"2019-09-17T14:02:07","slug":"%d9%86%d8%b5%d9%88%d8%b5-%d9%82%d8%a7%d9%86%d9%88%d9%86%d9%8a%d8%a9","status":"publish","type":"page","link":"https:\/\/www.univ-oeb.dz\/vrdp\/%d9%86%d8%b5%d9%88%d8%b5-%d9%82%d8%a7%d9%86%d9%88%d9%86%d9%8a%d8%a9\/","title":{"rendered":"\u0646\u0635\u0648\u0635 \u0642\u0627\u0646\u0648\u0646\u064a\u0629"},"content":{"rendered":"\t\t<div data-elementor-type=\"wp-post\" data-elementor-id=\"1428\" class=\"elementor elementor-1428 elementor-bc-flex-widget\">\n\t\t\t\t\t\t<section class=\"elementor-section elementor-top-section elementor-element elementor-element-19fabbca elementor-section-boxed elementor-section-height-default elementor-section-height-default\" data-id=\"19fabbca\" data-element_type=\"section\">\n\t\t\t\t\t\t<div class=\"elementor-container elementor-column-gap-default\">\n\t\t\t\t\t<div class=\"elementor-column elementor-col-100 elementor-top-column elementor-element elementor-element-6b4f9425\" data-id=\"6b4f9425\" data-element_type=\"column\">\n\t\t\t<div class=\"elementor-widget-wrap elementor-element-populated\">\n\t\t\t\t\t\t<div class=\"elementor-element elementor-element-d66eff6 elementor-widget elementor-widget-heading\" data-id=\"d66eff6\" data-element_type=\"widget\" data-widget_type=\"heading.default\">\n\t\t\t\t<div class=\"elementor-widget-container\">\n\t\t\t<h1 class=\"elementor-heading-title elementor-size-default\">R\u00e9glementation\n<\/h1>\t\t<\/div>\n\t\t\t\t<\/div>\n\t\t\t\t<div class=\"elementor-element elementor-element-4f059310 elementor-widget elementor-widget-text-editor\" data-id=\"4f059310\" data-element_type=\"widget\" data-widget_type=\"text-editor.default\">\n\t\t\t\t<div class=\"elementor-widget-container\">\n\t\t\t\t\t\t\t<strong>Textes de base<\/strong>\r\n\r\nConsulter le\u00a0<a href=\"http:\/\/www.mincommerce.gov.dz\/fichiers16\/textreglement\/fmpublic.pdf\">code des march\u00e9s public<\/a>\u00a0(Source\u00a0<a href=\"http:\/\/www.joradp.dz\/HFR\/Index.htm\">www.joradp.dz\/HFR\/Index.htm<\/a>).\r\n\r\n\u2013\u00a0<a href=\"http:\/\/www.mincommerce.gov.dz\/fichiers15\/textereglem\/dec15247fr.pdf\">D\u00e9cret pr\u00e9sidentiel n\u00b0 15-247\u00a0<\/a>du 16 septembre 2015 portant r\u00e9glementation des march\u00e9s publics et des d\u00e9l\u00e9gations de service public\u00a0(<em>JO n\u00b0 50 du 20 Septembre\u00a02016<\/em>).\r\n\r\nLes nouveaux mod\u00e8les de documents pr\u00e9vus au titre\u00a0\u00a0du d\u00e9cret pr\u00e9sidentiel n\u00b0 15-247 \u00a0portant r\u00e9glementation des march\u00e9s publics et des d\u00e9l\u00e9gations de service public\u00a0<a href=\"http:\/\/www.mincommerce.gov.dz\/fichiers16\/textreglement\/arrtdecla191216fr.pdf\">(Arr\u00eat\u00e9 du 19 d\u00e9cembre 2015<\/a>\u00a0du\u00a0<em>JO n\u00b0 17 du 16 Mars 2016<\/em>).\r\n<ul>\r\n \t<li><a href=\"http:\/\/www.mincommerce.gov.dz\/fichiers16\/textreglement\/arrtdecla191216fr.pdf\">Mod\u00e8le de la d\u00e9claration de probit\u00e9<\/a><em>(page 14 du JO n\u00b0 17 du 16 Mars 2016).<\/em><\/li>\r\n \t<li><a href=\"http:\/\/www.mincommerce.gov.dz\/fichiers16\/textreglement\/arrtdecla191216fr.pdf\">Mod\u00e8le de la d\u00e9claration de candidature<\/a><em>(page 16\u00a0 du JO n\u00b0 17 du 16 Mars 2016).<\/em><\/li>\r\n \t<li><a href=\"http:\/\/www.mincommerce.gov.dz\/fichiers16\/textreglement\/arrtdecla191216fr.pdf\">Mod\u00e8le de la d\u00e9claration a souscrire<\/a><em>(page 20 du JO n\u00b0 17 du 16 Mars 2016).<\/em><\/li>\r\n \t<li><a href=\"http:\/\/www.mincommerce.gov.dz\/fichiers16\/textreglement\/arrtdecla191216fr.pdf\">Mod\u00e8le de la lettre de soumission<\/a><em>(page 23 du JO n\u00b0 17 du 16 Mars 2016).<\/em><\/li>\r\n \t<li><a href=\"http:\/\/www.mincommerce.gov.dz\/fichiers16\/textreglement\/arrtdecla191216fr.pdf\">Mod\u00e8le de la d\u00e9claration du sous-traitant<\/a><em>(page 26 du JO n\u00b0 17 du 16 Mars 2016).<\/em><\/li>\r\n \t<li><a href=\"http:\/\/www.mincommerce.gov.dz\/fichiers16\/textreglement\/arrtinscri191215fr.pdf\">Arr\u00eat\u00e9 du 19 d\u00e9cembre 2015<\/a>fixant les modalit\u00e9s d\u2019inscription et de retrait de la liste des op\u00e9rateurs \u00e9conomiques interdits de participer aux march\u00e9s publics.\u00a0<em>(JO n\u00b0 17 du 16 Mars 2016).<\/em><\/li>\r\n \t<li><a href=\"http:\/\/www.mincommerce.gov.dz\/fichiers16\/textreglement\/arrtmoda191215fr.pdf\">Arr\u00eat\u00e9 du 19 d\u00e9cembre 2015<\/a>fixant les modalit\u00e9s d\u2019exclusion de la participation aux march\u00e9s publics.\u00a0<em>(JO n\u00b0 17 du 16 Mars 2016).<\/em><\/li>\r\n \t<li><a href=\"http:\/\/www.mincommerce.gov.dz\/fichiers13\/textreg\/dec1303fr.pdf\">D\u00e9cret pr\u00e9sidentiel n\u00b0 13-03<\/a>du 13 janvier 2013 modifiant et compl\u00e9tant le d\u00e9cret pr\u00e9sidentiel n\u00b0 10-236 du 07 octobre 2010 portant r\u00e9glementation des march\u00e9s publics.\u00a0(<em>JO\u00a0n\u00b0 02 du 13\/01\/2013<\/em>).<\/li>\r\n \t<li><a href=\"http:\/\/www.mincommerce.gov.dz\/fichiers12\/dec1223fr.pdf\">D\u00e9cret pr\u00e9sidentiel n\u00b0 12-23<\/a>du 18 Janvier 2012 modifiant et compl\u00e9tant le d\u00e9cret pr\u00e9sidentiel n\u00b010-236 du 07 Octobre 2010 portant r\u00e9glementation des march\u00e9s publics. (<em>JO\u00a0n\u00b0 04 du 26\/01\/2012<\/em>).<\/li>\r\n \t<li><a href=\"http:\/\/www.mincommerce.gov.dz\/fichiers10\/dec10236fr.pdf\">D\u00e9cret pr\u00e9sidentiel n\u00b0 10-236<\/a>du 7 octobre 2010 portant r\u00e9glementation des march\u00e9s publics.(<em>JO n\u00b058 du 07\/10\/2010<\/em>)\u00a0 dec11-222fr.pdf).<\/li>\r\n \t<li><a href=\"http:\/\/www.mincommerce.gov.dz\/fichier11\/dec1198fr.pdf\">D\u00e9cret pr\u00e9sidentiel n\u00b0 11-98<\/a>du 1<sup>er<\/sup>\u00a0Mars 2011 modifiant le\u00a0<a href=\"http:\/\/www.mincommerce.gov.dz\/fichiers10\/dec10236fr.pdf\">d\u00e9cret pr\u00e9sidentiel n\u00b0 10-236<\/a>\u00a0portant r\u00e9glementation des march\u00e9s public.\u00a0(<em>JO\u00a0n\u00b0 14 du 06\/03\/2011<\/em>).<\/li>\r\n \t<li><a href=\"http:\/\/www.mincommerce.gov.dz\/fichier11\/dec11-222fr.pdf\">D\u00e9cret pr\u00e9sidentiel n\u00b0 11-222<\/a>du 16 juin 2011 modifiant le d\u00e9cret pr\u00e9sidentiel n\u00b0 10-236\u00a0 portant r\u00e9glementation des march\u00e9s publics.\u00a0(<em>JO n\u00b0 34 du 19\/06\/2011<\/em>).<\/li>\r\n \t<li><a href=\"http:\/\/www.mincommerce.gov.dz\/fichiers14\/textreg\/dec14139fr.pdf\">D\u00e9cret ex\u00e9cutif n\u00b0 14-139<\/a>du 20 avril 2014 portant obligation pour les entreprises, groupes d\u2019entreprises et groupements d\u2019entreprises intervenant dans le cadre de la r\u00e9alisation des march\u00e9s publics de certains secteurs d\u2019activit\u00e9s d\u2019\u00eatre titulaires du certificat de qualification et de classification professionnelles.\u00a0<em>(JO\u00a0n\u00b0 26 du 07 Mai 2014).<\/em><\/li>\r\n \t<li><a href=\"http:\/\/www.joradp.dz\/JO2000\/2009\/067\/F_Pag.htm\">D\u00e9cret ex\u00e9cutif n\u00b0 09-374\u00a0<\/a>du 16 novembre 2009 modifiant et compl\u00e9tant le d\u00e9cret ex\u00e9cutif n\u00b0 92-414 du 14 novembre 1992 relatif au contr\u00f4le pr\u00e9alable des d\u00e9penses engag\u00e9es.<\/li>\r\n<\/ul>\r\n&nbsp;\t\t\t\t\t\t<\/div>\n\t\t\t\t<\/div>\n\t\t\t\t\t<\/div>\n\t\t<\/div>\n\t\t\t\t\t<\/div>\n\t\t<\/section>\n\t\t\t\t<\/div>\n\t\t","protected":false},"excerpt":{"rendered":"","protected":false},"author":1,"featured_media":0,"parent":0,"menu_order":0,"comment_status":"closed","ping_status":"closed","template":"","meta":{"pgc_meta":"","footnotes":""},"class_list":["post-1428","page","type-page","status-publish","hentry"],"pgc_meta":"","yoast_head":"<!-- This site is optimized with the Yoast SEO plugin v24.0 - https:\/\/yoast.com\/wordpress\/plugins\/seo\/ -->\n<title>\u0646\u0635\u0648\u0635 \u0642\u0627\u0646\u0648\u0646\u064a\u0629 - vice rectorat du d\u00e9veloppemnt ,la prospective et de l&#039;orientation<\/title>\n<meta name=\"robots\" content=\"index, follow, max-snippet:-1, max-image-preview:large, max-video-preview:-1\" \/>\n<link rel=\"canonical\" href=\"https:\/\/www.univ-oeb.dz\/vrdp\/\u0646\u0635\u0648\u0635-\u0642\u0627\u0646\u0648\u0646\u064a\u0629\/\" \/>\n<meta property=\"og:locale\" content=\"ar_AR\" \/>\n<meta property=\"og:type\" content=\"article\" \/>\n<meta property=\"og:title\" content=\"\u0646\u0635\u0648\u0635 \u0642\u0627\u0646\u0648\u0646\u064a\u0629 - vice rectorat du d\u00e9veloppemnt ,la prospective et de l&#039;orientation\" \/>\n<meta property=\"og:url\" content=\"https:\/\/www.univ-oeb.dz\/vrdp\/\u0646\u0635\u0648\u0635-\u0642\u0627\u0646\u0648\u0646\u064a\u0629\/\" \/>\n<meta property=\"og:site_name\" content=\"vice rectorat du d\u00e9veloppemnt ,la prospective et de l&#039;orientation\" \/>\n<meta property=\"article:modified_time\" content=\"2019-09-17T14:02:07+00:00\" \/>\n<meta name=\"twitter:card\" content=\"summary_large_image\" \/>\n<script type=\"application\/ld+json\" class=\"yoast-schema-graph\">{\"@context\":\"https:\/\/schema.org\",\"@graph\":[{\"@type\":\"WebPage\",\"@id\":\"https:\/\/www.univ-oeb.dz\/vrdp\/%d9%86%d8%b5%d9%88%d8%b5-%d9%82%d8%a7%d9%86%d9%88%d9%86%d9%8a%d8%a9\/\",\"url\":\"https:\/\/www.univ-oeb.dz\/vrdp\/%d9%86%d8%b5%d9%88%d8%b5-%d9%82%d8%a7%d9%86%d9%88%d9%86%d9%8a%d8%a9\/\",\"name\":\"\u0646\u0635\u0648\u0635 \u0642\u0627\u0646\u0648\u0646\u064a\u0629 - vice rectorat du d\u00e9veloppemnt ,la prospective et de l&#039;orientation\",\"isPartOf\":{\"@id\":\"https:\/\/www.univ-oeb.dz\/vrdp\/#website\"},\"datePublished\":\"2018-11-22T07:22:41+00:00\",\"dateModified\":\"2019-09-17T14:02:07+00:00\",\"breadcrumb\":{\"@id\":\"https:\/\/www.univ-oeb.dz\/vrdp\/%d9%86%d8%b5%d9%88%d8%b5-%d9%82%d8%a7%d9%86%d9%88%d9%86%d9%8a%d8%a9\/#breadcrumb\"},\"inLanguage\":\"ar\",\"potentialAction\":[{\"@type\":\"ReadAction\",\"target\":[\"https:\/\/www.univ-oeb.dz\/vrdp\/%d9%86%d8%b5%d9%88%d8%b5-%d9%82%d8%a7%d9%86%d9%88%d9%86%d9%8a%d8%a9\/\"]}]},{\"@type\":\"BreadcrumbList\",\"@id\":\"https:\/\/www.univ-oeb.dz\/vrdp\/%d9%86%d8%b5%d9%88%d8%b5-%d9%82%d8%a7%d9%86%d9%88%d9%86%d9%8a%d8%a9\/#breadcrumb\",\"itemListElement\":[{\"@type\":\"ListItem\",\"position\":1,\"name\":\"Home\",\"item\":\"https:\/\/www.univ-oeb.dz\/vrdp\/\"},{\"@type\":\"ListItem\",\"position\":2,\"name\":\"\u0646\u0635\u0648\u0635 \u0642\u0627\u0646\u0648\u0646\u064a\u0629\"}]},{\"@type\":\"WebSite\",\"@id\":\"https:\/\/www.univ-oeb.dz\/vrdp\/#website\",\"url\":\"https:\/\/www.univ-oeb.dz\/vrdp\/\",\"name\":\"vice rectorat du d\u00e9veloppemnt ,la prospective et de l&#039;orientation\",\"description\":\"universit\u00e9 l&#039;arbi ben m&#039;hidi oum el bouaghi\",\"potentialAction\":[{\"@type\":\"SearchAction\",\"target\":{\"@type\":\"EntryPoint\",\"urlTemplate\":\"https:\/\/www.univ-oeb.dz\/vrdp\/?s={search_term_string}\"},\"query-input\":{\"@type\":\"PropertyValueSpecification\",\"valueRequired\":true,\"valueName\":\"search_term_string\"}}],\"inLanguage\":\"ar\"}]}<\/script>\n<!-- \/ Yoast SEO plugin. -->","yoast_head_json":{"title":"\u0646\u0635\u0648\u0635 \u0642\u0627\u0646\u0648\u0646\u064a\u0629 - vice rectorat du d\u00e9veloppemnt ,la prospective et de l&#039;orientation","robots":{"index":"index","follow":"follow","max-snippet":"max-snippet:-1","max-image-preview":"max-image-preview:large","max-video-preview":"max-video-preview:-1"},"canonical":"https:\/\/www.univ-oeb.dz\/vrdp\/\u0646\u0635\u0648\u0635-\u0642\u0627\u0646\u0648\u0646\u064a\u0629\/","og_locale":"ar_AR","og_type":"article","og_title":"\u0646\u0635\u0648\u0635 \u0642\u0627\u0646\u0648\u0646\u064a\u0629 - vice rectorat du d\u00e9veloppemnt ,la prospective et de l&#039;orientation","og_url":"https:\/\/www.univ-oeb.dz\/vrdp\/\u0646\u0635\u0648\u0635-\u0642\u0627\u0646\u0648\u0646\u064a\u0629\/","og_site_name":"vice rectorat du d\u00e9veloppemnt ,la prospective et de l&#039;orientation","article_modified_time":"2019-09-17T14:02:07+00:00","twitter_card":"summary_large_image","schema":{"@context":"https:\/\/schema.org","@graph":[{"@type":"WebPage","@id":"https:\/\/www.univ-oeb.dz\/vrdp\/%d9%86%d8%b5%d9%88%d8%b5-%d9%82%d8%a7%d9%86%d9%88%d9%86%d9%8a%d8%a9\/","url":"https:\/\/www.univ-oeb.dz\/vrdp\/%d9%86%d8%b5%d9%88%d8%b5-%d9%82%d8%a7%d9%86%d9%88%d9%86%d9%8a%d8%a9\/","name":"\u0646\u0635\u0648\u0635 \u0642\u0627\u0646\u0648\u0646\u064a\u0629 - vice rectorat du d\u00e9veloppemnt ,la prospective et de l&#039;orientation","isPartOf":{"@id":"https:\/\/www.univ-oeb.dz\/vrdp\/#website"},"datePublished":"2018-11-22T07:22:41+00:00","dateModified":"2019-09-17T14:02:07+00:00","breadcrumb":{"@id":"https:\/\/www.univ-oeb.dz\/vrdp\/%d9%86%d8%b5%d9%88%d8%b5-%d9%82%d8%a7%d9%86%d9%88%d9%86%d9%8a%d8%a9\/#breadcrumb"},"inLanguage":"ar","potentialAction":[{"@type":"ReadAction","target":["https:\/\/www.univ-oeb.dz\/vrdp\/%d9%86%d8%b5%d9%88%d8%b5-%d9%82%d8%a7%d9%86%d9%88%d9%86%d9%8a%d8%a9\/"]}]},{"@type":"BreadcrumbList","@id":"https:\/\/www.univ-oeb.dz\/vrdp\/%d9%86%d8%b5%d9%88%d8%b5-%d9%82%d8%a7%d9%86%d9%88%d9%86%d9%8a%d8%a9\/#breadcrumb","itemListElement":[{"@type":"ListItem","position":1,"name":"Home","item":"https:\/\/www.univ-oeb.dz\/vrdp\/"},{"@type":"ListItem","position":2,"name":"\u0646\u0635\u0648\u0635 \u0642\u0627\u0646\u0648\u0646\u064a\u0629"}]},{"@type":"WebSite","@id":"https:\/\/www.univ-oeb.dz\/vrdp\/#website","url":"https:\/\/www.univ-oeb.dz\/vrdp\/","name":"vice rectorat du d\u00e9veloppemnt ,la prospective et de l&#039;orientation","description":"universit\u00e9 l&#039;arbi ben m&#039;hidi oum el bouaghi","potentialAction":[{"@type":"SearchAction","target":{"@type":"EntryPoint","urlTemplate":"https:\/\/www.univ-oeb.dz\/vrdp\/?s={search_term_string}"},"query-input":{"@type":"PropertyValueSpecification","valueRequired":true,"valueName":"search_term_string"}}],"inLanguage":"ar"}]}},"_links":{"self":[{"href":"https:\/\/www.univ-oeb.dz\/vrdp\/wp-json\/wp\/v2\/pages\/1428","targetHints":{"allow":["GET"]}}],"collection":[{"href":"https:\/\/www.univ-oeb.dz\/vrdp\/wp-json\/wp\/v2\/pages"}],"about":[{"href":"https:\/\/www.univ-oeb.dz\/vrdp\/wp-json\/wp\/v2\/types\/page"}],"author":[{"embeddable":true,"href":"https:\/\/www.univ-oeb.dz\/vrdp\/wp-json\/wp\/v2\/users\/1"}],"replies":[{"embeddable":true,"href":"https:\/\/www.univ-oeb.dz\/vrdp\/wp-json\/wp\/v2\/comments?post=1428"}],"version-history":[{"count":1,"href":"https:\/\/www.univ-oeb.dz\/vrdp\/wp-json\/wp\/v2\/pages\/1428\/revisions"}],"predecessor-version":[{"id":1429,"href":"https:\/\/www.univ-oeb.dz\/vrdp\/wp-json\/wp\/v2\/pages\/1428\/revisions\/1429"}],"wp:attachment":[{"href":"https:\/\/www.univ-oeb.dz\/vrdp\/wp-json\/wp\/v2\/media?parent=1428"}],"curies":[{"name":"wp","href":"https:\/\/api.w.org\/{rel}","templated":true}]}}