{"id":1392,"date":"2018-11-22T08:22:41","date_gmt":"2018-11-22T07:22:41","guid":{"rendered":"http:\/\/www.univ-oeb.dz\/vrdp\/?page_id=1392"},"modified":"2019-09-17T14:39:18","modified_gmt":"2019-09-17T13:39:18","slug":"consultation-notice","status":"publish","type":"page","link":"https:\/\/www.univ-oeb.dz\/vrdp\/en\/consultation-notice\/","title":{"rendered":"consultation notice"},"content":{"rendered":"\t\t<div data-elementor-type=\"wp-post\" data-elementor-id=\"1392\" class=\"elementor elementor-1392 elementor-bc-flex-widget\">\n\t\t\t\t\t\t<section class=\"elementor-section elementor-top-section elementor-element elementor-element-3f4a70a6 elementor-section-boxed elementor-section-height-default elementor-section-height-default\" data-id=\"3f4a70a6\" data-element_type=\"section\">\n\t\t\t\t\t\t<div class=\"elementor-container elementor-column-gap-default\">\n\t\t\t\t\t<div class=\"elementor-column elementor-col-100 elementor-top-column elementor-element elementor-element-101eb962\" data-id=\"101eb962\" data-element_type=\"column\">\n\t\t\t<div class=\"elementor-widget-wrap elementor-element-populated\">\n\t\t\t\t\t\t<div class=\"elementor-element elementor-element-527dda8 elementor-widget elementor-widget-heading\" data-id=\"527dda8\" data-element_type=\"widget\" data-widget_type=\"heading.default\">\n\t\t\t\t<div class=\"elementor-widget-container\">\n\t\t\t<h1 class=\"elementor-heading-title elementor-size-large\">Avis de consultation<\/h1>\t\t<\/div>\n\t\t\t\t<\/div>\n\t\t\t\t<div class=\"elementor-element elementor-element-3fe4dd96 elementor-widget elementor-widget-text-editor\" data-id=\"3fe4dd96\" data-element_type=\"widget\" data-widget_type=\"text-editor.default\">\n\t\t\t\t<div class=\"elementor-widget-container\">\n\t\t\t\t\t\t\t<h3><strong><u>Avis de consultation n\u00b0 01\/UOEB\/R-BM\/2019:<\/u><\/strong><\/h3><p><strong>R\u00e9alisation de Cinq (05) Laboratoires de Recherches<\/strong>&#8220;<strong> Lot\u00a0: Menuiserie m\u00e9tallique et aluminium et raccordement \u00e9lectrique des fours \/ Budget du Fond National de la Recherche (FNR)<\/strong><\/p><ul><li>Avis de consultation N\u00b001<\/li><\/ul><h3><u>Consultation N\u00b0 09\/UOEB\/R-BM\/2018<\/u>:<\/h3><p>R\u00e9alisation de Cinq (05) Laboratoires de Recherches<\/p><ul><li>Lot: Menuiserie m\u00e9tallique et aluminium (03\/12\/2018)<ul><li><h4><a href=\"http:\/\/www.univ-oeb.dz\/vrdp\/wp-content\/uploads\/2018\/12\/consultation-09-fr.pdf\">Avis de consultation-09 Fr<\/a><\/h4><\/li><li><h4><a href=\"http:\/\/www.univ-oeb.dz\/vrdp\/wp-content\/uploads\/2018\/12\/consultation-09-ar.pdf\">Avis de consultation-09 Ar<\/a><\/h4><\/li><\/ul><\/li><\/ul><hr \/><h3><strong><u>Consultation<\/u>\u00a0<u>N\u00b0 46\/UOEB\/2018:<\/u><br \/><\/strong><\/h3><p>ACQUISITION FOURNITURES D\u2019ATELIERS DE PEINTURE (POUR LA DIRECTION DES ACTIVITES CULTURELLES) A L\u2019UNIVERSITE D\u2019OUM EL BOUAGHI<\/p><ul><li><h4><a href=\"http:\/\/www.univ-oeb.dz\/vrdp\/wp-content\/uploads\/2018\/12\/consultation-n46-Fr.pdf\">Avis de consultation Fr \u2026<\/a><\/h4><\/li><li><h4><a href=\"http:\/\/www.univ-oeb.dz\/vrdp\/wp-content\/uploads\/2018\/12\/consultation-n46-Ar.pdf\">Avis de consultation Ar \u2026<\/a><\/h4><\/li><\/ul><hr \/><h3><strong><u>Consultation<\/u>\u00a0<u>N\u00b0 45\/UOEB\/2018:<\/u><br \/><\/strong><\/h3><p>ACQUISITION FOURNITURES SCIENTIFIQUES POUR LES CLUBS SCIENTIFIQUES (POUR LA DIRECTION DES ACTIVITES CULTURELLES ET SCIENTIFIQUES) A L\u2019UNIVERSITE D\u2019OUM EL BOUAGHI<\/p><ul><li><h4><a href=\"http:\/\/www.univ-oeb.dz\/vrdp\/wp-content\/uploads\/2018\/12\/consultation-n45-Fr.pdf\">Avis de consultation Fr \u2026<\/a><\/h4><\/li><li><h4><a href=\"http:\/\/www.univ-oeb.dz\/vrdp\/wp-content\/uploads\/2018\/12\/consultation-n45-Ar.pdf\">Avis de consultation Ar \u2026<\/a><\/h4><\/li><\/ul><hr \/><h3><strong><u>Consultation<\/u>\u00a0<u>N\u00b0 42\/UOEB\/2018:<\/u><br \/><\/strong><\/h3><p>ACQUISITIONS MATERIELS MUSICAL POUR LES ACTIVITES CULTURELS POUR L\u2019UNIVERSITE D\u2019OUM EL BOUAGHI<\/p><ul><li><h4><a href=\"http:\/\/www.univ-oeb.dz\/vrdp\/wp-content\/uploads\/2018\/12\/consultation-n42-Fr.pdf\">Avis de consultation Fr \u2026<\/a><\/h4><\/li><li><h4><a href=\"http:\/\/www.univ-oeb.dz\/vrdp\/wp-content\/uploads\/2018\/12\/consultation-n42-Ar.pdf\">Avis de consultation Ar \u2026<\/a><\/h4><\/li><\/ul><hr \/><h3><strong><u>Consultation<\/u>\u00a0<u>n\u00b0 005:<\/u><br \/><\/strong><\/h3><p>Acquisition des \u00e9quipements pour la formation de post graduation<\/p><ul><li><h4><a  data-e-Disable-Page-Transition=\"true\" class=\"download-link\" title=\"\" href=\"http:\/\/www.univ-oeb.dz\/vrdp\/download\/746\/?tmstv=1776041423\" rel=\"nofollow\" id=\"download-link-746\" data-redirect=\"false\" >\n\tAvis de consultation&#8230;\t(\u0627\u0644\u0639\u062f\u064a\u062f \u0645\u0646 \u0627\u0644\u062a\u0646\u0632\u064a\u0644\u0627\u062a\t)\n<\/a>\n<\/h4><\/li><\/ul><h3><strong><u>Consultation<\/u>\u00a0<u>n\u00b0 08\/UOEB\/FNR\/2018:<\/u><br \/><\/strong><\/h3><p>Acquisition des \u00e9quipements scientifiques pour laboratoire de chimie appliqu\u00e9e et technologie des mat\u00e9riaux \u00e0 l\u2019universit\u00e9 d\u2019Oum El Bouaghi<\/p><ul><li>Lot: Spectrophom\u00e9tre infrarouge \u00e0 transform\u00e9e de Fourier FT\/IR (24\/10\/2018)<ul><li><h4><a href=\"http:\/\/www.univ-oeb.dz\/vrdp\/wp-content\/uploads\/2018\/12\/consultation-n\u00b08-Fr.pdf\">Avis de consultation Fr\u2026<\/a><\/h4><\/li><li><h4><a href=\"http:\/\/www.univ-oeb.dz\/vrdp\/wp-content\/uploads\/2018\/12\/consultation-n\u00b08-Ar.pdf\">Avis de consultation Ar\u2026<\/a><\/h4><\/li><\/ul><\/li><\/ul><hr \/><h3><strong><u>Consultation n\u00b0 07\/UOEB\/R-BM\/2018<\/u>:<\/strong><\/h3><p>Equipement du campus des 1000 places p\u00e9dagogiques \u00e0 Ain M\u2019Lila au profit de l\u2019Institut des Sciences et Technologies Appliqu\u00e9es de l\u2019universit\u00e9 d\u2019Oum El Bouaghi<\/p><ul><li>Equipements de climatisation (02\/10\/2018)<ul><li><h4><a href=\"http:\/\/www.univ-oeb.dz\/vrdp\/wp-content\/uploads\/2018\/12\/consultation-Fr-n\u00b0-07.pdf\">Avis de consultation Fr\u2026<\/a><\/h4><\/li><li><h4><a href=\"http:\/\/www.univ-oeb.dz\/vrdp\/wp-content\/uploads\/2018\/12\/consultation-Ar-IT-n\u00b0-07.pdf\">Avis de consultation Ar\u2026<\/a><\/h4><\/li><\/ul><\/li><\/ul><hr \/><h3><strong><u>Consultation n\u00b0 06\/UOEB\/R-BM\/2018<\/u>:<\/strong><\/h3><p>Equipement de la biblioth\u00e8que (250 places assises) de l\u2019institut des sciences et techniques des activit\u00e9s physiques et sportives de l\u2019universit\u00e9 d\u2019Oum El Bouaghi\u00a0(19\/09\/2018)<\/p><ul><li><h4><a href=\"http:\/\/www.univ-oeb.dz\/vrdp\/wp-content\/uploads\/2018\/12\/Consultation-n6-Fr.pdf\">Avis de consultation Fr\u2026<\/a><\/h4><\/li><li><h4><a href=\"http:\/\/www.univ-oeb.dz\/vrdp\/wp-content\/uploads\/2018\/12\/Consultation-n6-Ar.pdf\">Avis de consultation Ar\u2026<\/a><\/h4><\/li><\/ul><hr \/><h3><strong><u>Consultation n\u00b0 05\/UOEB\/R-BM\/2018<\/u>:<\/strong><\/h3><p>R\u00e9alisation de Cinq (05) Laboratoires de Recherches \u2013 Lot : Equipements de Climatisation\u00a0(17\/09\/2018)<\/p><ul><li><h4><a href=\"http:\/\/www.univ-oeb.dz\/vrdp\/wp-content\/uploads\/2018\/12\/Avis-de-consultation-05-Fran\u00e7ais-Climatisation.pdf\">Avis de consultation Fr\u2026<\/a><\/h4><\/li><li><h4><a href=\"http:\/\/www.univ-oeb.dz\/vrdp\/wp-content\/uploads\/2018\/12\/Avis-de-consultation-05-Arabe-Climatisation.pdf\">Avis de consultation Ar\u2026<\/a><\/h4><\/li><\/ul>\t\t\t\t\t\t<\/div>\n\t\t\t\t<\/div>\n\t\t\t\t\t<\/div>\n\t\t<\/div>\n\t\t\t\t\t<\/div>\n\t\t<\/section>\n\t\t\t\t<\/div>\n\t\t","protected":false},"excerpt":{"rendered":"","protected":false},"author":1,"featured_media":0,"parent":0,"menu_order":0,"comment_status":"closed","ping_status":"closed","template":"","meta":{"pgc_meta":"","footnotes":""},"class_list":["post-1392","page","type-page","status-publish","hentry"],"pgc_meta":"","yoast_head":"<!-- This site is optimized with the Yoast SEO plugin v24.0 - https:\/\/yoast.com\/wordpress\/plugins\/seo\/ -->\n<title>consultation notice - vice rectorat du d\u00e9veloppemnt ,la prospective et de l&#039;orientation<\/title>\n<meta name=\"robots\" content=\"index, follow, max-snippet:-1, max-image-preview:large, max-video-preview:-1\" \/>\n<link rel=\"canonical\" href=\"https:\/\/www.univ-oeb.dz\/vrdp\/en\/consultation-notice\/\" \/>\n<meta property=\"og:locale\" content=\"ar_AR\" \/>\n<meta property=\"og:type\" content=\"article\" \/>\n<meta property=\"og:title\" content=\"consultation notice - vice rectorat du d\u00e9veloppemnt ,la prospective et de l&#039;orientation\" \/>\n<meta property=\"og:url\" content=\"https:\/\/www.univ-oeb.dz\/vrdp\/en\/consultation-notice\/\" \/>\n<meta property=\"og:site_name\" content=\"vice rectorat du d\u00e9veloppemnt ,la prospective et de l&#039;orientation\" \/>\n<meta property=\"article:modified_time\" content=\"2019-09-17T13:39:18+00:00\" \/>\n<meta name=\"twitter:card\" content=\"summary_large_image\" \/>\n<script type=\"application\/ld+json\" class=\"yoast-schema-graph\">{\"@context\":\"https:\/\/schema.org\",\"@graph\":[{\"@type\":\"WebPage\",\"@id\":\"https:\/\/www.univ-oeb.dz\/vrdp\/en\/consultation-notice\/\",\"url\":\"https:\/\/www.univ-oeb.dz\/vrdp\/en\/consultation-notice\/\",\"name\":\"consultation notice - vice rectorat du d\u00e9veloppemnt ,la prospective et de l&#039;orientation\",\"isPartOf\":{\"@id\":\"https:\/\/www.univ-oeb.dz\/vrdp\/#website\"},\"datePublished\":\"2018-11-22T07:22:41+00:00\",\"dateModified\":\"2019-09-17T13:39:18+00:00\",\"breadcrumb\":{\"@id\":\"https:\/\/www.univ-oeb.dz\/vrdp\/en\/consultation-notice\/#breadcrumb\"},\"inLanguage\":\"ar\",\"potentialAction\":[{\"@type\":\"ReadAction\",\"target\":[\"https:\/\/www.univ-oeb.dz\/vrdp\/en\/consultation-notice\/\"]}]},{\"@type\":\"BreadcrumbList\",\"@id\":\"https:\/\/www.univ-oeb.dz\/vrdp\/en\/consultation-notice\/#breadcrumb\",\"itemListElement\":[{\"@type\":\"ListItem\",\"position\":1,\"name\":\"Home\",\"item\":\"https:\/\/www.univ-oeb.dz\/vrdp\/\"},{\"@type\":\"ListItem\",\"position\":2,\"name\":\"consultation notice\"}]},{\"@type\":\"WebSite\",\"@id\":\"https:\/\/www.univ-oeb.dz\/vrdp\/#website\",\"url\":\"https:\/\/www.univ-oeb.dz\/vrdp\/\",\"name\":\"vice rectorat du d\u00e9veloppemnt ,la prospective et de l&#039;orientation\",\"description\":\"universit\u00e9 l&#039;arbi ben m&#039;hidi oum el bouaghi\",\"potentialAction\":[{\"@type\":\"SearchAction\",\"target\":{\"@type\":\"EntryPoint\",\"urlTemplate\":\"https:\/\/www.univ-oeb.dz\/vrdp\/?s={search_term_string}\"},\"query-input\":{\"@type\":\"PropertyValueSpecification\",\"valueRequired\":true,\"valueName\":\"search_term_string\"}}],\"inLanguage\":\"ar\"}]}<\/script>\n<!-- \/ Yoast SEO plugin. -->","yoast_head_json":{"title":"consultation notice - vice rectorat du d\u00e9veloppemnt ,la prospective et de l&#039;orientation","robots":{"index":"index","follow":"follow","max-snippet":"max-snippet:-1","max-image-preview":"max-image-preview:large","max-video-preview":"max-video-preview:-1"},"canonical":"https:\/\/www.univ-oeb.dz\/vrdp\/en\/consultation-notice\/","og_locale":"ar_AR","og_type":"article","og_title":"consultation notice - vice rectorat du d\u00e9veloppemnt ,la prospective et de l&#039;orientation","og_url":"https:\/\/www.univ-oeb.dz\/vrdp\/en\/consultation-notice\/","og_site_name":"vice rectorat du d\u00e9veloppemnt ,la prospective et de l&#039;orientation","article_modified_time":"2019-09-17T13:39:18+00:00","twitter_card":"summary_large_image","schema":{"@context":"https:\/\/schema.org","@graph":[{"@type":"WebPage","@id":"https:\/\/www.univ-oeb.dz\/vrdp\/en\/consultation-notice\/","url":"https:\/\/www.univ-oeb.dz\/vrdp\/en\/consultation-notice\/","name":"consultation notice - vice rectorat du d\u00e9veloppemnt ,la prospective et de l&#039;orientation","isPartOf":{"@id":"https:\/\/www.univ-oeb.dz\/vrdp\/#website"},"datePublished":"2018-11-22T07:22:41+00:00","dateModified":"2019-09-17T13:39:18+00:00","breadcrumb":{"@id":"https:\/\/www.univ-oeb.dz\/vrdp\/en\/consultation-notice\/#breadcrumb"},"inLanguage":"ar","potentialAction":[{"@type":"ReadAction","target":["https:\/\/www.univ-oeb.dz\/vrdp\/en\/consultation-notice\/"]}]},{"@type":"BreadcrumbList","@id":"https:\/\/www.univ-oeb.dz\/vrdp\/en\/consultation-notice\/#breadcrumb","itemListElement":[{"@type":"ListItem","position":1,"name":"Home","item":"https:\/\/www.univ-oeb.dz\/vrdp\/"},{"@type":"ListItem","position":2,"name":"consultation notice"}]},{"@type":"WebSite","@id":"https:\/\/www.univ-oeb.dz\/vrdp\/#website","url":"https:\/\/www.univ-oeb.dz\/vrdp\/","name":"vice rectorat du d\u00e9veloppemnt ,la prospective et de l&#039;orientation","description":"universit\u00e9 l&#039;arbi ben m&#039;hidi oum el bouaghi","potentialAction":[{"@type":"SearchAction","target":{"@type":"EntryPoint","urlTemplate":"https:\/\/www.univ-oeb.dz\/vrdp\/?s={search_term_string}"},"query-input":{"@type":"PropertyValueSpecification","valueRequired":true,"valueName":"search_term_string"}}],"inLanguage":"ar"}]}},"_links":{"self":[{"href":"https:\/\/www.univ-oeb.dz\/vrdp\/wp-json\/wp\/v2\/pages\/1392","targetHints":{"allow":["GET"]}}],"collection":[{"href":"https:\/\/www.univ-oeb.dz\/vrdp\/wp-json\/wp\/v2\/pages"}],"about":[{"href":"https:\/\/www.univ-oeb.dz\/vrdp\/wp-json\/wp\/v2\/types\/page"}],"author":[{"embeddable":true,"href":"https:\/\/www.univ-oeb.dz\/vrdp\/wp-json\/wp\/v2\/users\/1"}],"replies":[{"embeddable":true,"href":"https:\/\/www.univ-oeb.dz\/vrdp\/wp-json\/wp\/v2\/comments?post=1392"}],"version-history":[{"count":1,"href":"https:\/\/www.univ-oeb.dz\/vrdp\/wp-json\/wp\/v2\/pages\/1392\/revisions"}],"predecessor-version":[{"id":1393,"href":"https:\/\/www.univ-oeb.dz\/vrdp\/wp-json\/wp\/v2\/pages\/1392\/revisions\/1393"}],"wp:attachment":[{"href":"https:\/\/www.univ-oeb.dz\/vrdp\/wp-json\/wp\/v2\/media?parent=1392"}],"curies":[{"name":"wp","href":"https:\/\/api.w.org\/{rel}","templated":true}]}}