{"id":1328,"date":"2019-02-04T10:37:11","date_gmt":"2019-02-04T09:37:11","guid":{"rendered":"http:\/\/www.univ-oeb.dz\/vrdp\/?page_id=1328"},"modified":"2019-09-16T14:59:41","modified_gmt":"2019-09-16T13:59:41","slug":"%d8%b7%d9%84%d8%a8%d8%a7%d8%aa-%d8%a7%d9%84%d8%b9%d8%b1%d9%88%d8%b6","status":"publish","type":"page","link":"https:\/\/www.univ-oeb.dz\/vrdp\/%d8%b7%d9%84%d8%a8%d8%a7%d8%aa-%d8%a7%d9%84%d8%b9%d8%b1%d9%88%d8%b6\/","title":{"rendered":"\u0637\u0644\u0628\u0627\u062a \u0627\u0644\u0639\u0631\u0648\u0636"},"content":{"rendered":"\t\t<div data-elementor-type=\"wp-post\" data-elementor-id=\"1328\" class=\"elementor elementor-1328 elementor-bc-flex-widget\">\n\t\t\t\t\t\t<section class=\"elementor-section elementor-top-section elementor-element elementor-element-224e35b6 elementor-section-boxed elementor-section-height-default elementor-section-height-default\" data-id=\"224e35b6\" data-element_type=\"section\">\n\t\t\t\t\t\t<div class=\"elementor-container elementor-column-gap-default\">\n\t\t\t\t\t<div class=\"elementor-column elementor-col-100 elementor-top-column elementor-element elementor-element-6dc22b87\" data-id=\"6dc22b87\" data-element_type=\"column\">\n\t\t\t<div class=\"elementor-widget-wrap elementor-element-populated\">\n\t\t\t\t\t\t<div class=\"elementor-element elementor-element-d210355 elementor-widget elementor-widget-heading\" data-id=\"d210355\" data-element_type=\"widget\" data-widget_type=\"heading.default\">\n\t\t\t\t<div class=\"elementor-widget-container\">\n\t\t\t<h1 class=\"elementor-heading-title elementor-size-large\">Appels d\u2019offre\n<\/h1>\t\t<\/div>\n\t\t\t\t<\/div>\n\t\t\t\t<div class=\"elementor-element elementor-element-6fb81233 elementor-widget elementor-widget-text-editor\" data-id=\"6fb81233\" data-element_type=\"widget\" data-widget_type=\"text-editor.default\">\n\t\t\t\t<div class=\"elementor-widget-container\">\n\t\t\t\t\t\t\t<h4><strong><u>Appel d\u2019offres national ouvert avec exigences de capacit\u00e9s minimales N\u00b0 11\/UOEB\/BF\/2018<\/u><\/strong><\/h4>\r\n<ul>\r\n \t<li>Gardiennage et s\u00e9curit\u00e9 des structures de l\u2019universit\u00e9 d\u2019Oum El Bouaghi pour l\u2019ann\u00e9e 2019 ; (03 Campus situ\u00e9s \u00e0 Oum El Bouaghi et 01 campus \u00e0 Ain M\u2019lila<\/li>\r\n<\/ul>\r\n<h4>T\u00e9l\u00e9charger l\u2019appel d\u2019offre en\u00a0<a href=\"http:\/\/localhost\/wordpress\/wp-content\/uploads\/2018\/12\/Appel-offres-Fr.pdf\">Francais<\/a>\u00a0ou en\u00a0<a href=\"http:\/\/localhost\/wordpress\/wp-content\/uploads\/2018\/12\/Appel-offres-Ar.pdf\">Arabe<\/a>.<\/h4>\r\n\r\n<hr \/>\r\n\r\n<h4><strong><u>Appel d\u2019offres national ouvert n\u00b0 12\/UOEB\/FNR\/2018<\/u><\/strong><\/h4>\r\n<ul>\r\n \t<li>Acquisition des \u00e9quipements scientifiques pour laboratoire des sciences analytiques mat\u00e9riaux et environnement \u00e0 l\u2019universit\u00e9 d\u2019Oum El Bouaghi<\/li>\r\n<\/ul>\r\n<h4>T\u00e9l\u00e9charger l\u2019appel d\u2019offre en\u00a0<a href=\"http:\/\/localhost\/wordpress\/wp-content\/uploads\/2018\/12\/Avis-Appel-doffres-en-Fran%C3%A7ais.doc\">Fran\u00e7ais<\/a>\u00a0ou en\u00a0<a href=\"http:\/\/localhost\/wordpress\/wp-content\/uploads\/2018\/12\/Avis-Appel-doffres-en-Arabe.doc\">Arabe<\/a>.<\/h4>\r\n\r\n<hr \/>\r\n\r\n<h4><strong><u>Appel d\u2019offres national ouvert n\u00b0 09\/UOEB\/R-BM\/2018<\/u><\/strong><\/h4>\r\n<ul>\r\n \t<li>Equipement de la biblioth\u00e8que des 1000 places p\u00e9dagogiques de l\u2019institut des sciences et technologies appliqu\u00e9es \u00e0 Ain M\u2019lila de l\u2019universit\u00e9 d\u2019Oum El Bouaghi<\/li>\r\n<\/ul>\r\n<h4>T\u00e9l\u00e9charger l\u2019appel d\u2019offre en\u00a0<a href=\"http:\/\/localhost\/wordpress\/wp-content\/uploads\/2018\/12\/Avis-Appel-doffres-en-Fran%C3%A7ais-9-1.doc\">Francais<\/a>\u00a0ou en\u00a0<a href=\"http:\/\/localhost\/wordpress\/wp-content\/uploads\/2018\/12\/Avis-Appel-doffres-en-Arabe-9.doc\">Arabe<\/a><\/h4>\r\n\r\n<hr \/>\r\n\r\n<h4><strong><u>Appel d\u2019offres national ouvert n\u00b0 05\/UOEB\/FNR\/2018<\/u><\/strong><\/h4>\r\n<ul>\r\n \t<li>Acquisition des \u00e9quipements scientifiques pour laboratoire des sciences analytiques mat\u00e9riaux et environnement \u00e0 l\u2019universit\u00e9 d\u2019Oum El Bouaghi.<\/li>\r\n<\/ul>\r\n<h4>T\u00e9l\u00e9charger l\u2019appel d\u2019offre en\u00a0<a href=\"http:\/\/localhost\/wordpress\/wp-content\/uploads\/2018\/12\/Avis-Appel-doffres-en-Fran%C3%A7ais-5-1.doc\">Francais<\/a>\u00a0ou en\u00a0<a href=\"http:\/\/localhost\/wordpress\/wp-content\/uploads\/2018\/12\/Avis-Appel-doffres-en-Arabe-5-1.doc\">Arabe<\/a><\/h4>\r\n\r\n<hr \/>\r\n\r\n<h4><strong><u>Appel d\u2019offres national ouvert n\u00b0 04\/UOEB\/R-BM\/2018<\/u><\/strong><\/h4>\r\n<ul>\r\n \t<li>R\u00e9servation et fourniture de titres de transport a\u00e9rien pour l\u2019ann\u00e9e 2018 (billets \u00e0 dur\u00e9e de validit\u00e9limit\u00e9e \u00e0 trois (03) mois)<\/li>\r\n<\/ul>\r\n<h4>T\u00e9l\u00e9charger l\u2019appel d\u2019offre en\u00a0<a href=\"http:\/\/localhost\/wordpress\/wp-content\/uploads\/2018\/12\/Avis-Appel-doffres-en-Fran%C3%A7ais.pdf\">Francais<\/a>\u00a0ou en<a href=\"http:\/\/localhost\/wordpress\/wp-content\/uploads\/2018\/12\/Avis-Appel-doffres-en-Arabe.pdf\">\u00a0Arabe<\/a>\u00a0.<\/h4>\r\n\r\n<hr \/>\r\n\r\n<h4><strong><u>Appel d\u2019offres national ouvert n\u00b0 08\/UOEB\/R-BM\/2018<\/u><\/strong><\/h4>\r\n<ul>\r\n \t<li>Equipement des 2000\/3000 places p\u00e9dagogiques de l\u2019Institut des Sciences Economique et Sciences Commerciales \u00e0 l\u2019Universit\u00e9 d\u2019Oum El Bouaghi<\/li>\r\n<\/ul>\r\n<h4>T\u00e9l\u00e9charger l\u2019appel d\u2019offre en\u00a0<a href=\"http:\/\/localhost\/wordpress\/wp-content\/uploads\/2018\/12\/Avis-Appel-doffres-en-Fran%C3%A7ais1.pdf\">Francais<\/a>\u00a0ou en\u00a0<a href=\"http:\/\/localhost\/wordpress\/wp-content\/uploads\/2018\/12\/Avis-Appel-doffres-en-Arabe1-1.pdf\">Arabe<\/a>.<\/h4>\r\n\r\n<hr \/>\r\n\r\n<h4><strong><u>Appel d\u2019offres national ouvert n\u00b0 10\/UOEB\/R-BM\/2018<\/u><\/strong><\/h4>\r\n<ul>\r\n \t<li>Equipement du campus des 1000 places p\u00e9dagogiques \u00e0 Ain M\u2019Lila au profit de l\u2019Institut des Sciences et Technologies Appliqu\u00e9es de l\u2019universit\u00e9 d\u2019Oum El Bouaghi\u00a0(Paru le 16\/07\/2018)<\/li>\r\n<\/ul>\r\n<h4><strong><a href=\"http:\/\/localhost\/wordpress\/wp-content\/uploads\/2018\/12\/Avis-Appel-doffres-en-Fran%C3%A7ais-n%C2%B0-10-2018.pdf\">Plus de d\u00e9tails\u2026<\/a><\/strong><\/h4>\r\n\r\n<hr \/>\r\n\r\n<h4><strong><u>Appel d\u2019offres national ouvert n\u00b0 05\/UOEB\/R-BM\/2018<\/u><\/strong><\/h4>\r\n<ul>\r\n \t<li>Equipement de la biblioth\u00e8que (250 places assises) de l\u2019institut des sciences et techniques des activit\u00e9s physiques et sportives de l\u2019universit\u00e9 d\u2019Oum El Bouaghi\u00a0(Paru le 27\/06\/2018 dans le journal An-nasr)<\/li>\r\n<\/ul>\r\n<h4><strong><a href=\"http:\/\/localhost\/wordpress\/wp-content\/uploads\/2018\/12\/Avis-Appel-doffres-en-Fran%C3%A7ais-1-4.doc\">Plus de d\u00e9tails\u2026<\/a><\/strong><\/h4>\r\n\r\n<hr \/>\r\n\r\n<h4><strong><u>Appel d\u2019offres national ouvert n\u00b0 02\/UOEB\/R-BM\/2018<\/u><\/strong><\/h4>\r\n<ul>\r\n \t<li>\u00c9quipement du campus des 1000 places p\u00e9dagogiques \u00e0 Ain M\u2019Lila au profit de l\u2019Institut des Sciences et Technologies Appliqu\u00e9es de l\u2019universit\u00e9 d\u2019Oum El Bouaghi (15\/05\/2018)<em><strong>\r\n<\/strong><\/em><\/li>\r\n<\/ul>\r\n<h4><a href=\"http:\/\/localhost\/wordpress\/wp-content\/uploads\/2018\/12\/Avis_Appel_-offres_IT_Fr.pdf\"><strong>Plus de d\u00e9tails..<\/strong>.<\/a><\/h4>\r\n\r\n<hr \/>\r\n\r\n<h4><strong><u>Appel d\u2019offres national ouvert n\u00b0 01\/UOEB\/R-BM\/2018<\/u><\/strong><\/h4>\r\n<ul>\r\n \t<li>Appel d\u2019offres : Equipement de la biblioth\u00e8que (250 places assises) de l\u2019institut des sciences et techniques des activit\u00e9s physiques et sportives de l\u2019universit\u00e9 d\u2019Oum El Bouaghi<\/li>\r\n<\/ul>\r\n<h4><strong><a href=\"http:\/\/localhost\/wordpress\/wp-content\/uploads\/2018\/12\/Avis-Appel-doffres-en-Fran%C3%A7ais-1.doc\">Plus de d\u00e9tails\u2026<\/a><\/strong><\/h4>\t\t\t\t\t\t<\/div>\n\t\t\t\t<\/div>\n\t\t\t\t\t<\/div>\n\t\t<\/div>\n\t\t\t\t\t<\/div>\n\t\t<\/section>\n\t\t\t\t<\/div>\n\t\t","protected":false},"excerpt":{"rendered":"","protected":false},"author":1,"featured_media":0,"parent":0,"menu_order":0,"comment_status":"closed","ping_status":"closed","template":"","meta":{"pgc_meta":"","footnotes":""},"class_list":["post-1328","page","type-page","status-publish","hentry"],"pgc_meta":"","yoast_head":"<!-- This site is optimized with the Yoast SEO plugin v24.0 - https:\/\/yoast.com\/wordpress\/plugins\/seo\/ -->\n<title>\u0637\u0644\u0628\u0627\u062a \u0627\u0644\u0639\u0631\u0648\u0636 - vice rectorat du d\u00e9veloppemnt ,la prospective et de l&#039;orientation<\/title>\n<meta name=\"robots\" content=\"index, follow, max-snippet:-1, max-image-preview:large, max-video-preview:-1\" \/>\n<link rel=\"canonical\" href=\"https:\/\/www.univ-oeb.dz\/vrdp\/\u0637\u0644\u0628\u0627\u062a-\u0627\u0644\u0639\u0631\u0648\u0636\/\" \/>\n<meta property=\"og:locale\" content=\"ar_AR\" \/>\n<meta property=\"og:type\" content=\"article\" \/>\n<meta property=\"og:title\" content=\"\u0637\u0644\u0628\u0627\u062a \u0627\u0644\u0639\u0631\u0648\u0636 - vice rectorat du d\u00e9veloppemnt ,la prospective et de l&#039;orientation\" \/>\n<meta property=\"og:url\" content=\"https:\/\/www.univ-oeb.dz\/vrdp\/\u0637\u0644\u0628\u0627\u062a-\u0627\u0644\u0639\u0631\u0648\u0636\/\" \/>\n<meta property=\"og:site_name\" content=\"vice rectorat du d\u00e9veloppemnt ,la prospective et de l&#039;orientation\" \/>\n<meta property=\"article:modified_time\" content=\"2019-09-16T13:59:41+00:00\" \/>\n<meta name=\"twitter:card\" content=\"summary_large_image\" \/>\n<script type=\"application\/ld+json\" class=\"yoast-schema-graph\">{\"@context\":\"https:\/\/schema.org\",\"@graph\":[{\"@type\":\"WebPage\",\"@id\":\"https:\/\/www.univ-oeb.dz\/vrdp\/%d8%b7%d9%84%d8%a8%d8%a7%d8%aa-%d8%a7%d9%84%d8%b9%d8%b1%d9%88%d8%b6\/\",\"url\":\"https:\/\/www.univ-oeb.dz\/vrdp\/%d8%b7%d9%84%d8%a8%d8%a7%d8%aa-%d8%a7%d9%84%d8%b9%d8%b1%d9%88%d8%b6\/\",\"name\":\"\u0637\u0644\u0628\u0627\u062a \u0627\u0644\u0639\u0631\u0648\u0636 - vice rectorat du d\u00e9veloppemnt ,la prospective et de l&#039;orientation\",\"isPartOf\":{\"@id\":\"https:\/\/www.univ-oeb.dz\/vrdp\/#website\"},\"datePublished\":\"2019-02-04T09:37:11+00:00\",\"dateModified\":\"2019-09-16T13:59:41+00:00\",\"breadcrumb\":{\"@id\":\"https:\/\/www.univ-oeb.dz\/vrdp\/%d8%b7%d9%84%d8%a8%d8%a7%d8%aa-%d8%a7%d9%84%d8%b9%d8%b1%d9%88%d8%b6\/#breadcrumb\"},\"inLanguage\":\"ar\",\"potentialAction\":[{\"@type\":\"ReadAction\",\"target\":[\"https:\/\/www.univ-oeb.dz\/vrdp\/%d8%b7%d9%84%d8%a8%d8%a7%d8%aa-%d8%a7%d9%84%d8%b9%d8%b1%d9%88%d8%b6\/\"]}]},{\"@type\":\"BreadcrumbList\",\"@id\":\"https:\/\/www.univ-oeb.dz\/vrdp\/%d8%b7%d9%84%d8%a8%d8%a7%d8%aa-%d8%a7%d9%84%d8%b9%d8%b1%d9%88%d8%b6\/#breadcrumb\",\"itemListElement\":[{\"@type\":\"ListItem\",\"position\":1,\"name\":\"Home\",\"item\":\"https:\/\/www.univ-oeb.dz\/vrdp\/\"},{\"@type\":\"ListItem\",\"position\":2,\"name\":\"\u0637\u0644\u0628\u0627\u062a \u0627\u0644\u0639\u0631\u0648\u0636\"}]},{\"@type\":\"WebSite\",\"@id\":\"https:\/\/www.univ-oeb.dz\/vrdp\/#website\",\"url\":\"https:\/\/www.univ-oeb.dz\/vrdp\/\",\"name\":\"vice rectorat du d\u00e9veloppemnt ,la prospective et de l&#039;orientation\",\"description\":\"universit\u00e9 l&#039;arbi ben m&#039;hidi oum el bouaghi\",\"potentialAction\":[{\"@type\":\"SearchAction\",\"target\":{\"@type\":\"EntryPoint\",\"urlTemplate\":\"https:\/\/www.univ-oeb.dz\/vrdp\/?s={search_term_string}\"},\"query-input\":{\"@type\":\"PropertyValueSpecification\",\"valueRequired\":true,\"valueName\":\"search_term_string\"}}],\"inLanguage\":\"ar\"}]}<\/script>\n<!-- \/ Yoast SEO plugin. -->","yoast_head_json":{"title":"\u0637\u0644\u0628\u0627\u062a \u0627\u0644\u0639\u0631\u0648\u0636 - vice rectorat du d\u00e9veloppemnt ,la prospective et de l&#039;orientation","robots":{"index":"index","follow":"follow","max-snippet":"max-snippet:-1","max-image-preview":"max-image-preview:large","max-video-preview":"max-video-preview:-1"},"canonical":"https:\/\/www.univ-oeb.dz\/vrdp\/\u0637\u0644\u0628\u0627\u062a-\u0627\u0644\u0639\u0631\u0648\u0636\/","og_locale":"ar_AR","og_type":"article","og_title":"\u0637\u0644\u0628\u0627\u062a \u0627\u0644\u0639\u0631\u0648\u0636 - vice rectorat du d\u00e9veloppemnt ,la prospective et de l&#039;orientation","og_url":"https:\/\/www.univ-oeb.dz\/vrdp\/\u0637\u0644\u0628\u0627\u062a-\u0627\u0644\u0639\u0631\u0648\u0636\/","og_site_name":"vice rectorat du d\u00e9veloppemnt ,la prospective et de l&#039;orientation","article_modified_time":"2019-09-16T13:59:41+00:00","twitter_card":"summary_large_image","schema":{"@context":"https:\/\/schema.org","@graph":[{"@type":"WebPage","@id":"https:\/\/www.univ-oeb.dz\/vrdp\/%d8%b7%d9%84%d8%a8%d8%a7%d8%aa-%d8%a7%d9%84%d8%b9%d8%b1%d9%88%d8%b6\/","url":"https:\/\/www.univ-oeb.dz\/vrdp\/%d8%b7%d9%84%d8%a8%d8%a7%d8%aa-%d8%a7%d9%84%d8%b9%d8%b1%d9%88%d8%b6\/","name":"\u0637\u0644\u0628\u0627\u062a \u0627\u0644\u0639\u0631\u0648\u0636 - vice rectorat du d\u00e9veloppemnt ,la prospective et de l&#039;orientation","isPartOf":{"@id":"https:\/\/www.univ-oeb.dz\/vrdp\/#website"},"datePublished":"2019-02-04T09:37:11+00:00","dateModified":"2019-09-16T13:59:41+00:00","breadcrumb":{"@id":"https:\/\/www.univ-oeb.dz\/vrdp\/%d8%b7%d9%84%d8%a8%d8%a7%d8%aa-%d8%a7%d9%84%d8%b9%d8%b1%d9%88%d8%b6\/#breadcrumb"},"inLanguage":"ar","potentialAction":[{"@type":"ReadAction","target":["https:\/\/www.univ-oeb.dz\/vrdp\/%d8%b7%d9%84%d8%a8%d8%a7%d8%aa-%d8%a7%d9%84%d8%b9%d8%b1%d9%88%d8%b6\/"]}]},{"@type":"BreadcrumbList","@id":"https:\/\/www.univ-oeb.dz\/vrdp\/%d8%b7%d9%84%d8%a8%d8%a7%d8%aa-%d8%a7%d9%84%d8%b9%d8%b1%d9%88%d8%b6\/#breadcrumb","itemListElement":[{"@type":"ListItem","position":1,"name":"Home","item":"https:\/\/www.univ-oeb.dz\/vrdp\/"},{"@type":"ListItem","position":2,"name":"\u0637\u0644\u0628\u0627\u062a \u0627\u0644\u0639\u0631\u0648\u0636"}]},{"@type":"WebSite","@id":"https:\/\/www.univ-oeb.dz\/vrdp\/#website","url":"https:\/\/www.univ-oeb.dz\/vrdp\/","name":"vice rectorat du d\u00e9veloppemnt ,la prospective et de l&#039;orientation","description":"universit\u00e9 l&#039;arbi ben m&#039;hidi oum el bouaghi","potentialAction":[{"@type":"SearchAction","target":{"@type":"EntryPoint","urlTemplate":"https:\/\/www.univ-oeb.dz\/vrdp\/?s={search_term_string}"},"query-input":{"@type":"PropertyValueSpecification","valueRequired":true,"valueName":"search_term_string"}}],"inLanguage":"ar"}]}},"_links":{"self":[{"href":"https:\/\/www.univ-oeb.dz\/vrdp\/wp-json\/wp\/v2\/pages\/1328","targetHints":{"allow":["GET"]}}],"collection":[{"href":"https:\/\/www.univ-oeb.dz\/vrdp\/wp-json\/wp\/v2\/pages"}],"about":[{"href":"https:\/\/www.univ-oeb.dz\/vrdp\/wp-json\/wp\/v2\/types\/page"}],"author":[{"embeddable":true,"href":"https:\/\/www.univ-oeb.dz\/vrdp\/wp-json\/wp\/v2\/users\/1"}],"replies":[{"embeddable":true,"href":"https:\/\/www.univ-oeb.dz\/vrdp\/wp-json\/wp\/v2\/comments?post=1328"}],"version-history":[{"count":1,"href":"https:\/\/www.univ-oeb.dz\/vrdp\/wp-json\/wp\/v2\/pages\/1328\/revisions"}],"predecessor-version":[{"id":1329,"href":"https:\/\/www.univ-oeb.dz\/vrdp\/wp-json\/wp\/v2\/pages\/1328\/revisions\/1329"}],"wp:attachment":[{"href":"https:\/\/www.univ-oeb.dz\/vrdp\/wp-json\/wp\/v2\/media?parent=1328"}],"curies":[{"name":"wp","href":"https:\/\/api.w.org\/{rel}","templated":true}]}}