{"id":1322,"date":"2019-09-16T14:48:07","date_gmt":"2019-09-16T13:48:07","guid":{"rendered":"http:\/\/www.univ-oeb.dz\/vrdp\/?page_id=1322"},"modified":"2024-12-09T11:31:51","modified_gmt":"2024-12-09T10:31:51","slug":"%d9%85%d8%b5%d9%84%d8%ad%d8%a9-%d8%a7%d9%84%d8%a7%d8%ad%d8%b5%d8%a7%d8%a1-%d9%88%d8%a7%d9%84%d8%a7%d8%b3%d8%aa%d8%b4%d8%b1%d8%a7%d9%81","status":"publish","type":"page","link":"https:\/\/www.univ-oeb.dz\/vrdp\/%d9%85%d8%b5%d9%84%d8%ad%d8%a9-%d8%a7%d9%84%d8%a5%d8%ad%d8%b5%d8%a7%d8%a1-%d9%88%d8%a7%d9%84%d8%a7%d8%b3%d8%aa%d8%b4%d8%b1%d8%a7%d9%81\/%d9%85%d8%b5%d9%84%d8%ad%d8%a9-%d8%a7%d9%84%d8%a7%d8%ad%d8%b5%d8%a7%d8%a1-%d9%88%d8%a7%d9%84%d8%a7%d8%b3%d8%aa%d8%b4%d8%b1%d8%a7%d9%81\/","title":{"rendered":"\u0645\u0635\u0644\u062d\u0629 \u0627\u0644\u0627\u062d\u0635\u0627\u0621 \u0648\u0627\u0644\u0627\u0633\u062a\u0634\u0631\u0627\u0641"},"content":{"rendered":"\t\t<div data-elementor-type=\"wp-post\" data-elementor-id=\"1322\" class=\"elementor elementor-1322 elementor-bc-flex-widget\">\n\t\t\t\t\t\t<section class=\"elementor-section elementor-top-section elementor-element elementor-element-792f06f8 elementor-section-boxed elementor-section-height-default elementor-section-height-default\" data-id=\"792f06f8\" data-element_type=\"section\">\n\t\t\t\t\t\t<div class=\"elementor-container elementor-column-gap-default\">\n\t\t\t\t\t<div class=\"elementor-column elementor-col-100 elementor-top-column elementor-element elementor-element-75191dbb\" data-id=\"75191dbb\" data-element_type=\"column\">\n\t\t\t<div class=\"elementor-widget-wrap elementor-element-populated\">\n\t\t\t\t\t\t<div class=\"elementor-element elementor-element-57e0de6 elementor-widget elementor-widget-heading\" data-id=\"57e0de6\" data-element_type=\"widget\" data-widget_type=\"heading.default\">\n\t\t\t\t<div class=\"elementor-widget-container\">\n\t\t\t<h1 class=\"elementor-heading-title elementor-size-large\">Service des statistiques et prospective\n<\/h1>\t\t<\/div>\n\t\t\t\t<\/div>\n\t\t\t\t<div class=\"elementor-element elementor-element-6db81b5a elementor-widget elementor-widget-text-editor\" data-id=\"6db81b5a\" data-element_type=\"widget\" data-widget_type=\"text-editor.default\">\n\t\t\t\t<div class=\"elementor-widget-container\">\n\t\t\t\t\t\t\t<p>Ce service est charg\u00e9 de mener et exploiter les recensements, les enqu\u00eates et les \u00e9tudes statistiques relatives aux \u00e9tudiants, aux personnels d\u2019enseignement et de recherche, \u00e0 l\u2019encadrement administratif et technique, aux \u00e9quipements scientifiques et en diffuser les r\u00e9sultats apr\u00e8s analyse et traitement.<\/p><p>C\u2019est un service qui m\u00e8ne les enqu\u00eates relatives \u00e0 l\u2019\u00e9valuation permanente du syst\u00e8me d\u2019enseignement sup\u00e9rieur et de la recherche scientifique en proc\u00e9dant notamment \u00e0 la synth\u00e9tisation des travaux d\u2019\u00e9valuation sp\u00e9cifiques r\u00e9alis\u00e9s par les services concern\u00e9s.<\/p><p>Il est de son ressort d\u2019\u00e9laborer et g\u00e9rer les \u00e9tudes prospectives concernant les objectifs \u00e0 moyen et \u00e0 long termes en \u00e9tudiant leur faisabilit\u00e9 notamment, \u00e9laborer les plans de d\u00e9veloppement universitaires en suivant la r\u00e9alisation et en dressant les bilans, d\u00e9terminer les programmes de constructions et d\u2019\u00e9quipements, et suivre leurs r\u00e9alisations.<\/p><p>En collaboration avec les diff\u00e9rents services concern\u00e9s, le service des statistiques et de la prospective pr\u00e9pare et signale les besoins des rentr\u00e9es universitaires, d\u00e9termine les besoins en ressources humaines et s\u2019assure de leur satisfaction.<\/p><p><strong style=\"font-size: 18px;\">Chef de service: remache saousene<\/strong><\/p><p><strong>Grade: ing\u00e9nieur d&#8217;\u00e9tat en statistique<\/strong><\/p><p><strong>Email: remache.saoussen@univ-oeb.dz<\/strong><\/p>\t\t\t\t\t\t<\/div>\n\t\t\t\t<\/div>\n\t\t\t\t\t<\/div>\n\t\t<\/div>\n\t\t\t\t\t<\/div>\n\t\t<\/section>\n\t\t\t\t<\/div>\n\t\t","protected":false},"excerpt":{"rendered":"","protected":false},"author":1,"featured_media":1870,"parent":1396,"menu_order":0,"comment_status":"closed","ping_status":"closed","template":"","meta":{"pgc_meta":"","footnotes":""},"class_list":["post-1322","page","type-page","status-publish","has-post-thumbnail","hentry"],"pgc_meta":"","yoast_head":"<!-- This site is optimized with the Yoast SEO plugin v24.0 - https:\/\/yoast.com\/wordpress\/plugins\/seo\/ -->\n<title>\u0645\u0635\u0644\u062d\u0629 \u0627\u0644\u0627\u062d\u0635\u0627\u0621 \u0648\u0627\u0644\u0627\u0633\u062a\u0634\u0631\u0627\u0641 - vice rectorat du d\u00e9veloppemnt ,la prospective et de l&#039;orientation<\/title>\n<meta name=\"robots\" content=\"index, follow, max-snippet:-1, max-image-preview:large, max-video-preview:-1\" \/>\n<link rel=\"canonical\" href=\"https:\/\/www.univ-oeb.dz\/vrdp\/\u0645\u0635\u0644\u062d\u0629-\u0627\u0644\u0625\u062d\u0635\u0627\u0621-\u0648\u0627\u0644\u0627\u0633\u062a\u0634\u0631\u0627\u0641\/\u0645\u0635\u0644\u062d\u0629-\u0627\u0644\u0627\u062d\u0635\u0627\u0621-\u0648\u0627\u0644\u0627\u0633\u062a\u0634\u0631\u0627\u0641\/\" \/>\n<meta property=\"og:locale\" content=\"ar_AR\" \/>\n<meta property=\"og:type\" content=\"article\" \/>\n<meta property=\"og:title\" content=\"\u0645\u0635\u0644\u062d\u0629 \u0627\u0644\u0627\u062d\u0635\u0627\u0621 \u0648\u0627\u0644\u0627\u0633\u062a\u0634\u0631\u0627\u0641 - vice rectorat du d\u00e9veloppemnt ,la prospective et de l&#039;orientation\" \/>\n<meta property=\"og:url\" content=\"https:\/\/www.univ-oeb.dz\/vrdp\/\u0645\u0635\u0644\u062d\u0629-\u0627\u0644\u0625\u062d\u0635\u0627\u0621-\u0648\u0627\u0644\u0627\u0633\u062a\u0634\u0631\u0627\u0641\/\u0645\u0635\u0644\u062d\u0629-\u0627\u0644\u0627\u062d\u0635\u0627\u0621-\u0648\u0627\u0644\u0627\u0633\u062a\u0634\u0631\u0627\u0641\/\" \/>\n<meta property=\"og:site_name\" content=\"vice rectorat du d\u00e9veloppemnt ,la prospective et de l&#039;orientation\" \/>\n<meta property=\"article:modified_time\" content=\"2024-12-09T10:31:51+00:00\" \/>\n<meta property=\"og:image\" content=\"http:\/\/www.univ-oeb.dz\/vrdp\/wp-content\/uploads\/2019\/06\/istockphoto-1471442739-1024x1024-1.jpg\" \/>\n\t<meta property=\"og:image:width\" content=\"1024\" \/>\n\t<meta property=\"og:image:height\" content=\"682\" \/>\n\t<meta property=\"og:image:type\" content=\"image\/jpeg\" \/>\n<meta name=\"twitter:card\" content=\"summary_large_image\" \/>\n<meta name=\"twitter:label1\" content=\"\u0648\u0642\u062a \u0627\u0644\u0642\u0631\u0627\u0621\u0629 \u0627\u0644\u0645\u064f\u0642\u062f\u0651\u0631\" \/>\n\t<meta name=\"twitter:data1\" content=\"\u062f\u0642\u064a\u0642\u0629 \u0648\u0627\u062d\u062f\u0629\" \/>\n<script type=\"application\/ld+json\" class=\"yoast-schema-graph\">{\"@context\":\"https:\/\/schema.org\",\"@graph\":[{\"@type\":\"WebPage\",\"@id\":\"https:\/\/www.univ-oeb.dz\/vrdp\/%d9%85%d8%b5%d9%84%d8%ad%d8%a9-%d8%a7%d9%84%d8%a5%d8%ad%d8%b5%d8%a7%d8%a1-%d9%88%d8%a7%d9%84%d8%a7%d8%b3%d8%aa%d8%b4%d8%b1%d8%a7%d9%81\/%d9%85%d8%b5%d9%84%d8%ad%d8%a9-%d8%a7%d9%84%d8%a7%d8%ad%d8%b5%d8%a7%d8%a1-%d9%88%d8%a7%d9%84%d8%a7%d8%b3%d8%aa%d8%b4%d8%b1%d8%a7%d9%81\/\",\"url\":\"https:\/\/www.univ-oeb.dz\/vrdp\/%d9%85%d8%b5%d9%84%d8%ad%d8%a9-%d8%a7%d9%84%d8%a5%d8%ad%d8%b5%d8%a7%d8%a1-%d9%88%d8%a7%d9%84%d8%a7%d8%b3%d8%aa%d8%b4%d8%b1%d8%a7%d9%81\/%d9%85%d8%b5%d9%84%d8%ad%d8%a9-%d8%a7%d9%84%d8%a7%d8%ad%d8%b5%d8%a7%d8%a1-%d9%88%d8%a7%d9%84%d8%a7%d8%b3%d8%aa%d8%b4%d8%b1%d8%a7%d9%81\/\",\"name\":\"\u0645\u0635\u0644\u062d\u0629 \u0627\u0644\u0627\u062d\u0635\u0627\u0621 \u0648\u0627\u0644\u0627\u0633\u062a\u0634\u0631\u0627\u0641 - vice rectorat du d\u00e9veloppemnt ,la prospective et de l&#039;orientation\",\"isPartOf\":{\"@id\":\"https:\/\/www.univ-oeb.dz\/vrdp\/#website\"},\"primaryImageOfPage\":{\"@id\":\"https:\/\/www.univ-oeb.dz\/vrdp\/%d9%85%d8%b5%d9%84%d8%ad%d8%a9-%d8%a7%d9%84%d8%a5%d8%ad%d8%b5%d8%a7%d8%a1-%d9%88%d8%a7%d9%84%d8%a7%d8%b3%d8%aa%d8%b4%d8%b1%d8%a7%d9%81\/%d9%85%d8%b5%d9%84%d8%ad%d8%a9-%d8%a7%d9%84%d8%a7%d8%ad%d8%b5%d8%a7%d8%a1-%d9%88%d8%a7%d9%84%d8%a7%d8%b3%d8%aa%d8%b4%d8%b1%d8%a7%d9%81\/#primaryimage\"},\"image\":{\"@id\":\"https:\/\/www.univ-oeb.dz\/vrdp\/%d9%85%d8%b5%d9%84%d8%ad%d8%a9-%d8%a7%d9%84%d8%a5%d8%ad%d8%b5%d8%a7%d8%a1-%d9%88%d8%a7%d9%84%d8%a7%d8%b3%d8%aa%d8%b4%d8%b1%d8%a7%d9%81\/%d9%85%d8%b5%d9%84%d8%ad%d8%a9-%d8%a7%d9%84%d8%a7%d8%ad%d8%b5%d8%a7%d8%a1-%d9%88%d8%a7%d9%84%d8%a7%d8%b3%d8%aa%d8%b4%d8%b1%d8%a7%d9%81\/#primaryimage\"},\"thumbnailUrl\":\"https:\/\/www.univ-oeb.dz\/vrdp\/wp-content\/uploads\/2019\/06\/istockphoto-1471442739-1024x1024-1.jpg\",\"datePublished\":\"2019-09-16T13:48:07+00:00\",\"dateModified\":\"2024-12-09T10:31:51+00:00\",\"breadcrumb\":{\"@id\":\"https:\/\/www.univ-oeb.dz\/vrdp\/%d9%85%d8%b5%d9%84%d8%ad%d8%a9-%d8%a7%d9%84%d8%a5%d8%ad%d8%b5%d8%a7%d8%a1-%d9%88%d8%a7%d9%84%d8%a7%d8%b3%d8%aa%d8%b4%d8%b1%d8%a7%d9%81\/%d9%85%d8%b5%d9%84%d8%ad%d8%a9-%d8%a7%d9%84%d8%a7%d8%ad%d8%b5%d8%a7%d8%a1-%d9%88%d8%a7%d9%84%d8%a7%d8%b3%d8%aa%d8%b4%d8%b1%d8%a7%d9%81\/#breadcrumb\"},\"inLanguage\":\"ar\",\"potentialAction\":[{\"@type\":\"ReadAction\",\"target\":[\"https:\/\/www.univ-oeb.dz\/vrdp\/%d9%85%d8%b5%d9%84%d8%ad%d8%a9-%d8%a7%d9%84%d8%a5%d8%ad%d8%b5%d8%a7%d8%a1-%d9%88%d8%a7%d9%84%d8%a7%d8%b3%d8%aa%d8%b4%d8%b1%d8%a7%d9%81\/%d9%85%d8%b5%d9%84%d8%ad%d8%a9-%d8%a7%d9%84%d8%a7%d8%ad%d8%b5%d8%a7%d8%a1-%d9%88%d8%a7%d9%84%d8%a7%d8%b3%d8%aa%d8%b4%d8%b1%d8%a7%d9%81\/\"]}]},{\"@type\":\"ImageObject\",\"inLanguage\":\"ar\",\"@id\":\"https:\/\/www.univ-oeb.dz\/vrdp\/%d9%85%d8%b5%d9%84%d8%ad%d8%a9-%d8%a7%d9%84%d8%a5%d8%ad%d8%b5%d8%a7%d8%a1-%d9%88%d8%a7%d9%84%d8%a7%d8%b3%d8%aa%d8%b4%d8%b1%d8%a7%d9%81\/%d9%85%d8%b5%d9%84%d8%ad%d8%a9-%d8%a7%d9%84%d8%a7%d8%ad%d8%b5%d8%a7%d8%a1-%d9%88%d8%a7%d9%84%d8%a7%d8%b3%d8%aa%d8%b4%d8%b1%d8%a7%d9%81\/#primaryimage\",\"url\":\"https:\/\/www.univ-oeb.dz\/vrdp\/wp-content\/uploads\/2019\/06\/istockphoto-1471442739-1024x1024-1.jpg\",\"contentUrl\":\"https:\/\/www.univ-oeb.dz\/vrdp\/wp-content\/uploads\/2019\/06\/istockphoto-1471442739-1024x1024-1.jpg\",\"width\":1024,\"height\":682,\"caption\":\"businessman analyzing business Enterprise data management, business analytics with charts, metrics and KPIs to improve organizational performance, marketing, financial organization strategy.\"},{\"@type\":\"BreadcrumbList\",\"@id\":\"https:\/\/www.univ-oeb.dz\/vrdp\/%d9%85%d8%b5%d9%84%d8%ad%d8%a9-%d8%a7%d9%84%d8%a5%d8%ad%d8%b5%d8%a7%d8%a1-%d9%88%d8%a7%d9%84%d8%a7%d8%b3%d8%aa%d8%b4%d8%b1%d8%a7%d9%81\/%d9%85%d8%b5%d9%84%d8%ad%d8%a9-%d8%a7%d9%84%d8%a7%d8%ad%d8%b5%d8%a7%d8%a1-%d9%88%d8%a7%d9%84%d8%a7%d8%b3%d8%aa%d8%b4%d8%b1%d8%a7%d9%81\/#breadcrumb\",\"itemListElement\":[{\"@type\":\"ListItem\",\"position\":1,\"name\":\"Home\",\"item\":\"https:\/\/www.univ-oeb.dz\/vrdp\/\"},{\"@type\":\"ListItem\",\"position\":2,\"name\":\"\u0645\u0635\u0644\u062d\u0629 \u0627\u0644\u0625\u062d\u0635\u0627\u0621 \u0648\u0627\u0644\u0627\u0633\u062a\u0634\u0631\u0627\u0641\",\"item\":\"https:\/\/www.univ-oeb.dz\/vrdp\/%d9%85%d8%b5%d9%84%d8%ad%d8%a9-%d8%a7%d9%84%d8%a5%d8%ad%d8%b5%d8%a7%d8%a1-%d9%88%d8%a7%d9%84%d8%a7%d8%b3%d8%aa%d8%b4%d8%b1%d8%a7%d9%81\/\"},{\"@type\":\"ListItem\",\"position\":3,\"name\":\"\u0645\u0635\u0644\u062d\u0629 \u0627\u0644\u0627\u062d\u0635\u0627\u0621 \u0648\u0627\u0644\u0627\u0633\u062a\u0634\u0631\u0627\u0641\"}]},{\"@type\":\"WebSite\",\"@id\":\"https:\/\/www.univ-oeb.dz\/vrdp\/#website\",\"url\":\"https:\/\/www.univ-oeb.dz\/vrdp\/\",\"name\":\"vice rectorat du d\u00e9veloppemnt ,la prospective et de l&#039;orientation\",\"description\":\"universit\u00e9 l&#039;arbi ben m&#039;hidi oum el bouaghi\",\"potentialAction\":[{\"@type\":\"SearchAction\",\"target\":{\"@type\":\"EntryPoint\",\"urlTemplate\":\"https:\/\/www.univ-oeb.dz\/vrdp\/?s={search_term_string}\"},\"query-input\":{\"@type\":\"PropertyValueSpecification\",\"valueRequired\":true,\"valueName\":\"search_term_string\"}}],\"inLanguage\":\"ar\"}]}<\/script>\n<!-- \/ Yoast SEO plugin. -->","yoast_head_json":{"title":"\u0645\u0635\u0644\u062d\u0629 \u0627\u0644\u0627\u062d\u0635\u0627\u0621 \u0648\u0627\u0644\u0627\u0633\u062a\u0634\u0631\u0627\u0641 - vice rectorat du d\u00e9veloppemnt ,la prospective et de l&#039;orientation","robots":{"index":"index","follow":"follow","max-snippet":"max-snippet:-1","max-image-preview":"max-image-preview:large","max-video-preview":"max-video-preview:-1"},"canonical":"https:\/\/www.univ-oeb.dz\/vrdp\/\u0645\u0635\u0644\u062d\u0629-\u0627\u0644\u0625\u062d\u0635\u0627\u0621-\u0648\u0627\u0644\u0627\u0633\u062a\u0634\u0631\u0627\u0641\/\u0645\u0635\u0644\u062d\u0629-\u0627\u0644\u0627\u062d\u0635\u0627\u0621-\u0648\u0627\u0644\u0627\u0633\u062a\u0634\u0631\u0627\u0641\/","og_locale":"ar_AR","og_type":"article","og_title":"\u0645\u0635\u0644\u062d\u0629 \u0627\u0644\u0627\u062d\u0635\u0627\u0621 \u0648\u0627\u0644\u0627\u0633\u062a\u0634\u0631\u0627\u0641 - vice rectorat du d\u00e9veloppemnt ,la prospective et de l&#039;orientation","og_url":"https:\/\/www.univ-oeb.dz\/vrdp\/\u0645\u0635\u0644\u062d\u0629-\u0627\u0644\u0625\u062d\u0635\u0627\u0621-\u0648\u0627\u0644\u0627\u0633\u062a\u0634\u0631\u0627\u0641\/\u0645\u0635\u0644\u062d\u0629-\u0627\u0644\u0627\u062d\u0635\u0627\u0621-\u0648\u0627\u0644\u0627\u0633\u062a\u0634\u0631\u0627\u0641\/","og_site_name":"vice rectorat du d\u00e9veloppemnt ,la prospective et de l&#039;orientation","article_modified_time":"2024-12-09T10:31:51+00:00","og_image":[{"width":1024,"height":682,"url":"http:\/\/www.univ-oeb.dz\/vrdp\/wp-content\/uploads\/2019\/06\/istockphoto-1471442739-1024x1024-1.jpg","type":"image\/jpeg"}],"twitter_card":"summary_large_image","twitter_misc":{"\u0648\u0642\u062a \u0627\u0644\u0642\u0631\u0627\u0621\u0629 \u0627\u0644\u0645\u064f\u0642\u062f\u0651\u0631":"\u062f\u0642\u064a\u0642\u0629 \u0648\u0627\u062d\u062f\u0629"},"schema":{"@context":"https:\/\/schema.org","@graph":[{"@type":"WebPage","@id":"https:\/\/www.univ-oeb.dz\/vrdp\/%d9%85%d8%b5%d9%84%d8%ad%d8%a9-%d8%a7%d9%84%d8%a5%d8%ad%d8%b5%d8%a7%d8%a1-%d9%88%d8%a7%d9%84%d8%a7%d8%b3%d8%aa%d8%b4%d8%b1%d8%a7%d9%81\/%d9%85%d8%b5%d9%84%d8%ad%d8%a9-%d8%a7%d9%84%d8%a7%d8%ad%d8%b5%d8%a7%d8%a1-%d9%88%d8%a7%d9%84%d8%a7%d8%b3%d8%aa%d8%b4%d8%b1%d8%a7%d9%81\/","url":"https:\/\/www.univ-oeb.dz\/vrdp\/%d9%85%d8%b5%d9%84%d8%ad%d8%a9-%d8%a7%d9%84%d8%a5%d8%ad%d8%b5%d8%a7%d8%a1-%d9%88%d8%a7%d9%84%d8%a7%d8%b3%d8%aa%d8%b4%d8%b1%d8%a7%d9%81\/%d9%85%d8%b5%d9%84%d8%ad%d8%a9-%d8%a7%d9%84%d8%a7%d8%ad%d8%b5%d8%a7%d8%a1-%d9%88%d8%a7%d9%84%d8%a7%d8%b3%d8%aa%d8%b4%d8%b1%d8%a7%d9%81\/","name":"\u0645\u0635\u0644\u062d\u0629 \u0627\u0644\u0627\u062d\u0635\u0627\u0621 \u0648\u0627\u0644\u0627\u0633\u062a\u0634\u0631\u0627\u0641 - vice rectorat du d\u00e9veloppemnt ,la prospective et de l&#039;orientation","isPartOf":{"@id":"https:\/\/www.univ-oeb.dz\/vrdp\/#website"},"primaryImageOfPage":{"@id":"https:\/\/www.univ-oeb.dz\/vrdp\/%d9%85%d8%b5%d9%84%d8%ad%d8%a9-%d8%a7%d9%84%d8%a5%d8%ad%d8%b5%d8%a7%d8%a1-%d9%88%d8%a7%d9%84%d8%a7%d8%b3%d8%aa%d8%b4%d8%b1%d8%a7%d9%81\/%d9%85%d8%b5%d9%84%d8%ad%d8%a9-%d8%a7%d9%84%d8%a7%d8%ad%d8%b5%d8%a7%d8%a1-%d9%88%d8%a7%d9%84%d8%a7%d8%b3%d8%aa%d8%b4%d8%b1%d8%a7%d9%81\/#primaryimage"},"image":{"@id":"https:\/\/www.univ-oeb.dz\/vrdp\/%d9%85%d8%b5%d9%84%d8%ad%d8%a9-%d8%a7%d9%84%d8%a5%d8%ad%d8%b5%d8%a7%d8%a1-%d9%88%d8%a7%d9%84%d8%a7%d8%b3%d8%aa%d8%b4%d8%b1%d8%a7%d9%81\/%d9%85%d8%b5%d9%84%d8%ad%d8%a9-%d8%a7%d9%84%d8%a7%d8%ad%d8%b5%d8%a7%d8%a1-%d9%88%d8%a7%d9%84%d8%a7%d8%b3%d8%aa%d8%b4%d8%b1%d8%a7%d9%81\/#primaryimage"},"thumbnailUrl":"https:\/\/www.univ-oeb.dz\/vrdp\/wp-content\/uploads\/2019\/06\/istockphoto-1471442739-1024x1024-1.jpg","datePublished":"2019-09-16T13:48:07+00:00","dateModified":"2024-12-09T10:31:51+00:00","breadcrumb":{"@id":"https:\/\/www.univ-oeb.dz\/vrdp\/%d9%85%d8%b5%d9%84%d8%ad%d8%a9-%d8%a7%d9%84%d8%a5%d8%ad%d8%b5%d8%a7%d8%a1-%d9%88%d8%a7%d9%84%d8%a7%d8%b3%d8%aa%d8%b4%d8%b1%d8%a7%d9%81\/%d9%85%d8%b5%d9%84%d8%ad%d8%a9-%d8%a7%d9%84%d8%a7%d8%ad%d8%b5%d8%a7%d8%a1-%d9%88%d8%a7%d9%84%d8%a7%d8%b3%d8%aa%d8%b4%d8%b1%d8%a7%d9%81\/#breadcrumb"},"inLanguage":"ar","potentialAction":[{"@type":"ReadAction","target":["https:\/\/www.univ-oeb.dz\/vrdp\/%d9%85%d8%b5%d9%84%d8%ad%d8%a9-%d8%a7%d9%84%d8%a5%d8%ad%d8%b5%d8%a7%d8%a1-%d9%88%d8%a7%d9%84%d8%a7%d8%b3%d8%aa%d8%b4%d8%b1%d8%a7%d9%81\/%d9%85%d8%b5%d9%84%d8%ad%d8%a9-%d8%a7%d9%84%d8%a7%d8%ad%d8%b5%d8%a7%d8%a1-%d9%88%d8%a7%d9%84%d8%a7%d8%b3%d8%aa%d8%b4%d8%b1%d8%a7%d9%81\/"]}]},{"@type":"ImageObject","inLanguage":"ar","@id":"https:\/\/www.univ-oeb.dz\/vrdp\/%d9%85%d8%b5%d9%84%d8%ad%d8%a9-%d8%a7%d9%84%d8%a5%d8%ad%d8%b5%d8%a7%d8%a1-%d9%88%d8%a7%d9%84%d8%a7%d8%b3%d8%aa%d8%b4%d8%b1%d8%a7%d9%81\/%d9%85%d8%b5%d9%84%d8%ad%d8%a9-%d8%a7%d9%84%d8%a7%d8%ad%d8%b5%d8%a7%d8%a1-%d9%88%d8%a7%d9%84%d8%a7%d8%b3%d8%aa%d8%b4%d8%b1%d8%a7%d9%81\/#primaryimage","url":"https:\/\/www.univ-oeb.dz\/vrdp\/wp-content\/uploads\/2019\/06\/istockphoto-1471442739-1024x1024-1.jpg","contentUrl":"https:\/\/www.univ-oeb.dz\/vrdp\/wp-content\/uploads\/2019\/06\/istockphoto-1471442739-1024x1024-1.jpg","width":1024,"height":682,"caption":"businessman analyzing business Enterprise data management, business analytics with charts, metrics and KPIs to improve organizational performance, marketing, financial organization strategy."},{"@type":"BreadcrumbList","@id":"https:\/\/www.univ-oeb.dz\/vrdp\/%d9%85%d8%b5%d9%84%d8%ad%d8%a9-%d8%a7%d9%84%d8%a5%d8%ad%d8%b5%d8%a7%d8%a1-%d9%88%d8%a7%d9%84%d8%a7%d8%b3%d8%aa%d8%b4%d8%b1%d8%a7%d9%81\/%d9%85%d8%b5%d9%84%d8%ad%d8%a9-%d8%a7%d9%84%d8%a7%d8%ad%d8%b5%d8%a7%d8%a1-%d9%88%d8%a7%d9%84%d8%a7%d8%b3%d8%aa%d8%b4%d8%b1%d8%a7%d9%81\/#breadcrumb","itemListElement":[{"@type":"ListItem","position":1,"name":"Home","item":"https:\/\/www.univ-oeb.dz\/vrdp\/"},{"@type":"ListItem","position":2,"name":"\u0645\u0635\u0644\u062d\u0629 \u0627\u0644\u0625\u062d\u0635\u0627\u0621 \u0648\u0627\u0644\u0627\u0633\u062a\u0634\u0631\u0627\u0641","item":"https:\/\/www.univ-oeb.dz\/vrdp\/%d9%85%d8%b5%d9%84%d8%ad%d8%a9-%d8%a7%d9%84%d8%a5%d8%ad%d8%b5%d8%a7%d8%a1-%d9%88%d8%a7%d9%84%d8%a7%d8%b3%d8%aa%d8%b4%d8%b1%d8%a7%d9%81\/"},{"@type":"ListItem","position":3,"name":"\u0645\u0635\u0644\u062d\u0629 \u0627\u0644\u0627\u062d\u0635\u0627\u0621 \u0648\u0627\u0644\u0627\u0633\u062a\u0634\u0631\u0627\u0641"}]},{"@type":"WebSite","@id":"https:\/\/www.univ-oeb.dz\/vrdp\/#website","url":"https:\/\/www.univ-oeb.dz\/vrdp\/","name":"vice rectorat du d\u00e9veloppemnt ,la prospective et de l&#039;orientation","description":"universit\u00e9 l&#039;arbi ben m&#039;hidi oum el bouaghi","potentialAction":[{"@type":"SearchAction","target":{"@type":"EntryPoint","urlTemplate":"https:\/\/www.univ-oeb.dz\/vrdp\/?s={search_term_string}"},"query-input":{"@type":"PropertyValueSpecification","valueRequired":true,"valueName":"search_term_string"}}],"inLanguage":"ar"}]}},"_links":{"self":[{"href":"https:\/\/www.univ-oeb.dz\/vrdp\/wp-json\/wp\/v2\/pages\/1322","targetHints":{"allow":["GET"]}}],"collection":[{"href":"https:\/\/www.univ-oeb.dz\/vrdp\/wp-json\/wp\/v2\/pages"}],"about":[{"href":"https:\/\/www.univ-oeb.dz\/vrdp\/wp-json\/wp\/v2\/types\/page"}],"author":[{"embeddable":true,"href":"https:\/\/www.univ-oeb.dz\/vrdp\/wp-json\/wp\/v2\/users\/1"}],"replies":[{"embeddable":true,"href":"https:\/\/www.univ-oeb.dz\/vrdp\/wp-json\/wp\/v2\/comments?post=1322"}],"version-history":[{"count":2,"href":"https:\/\/www.univ-oeb.dz\/vrdp\/wp-json\/wp\/v2\/pages\/1322\/revisions"}],"predecessor-version":[{"id":1891,"href":"https:\/\/www.univ-oeb.dz\/vrdp\/wp-json\/wp\/v2\/pages\/1322\/revisions\/1891"}],"up":[{"embeddable":true,"href":"https:\/\/www.univ-oeb.dz\/vrdp\/wp-json\/wp\/v2\/pages\/1396"}],"wp:featuredmedia":[{"embeddable":true,"href":"https:\/\/www.univ-oeb.dz\/vrdp\/wp-json\/wp\/v2\/media\/1870"}],"wp:attachment":[{"href":"https:\/\/www.univ-oeb.dz\/vrdp\/wp-json\/wp\/v2\/media?parent=1322"}],"curies":[{"name":"wp","href":"https:\/\/api.w.org\/{rel}","templated":true}]}}