{"id":747,"date":"2018-09-17T09:50:06","date_gmt":"2018-09-17T07:50:06","guid":{"rendered":"http:\/\/www.univ-oeb.dz\/staps\/?page_id=747"},"modified":"2018-12-28T23:28:48","modified_gmt":"2018-12-28T22:28:48","slug":"guide-et-lois","status":"publish","type":"page","link":"https:\/\/www.univ-oeb.dz\/staps\/?page_id=747&lang=fr","title":{"rendered":"Guide et Lois"},"content":{"rendered":"<h2 style=\"text-align: center;\"><\/h2>\n<h2 style=\"text-align: center;\"><strong>\u00a0la charte d\u2019\u00e9thique et de d\u00e9ontologie universitaires:\u00a0<\/strong><\/h2>\n<h2 style=\"text-align: center;\"><a href=\"http:\/\/www.univ-oeb.dz\/staps\/wp-content\/uploads\/2018\/09\/Chartefr.pdf\">T\u00e9l\u00e9charger<\/a><\/h2>\n<h2 style=\"text-align: center;\"><strong>Bulletin Officiel de l&#8217;enseignement sup\u00e9rieur et de la recherche scientifique<\/strong><\/h2>\n<h2 style=\"text-align: center;\"><a href=\"http:\/\/www.univ-oeb.dz\/staps\/wp-content\/uploads\/2018\/06\/\u0627\u0644\u0646\u0634\u0631\u0629-\u0627\u0644\u0631\u0633\u0645\u064a\u0629-\u0627\u0644\u062b\u0644\u0627\u062b\u064a-\u0627\u0644\u0623\u0648\u0644-2018-1.pdf\">T\u00e9l\u00e9charger<\/a><\/h2>\n<h2 style=\"text-align: center;\"><strong>\u00a0Le journal Officiel<\/strong><\/h2>\n<h2 style=\"text-align: center;\"><a href=\"http:\/\/www.univ-oeb.dz\/staps\/wp-content\/uploads\/2018\/06\/\u0627\u0644\u062c\u0631\u064a\u062f\u0629-\u0627\u0644\u0631\u0633\u0645\u064a\u0629.pdf\">T\u00e9l\u00e9charger<\/a><\/h2>\n<p style=\"text-align: center;\"><b>Arr\u00eat\u00e9s fixant le programme des enseignements du socle commun de licences du domaine: Science et technique des activit\u00e9s\u00a0physiques\u00a0et sportives<\/b><\/p>\n<h2 style=\"text-align: center;\"><a href=\"http:\/\/www.univ-oeb.dz\/staps\/wp-content\/uploads\/2018\/06\/\u0628\u0631\u0646\u0627\u0645\u062c-\u0627\u0644\u062a\u0639\u0644\u064a\u0645-\u0627\u0644\u0642\u0627\u0639\u062f\u064a-\u0627\u0644\u0645\u0634\u062a\u0631\u0643-1.pdf\">T\u00e9l\u00e9charger<\/a><\/h2>\n<h2 style=\"text-align: center;\"><strong>Reglement int\u00e9rieur<\/strong><\/h2>\n<h2 style=\"text-align: center;\"><a href=\"http:\/\/www.univ-oeb.dz\/staps\/wp-content\/uploads\/2018\/06\/Reglement-int\u00e9rieur.pdf\">T\u00e9l\u00e9charger\u00a0<\/a><\/h2>\n","protected":false},"excerpt":{"rendered":"<p>\u00a0la charte d\u2019\u00e9thique et de d\u00e9ontologie universitaires:\u00a0 T\u00e9l\u00e9charger Bulletin Officiel de l&#8217;enseignement sup\u00e9rieur et de la recherche scientifique T\u00e9l\u00e9charger \u00a0Le journal Officiel T\u00e9l\u00e9charger Arr\u00eat\u00e9s fixant le programme des enseignements du socle commun de licences du domaine: Science et technique des activit\u00e9s\u00a0physiques\u00a0et sportives T\u00e9l\u00e9charger Reglement int\u00e9rieur T\u00e9l\u00e9charger\u00a0<\/p>\n","protected":false},"author":1,"featured_media":0,"parent":0,"menu_order":0,"comment_status":"closed","ping_status":"closed","template":"","meta":{"footnotes":""},"_links":{"self":[{"href":"https:\/\/www.univ-oeb.dz\/staps\/index.php?rest_route=\/wp\/v2\/pages\/747"}],"collection":[{"href":"https:\/\/www.univ-oeb.dz\/staps\/index.php?rest_route=\/wp\/v2\/pages"}],"about":[{"href":"https:\/\/www.univ-oeb.dz\/staps\/index.php?rest_route=\/wp\/v2\/types\/page"}],"author":[{"embeddable":true,"href":"https:\/\/www.univ-oeb.dz\/staps\/index.php?rest_route=\/wp\/v2\/users\/1"}],"replies":[{"embeddable":true,"href":"https:\/\/www.univ-oeb.dz\/staps\/index.php?rest_route=%2Fwp%2Fv2%2Fcomments&post=747"}],"version-history":[{"count":5,"href":"https:\/\/www.univ-oeb.dz\/staps\/index.php?rest_route=\/wp\/v2\/pages\/747\/revisions"}],"predecessor-version":[{"id":1965,"href":"https:\/\/www.univ-oeb.dz\/staps\/index.php?rest_route=\/wp\/v2\/pages\/747\/revisions\/1965"}],"wp:attachment":[{"href":"https:\/\/www.univ-oeb.dz\/staps\/index.php?rest_route=%2Fwp%2Fv2%2Fmedia&parent=747"}],"curies":[{"name":"wp","href":"https:\/\/api.w.org\/{rel}","templated":true}]}}