{"id":7467,"date":"2023-05-20T22:00:17","date_gmt":"2023-05-20T21:00:17","guid":{"rendered":"http:\/\/www.univ-oeb.dz\/staps\/?page_id=7467"},"modified":"2023-06-12T08:57:42","modified_gmt":"2023-06-12T07:57:42","slug":"master-2","status":"publish","type":"page","link":"https:\/\/www.univ-oeb.dz\/staps\/?page_id=7467&lang=fr","title":{"rendered":"Master"},"content":{"rendered":"\n<p><strong>Offres de Formation 22-23<\/strong><\/p>\n\n\n\n<p><strong><mark style=\"background-color:rgba(0, 0, 0, 0)\" class=\"has-inline-color has-vivid-red-color\">Master<\/mark><\/strong> <\/p>\n\n\n\n<ul>\n<li><mark style=\"background-color:rgba(0, 0, 0, 0)\" class=\"has-inline-color has-black-color\">1er Ann\u00e9e<\/mark>\n<ul>\n<li><a href=\"http:\/\/www.univ-oeb.dz\/staps\/?page_id=6739&amp;lang=fr\" data-type=\"URL\" data-id=\"http:\/\/www.univ-oeb.dz\/staps\/?page_id=6739&amp;lang=fr\" target=\"_blank\" rel=\"noreferrer noopener\">Sp\u00e9cialit\u00e9, Pr\u00e9paration physique et sportive<\/a><\/li>\n\n\n\n<li><a href=\"http:\/\/www.univ-oeb.dz\/staps\/?page_id=6750&amp;lang=fr\" data-type=\"URL\" data-id=\"http:\/\/www.univ-oeb.dz\/staps\/?page_id=6750&amp;lang=fr\" target=\"_blank\" rel=\"noreferrer noopener\">Sp\u00e9cialit\u00e9, Activit\u00e9 physique et sportive scolaire<\/a><\/li>\n<\/ul>\n<\/li>\n\n\n\n<li><mark style=\"background-color:rgba(0, 0, 0, 0)\" class=\"has-inline-color has-black-color\">2eme Ann\u00e9e :<\/mark>\n<ul>\n<li><a href=\"http:\/\/www.univ-oeb.dz\/staps\/?page_id=6756&amp;lang=fr\" data-type=\"URL\" data-id=\"http:\/\/www.univ-oeb.dz\/staps\/?page_id=6756&amp;lang=fr\" target=\"_blank\" rel=\"noreferrer noopener\">Sp\u00e9cialit\u00e9, Pr\u00e9paration physique et sportive<\/a><\/li>\n\n\n\n<li><a href=\"http:\/\/www.univ-oeb.dz\/staps\/?page_id=6762&amp;lang=fr\" data-type=\"URL\" data-id=\"http:\/\/www.univ-oeb.dz\/staps\/?page_id=6762&amp;lang=fr\" target=\"_blank\" rel=\"noreferrer noopener\">Sp\u00e9cialit\u00e9, Activit\u00e9 physique et sportive scolaire<\/a><\/li>\n<\/ul>\n<\/li>\n<\/ul>\n","protected":false},"excerpt":{"rendered":"<p>Offres de Formation 22-23 Master 1er Ann\u00e9e Sp\u00e9cialit\u00e9, Pr\u00e9paration physique et sportive Sp\u00e9cialit\u00e9, Activit\u00e9 physique et sportive scolaire 2eme Ann\u00e9e : Sp\u00e9cialit\u00e9, Pr\u00e9paration physique et sportive Sp\u00e9cialit\u00e9, Activit\u00e9 physique et sportive scolaire<\/p>\n","protected":false},"author":1,"featured_media":0,"parent":0,"menu_order":0,"comment_status":"closed","ping_status":"closed","template":"","meta":{"footnotes":""},"_links":{"self":[{"href":"https:\/\/www.univ-oeb.dz\/staps\/index.php?rest_route=\/wp\/v2\/pages\/7467"}],"collection":[{"href":"https:\/\/www.univ-oeb.dz\/staps\/index.php?rest_route=\/wp\/v2\/pages"}],"about":[{"href":"https:\/\/www.univ-oeb.dz\/staps\/index.php?rest_route=\/wp\/v2\/types\/page"}],"author":[{"embeddable":true,"href":"https:\/\/www.univ-oeb.dz\/staps\/index.php?rest_route=\/wp\/v2\/users\/1"}],"replies":[{"embeddable":true,"href":"https:\/\/www.univ-oeb.dz\/staps\/index.php?rest_route=%2Fwp%2Fv2%2Fcomments&post=7467"}],"version-history":[{"count":2,"href":"https:\/\/www.univ-oeb.dz\/staps\/index.php?rest_route=\/wp\/v2\/pages\/7467\/revisions"}],"predecessor-version":[{"id":7968,"href":"https:\/\/www.univ-oeb.dz\/staps\/index.php?rest_route=\/wp\/v2\/pages\/7467\/revisions\/7968"}],"wp:attachment":[{"href":"https:\/\/www.univ-oeb.dz\/staps\/index.php?rest_route=%2Fwp%2Fv2%2Fmedia&parent=7467"}],"curies":[{"name":"wp","href":"https:\/\/api.w.org\/{rel}","templated":true}]}}