{"id":7450,"date":"2023-05-20T21:47:12","date_gmt":"2023-05-20T20:47:12","guid":{"rendered":"http:\/\/www.univ-oeb.dz\/staps\/?page_id=7450"},"modified":"2023-05-20T22:58:00","modified_gmt":"2023-05-20T21:58:00","slug":"international-2","status":"publish","type":"page","link":"https:\/\/www.univ-oeb.dz\/staps\/?page_id=7450&lang=fr","title":{"rendered":"International"},"content":{"rendered":"\n<figure class=\"wp-block-table is-style-stripes\"><table><thead><tr><th>Manifestation<\/th><th>Titre<\/th><th>DATE<\/th><th>PLUS<\/th><\/tr><tr><td>Troisi\u00e8me conf\u00e9rence internationale virtuelle<\/td><td><a rel=\"noreferrer noopener\" href=\"http:\/\/www.univ-oeb.dz\/vrlex\/2022\/4860\/\" target=\"_blank\">Contribution de la mesure et de l&#8217;\u00e9valuation au d\u00e9veloppement de la performance sportive<\/a><\/td><td>April 23\/24, 2022<\/td><td>Cliquez ici<\/td><\/tr><tr><td>La deuxi\u00e8me conf\u00e9rence internationale virtuelle<\/td><td><a rel=\"noreferrer noopener\" href=\"http:\/\/www.univ-oeb.dz\/vrlex\/2021\/3460\/\" target=\"_blank\">Contribution des sciences biom\u00e9dicales au d\u00e9veloppement de la performance sportive d&#8217;\u00e9lite<\/a><\/td><td>Mai 29-30th 2021<\/td><td>Cliquez ici<\/td><\/tr><tr><td>La premi\u00e8re conf\u00e9rence internationale virtuelle<\/td><td><a rel=\"noreferrer noopener\" href=\"http:\/\/www.univ-oeb.dz\/vrlex\/2021\/3184\/\" target=\"_blank\">Pr\u00e9paration physique et Technologie D\u2019analyse De La Performance Chez le Sportif De Haut Niveau<\/a><\/td><td>April 10-11, 2021<\/td><td>Cliquez ici<\/td><\/tr><\/thead><\/table><\/figure>\n","protected":false},"excerpt":{"rendered":"<p>ManifestationTitreDATEPLUSTroisi\u00e8me conf\u00e9rence internationale virtuelleContribution de la mesure et de l&#8217;\u00e9valuation au d\u00e9veloppement de la performance sportiveApril 23\/24, 2022Cliquez iciLa deuxi\u00e8me conf\u00e9rence internationale virtuelleContribution des sciences biom\u00e9dicales au d\u00e9veloppement de la performance sportive d&#8217;\u00e9liteMai 29-30th 2021Cliquez iciLa premi\u00e8re conf\u00e9rence internationale virtuellePr\u00e9paration physique et Technologie D\u2019analyse De La Performance Chez le Sportif De Haut NiveauApril 10-11, 2021Cliquez ici<\/p>\n","protected":false},"author":1,"featured_media":0,"parent":0,"menu_order":0,"comment_status":"closed","ping_status":"closed","template":"","meta":{"footnotes":""},"_links":{"self":[{"href":"https:\/\/www.univ-oeb.dz\/staps\/index.php?rest_route=\/wp\/v2\/pages\/7450"}],"collection":[{"href":"https:\/\/www.univ-oeb.dz\/staps\/index.php?rest_route=\/wp\/v2\/pages"}],"about":[{"href":"https:\/\/www.univ-oeb.dz\/staps\/index.php?rest_route=\/wp\/v2\/types\/page"}],"author":[{"embeddable":true,"href":"https:\/\/www.univ-oeb.dz\/staps\/index.php?rest_route=\/wp\/v2\/users\/1"}],"replies":[{"embeddable":true,"href":"https:\/\/www.univ-oeb.dz\/staps\/index.php?rest_route=%2Fwp%2Fv2%2Fcomments&post=7450"}],"version-history":[{"count":3,"href":"https:\/\/www.univ-oeb.dz\/staps\/index.php?rest_route=\/wp\/v2\/pages\/7450\/revisions"}],"predecessor-version":[{"id":7491,"href":"https:\/\/www.univ-oeb.dz\/staps\/index.php?rest_route=\/wp\/v2\/pages\/7450\/revisions\/7491"}],"wp:attachment":[{"href":"https:\/\/www.univ-oeb.dz\/staps\/index.php?rest_route=%2Fwp%2Fv2%2Fmedia&parent=7450"}],"curies":[{"name":"wp","href":"https:\/\/api.w.org\/{rel}","templated":true}]}}