{"id":7437,"date":"2023-05-20T21:18:37","date_gmt":"2023-05-20T20:18:37","guid":{"rendered":"http:\/\/www.univ-oeb.dz\/staps\/?page_id=7437"},"modified":"2023-05-20T21:18:41","modified_gmt":"2023-05-20T20:18:41","slug":"secretariat-general","status":"publish","type":"page","link":"https:\/\/www.univ-oeb.dz\/staps\/?page_id=7437&lang=fr","title":{"rendered":"Secr\u00e9tariat g\u00e9n\u00e9ral"},"content":{"rendered":"\n<p class=\"has-text-align-center has-medium-font-size\"><strong>Le S\u00e9cr\u00e9teur g\u00e9n\u00e9ral: Kanssous Chafik<\/strong><\/p>\n","protected":false},"excerpt":{"rendered":"<p>Le S\u00e9cr\u00e9teur g\u00e9n\u00e9ral: Kanssous Chafik<\/p>\n","protected":false},"author":1,"featured_media":0,"parent":0,"menu_order":0,"comment_status":"closed","ping_status":"closed","template":"","meta":{"footnotes":""},"_links":{"self":[{"href":"https:\/\/www.univ-oeb.dz\/staps\/index.php?rest_route=\/wp\/v2\/pages\/7437"}],"collection":[{"href":"https:\/\/www.univ-oeb.dz\/staps\/index.php?rest_route=\/wp\/v2\/pages"}],"about":[{"href":"https:\/\/www.univ-oeb.dz\/staps\/index.php?rest_route=\/wp\/v2\/types\/page"}],"author":[{"embeddable":true,"href":"https:\/\/www.univ-oeb.dz\/staps\/index.php?rest_route=\/wp\/v2\/users\/1"}],"replies":[{"embeddable":true,"href":"https:\/\/www.univ-oeb.dz\/staps\/index.php?rest_route=%2Fwp%2Fv2%2Fcomments&post=7437"}],"version-history":[{"count":1,"href":"https:\/\/www.univ-oeb.dz\/staps\/index.php?rest_route=\/wp\/v2\/pages\/7437\/revisions"}],"predecessor-version":[{"id":7438,"href":"https:\/\/www.univ-oeb.dz\/staps\/index.php?rest_route=\/wp\/v2\/pages\/7437\/revisions\/7438"}],"wp:attachment":[{"href":"https:\/\/www.univ-oeb.dz\/staps\/index.php?rest_route=%2Fwp%2Fv2%2Fmedia&parent=7437"}],"curies":[{"name":"wp","href":"https:\/\/api.w.org\/{rel}","templated":true}]}}