{"id":6762,"date":"2023-03-25T01:20:02","date_gmt":"2023-03-25T00:20:02","guid":{"rendered":"http:\/\/www.univ-oeb.dz\/staps\/?page_id=6762"},"modified":"2023-05-08T00:49:30","modified_gmt":"2023-05-07T23:49:30","slug":"2eme-annee-master-activite-physique-sportive-et-scolaire-2","status":"publish","type":"page","link":"https:\/\/www.univ-oeb.dz\/staps\/?page_id=6762&lang=fr","title":{"rendered":"2eme ann\u00e9e Master Activit\u00e9 Physique Sportive et Scolaire"},"content":{"rendered":"\n<p style=\"font-style:normal;font-weight:700\">Universit\u00e9 Oum El Bouaghi<br>Institut: Sciences et Techniques des Activit\u00e9s Physiques et Sportives<br>Deuxi\u00e8me ann\u00e9e Master: <\/p>\n\n\n\n<p class=\"has-text-align-center has-vivid-cyan-blue-color has-text-color\" style=\"font-style:normal;font-weight:700\"><a href=\"http:\/\/www.univ-oeb.dz\/staps\/wp-content\/uploads\/2023\/03\/2eme-annee-Master-Activite-Physique-Sportive-et-Scolaire.pdf\" data-type=\"URL\" data-id=\"http:\/\/www.univ-oeb.dz\/staps\/wp-content\/uploads\/2023\/03\/2eme-annee-Master-Activite-Physique-Sportive-et-Scolaire.pdf\" target=\"_blank\" rel=\"noreferrer noopener\">Activit\u00e9 Physique Sportive et Scolaire<\/a><\/p>\n\n\n[table id=47 \/]\n\n\n\n<div style=\"height:100px\" aria-hidden=\"true\" class=\"wp-block-spacer\"><\/div>\n","protected":false},"excerpt":{"rendered":"<p>Universit\u00e9 Oum El BouaghiInstitut: Sciences et Techniques des Activit\u00e9s Physiques et SportivesDeuxi\u00e8me ann\u00e9e Master: Activit\u00e9 Physique Sportive et Scolaire [table id=47 \/]<\/p>\n","protected":false},"author":1,"featured_media":0,"parent":0,"menu_order":0,"comment_status":"closed","ping_status":"closed","template":"","meta":{"footnotes":""},"_links":{"self":[{"href":"https:\/\/www.univ-oeb.dz\/staps\/index.php?rest_route=\/wp\/v2\/pages\/6762"}],"collection":[{"href":"https:\/\/www.univ-oeb.dz\/staps\/index.php?rest_route=\/wp\/v2\/pages"}],"about":[{"href":"https:\/\/www.univ-oeb.dz\/staps\/index.php?rest_route=\/wp\/v2\/types\/page"}],"author":[{"embeddable":true,"href":"https:\/\/www.univ-oeb.dz\/staps\/index.php?rest_route=\/wp\/v2\/users\/1"}],"replies":[{"embeddable":true,"href":"https:\/\/www.univ-oeb.dz\/staps\/index.php?rest_route=%2Fwp%2Fv2%2Fcomments&post=6762"}],"version-history":[{"count":5,"href":"https:\/\/www.univ-oeb.dz\/staps\/index.php?rest_route=\/wp\/v2\/pages\/6762\/revisions"}],"predecessor-version":[{"id":7051,"href":"https:\/\/www.univ-oeb.dz\/staps\/index.php?rest_route=\/wp\/v2\/pages\/6762\/revisions\/7051"}],"wp:attachment":[{"href":"https:\/\/www.univ-oeb.dz\/staps\/index.php?rest_route=%2Fwp%2Fv2%2Fmedia&parent=6762"}],"curies":[{"name":"wp","href":"https:\/\/api.w.org\/{rel}","templated":true}]}}