{"id":6739,"date":"2023-03-25T01:01:59","date_gmt":"2023-03-25T00:01:59","guid":{"rendered":"http:\/\/www.univ-oeb.dz\/staps\/?page_id=6739"},"modified":"2023-05-08T00:47:35","modified_gmt":"2023-05-07T23:47:35","slug":"1er-annee-master-preparation-physique-et-sportive-2","status":"publish","type":"page","link":"https:\/\/www.univ-oeb.dz\/staps\/?page_id=6739&lang=fr","title":{"rendered":"1er ann\u00e9e Master Pr\u00e9paration Physique et Sportive"},"content":{"rendered":"\n<p style=\"font-style:normal;font-weight:700\">Universit\u00e9 Oum El Bouaghi<br>Institut: Sciences et Techniques des Activit\u00e9s Physiques et Sportives<br>Premi\u00e8re ann\u00e9e Master: <\/p>\n\n\n\n<p class=\"has-text-align-center has-vivid-cyan-blue-color has-text-color\" style=\"font-style:normal;font-weight:700\"><a href=\"http:\/\/www.univ-oeb.dz\/staps\/wp-content\/uploads\/2023\/03\/1er-annee-Master-Preparation-Physique-et-Sportive.pdf\" data-type=\"URL\" data-id=\"http:\/\/www.univ-oeb.dz\/staps\/wp-content\/uploads\/2023\/03\/1er-annee-Master-Preparation-Physique-et-Sportive.pdf\" target=\"_blank\" rel=\"noreferrer noopener\">Pr\u00e9paration Physique et Sportive<\/a><\/p>\n\n\n[table id=46 \/]\n\n\n\n<div style=\"height:100px\" aria-hidden=\"true\" class=\"wp-block-spacer\"><\/div>\n","protected":false},"excerpt":{"rendered":"<p>Universit\u00e9 Oum El BouaghiInstitut: Sciences et Techniques des Activit\u00e9s Physiques et SportivesPremi\u00e8re ann\u00e9e Master: Pr\u00e9paration Physique et Sportive [table id=46 \/]<\/p>\n","protected":false},"author":1,"featured_media":0,"parent":0,"menu_order":0,"comment_status":"closed","ping_status":"closed","template":"","meta":{"footnotes":""},"_links":{"self":[{"href":"https:\/\/www.univ-oeb.dz\/staps\/index.php?rest_route=\/wp\/v2\/pages\/6739"}],"collection":[{"href":"https:\/\/www.univ-oeb.dz\/staps\/index.php?rest_route=\/wp\/v2\/pages"}],"about":[{"href":"https:\/\/www.univ-oeb.dz\/staps\/index.php?rest_route=\/wp\/v2\/types\/page"}],"author":[{"embeddable":true,"href":"https:\/\/www.univ-oeb.dz\/staps\/index.php?rest_route=\/wp\/v2\/users\/1"}],"replies":[{"embeddable":true,"href":"https:\/\/www.univ-oeb.dz\/staps\/index.php?rest_route=%2Fwp%2Fv2%2Fcomments&post=6739"}],"version-history":[{"count":4,"href":"https:\/\/www.univ-oeb.dz\/staps\/index.php?rest_route=\/wp\/v2\/pages\/6739\/revisions"}],"predecessor-version":[{"id":7045,"href":"https:\/\/www.univ-oeb.dz\/staps\/index.php?rest_route=\/wp\/v2\/pages\/6739\/revisions\/7045"}],"wp:attachment":[{"href":"https:\/\/www.univ-oeb.dz\/staps\/index.php?rest_route=%2Fwp%2Fv2%2Fmedia&parent=6739"}],"curies":[{"name":"wp","href":"https:\/\/api.w.org\/{rel}","templated":true}]}}