{"id":6705,"date":"2023-03-23T14:21:21","date_gmt":"2023-03-23T13:21:21","guid":{"rendered":"http:\/\/www.univ-oeb.dz\/staps\/?page_id=6705"},"modified":"2023-05-07T00:21:21","modified_gmt":"2023-05-06T23:21:21","slug":"2eme-annee-activite-physique-et-sportive-educatif-2","status":"publish","type":"page","link":"https:\/\/www.univ-oeb.dz\/staps\/?page_id=6705&lang=fr","title":{"rendered":"2eme ann\u00e9e Activit\u00e9 physique et sportive \u00e9ducatif"},"content":{"rendered":"\n<p><strong>Universit\u00e9 Oum El Bouaghi<\/strong><\/p>\n\n\n\n<p><strong>&nbsp;Institut: Sciences et Techniques des Activit\u00e9s Physiques et Sportives<\/strong><\/p>\n\n\n\n<p><strong>2eme ann\u00e9e Licence:<\/strong><\/p>\n\n\n\n<p class=\"has-text-align-center has-vivid-cyan-blue-color has-text-color\"><strong><a href=\"http:\/\/www.univ-oeb.dz\/staps\/wp-content\/uploads\/2023\/03\/2eme-annee-Activite-physique-et-sportive-educatif.pdf\" data-type=\"URL\" data-id=\"http:\/\/www.univ-oeb.dz\/staps\/wp-content\/uploads\/2023\/03\/2eme-annee-Activite-physique-et-sportive-educatif.pdf\" target=\"_blank\" rel=\"noreferrer noopener\">Fili\u00e8re, Activit\u00e9 physique et\u00a0 sportive \u00e9ducatif<\/a><\/strong><\/p>\n\n\n[table id=29 \/]\n\n\n\n<div style=\"height:100px\" aria-hidden=\"true\" class=\"wp-block-spacer\"><\/div>\n","protected":false},"excerpt":{"rendered":"<p>Universit\u00e9 Oum El Bouaghi &nbsp;Institut: Sciences et Techniques des Activit\u00e9s Physiques et Sportives 2eme ann\u00e9e Licence: Fili\u00e8re, Activit\u00e9 physique et\u00a0 sportive \u00e9ducatif [table id=29 \/]<\/p>\n","protected":false},"author":1,"featured_media":0,"parent":0,"menu_order":0,"comment_status":"closed","ping_status":"closed","template":"","meta":{"footnotes":""},"_links":{"self":[{"href":"https:\/\/www.univ-oeb.dz\/staps\/index.php?rest_route=\/wp\/v2\/pages\/6705"}],"collection":[{"href":"https:\/\/www.univ-oeb.dz\/staps\/index.php?rest_route=\/wp\/v2\/pages"}],"about":[{"href":"https:\/\/www.univ-oeb.dz\/staps\/index.php?rest_route=\/wp\/v2\/types\/page"}],"author":[{"embeddable":true,"href":"https:\/\/www.univ-oeb.dz\/staps\/index.php?rest_route=\/wp\/v2\/users\/1"}],"replies":[{"embeddable":true,"href":"https:\/\/www.univ-oeb.dz\/staps\/index.php?rest_route=%2Fwp%2Fv2%2Fcomments&post=6705"}],"version-history":[{"count":2,"href":"https:\/\/www.univ-oeb.dz\/staps\/index.php?rest_route=\/wp\/v2\/pages\/6705\/revisions"}],"predecessor-version":[{"id":6961,"href":"https:\/\/www.univ-oeb.dz\/staps\/index.php?rest_route=\/wp\/v2\/pages\/6705\/revisions\/6961"}],"wp:attachment":[{"href":"https:\/\/www.univ-oeb.dz\/staps\/index.php?rest_route=%2Fwp%2Fv2%2Fmedia&parent=6705"}],"curies":[{"name":"wp","href":"https:\/\/api.w.org\/{rel}","templated":true}]}}