{"id":6679,"date":"2023-03-23T12:03:04","date_gmt":"2023-03-23T11:03:04","guid":{"rendered":"http:\/\/www.univ-oeb.dz\/staps\/?page_id=6679"},"modified":"2023-05-07T00:12:37","modified_gmt":"2023-05-06T23:12:37","slug":"1er-annee-tronc-commun-22-23","status":"publish","type":"page","link":"https:\/\/www.univ-oeb.dz\/staps\/?page_id=6679&lang=fr","title":{"rendered":"1er ann\u00e9e Tronc Commun 22-23"},"content":{"rendered":"\n<p><strong>Universit\u00e9 Oum El Bouaghi<\/strong><\/p>\n\n\n\n<p><strong>&nbsp;Institut: <\/strong><strong>Sciences et Techniques des Activit\u00e9s Physiques et Sportives<\/strong><\/p>\n\n\n\n<p style=\"font-style:normal;font-weight:700\"><strong>Premi\u00e8re ann\u00e9e Licence: <\/strong><\/p>\n\n\n\n<p class=\"has-text-align-center has-vivid-cyan-blue-color has-text-color\" style=\"font-style:normal;font-weight:700\"><a href=\"http:\/\/www.univ-oeb.dz\/staps\/wp-content\/uploads\/2023\/03\/1er-annee-Tronc-Commun.pdf\" data-type=\"URL\" data-id=\"http:\/\/www.univ-oeb.dz\/staps\/wp-content\/uploads\/2023\/03\/1er-annee-Tronc-Commun.pdf\" target=\"_blank\" rel=\"noreferrer noopener\"><strong>Tronc commun<\/strong> STAPS<\/a><\/p>\n\n\n[table id=27 \/]\n\n\n\n<div style=\"height:158px\" aria-hidden=\"true\" class=\"wp-block-spacer\"><\/div>\n","protected":false},"excerpt":{"rendered":"<p>Universit\u00e9 Oum El Bouaghi &nbsp;Institut: Sciences et Techniques des Activit\u00e9s Physiques et Sportives Premi\u00e8re ann\u00e9e Licence: Tronc commun STAPS [table id=27 \/]<\/p>\n","protected":false},"author":1,"featured_media":0,"parent":0,"menu_order":0,"comment_status":"closed","ping_status":"closed","template":"","meta":{"footnotes":""},"_links":{"self":[{"href":"https:\/\/www.univ-oeb.dz\/staps\/index.php?rest_route=\/wp\/v2\/pages\/6679"}],"collection":[{"href":"https:\/\/www.univ-oeb.dz\/staps\/index.php?rest_route=\/wp\/v2\/pages"}],"about":[{"href":"https:\/\/www.univ-oeb.dz\/staps\/index.php?rest_route=\/wp\/v2\/types\/page"}],"author":[{"embeddable":true,"href":"https:\/\/www.univ-oeb.dz\/staps\/index.php?rest_route=\/wp\/v2\/users\/1"}],"replies":[{"embeddable":true,"href":"https:\/\/www.univ-oeb.dz\/staps\/index.php?rest_route=%2Fwp%2Fv2%2Fcomments&post=6679"}],"version-history":[{"count":3,"href":"https:\/\/www.univ-oeb.dz\/staps\/index.php?rest_route=\/wp\/v2\/pages\/6679\/revisions"}],"predecessor-version":[{"id":6956,"href":"https:\/\/www.univ-oeb.dz\/staps\/index.php?rest_route=\/wp\/v2\/pages\/6679\/revisions\/6956"}],"wp:attachment":[{"href":"https:\/\/www.univ-oeb.dz\/staps\/index.php?rest_route=%2Fwp%2Fv2%2Fmedia&parent=6679"}],"curies":[{"name":"wp","href":"https:\/\/api.w.org\/{rel}","templated":true}]}}