{"id":1349,"date":"2018-06-06T10:07:14","date_gmt":"2018-06-06T08:07:14","guid":{"rendered":"http:\/\/www.univ-oeb.dz\/staps\/?page_id=1349"},"modified":"2023-09-27T11:31:18","modified_gmt":"2023-09-27T10:31:18","slug":"teachers","status":"publish","type":"page","link":"https:\/\/www.univ-oeb.dz\/staps\/?page_id=1349&lang=en","title":{"rendered":"Teaching Professors"},"content":{"rendered":"\n<h1 class=\"has-text-align-center wp-block-heading\">Department professors<\/h1>\n\n\n\n<figure class=\"wp-block-table is-style-stripes\"><table><thead><tr><th class=\"has-text-align-center\" data-align=\"center\">Nom et P.nom<\/th><th class=\"has-text-align-center\" data-align=\"center\">&nbsp;Grade<\/th><th class=\"has-text-align-center\" data-align=\"center\">Date de recrutement<\/th><\/tr><\/thead><tbody><tr><td class=\"has-text-align-center\" data-align=\"center\"><a href=\"http:\/\/www.univ-oeb.dz\/staps\/?page_id=1862&amp;lang=fr&amp;customize_changeset_uuid=48ffbcc0-1f7c-4765-9c29-e00e193a1ded&amp;customize_messenger_channel=preview-0\">Bechir Houssam<\/a><\/td><td class=\"has-text-align-center\" data-align=\"center\">Professeur<\/td><td class=\"has-text-align-center\" data-align=\"center\">30-04-2013<\/td><\/tr><tr><td class=\"has-text-align-center\" data-align=\"center\"><a href=\"http:\/\/www.univ-oeb.dz\/staps\/?page_id=1909&amp;lang=fr&amp;customize_changeset_uuid=48ffbcc0-1f7c-4765-9c29-e00e193a1ded&amp;customize_messenger_channel=preview-0\">Ghennam Noureddine<\/a><\/td><td class=\"has-text-align-center\" data-align=\"center\">Professeur<\/td><td class=\"has-text-align-center\" data-align=\"center\">01-05-2013<\/td><\/tr><tr><td class=\"has-text-align-center\" data-align=\"center\"><a href=\"http:\/\/www.univ-oeb.dz\/staps\/?page_id=1913&amp;lang=fr&amp;customize_changeset_uuid=48ffbcc0-1f7c-4765-9c29-e00e193a1ded&amp;customize_messenger_channel=preview-0\">Guellati Yazid<\/a><\/td><td class=\"has-text-align-center\" data-align=\"center\">Maitre de conf\u00e9rence-A-<\/td><td class=\"has-text-align-center\" data-align=\"center\">24-01-2015<\/td><\/tr><tr><td class=\"has-text-align-center\" data-align=\"center\"><a href=\"http:\/\/www.univ-oeb.dz\/staps\/?page_id=1802&amp;lang=fr&amp;customize_changeset_uuid=48ffbcc0-1f7c-4765-9c29-e00e193a1ded&amp;customize_messenger_channel=preview-0\">Idir Hassan<\/a><\/td><td class=\"has-text-align-center\" data-align=\"center\">Maitre de conf\u00e9rence-A-<\/td><td class=\"has-text-align-center\" data-align=\"center\">08-06-2015<\/td><\/tr><tr><td class=\"has-text-align-center\" data-align=\"center\"><a href=\"http:\/\/www.univ-oeb.dz\/staps\/?page_id=1915&amp;lang=fr&amp;customize_changeset_uuid=48ffbcc0-1f7c-4765-9c29-e00e193a1ded&amp;customize_messenger_channel=preview-0\">Guemini Hafid<\/a><\/td><td class=\"has-text-align-center\" data-align=\"center\">Maitre de conf\u00e9rence-A-<\/td><td class=\"has-text-align-center\" data-align=\"center\">&nbsp;01-12-2017<\/td><\/tr><tr><td class=\"has-text-align-center\" data-align=\"center\"><a href=\"http:\/\/www.univ-oeb.dz\/staps\/?page_id=1932&amp;lang=fr&amp;customize_changeset_uuid=48ffbcc0-1f7c-4765-9c29-e00e193a1ded&amp;customize_messenger_channel=preview-0\">Nouasria Mouna<\/a><\/td><td class=\"has-text-align-center\" data-align=\"center\">Maitre de conf\u00e9rence-A-<\/td><td class=\"has-text-align-center\" data-align=\"center\">15-02-2015<\/td><\/tr><tr><td class=\"has-text-align-center\" data-align=\"center\"><a href=\"http:\/\/www.univ-oeb.dz\/staps\/?page_id=1887&amp;lang=fr&amp;customize_changeset_uuid=48ffbcc0-1f7c-4765-9c29-e00e193a1ded&amp;customize_messenger_channel=preview-0\">Derouiche Mohammed<\/a><\/td><td class=\"has-text-align-center\" data-align=\"center\">Maitre de conf\u00e9rence-A-<\/td><td class=\"has-text-align-center\" data-align=\"center\">11-12-2014<\/td><\/tr><tr><td class=\"has-text-align-center\" data-align=\"center\"><a href=\"http:\/\/www.univ-oeb.dz\/staps\/?page_id=1903&amp;lang=fr&amp;customize_changeset_uuid=48ffbcc0-1f7c-4765-9c29-e00e193a1ded&amp;customize_messenger_channel=preview-0\">Aabeche Ayoub<\/a><\/td><td class=\"has-text-align-center\" data-align=\"center\">Maitre de conf\u00e9rence-A-<\/td><td class=\"has-text-align-center\" data-align=\"center\">06-06-2015<\/td><\/tr><tr><td class=\"has-text-align-center\" data-align=\"center\"><a href=\"http:\/\/www.univ-oeb.dz\/staps\/?page_id=1905&amp;lang=fr&amp;customize_changeset_uuid=48ffbcc0-1f7c-4765-9c29-e00e193a1ded&amp;customize_messenger_channel=preview-0\">Allali Abdelghani<\/a><\/td><td class=\"has-text-align-center\" data-align=\"center\">Maitre de conf\u00e9rence-A-<\/td><td class=\"has-text-align-center\" data-align=\"center\">16-06-2015<\/td><\/tr><tr><td class=\"has-text-align-center\" data-align=\"center\"><a href=\"http:\/\/www.univ-oeb.dz\/staps\/?page_id=1942&amp;lang=fr&amp;customize_changeset_uuid=48ffbcc0-1f7c-4765-9c29-e00e193a1ded&amp;customize_messenger_channel=preview-0\">&nbsp;Ouanane Saidi<\/a><\/td><td class=\"has-text-align-center\" data-align=\"center\">Maitre de conf\u00e9rence-B-<\/td><td class=\"has-text-align-center\" data-align=\"center\">16-06-2015<\/td><\/tr><tr><td class=\"has-text-align-center\" data-align=\"center\"><a href=\"http:\/\/www.univ-oeb.dz\/staps\/?page_id=1804&amp;lang=fr&amp;customize_changeset_uuid=48ffbcc0-1f7c-4765-9c29-e00e193a1ded&amp;customize_messenger_channel=preview-0\">Latreche Zoubir<\/a><\/td><td class=\"has-text-align-center\" data-align=\"center\">Maitre de conf\u00e9rence-A-<\/td><td class=\"has-text-align-center\" data-align=\"center\">12-01-2012<\/td><\/tr><tr><td class=\"has-text-align-center\" data-align=\"center\"><a href=\"http:\/\/www.univ-oeb.dz\/staps\/?page_id=1924&amp;lang=fr&amp;customize_changeset_uuid=48ffbcc0-1f7c-4765-9c29-e00e193a1ded&amp;customize_messenger_channel=preview-0\">Merabet Messaoud<\/a><\/td><td class=\"has-text-align-center\" data-align=\"center\">Maitre de conf\u00e9rence-A-<\/td><td class=\"has-text-align-center\" data-align=\"center\">&nbsp;31-12-2012<\/td><\/tr><tr><td class=\"has-text-align-center\" data-align=\"center\"><a href=\"http:\/\/www.univ-oeb.dz\/staps\/?page_id=1936&amp;lang=fr&amp;customize_changeset_uuid=48ffbcc0-1f7c-4765-9c29-e00e193a1ded&amp;customize_messenger_channel=preview-0\">Habbir Said<\/a><\/td><td class=\"has-text-align-center\" data-align=\"center\">Maitre de conf\u00e9rence-A-<\/td><td class=\"has-text-align-center\" data-align=\"center\">18-07-2013<\/td><\/tr><tr><td class=\"has-text-align-center\" data-align=\"center\"><a href=\"http:\/\/www.univ-oeb.dz\/staps\/?page_id=1920&amp;lang=fr&amp;customize_changeset_uuid=48ffbcc0-1f7c-4765-9c29-e00e193a1ded&amp;customize_messenger_channel=preview-0\">Malek Redha<\/a><\/td><td class=\"has-text-align-center\" data-align=\"center\">Maitre de conf\u00e9rence-A-<\/td><td class=\"has-text-align-center\" data-align=\"center\">01-01-2014<\/td><\/tr><tr><td class=\"has-text-align-center\" data-align=\"center\"><a href=\"http:\/\/www.univ-oeb.dz\/staps\/?page_id=1897&amp;lang=fr&amp;customize_changeset_uuid=48ffbcc0-1f7c-4765-9c29-e00e193a1ded&amp;customize_messenger_channel=preview-0\">Cheriet Adel<\/a><\/td><td class=\"has-text-align-center\" data-align=\"center\">Maitre de conf\u00e9rence-A-<\/td><td class=\"has-text-align-center\" data-align=\"center\">28-10-2014<\/td><\/tr><tr><td class=\"has-text-align-center\" data-align=\"center\"><a href=\"http:\/\/www.univ-oeb.dz\/staps\/?page_id=1876&amp;lang=fr&amp;customize_changeset_uuid=48ffbcc0-1f7c-4765-9c29-e00e193a1ded&amp;customize_messenger_channel=preview-0\">Boudina Bilel<\/a><\/td><td class=\"has-text-align-center\" data-align=\"center\">Maitre de conf\u00e9rence-B-<\/td><td class=\"has-text-align-center\" data-align=\"center\">01-12-2015<\/td><\/tr><tr><td class=\"has-text-align-center\" data-align=\"center\"><a href=\"http:\/\/www.univ-oeb.dz\/staps\/?page_id=1866&amp;lang=fr&amp;customize_changeset_uuid=48ffbcc0-1f7c-4765-9c29-e00e193a1ded&amp;customize_messenger_channel=preview-0\">Benfadel Fouad<\/a><\/td><td class=\"has-text-align-center\" data-align=\"center\">Maitre de conf\u00e9rence-B-<\/td><td class=\"has-text-align-center\" data-align=\"center\">07-09-2014<\/td><\/tr><tr><td class=\"has-text-align-center\" data-align=\"center\"><a href=\"http:\/\/www.univ-oeb.dz\/staps\/?page_id=1800&amp;lang=fr&amp;customize_changeset_uuid=48ffbcc0-1f7c-4765-9c29-e00e193a1ded&amp;customize_messenger_channel=preview-0\">Ameziane Oussama<\/a><\/td><td class=\"has-text-align-center\" data-align=\"center\">Maitre de conf\u00e9rence-A-<\/td><td class=\"has-text-align-center\" data-align=\"center\">03-09-2015<\/td><\/tr><tr><td class=\"has-text-align-center\" data-align=\"center\"><a href=\"http:\/\/www.univ-oeb.dz\/staps\/?page_id=1907&amp;lang=fr&amp;customize_changeset_uuid=48ffbcc0-1f7c-4765-9c29-e00e193a1ded&amp;customize_messenger_channel=preview-0\">Gheribi Hichem<\/a><\/td><td class=\"has-text-align-center\" data-align=\"center\">Maitre assistant -A-<\/td><td class=\"has-text-align-center\" data-align=\"center\">&nbsp;01-12-2015<\/td><\/tr><tr><td class=\"has-text-align-center\" data-align=\"center\"><a href=\"http:\/\/www.univ-oeb.dz\/staps\/?page_id=1809&amp;lang=fr&amp;customize_changeset_uuid=48ffbcc0-1f7c-4765-9c29-e00e193a1ded&amp;customize_messenger_channel=preview-0\">Berkane Adel<\/a><\/td><td class=\"has-text-align-center\" data-align=\"center\">Maitre assistant -A-<\/td><td class=\"has-text-align-center\" data-align=\"center\">&nbsp;01-12-2015<\/td><\/tr><tr><td class=\"has-text-align-center\" data-align=\"center\"><a href=\"http:\/\/www.univ-oeb.dz\/staps\/?page_id=1836&amp;lang=fr&amp;customize_changeset_uuid=48ffbcc0-1f7c-4765-9c29-e00e193a1ded&amp;customize_messenger_channel=preview-0\">Boutabia Omar<\/a><\/td><td class=\"has-text-align-center\" data-align=\"center\">Maitre assistant -A-<\/td><td class=\"has-text-align-center\" data-align=\"center\">&nbsp;01-12-2015<\/td><\/tr><tr><td class=\"has-text-align-center\" data-align=\"center\"><a href=\"http:\/\/www.univ-oeb.dz\/staps\/?page_id=1841&amp;lang=fr&amp;customize_changeset_uuid=48ffbcc0-1f7c-4765-9c29-e00e193a1ded&amp;customize_messenger_channel=preview-0\">Sadouk Hamza<\/a><\/td><td class=\"has-text-align-center\" data-align=\"center\">Maitre assistant -A-<\/td><td class=\"has-text-align-center\" data-align=\"center\">&nbsp;01-12-2015<\/td><\/tr><tr><td class=\"has-text-align-center\" data-align=\"center\"><a href=\"http:\/\/www.univ-oeb.dz\/staps\/?page_id=1930&amp;lang=fr&amp;customize_changeset_uuid=48ffbcc0-1f7c-4765-9c29-e00e193a1ded&amp;customize_messenger_channel=preview-0\">Nouar Ahmed<\/a><\/td><td class=\"has-text-align-center\" data-align=\"center\">Maitre assistant -A-<\/td><td class=\"has-text-align-center\" data-align=\"center\">&nbsp;01-12-2015<\/td><\/tr><tr><td class=\"has-text-align-center\" data-align=\"center\"><a href=\"http:\/\/www.univ-oeb.dz\/staps\/?page_id=1938&amp;lang=fr&amp;customize_changeset_uuid=48ffbcc0-1f7c-4765-9c29-e00e193a1ded&amp;customize_messenger_channel=preview-0\">wajdi Aada<\/a><\/td><td class=\"has-text-align-center\" data-align=\"center\">Maitre assistant -A-<\/td><td class=\"has-text-align-center\" data-align=\"center\">&nbsp;01-12-2015<\/td><\/tr><tr><td class=\"has-text-align-center\" data-align=\"center\"><a href=\"http:\/\/www.univ-oeb.dz\/staps\/?page_id=1845&amp;lang=fr&amp;customize_changeset_uuid=48ffbcc0-1f7c-4765-9c29-e00e193a1ded&amp;customize_messenger_channel=preview-0\">Guermat Nouri<\/a><\/td><td class=\"has-text-align-center\" data-align=\"center\">Maitre assistant -A-<\/td><td class=\"has-text-align-center\" data-align=\"center\">&nbsp;01-12-2015<\/td><\/tr><tr><td class=\"has-text-align-center\" data-align=\"center\"><a href=\"http:\/\/www.univ-oeb.dz\/staps\/?page_id=1918&amp;lang=fr&amp;customize_changeset_uuid=48ffbcc0-1f7c-4765-9c29-e00e193a1ded&amp;customize_messenger_channel=preview-0\">Kouasseh Nadhir<\/a><\/td><td class=\"has-text-align-center\" data-align=\"center\">Maitre assistant -A-<\/td><td class=\"has-text-align-center\" data-align=\"center\">01-09-2014<\/td><\/tr><tr><td class=\"has-text-align-center\" data-align=\"center\"><a href=\"http:\/\/www.univ-oeb.dz\/staps\/?page_id=1878&amp;lang=fr&amp;customize_changeset_uuid=48ffbcc0-1f7c-4765-9c29-e00e193a1ded&amp;customize_messenger_channel=preview-0\">Ben youcef walid<\/a><\/td><td class=\"has-text-align-center\" data-align=\"center\">Maitre assistant -A-<\/td><td class=\"has-text-align-center\" data-align=\"center\">21-09-2015<\/td><\/tr><tr><td class=\"has-text-align-center\" data-align=\"center\"><a href=\"http:\/\/www.univ-oeb.dz\/staps\/?page_id=1911&amp;lang=fr&amp;customize_changeset_uuid=48ffbcc0-1f7c-4765-9c29-e00e193a1ded&amp;customize_messenger_channel=preview-0\">Fares Abdelghani<\/a><\/td><td class=\"has-text-align-center\" data-align=\"center\">Maitre assistant -A-<\/td><td class=\"has-text-align-center\" data-align=\"center\">28-10-2014<\/td><\/tr><tr><td class=\"has-text-align-center\" data-align=\"center\"><a href=\"http:\/\/www.univ-oeb.dz\/staps\/?page_id=1926&amp;lang=fr&amp;customize_changeset_uuid=48ffbcc0-1f7c-4765-9c29-e00e193a1ded&amp;customize_messenger_channel=preview-0\">Mansouri Abdellah<\/a><\/td><td class=\"has-text-align-center\" data-align=\"center\">Maitre assistant -A-<\/td><td class=\"has-text-align-center\" data-align=\"center\">01-09-2015<\/td><\/tr><tr><td class=\"has-text-align-center\" data-align=\"center\"><a href=\"http:\/\/www.univ-oeb.dz\/staps\/?page_id=1885&amp;lang=fr&amp;customize_changeset_uuid=48ffbcc0-1f7c-4765-9c29-e00e193a1ded&amp;customize_messenger_channel=preview-0\">Djebbar Abd el salem<\/a><\/td><td class=\"has-text-align-center\" data-align=\"center\">Maitre assistant -A-<\/td><td class=\"has-text-align-center\" data-align=\"center\">&nbsp;02-09-2015<\/td><\/tr><tr><td class=\"has-text-align-center\" data-align=\"center\"><a href=\"http:\/\/www.univ-oeb.dz\/staps\/?page_id=1854&amp;lang=fr&amp;customize_changeset_uuid=48ffbcc0-1f7c-4765-9c29-e00e193a1ded&amp;customhttp:\/\/www.univ-oeb.dz\/staps\/wp-content\/uploads\/2023\/05\/Short-CV-Alaeddine-Lazzouti.docxize_messenger_channel=preview-0\">Lazzouti Ala<\/a><a href=\"http:\/\/www.univ-oeb.dz\/staps\/?page_id=1854&amp;lang=fr&amp;customize_changeset_uuid=48ffbcc0-1f7c-4765-9c29-e00e193a1ded&amp;customize_messenger_channel=preview-0\">eddine<\/a><\/td><td class=\"has-text-align-center\" data-align=\"center\">Maitre assistant -A-<\/td><td class=\"has-text-align-center\" data-align=\"center\">&nbsp;04-09-2016<\/td><\/tr><tr><td class=\"has-text-align-center\" data-align=\"center\"><a href=\"http:\/\/www.univ-oeb.dz\/staps\/?page_id=1893&amp;lang=fr&amp;customize_changeset_uuid=48ffbcc0-1f7c-4765-9c29-e00e193a1ded&amp;customize_messenger_channel=preview-0\">Chadi Abderrezak<\/a><\/td><td class=\"has-text-align-center\" data-align=\"center\">Maitre assistant -B-<\/td><td class=\"has-text-align-center\" data-align=\"center\">04-09-2016<\/td><\/tr><tr><td class=\"has-text-align-center\" data-align=\"center\"><a href=\"http:\/\/www.univ-oeb.dz\/staps\/?page_id=1899&amp;lang=fr&amp;customize_changeset_uuid=48ffbcc0-1f7c-4765-9c29-e00e193a1ded&amp;customize_messenger_channel=preview-0\">Chelihi Omar<\/a><\/td><td class=\"has-text-align-center\" data-align=\"center\">Maitre assistant -B-<\/td><td class=\"has-text-align-center\" data-align=\"center\">04-09-16<\/td><\/tr><tr><td class=\"has-text-align-center\" data-align=\"center\"><a href=\"http:\/\/www.univ-oeb.dz\/staps\/?page_id=1869&amp;lang=fr&amp;customize_changeset_uuid=48ffbcc0-1f7c-4765-9c29-e00e193a1ded&amp;customize_messenger_channel=preview-0\">Bourachid Hichem<\/a><\/td><td class=\"has-text-align-center\" data-align=\"center\">Maitre assistant -B-<\/td><td class=\"has-text-align-center\" data-align=\"center\">03-09-2015<\/td><\/tr><tr><td class=\"has-text-align-center\" data-align=\"center\"><a href=\"http:\/\/www.univ-oeb.dz\/staps\/?page_id=1849&amp;lang=fr&amp;customize_changeset_uuid=48ffbcc0-1f7c-4765-9c29-e00e193a1ded&amp;customize_messenger_channel=preview-0\">Herriche Imene<\/a><\/td><td class=\"has-text-align-center\" data-align=\"center\">Maitre assistant -B-<\/td><td class=\"has-text-align-center\" data-align=\"center\">04-09-2016<\/td><\/tr><tr><td class=\"has-text-align-center\" data-align=\"center\"><a href=\"http:\/\/www.univ-oeb.dz\/staps\/?page_id=1883&amp;lang=fr&amp;customize_changeset_uuid=48ffbcc0-1f7c-4765-9c29-e00e193a1ded&amp;customize_messenger_channel=preview-0\">Bouneb Chakeur<\/a><\/td><td class=\"has-text-align-center\" data-align=\"center\">Maitre de conf\u00e9rence-B-<\/td><td class=\"has-text-align-center\" data-align=\"center\">18-10-2017<\/td><\/tr><tr><td class=\"has-text-align-center\" data-align=\"center\"><a href=\"http:\/\/www.univ-oeb.dz\/staps\/?page_id=1891&amp;lang=fr&amp;customize_changeset_uuid=48ffbcc0-1f7c-4765-9c29-e00e193a1ded&amp;customize_messenger_channel=preview-0\">Rouam Moussa<\/a><\/td><td class=\"has-text-align-center\" data-align=\"center\">Maitre de conf\u00e9rence-B-<\/td><td class=\"has-text-align-center\" data-align=\"center\">18-10-2017<\/td><\/tr><tr><td class=\"has-text-align-center\" data-align=\"center\"><a href=\"http:\/\/www.univ-oeb.dz\/staps\/?page_id=1828&amp;lang=fr&amp;customize_changeset_uuid=48ffbcc0-1f7c-4765-9c29-e00e193a1ded&amp;customize_messenger_channel=preview-0\">Laroui Ilyes<\/a><\/td><td class=\"has-text-align-center\" data-align=\"center\">Maitre assistant -B-<\/td><td class=\"has-text-align-center\" data-align=\"center\">09-10-2018<\/td><\/tr><\/tbody><\/table><\/figure>\n","protected":false},"excerpt":{"rendered":"<p>Department professors Nom et P.nom&nbsp;GradeDate de recrutementBechir HoussamProfesseur30-04-2013Ghennam NoureddineProfesseur01-05-2013Guellati YazidMaitre de conf\u00e9rence-A-24-01-2015Idir HassanMaitre de conf\u00e9rence-A-08-06-2015Guemini HafidMaitre de conf\u00e9rence-A-&nbsp;01-12-2017Nouasria MounaMaitre de conf\u00e9rence-A-15-02-2015Derouiche MohammedMaitre de conf\u00e9rence-A-11-12-2014Aabeche AyoubMaitre de conf\u00e9rence-A-06-06-2015Allali AbdelghaniMaitre de conf\u00e9rence-A-16-06-2015&nbsp;Ouanane SaidiMaitre de conf\u00e9rence-B-16-06-2015Latreche ZoubirMaitre de conf\u00e9rence-A-12-01-2012Merabet MessaoudMaitre de conf\u00e9rence-A-&nbsp;31-12-2012Habbir SaidMaitre de conf\u00e9rence-A-18-07-2013Malek RedhaMaitre de conf\u00e9rence-A-01-01-2014Cheriet AdelMaitre de conf\u00e9rence-A-28-10-2014Boudina BilelMaitre de conf\u00e9rence-B-01-12-2015Benfadel FouadMaitre de conf\u00e9rence-B-07-09-2014Ameziane OussamaMaitre de conf\u00e9rence-A-03-09-2015Gheribi HichemMaitre assistant -A-&nbsp;01-12-2015Berkane AdelMaitre assistant -A-&nbsp;01-12-2015Boutabia OmarMaitre assistant -A-&nbsp;01-12-2015Sadouk HamzaMaitre assistant -A-&nbsp;01-12-2015Nouar AhmedMaitre assistant -A-&nbsp;01-12-2015wajdi AadaMaitre assistant -A-&nbsp;01-12-2015Guermat NouriMaitre assistant -A-&nbsp;01-12-2015Kouasseh NadhirMaitre assistant -A-01-09-2014Ben youcef walidMaitre assistant -A-21-09-2015Fares AbdelghaniMaitre assistant -A-28-10-2014Mansouri AbdellahMaitre assistant -A-01-09-2015Djebbar Abd el salemMaitre assistant -A-&nbsp;02-09-2015Lazzouti AlaeddineMaitre assistant -A-&nbsp;04-09-2016Chadi AbderrezakMaitre assistant -B-04-09-2016Chelihi OmarMaitre assistant -B-04-09-16Bourachid HichemMaitre assistant -B-03-09-2015Herriche ImeneMaitre assistant -B-04-09-2016Bouneb ChakeurMaitre de conf\u00e9rence-B-18-10-2017Rouam MoussaMaitre de conf\u00e9rence-B-18-10-2017Laroui IlyesMaitre assistant -B-09-10-2018<\/p>\n","protected":false},"author":1,"featured_media":0,"parent":0,"menu_order":0,"comment_status":"closed","ping_status":"closed","template":"","meta":{"footnotes":""},"_links":{"self":[{"href":"https:\/\/www.univ-oeb.dz\/staps\/index.php?rest_route=\/wp\/v2\/pages\/1349"}],"collection":[{"href":"https:\/\/www.univ-oeb.dz\/staps\/index.php?rest_route=\/wp\/v2\/pages"}],"about":[{"href":"https:\/\/www.univ-oeb.dz\/staps\/index.php?rest_route=\/wp\/v2\/types\/page"}],"author":[{"embeddable":true,"href":"https:\/\/www.univ-oeb.dz\/staps\/index.php?rest_route=\/wp\/v2\/users\/1"}],"replies":[{"embeddable":true,"href":"https:\/\/www.univ-oeb.dz\/staps\/index.php?rest_route=%2Fwp%2Fv2%2Fcomments&post=1349"}],"version-history":[{"count":4,"href":"https:\/\/www.univ-oeb.dz\/staps\/index.php?rest_route=\/wp\/v2\/pages\/1349\/revisions"}],"predecessor-version":[{"id":8322,"href":"https:\/\/www.univ-oeb.dz\/staps\/index.php?rest_route=\/wp\/v2\/pages\/1349\/revisions\/8322"}],"wp:attachment":[{"href":"https:\/\/www.univ-oeb.dz\/staps\/index.php?rest_route=%2Fwp%2Fv2%2Fmedia&parent=1349"}],"curies":[{"name":"wp","href":"https:\/\/api.w.org\/{rel}","templated":true}]}}