{"id":1063,"date":"2018-06-06T10:07:14","date_gmt":"2018-06-06T08:07:14","guid":{"rendered":"http:\/\/www.univ-oeb.dz\/staps\/?page_id=1063"},"modified":"2019-02-25T10:27:15","modified_gmt":"2019-02-25T09:27:15","slug":"enseignants","status":"publish","type":"page","link":"https:\/\/www.univ-oeb.dz\/staps\/?page_id=1063&lang=fr","title":{"rendered":"Enseignants"},"content":{"rendered":"<p>&nbsp;<\/p>\n<p>&nbsp;<\/p>\n<table dir=\"ltr\" style=\"width: 100%;\" align=\"center\">\n<tbody>\n<tr>\n<td class=\"auto-style1\" style=\"text-align: center;\">\n<h2><span style=\"color: #0000ff;\">&nbsp;Nom et P.nom<\/span><\/h2>\n<\/td>\n<td class=\"auto-style1\" style=\"text-align: center;\">\n<h2><span style=\"color: #0000ff;\">&nbsp;Grade<\/span><\/h2>\n<\/td>\n<td class=\"auto-style1\" style=\"text-align: center;\">\n<h2><span style=\"color: #0000ff;\">Date de recrutement<\/span><\/h2>\n<\/td>\n<\/tr>\n<tr>\n<td style=\"text-align: center;\"><a href=\"http:\/\/www.univ-oeb.dz\/staps\/?page_id=1862&amp;lang=fr\">Bechir Houssam<\/a><\/td>\n<td style=\"text-align: center;\">Professeur<\/td>\n<td style=\"text-align: center;\">30-04-2013<\/td>\n<\/tr>\n<tr>\n<td style=\"text-align: center;\"><a href=\"http:\/\/www.univ-oeb.dz\/staps\/?page_id=1909&amp;lang=fr\">Ghennam Noureddine<\/a><\/td>\n<td style=\"text-align: center;\">Professeur<\/td>\n<td style=\"text-align: center;\">01-05-2013<\/td>\n<\/tr>\n<tr>\n<td style=\"text-align: center;\"><a href=\"http:\/\/www.univ-oeb.dz\/staps\/?page_id=1913&amp;lang=fr\">Guellati Yazid<\/a><\/td>\n<td style=\"text-align: center;\">Maitre de conf\u00e9rence-A-<\/td>\n<td style=\"text-align: center;\">24-01-2015<\/td>\n<\/tr>\n<tr>\n<td style=\"text-align: center;\"><a href=\"http:\/\/www.univ-oeb.dz\/staps\/?page_id=1802&amp;lang=fr\">Idir Hassan<\/a><\/td>\n<td style=\"text-align: center;\">Maitre de conf\u00e9rence-A-<\/td>\n<td style=\"text-align: center;\">08-06-2015<\/td>\n<\/tr>\n<tr>\n<td style=\"text-align: center;\"><a href=\"http:\/\/www.univ-oeb.dz\/staps\/?page_id=1915&amp;lang=fr\">Guemini Hafid<\/a><\/td>\n<td style=\"text-align: center;\">Maitre de conf\u00e9rence-A-<\/td>\n<td style=\"text-align: center;\">&nbsp;01-12-2017<\/td>\n<\/tr>\n<tr>\n<td style=\"text-align: center;\"><a href=\"http:\/\/www.univ-oeb.dz\/staps\/?page_id=1932&amp;lang=fr\">Nouasria Mouna<\/a><\/td>\n<td style=\"text-align: center;\">Maitre de conf\u00e9rence-A-<\/td>\n<td style=\"text-align: center;\">15-02-2015<\/td>\n<\/tr>\n<tr>\n<td style=\"text-align: center;\"><a href=\"http:\/\/www.univ-oeb.dz\/staps\/?page_id=1887&amp;lang=fr\">Derouiche Mohammed<\/a><\/td>\n<td style=\"text-align: center;\">Maitre de conf\u00e9rence-A-<\/td>\n<td style=\"text-align: center;\">11-12-2014<\/td>\n<\/tr>\n<tr>\n<td style=\"text-align: center;\"><a href=\"http:\/\/www.univ-oeb.dz\/staps\/?page_id=1903&amp;lang=fr\">Aabeche Ayoub<\/a><\/td>\n<td style=\"text-align: center;\">Maitre de conf\u00e9rence-A-<\/td>\n<td style=\"text-align: center;\">06-06-2015<\/td>\n<\/tr>\n<tr>\n<td style=\"text-align: center;\"><a href=\"http:\/\/www.univ-oeb.dz\/staps\/?page_id=1905&amp;lang=fr\">Allali Abdelghani<\/a><\/td>\n<td style=\"text-align: center;\">Maitre de conf\u00e9rence-A-<\/td>\n<td style=\"text-align: center;\">16-06-2015<\/td>\n<\/tr>\n<tr>\n<td style=\"text-align: center;\"><a href=\"http:\/\/www.univ-oeb.dz\/staps\/?page_id=1942&amp;lang=fr\">&nbsp;Ouanane Saidi<\/a><\/td>\n<td style=\"text-align: center;\">Maitre de conf\u00e9rence-B-<\/td>\n<td style=\"text-align: center;\">16-06-2015<\/td>\n<\/tr>\n<tr>\n<td style=\"text-align: center;\"><a href=\"http:\/\/www.univ-oeb.dz\/staps\/?page_id=1804&amp;lang=fr\">Latreche Zoubir<\/a><\/td>\n<td style=\"text-align: center;\">Maitre de conf\u00e9rence-A-<\/td>\n<td style=\"text-align: center;\">12-01-2012<\/td>\n<\/tr>\n<tr>\n<td style=\"text-align: center;\"><a href=\"http:\/\/www.univ-oeb.dz\/staps\/?page_id=1924&amp;lang=fr\">Merabet Messaoud<\/a><\/td>\n<td style=\"text-align: center;\">Maitre de conf\u00e9rence-A-<\/td>\n<td style=\"text-align: center;\">&nbsp;31-12-2012<\/td>\n<\/tr>\n<tr>\n<td style=\"text-align: center;\"><a href=\"http:\/\/www.univ-oeb.dz\/staps\/?page_id=1936&amp;lang=fr\">Habbir Said<\/a><\/td>\n<td style=\"text-align: center;\">Maitre de conf\u00e9rence-A-<\/td>\n<td style=\"text-align: center;\">18-07-2013<\/td>\n<\/tr>\n<tr>\n<td style=\"text-align: center;\"><a href=\"http:\/\/www.univ-oeb.dz\/staps\/?page_id=1920&amp;lang=fr\">Malek Redha<\/a><\/td>\n<td style=\"text-align: center;\">Maitre de conf\u00e9rence-A-<\/td>\n<td style=\"text-align: center;\">01-01-2014<\/td>\n<\/tr>\n<tr>\n<td style=\"text-align: center;\"><a href=\"http:\/\/www.univ-oeb.dz\/staps\/?page_id=1897&amp;lang=fr\">Cheriet Adel<\/a><\/td>\n<td style=\"text-align: center;\">Maitre de conf\u00e9rence-A-<\/td>\n<td style=\"text-align: center;\">28-10-2014<\/td>\n<\/tr>\n<tr>\n<td style=\"text-align: center;\"><a href=\"http:\/\/www.univ-oeb.dz\/staps\/?page_id=1876&amp;lang=fr\">Boudina Bilel<\/a><\/td>\n<td style=\"text-align: center;\">Maitre de conf\u00e9rence-B-<\/td>\n<td style=\"text-align: center;\">01-12-2015<\/td>\n<\/tr>\n<tr>\n<td style=\"text-align: center;\"><a href=\"http:\/\/www.univ-oeb.dz\/staps\/?page_id=1866&amp;lang=fr\">Benfadel Fouad<\/a><\/td>\n<td style=\"text-align: center;\">Maitre de conf\u00e9rence-B-<\/td>\n<td style=\"text-align: center;\">07-09-2014<\/td>\n<\/tr>\n<tr>\n<td style=\"text-align: center;\"><a href=\"http:\/\/www.univ-oeb.dz\/staps\/?page_id=1800&amp;lang=fr\">Ameziane Oussama<\/a><\/td>\n<td style=\"text-align: center;\">Maitre de conf\u00e9rence-A-<\/td>\n<td style=\"text-align: center;\">03-09-2015<\/td>\n<\/tr>\n<tr>\n<td style=\"text-align: center;\"><a href=\"http:\/\/www.univ-oeb.dz\/staps\/?page_id=1907&amp;lang=fr\">Gheribi Hichem<\/a><\/td>\n<td style=\"text-align: center;\">Maitre assistant -A-<\/td>\n<td style=\"text-align: center;\">&nbsp;01-12-2015<\/td>\n<\/tr>\n<tr>\n<td style=\"text-align: center;\"><a href=\"http:\/\/www.univ-oeb.dz\/staps\/?page_id=1809&amp;lang=fr\">Berkane Adel<\/a><\/td>\n<td style=\"text-align: center;\">Maitre assistant -A-<\/td>\n<td style=\"text-align: center;\">&nbsp;01-12-2015<\/td>\n<\/tr>\n<tr>\n<td style=\"text-align: center;\"><a href=\"http:\/\/www.univ-oeb.dz\/staps\/?page_id=1836&amp;lang=fr\">Boutabia Omar<\/a><\/td>\n<td style=\"text-align: center;\">Maitre assistant -A-<\/td>\n<td style=\"text-align: center;\">&nbsp;01-12-2015<\/td>\n<\/tr>\n<tr>\n<td style=\"text-align: center;\"><a href=\"http:\/\/www.univ-oeb.dz\/staps\/?page_id=1841&amp;lang=fr\">Sadouk Hamza<\/a><\/td>\n<td style=\"text-align: center;\">Maitre assistant -A-<\/td>\n<td style=\"text-align: center;\">&nbsp;01-12-2015<\/td>\n<\/tr>\n<tr>\n<td style=\"text-align: center;\"><a href=\"http:\/\/www.univ-oeb.dz\/staps\/?page_id=1930&amp;lang=fr\">Nouar Ahmed<\/a><\/td>\n<td style=\"text-align: center;\">Maitre assistant -A-<\/td>\n<td style=\"text-align: center;\">&nbsp;01-12-2015<\/td>\n<\/tr>\n<tr>\n<td style=\"text-align: center;\"><a href=\"http:\/\/www.univ-oeb.dz\/staps\/?page_id=1938&amp;lang=fr\">wajdi Aada<\/a><\/td>\n<td style=\"text-align: center;\">Maitre assistant -A-<\/td>\n<td style=\"text-align: center;\">&nbsp;01-12-2015<\/td>\n<\/tr>\n<tr>\n<td style=\"text-align: center;\"><a href=\"http:\/\/www.univ-oeb.dz\/staps\/?page_id=1845&amp;lang=fr\">Guermat Nouri<\/a><\/td>\n<td style=\"text-align: center;\">Maitre assistant -A-<\/td>\n<td style=\"text-align: center;\">&nbsp;01-12-2015<\/td>\n<\/tr>\n<tr>\n<td style=\"text-align: center;\"><a href=\"http:\/\/www.univ-oeb.dz\/staps\/?page_id=1918&amp;lang=fr\">Kouasseh Nadhir<\/a><\/td>\n<td style=\"text-align: center;\">Maitre assistant -A-<\/td>\n<td style=\"text-align: center;\">01-09-2014<\/td>\n<\/tr>\n<tr>\n<td style=\"text-align: center;\"><a href=\"http:\/\/www.univ-oeb.dz\/staps\/?page_id=1878&amp;lang=fr\">Ben youcef walid<\/a><\/td>\n<td style=\"text-align: center;\">Maitre assistant -A-<\/td>\n<td style=\"text-align: center;\">21-09-2015<\/td>\n<\/tr>\n<tr>\n<td style=\"text-align: center;\"><a href=\"http:\/\/www.univ-oeb.dz\/staps\/?page_id=1911&amp;lang=fr\">Fares Abdelghani<\/a><\/td>\n<td style=\"text-align: center;\">Maitre assistant -A-<\/td>\n<td style=\"text-align: center;\">28-10-2014<\/td>\n<\/tr>\n<tr>\n<td style=\"text-align: center;\"><a href=\"http:\/\/www.univ-oeb.dz\/staps\/?page_id=1926&amp;lang=fr\">Mansouri Abdellah<\/a><\/td>\n<td style=\"text-align: center;\">Maitre assistant -A-<\/td>\n<td style=\"text-align: center;\">01-09-2015<\/td>\n<\/tr>\n<tr>\n<td style=\"text-align: center;\"><a href=\"http:\/\/www.univ-oeb.dz\/staps\/?page_id=1885&amp;lang=fr\">Djebbar Abd el salem<\/a><\/td>\n<td style=\"text-align: center;\">Maitre assistant -A-<\/td>\n<td style=\"text-align: center;\">&nbsp;02-09-2015<\/td>\n<\/tr>\n<tr>\n<td style=\"text-align: center;\"><a href=\"http:\/\/www.univ-oeb.dz\/staps\/?page_id=1854&amp;lang=fr\">Lazzouti Alaeddine<\/a><\/td>\n<td style=\"text-align: center;\">Maitre assistant -A-<\/td>\n<td style=\"text-align: center;\">&nbsp;04-09-2016<\/td>\n<\/tr>\n<tr>\n<td style=\"text-align: center;\"><a href=\"http:\/\/www.univ-oeb.dz\/staps\/?page_id=1893&amp;lang=fr\">Chadi Abderrezak<\/a><\/td>\n<td style=\"text-align: center;\">Maitre assistant -B-<\/td>\n<td style=\"text-align: center;\">04-09-2016<\/td>\n<\/tr>\n<tr>\n<td style=\"text-align: center;\"><a href=\"http:\/\/www.univ-oeb.dz\/staps\/?page_id=1899&amp;lang=fr\">Chelihi Omar<\/a><\/td>\n<td style=\"text-align: center;\">Maitre assistant -B-<\/td>\n<td style=\"text-align: center;\">04-09-16<\/td>\n<\/tr>\n<tr>\n<td style=\"text-align: center;\"><a href=\"http:\/\/www.univ-oeb.dz\/staps\/?page_id=1869&amp;lang=fr\">Bourachid Hichem<\/a><\/td>\n<td style=\"text-align: center;\">Maitre assistant -B-<\/td>\n<td style=\"text-align: center;\">03-09-2015<\/td>\n<\/tr>\n<tr>\n<td style=\"text-align: center;\"><a href=\"http:\/\/www.univ-oeb.dz\/staps\/?page_id=1849&amp;lang=fr\">Herriche Imene<\/a><\/td>\n<td style=\"text-align: center;\">Maitre assistant -B-<\/td>\n<td style=\"text-align: center;\">04-09-2016<\/td>\n<\/tr>\n<tr>\n<td style=\"text-align: center;\"><a href=\"http:\/\/www.univ-oeb.dz\/staps\/?page_id=1883&amp;lang=fr\">Bouneb Chakeur<\/a><\/td>\n<td style=\"text-align: center;\">Maitre de conf\u00e9rence-B-<\/td>\n<td style=\"text-align: center;\">18-10-2017<\/td>\n<\/tr>\n<tr>\n<td style=\"text-align: center;\"><a href=\"http:\/\/www.univ-oeb.dz\/staps\/?page_id=1891&amp;lang=fr\">Rouam Moussa<\/a><\/td>\n<td style=\"text-align: center;\">Maitre de conf\u00e9rence-B-<\/td>\n<td style=\"text-align: center;\">18-10-2017<\/td>\n<\/tr>\n<tr>\n<td style=\"text-align: center;\"><a href=\"http:\/\/www.univ-oeb.dz\/staps\/?page_id=1828&amp;lang=fr\">Laroui Ilyes<\/a><\/td>\n<td style=\"text-align: center;\">Maitre assistant -B-<\/td>\n<td style=\"text-align: center;\">09-10-2018<\/td>\n<\/tr>\n<\/tbody>\n<\/table>\n","protected":false},"excerpt":{"rendered":"<p>&nbsp; &nbsp; &nbsp;Nom et P.nom &nbsp;Grade Date de recrutement Bechir Houssam Professeur 30-04-2013 Ghennam Noureddine Professeur 01-05-2013 Guellati Yazid Maitre de conf\u00e9rence-A- 24-01-2015 Idir Hassan Maitre de conf\u00e9rence-A- 08-06-2015 Guemini Hafid Maitre de conf\u00e9rence-A- &nbsp;01-12-2017 Nouasria Mouna Maitre de conf\u00e9rence-A- 15-02-2015 Derouiche Mohammed Maitre de conf\u00e9rence-A- 11-12-2014 Aabeche Ayoub Maitre de conf\u00e9rence-A- 06-06-2015 Allali Abdelghani Maitre de conf\u00e9rence-A- 16-06-2015 &nbsp;Ouanane Saidi Maitre de conf\u00e9rence-B- 16-06-2015 Latreche Zoubir Maitre de conf\u00e9rence-A- 12-01-2012 Merabet Messaoud Maitre de conf\u00e9rence-A- &nbsp;31-12-2012 Habbir Said Maitre de conf\u00e9rence-A- 18-07-2013 Malek Redha Maitre de conf\u00e9rence-A- 01-01-2014 Cheriet Adel Maitre de conf\u00e9rence-A- 28-10-2014 Boudina Bilel Maitre de conf\u00e9rence-B- 01-12-2015 Benfadel Fouad Maitre de conf\u00e9rence-B- 07-09-2014 Ameziane Oussama Maitre de conf\u00e9rence-A- 03-09-2015 Gheribi Hichem Maitre assistant -A- &nbsp;01-12-2015 Berkane Adel Maitre assistant -A- &nbsp;01-12-2015 Boutabia Omar Maitre assistant -A- &nbsp;01-12-2015 Sadouk Hamza Maitre assistant -A- &nbsp;01-12-2015 Nouar Ahmed Maitre assistant -A- &nbsp;01-12-2015 wajdi Aada Maitre assistant -A- &nbsp;01-12-2015 Guermat Nouri Maitre assistant -A- &nbsp;01-12-2015 Kouasseh Nadhir Maitre assistant -A- 01-09-2014 Ben youcef walid Maitre assistant -A- 21-09-2015 Fares Abdelghani Maitre assistant -A- 28-10-2014 Mansouri Abdellah Maitre assistant -A- 01-09-2015 Djebbar Abd el salem Maitre assistant -A- &nbsp;02-09-2015 Lazzouti Alaeddine Maitre assistant -A- &nbsp;04-09-2016 Chadi Abderrezak Maitre assistant -B- 04-09-2016 Chelihi Omar Maitre assistant -B- 04-09-16 Bourachid Hichem Maitre assistant -B- 03-09-2015 Herriche Imene Maitre assistant -B- 04-09-2016 Bouneb Chakeur Maitre de conf\u00e9rence-B- 18-10-2017 Rouam Moussa Maitre de conf\u00e9rence-B- 18-10-2017 Laroui Ilyes Maitre assistant -B- 09-10-2018<\/p>\n","protected":false},"author":1,"featured_media":0,"parent":0,"menu_order":0,"comment_status":"closed","ping_status":"closed","template":"","meta":{"footnotes":""},"_links":{"self":[{"href":"https:\/\/www.univ-oeb.dz\/staps\/index.php?rest_route=\/wp\/v2\/pages\/1063"}],"collection":[{"href":"https:\/\/www.univ-oeb.dz\/staps\/index.php?rest_route=\/wp\/v2\/pages"}],"about":[{"href":"https:\/\/www.univ-oeb.dz\/staps\/index.php?rest_route=\/wp\/v2\/types\/page"}],"author":[{"embeddable":true,"href":"https:\/\/www.univ-oeb.dz\/staps\/index.php?rest_route=\/wp\/v2\/users\/1"}],"replies":[{"embeddable":true,"href":"https:\/\/www.univ-oeb.dz\/staps\/index.php?rest_route=%2Fwp%2Fv2%2Fcomments&post=1063"}],"version-history":[{"count":10,"href":"https:\/\/www.univ-oeb.dz\/staps\/index.php?rest_route=\/wp\/v2\/pages\/1063\/revisions"}],"predecessor-version":[{"id":2988,"href":"https:\/\/www.univ-oeb.dz\/staps\/index.php?rest_route=\/wp\/v2\/pages\/1063\/revisions\/2988"}],"wp:attachment":[{"href":"https:\/\/www.univ-oeb.dz\/staps\/index.php?rest_route=%2Fwp%2Fv2%2Fmedia&parent=1063"}],"curies":[{"name":"wp","href":"https:\/\/api.w.org\/{rel}","templated":true}]}}