{"id":50,"date":"2018-04-12T06:19:49","date_gmt":"2018-04-12T03:19:49","guid":{"rendered":"https:\/\/www.univ-oeb.dz\/ledefi\/?page_id=50"},"modified":"2020-07-11T01:59:18","modified_gmt":"2020-07-11T00:59:18","slug":"%d8%a7%d9%84%d8%b9%d8%af%d8%af-11","status":"publish","type":"page","link":"https:\/\/www.univ-oeb.dz\/ledefi\/?page_id=50","title":{"rendered":"\u0627\u0644\u0639\u062f\u062f 11"},"content":{"rendered":"<p>&nbsp;<\/p>\n<table>\n<tbody>\n<tr>\n<td style=\"text-align: center;\" colspan=\"3\"><strong>\u0627\u0644\u0645\u0642\u0627\u0644\u0627\u062a \u0628\u0627\u0644\u0644\u063a\u0629 \u0627\u0644\u0639\u0631\u0628\u064a\u0629<\/strong><\/td>\n<\/tr>\n<tr>\n<td width=\"147\">\u0623.\u062f.\u0628\u0648\u0637\u0628\u0629 \u0645\u0631\u0627\u062f<\/p>\n<p>\u0623.\u0648\u0644\u0647\u064a \u062c\u0644\u0627\u0644<\/td>\n<td width=\"420\"><strong>\u062f\u0631\u0627\u0633\u0629 \u0627\u0644\u0639\u0644\u0627\u0642\u0629 \u0628\u064a\u0646 \u0628\u0639\u0636 \u0627\u0644\u0639\u0648\u0627\u0645\u0644 \u0627\u0644\u0645\u0648\u0631\u0641\u0648\u0644\u0648\u062c\u064a\u0629 \u0648\u0627\u0644\u0642\u0648\u0629 \u0627\u0644\u0645\u0645\u064a\u0632\u0629 \u0628\u0627\u0644\u0633\u0631\u0639\u0629 \u0628\u0627\u0633\u062a\u062e\u062f\u0627\u0645 \u0627\u0644\u062a\u062f\u0631\u064a\u0628 \u0627\u0644\u0628\u0644\u064a\u0648\u0645\u062a\u0631\u064a \u0644\u062f\u0649 \u0644\u0627\u0639\u0628\u064a \u0643\u0631\u0629 \u0627\u0644\u0642\u062f\u0645 \u0635\u0646\u0641 \u0623\u0648\u0627\u0633\u0637 17<\/strong><strong>\/<\/strong><strong>19 \u0633\u0646\u0629<\/strong><\/td>\n<td dir=\"ltr\">\u00a0<a href=\"https:\/\/www.univ-oeb.dz\/ledefi\/wp-content\/uploads\/2020\/07\/d\u00e9fi11AR1-1.pdf\"><img loading=\"lazy\" class=\"size-full wp-image-67 aligncenter\" src=\"https:\/\/www.univ-oeb.dz\/ledefi\/wp-content\/uploads\/2018\/04\/FF.png\" alt=\"\" width=\"50\" height=\"50\" \/><\/a><\/td>\n<\/tr>\n<tr>\n<td width=\"147\">\u062f.\u062e\u0648\u062c\u0629 \u0639\u0627\u062f\u0644<\/p>\n<p>\u0623.\u0647\u062f\u0627\u0644 \u064a\u0627\u0633\u064a\u0646<\/td>\n<td width=\"420\"><strong>\u0627\u0644\u0645\u0633\u062a\u0648\u0649 \u0627\u0644\u0645\u0639\u0631\u0641\u064a \u0627\u0644\u0631\u064a\u0627\u0636\u064a \u0644\u062f\u0649 \u0627\u0644\u0645\u0639\u0627\u0642\u064a\u0646 \u062d\u0631\u0643\u064a\u0627 \u0627\u0644\u0645\u0645\u0627\u0631\u0633\u064a\u0646 \u0644\u0644\u0646\u0634\u0627\u0637 \u0627\u0644\u0628\u062f\u0646\u064a \u0648\u0627\u0644\u0631\u064a\u0627\u0636\u064a \u0627\u0644\u062a\u0646\u0627\u0641\u0633\u064a<\/strong><\/td>\n<td>\u00a0<a href=\"https:\/\/www.univ-oeb.dz\/ledefi\/wp-content\/uploads\/2020\/07\/d\u00e9fi11AR2-1.pdf\"><img loading=\"lazy\" class=\"size-full wp-image-67 aligncenter\" src=\"https:\/\/www.univ-oeb.dz\/ledefi\/wp-content\/uploads\/2018\/04\/FF.png\" alt=\"\" width=\"50\" height=\"50\" \/><\/a><\/td>\n<\/tr>\n<tr>\n<td width=\"147\">\u062f.\u0645\u0639\u062f \u0633\u0644\u0645\u0627\u0646 \u0625\u0628\u0631\u0627\u0647\u064a\u0645<\/td>\n<td width=\"420\"><strong>\u062a\u0623\u062b\u064a\u0631 \u0627\u0644\u062a\u0645\u0627\u0631\u064a\u0646 \u0627\u0644\u0628\u062f\u0646\u064a\u0629 \u0627\u0644\u0647\u0648\u0627\u0626\u064a\u0629 \u0639\u0644\u0649 \u0627\u0644\u0643\u0641\u0627\u0621\u0629 \u0627\u0644\u0648\u0638\u064a\u0641\u064a\u0629 \u0648\u0625\u0646\u0642\u0627\u0635 \u0627\u0644\u0648\u0632\u0646 \u0644\u0644\u0645\u0635\u0627\u0631\u0639\u064a\u0646 \u0644\u0623\u0639\u0645\u0627\u0631 (18-20) \u0633\u0646\u0629<\/strong><\/td>\n<td>\u00a0<a href=\"https:\/\/www.univ-oeb.dz\/ledefi\/wp-content\/uploads\/2020\/07\/d\u00e9fi11AR3-1.pdf\"><img loading=\"lazy\" class=\"size-full wp-image-67 aligncenter\" src=\"https:\/\/www.univ-oeb.dz\/ledefi\/wp-content\/uploads\/2018\/04\/FF.png\" alt=\"\" width=\"50\" height=\"50\" \/><\/a><\/td>\n<\/tr>\n<tr>\n<td width=\"147\">\u0623.\u0645.\u062f. \u0643\u0648\u0631\u0627\u0646 \u0645\u0639\u0631\u0648\u0641 \u0642\u0627\u062f\u0631<\/p>\n<p>\u0623.\u0645.\u062f \u0633\u0639\u064a\u062f \u0635\u0627\u0644\u062d \u062d\u0645\u062f\u0627\u0645\u064a\u0646<\/p>\n<p>\u0645.\u0645 \u0635\u0627\u0628\u0631 \u0645\u062d\u0645\u062f \u062e\u0627\u0644\u062f<\/td>\n<td width=\"420\"><strong>\u062f\u0631\u0627\u0633\u0629 \u062a\u062d\u0644\u064a\u0644\u064a\u0629 \u0644\u0623\u0647\u0645 \u0627\u0644\u0625\u0635\u0627\u0628\u0627\u062a \u0627\u0644\u0631\u064a\u0627\u0636\u064a\u0629 \u0627\u0644\u0634\u0627\u0626\u0639\u0629 \u0641\u064a \u0643\u0631\u0629 \u0627\u0644\u0642\u062f\u0645 \u0644\u062f\u0649 \u0644\u0627\u0639\u0628\u064a \u0627\u0644\u0645\u0634\u0627\u0631\u0643 \u0641\u064a \u0627\u0644\u062f\u0648\u0631\u064a \u0643\u0648\u0631\u062f\u0633\u062a\u0627\u0646 2015-2016<\/strong><\/td>\n<td>\u00a0<a href=\"https:\/\/www.univ-oeb.dz\/ledefi\/wp-content\/uploads\/2020\/07\/d\u00e9fi11AR4-1.pdf\"><img loading=\"lazy\" class=\"size-full wp-image-67 aligncenter\" src=\"https:\/\/www.univ-oeb.dz\/ledefi\/wp-content\/uploads\/2018\/04\/FF.png\" alt=\"\" width=\"50\" height=\"50\" \/><\/a><\/td>\n<\/tr>\n<tr>\n<td width=\"147\">\u0623.\u0645.\u062f \u0632\u064a\u0646\u0628 \u062d\u0633\u0646 \u0641\u0644\u064a\u062d<\/p>\n<p>\u0645.\u062f \u0633\u0639\u062f\u0648\u0646 \u0646\u0627\u0635\u0631<\/td>\n<td width=\"420\"><strong>\u0641\u0627\u0639\u0644\u064a\u0629 \u0645\u0646\u0647\u062c \u062a\u062f\u0631\u064a\u0628\u064a \u0645\u0642\u062a\u0631\u062d \u0628\u0627\u0644\u0627\u0639\u062a\u0645\u0627\u062f \u0639\u0644\u0649 \u0627\u0644\u0646\u0638\u0627\u0645 \u0627\u0644\u0647\u0648\u0627\u0626\u064a (\u0627\u0644\u0623\u0648\u0643\u0633\u064a\u062c\u064a\u0646\u064a) \u0644\u062a\u0637\u0648\u064a\u0631 \u0627\u0644\u0645\u0637\u0627\u0648\u0644\u0629 \u0627\u0644\u062e\u0627\u0635\u0629 \u0648\u0627\u0644\u0627\u0646\u062c\u0627\u0632 \u0644\u0641\u0627\u0639\u0644\u064a\u0629 1500\u0645 \u062d\u0631\u0629<\/strong><\/td>\n<td><a href=\"https:\/\/www.univ-oeb.dz\/ledefi\/wp-content\/uploads\/2020\/07\/d\u00e9fi11AR5-1.pdf\"><img loading=\"lazy\" class=\"size-full wp-image-67 aligncenter\" src=\"https:\/\/www.univ-oeb.dz\/ledefi\/wp-content\/uploads\/2018\/04\/FF.png\" alt=\"\" width=\"50\" height=\"50\" \/><\/a><\/td>\n<\/tr>\n<tr>\n<td width=\"147\">\u062f.\u0634\u062a\u064a\u0648\u064a \u0639\u0628\u062f \u0627\u0644\u0645\u0627\u0644\u0643<\/p>\n<p>\u0623.\u062f\u0647\u0628\u0627\u0632\u064a \u0645\u062d\u0645\u062f \u0635\u063a\u064a\u0631<\/td>\n<td width=\"420\"><strong>\u062a\u062d\u062f\u064a\u062f \u0645\u0633\u062a\u0648\u064a\u0627\u062a \u0645\u0639\u064a\u0627\u0631\u064a\u0629 \u0644\u0628\u0639\u0636 \u0627\u0644\u062e\u0635\u0627\u0626\u0635 \u0627\u0644\u0628\u062f\u0646\u064a\u0629 \u0644\u0644\u0627\u0639\u0628\u064a \u0643\u0631\u0629 \u0627\u0644\u0642\u062f\u0645 \u062d\u0633\u0628 \u0645\u0631\u0627\u0643\u0632 \u0627\u0644\u0644\u0639\u0628<\/strong><\/td>\n<td><a href=\"https:\/\/www.univ-oeb.dz\/ledefi\/wp-content\/uploads\/2020\/07\/d\u00e9fi11AR6-1.pdf\"><img loading=\"lazy\" class=\"size-full wp-image-67 aligncenter\" src=\"https:\/\/www.univ-oeb.dz\/ledefi\/wp-content\/uploads\/2018\/04\/FF.png\" alt=\"\" width=\"50\" height=\"50\" \/><\/a><\/td>\n<\/tr>\n<tr>\n<td width=\"147\">\u062f.\u0628\u0646 \u0639\u0627\u0645\u0631 \u0645\u0631\u0627\u062f<\/p>\n<p>\u0623.\u062d\u0645\u0631\u064a\u0637 \u0633\u0627\u0645\u064a<\/td>\n<td width=\"420\"><strong>\u0628\u0631\u0646\u0627\u0645\u062c \u062a\u062f\u0631\u064a\u0628\u064a \u0645\u0642\u062a\u0631\u062d \u0644\u062a\u0646\u0645\u064a\u0629 \u0627\u0644\u0642\u0648\u0629 \u0627\u0644\u0627\u0646\u0641\u062c\u0627\u0631\u064a\u0629 \u0648\u0623\u062b\u0631\u0647 \u0641\u064a \u062a\u062d\u0633\u064a\u0646 \u0645\u0647\u0627\u0631\u0629 \u0627\u0644\u0633\u062d\u0642 \u0644\u062f\u0649 \u0644\u0627\u0639\u0628\u064a \u0643\u0631\u0629 \u0627\u0644\u0637\u0627\u0626\u0631\u0629 \u0623\u0642\u0644 \u0645\u0646 17\u0633\u0646\u0629<\/strong><\/td>\n<td><a href=\"https:\/\/www.univ-oeb.dz\/ledefi\/wp-content\/uploads\/2020\/07\/d\u00e9fi11AR7-1.pdf\"><img loading=\"lazy\" class=\"size-full wp-image-67 aligncenter\" src=\"https:\/\/www.univ-oeb.dz\/ledefi\/wp-content\/uploads\/2018\/04\/FF.png\" alt=\"\" width=\"50\" height=\"50\" \/><\/a><\/td>\n<\/tr>\n<tr>\n<td width=\"147\">\u0623.\u0628\u0648\u0630\u064a\u0646\u0629 \u0628\u0644\u0627\u0644<\/td>\n<td width=\"420\"><strong>\u0641\u0627\u0639\u0644\u064a\u0629 \u0628\u0631\u0646\u0627\u0645\u062c \u062a\u062f\u0631\u0628\u064a \u0628\u062f\u0646\u064a \u0645\u0647\u0627\u0631\u064a \u0639\u0644\u0649 \u062a\u0646\u0645\u064a\u0629 \u0627\u0644\u0623\u062f\u0627\u0621 \u0644\u062f\u0649 \u0644\u0627\u0639\u0628\u064a \u0643\u0631\u0629 \u0627\u0644\u0637\u0627\u0626\u0631\u0629 \u0635\u0646\u0641 \u0623\u0634\u0628\u0627\u0644 16-17 \u0633\u0646\u0629<\/strong><\/td>\n<td><a href=\"https:\/\/www.univ-oeb.dz\/ledefi\/wp-content\/uploads\/2020\/07\/d\u00e9fi11AR8-1.pdf\"><img loading=\"lazy\" class=\"size-full wp-image-67 aligncenter\" src=\"https:\/\/www.univ-oeb.dz\/ledefi\/wp-content\/uploads\/2018\/04\/FF.png\" alt=\"\" width=\"50\" height=\"50\" \/><\/a><\/td>\n<\/tr>\n<tr>\n<td width=\"147\">\u0623.\u0628\u0648\u0646\u0627\u0628 \u0634\u0627\u0643\u0631<\/p>\n<p>\u0623.\u0628\u0639\u0628\u0648\u0634 \u0628\u0644\u0627\u0644<\/td>\n<td width=\"420\"><strong>\u0623\u062b\u0631 \u0627\u0644\u0625\u0639\u0641\u0627\u0621 \u0645\u0646 \u0645\u0645\u0627\u0631\u0633\u0629 \u0627\u0644\u0631\u064a\u0627\u0636\u064a\u0629 \u0627\u0644\u0645\u062f\u0631\u0633\u064a\u0629 \u0639\u0644\u0649 \u0625\u062f\u0631\u0627\u0643 \u0627\u0644\u0630\u0627\u062a \u0639\u0646\u062f \u062a\u0644\u0645\u064a\u0630\u0627\u062a \u0627\u0644\u062a\u0639\u0644\u064a\u0645 \u0627\u0644\u062b\u0627\u0646\u0648\u064a<\/strong><\/td>\n<td><a href=\"https:\/\/www.univ-oeb.dz\/ledefi\/wp-content\/uploads\/2020\/07\/d\u00e9fi11AR9-1.pdf\"><img loading=\"lazy\" class=\"size-full wp-image-67 aligncenter\" src=\"https:\/\/www.univ-oeb.dz\/ledefi\/wp-content\/uploads\/2018\/04\/FF.png\" alt=\"\" width=\"50\" height=\"50\" \/><\/a><\/td>\n<\/tr>\n<tr>\n<td width=\"147\">\u0623. \u0627\u0644\u062a\u0648\u0647\u0627\u0645\u064a \u062d\u0645\u062f\u0627\u0648\u064a<\/td>\n<td width=\"420\"><strong>\u062f\u0631\u0627\u0633\u0629 \u062a\u0623\u062b\u064a\u0631 \u0627\u0644\u062a\u062f\u0631\u064a\u0628 \u0627\u0644\u0634\u0627\u0645\u0644 \u0648\u0627\u0644\u0645\u062f\u0645\u062c \u0639\u0644\u0649 \u062a\u0637\u0648\u064a\u0631 \u0628\u0639\u0636 \u0627\u0644\u0635\u0641\u0627\u062a \u0627\u0644\u0628\u062f\u0646\u064a\u0629 \u0627\u0644\u0648\u0638\u064a\u0641\u064a\u0629 (\u0627\u0644\u0645\u062f\u0627\u0648\u0645\u0629 \u0627\u0644\u0639\u0627\u0645\u0629 \u060c\u0645\u062f\u0627\u0648\u0645\u0629 \u0627\u0644\u0633\u0631\u0639\u0629) \u0644\u062f\u0649 \u0644\u0627\u0639\u0628\u064a \u0643\u0631\u0629 \u0627\u0644\u0642\u062f\u0645 \u0635\u0646\u0641 \u0623\u0648\u0627\u0633\u0637 17-18 \u0633\u0646\u0629<\/strong><\/td>\n<td><a href=\"https:\/\/www.univ-oeb.dz\/ledefi\/wp-content\/uploads\/2020\/07\/d\u00e9fi11AR10-1.pdf\"><img loading=\"lazy\" class=\"size-full wp-image-67 aligncenter\" src=\"https:\/\/www.univ-oeb.dz\/ledefi\/wp-content\/uploads\/2018\/04\/FF.png\" alt=\"\" width=\"50\" height=\"50\" \/><\/a><\/td>\n<\/tr>\n<tr>\n<td width=\"147\">\u0623. \u0642\u0644\u0627\u062a\u064a \u064a\u0632\u064a\u062f<\/p>\n<p>\u0623. \u063a\u0646\u0627\u0645 \u0645\u062d\u0645\u062f \u0627\u0644\u0623\u0645\u064a\u0646<\/td>\n<td width=\"420\"><strong>\u0628\u0631\u0646\u0627\u0645\u062c \u062a\u062f\u0631\u0628\u064a \u0645\u0642\u062a\u0631\u062d \u0641\u064a \u0635\u0641\u0629 \u0627\u0644\u0633\u0631\u0639\u0629 \u0648\u0623\u062b\u0631\u0647 \u0639\u0644\u0649 \u062a\u0637\u0648\u064a\u0631 \u0627\u0644\u0647\u062c\u0648\u0645 \u0627\u0644\u0645\u0636\u0627\u062f \u0644\u062f\u0649 \u0644\u0627\u0639\u0628\u064a \u0643\u0631\u0629 \u0627\u0644\u064a\u062f<\/strong><\/td>\n<td><a href=\"https:\/\/www.univ-oeb.dz\/ledefi\/wp-content\/uploads\/2020\/07\/d\u00e9fi11AR11-1.pdf\"><img loading=\"lazy\" class=\"size-full wp-image-67 aligncenter\" src=\"https:\/\/www.univ-oeb.dz\/ledefi\/wp-content\/uploads\/2018\/04\/FF.png\" alt=\"\" width=\"50\" height=\"50\" \/><\/a><\/td>\n<\/tr>\n<tr>\n<td width=\"147\">\u0623. \u0635\u0648\u0627\u0634 \u0639\u064a\u0633\u0649<\/td>\n<td width=\"420\"><strong>\u0645\u0633\u062a\u0648\u0649 \u0627\u0644\u062a\u0648\u062c\u0647 \u0646\u062d\u0648 \u0627\u0628\u0639\u0627\u062f \u0627\u0644\u062a\u0641\u0648\u0642 \u0627\u0644\u0631\u064a\u0627\u0636\u064a \u0644\u062f\u0649 \u062a\u0644\u0627\u0645\u064a\u0630 \u0623\u0642\u0633\u0627\u0645 \u0631\u064a\u0627\u0636\u0629 \u0648\u062f\u0631\u0627\u0633\u0629<\/strong><\/td>\n<td><a href=\"https:\/\/www.univ-oeb.dz\/ledefi\/wp-content\/uploads\/2020\/07\/d\u00e9fi11AR12-1.pdf\"><img loading=\"lazy\" class=\"size-full wp-image-67 aligncenter\" src=\"https:\/\/www.univ-oeb.dz\/ledefi\/wp-content\/uploads\/2018\/04\/FF.png\" alt=\"\" width=\"50\" height=\"50\" \/><\/a><\/td>\n<\/tr>\n<tr>\n<td width=\"147\">\u0623. \u062d\u0633\u0627\u0645 \u0627\u0644\u062f\u064a\u0646 \u0639\u0628\u0627\u0628\u0633\u0629<\/td>\n<td width=\"420\"><strong>\u0627\u0644\u0633\u0645\u0627\u062a \u0627\u0644\u0625\u0628\u062a\u0643\u0627\u0631\u064a\u0629 \u0648\u0639\u0644\u0627\u0642\u062a\u0647\u0627 \u0628\u0627\u0644\u0625\u0628\u062f\u0627\u0639 \u0627\u0644\u062d\u0631\u0643\u064a \u0648\u0627\u0644\u0631\u0636\u0627 \u0627\u0644\u062d\u0631\u0643\u064a \u0644\u062f\u0649 \u0627\u0644\u0646\u0627\u0634\u0626\u064a\u0646 10-12 \u0633\u0646\u0629 \u0641\u064a \u0631\u064a\u0627\u0636\u0629 \u0627\u0644\u0643\u0627\u0631\u0627\u062a\u064a\u0647 <\/strong><\/td>\n<td><a href=\"https:\/\/www.univ-oeb.dz\/ledefi\/wp-content\/uploads\/2020\/07\/d\u00e9fi11AR13-1.pdf\"><img loading=\"lazy\" class=\"size-full wp-image-67 aligncenter\" src=\"https:\/\/www.univ-oeb.dz\/ledefi\/wp-content\/uploads\/2018\/04\/FF.png\" alt=\"\" width=\"50\" height=\"50\" \/><\/a><\/td>\n<\/tr>\n<tr>\n<td width=\"147\">\u0623.\u0639\u0628\u062f \u0627\u0644\u0644\u0647 \u0645\u0646\u0635\u0648\u0631\u064a<\/td>\n<td width=\"420\"><strong>\u0623\u062b\u0631 \u0627\u0644\u062a\u062f\u0631\u064a\u0628 \u0627\u0644\u0645\u062a\u0642\u0637\u0639 \u0642\u0635\u064a\u0631 \u0642\u0635\u064a\u0631 \u0639\u0644\u0649 \u0627\u0644\u0633\u0631\u0639\u0629 \u0627\u0644\u0647\u0648\u0627\u0626\u064a\u0629 \u0627\u0644\u0642\u0635\u0648\u0649 \u0644\u0644\u0627\u0639\u0628\u064a \u0643\u0631\u0629 \u0627\u0644\u0642\u062f\u0645 \u0623\u0642\u0644 \u0645\u0646 20 \u0633\u0646\u0629<\/strong><\/td>\n<td><a href=\"https:\/\/www.univ-oeb.dz\/ledefi\/wp-content\/uploads\/2020\/07\/d\u00e9fi11AR14-1.pdf\"><img loading=\"lazy\" class=\"size-full wp-image-67 aligncenter\" src=\"https:\/\/www.univ-oeb.dz\/ledefi\/wp-content\/uploads\/2018\/04\/FF.png\" alt=\"\" width=\"50\" height=\"50\" \/><\/a><\/td>\n<\/tr>\n<\/tbody>\n<\/table>\n<p>&nbsp;<\/p>\n<p>&nbsp;<\/p>\n<table>\n<tbody>\n<tr>\n<td colspan=\"3\">\n<p style=\"text-align: center;\"><strong>\u0627\u0644\u0645\u0642\u0627\u0644\u0627\u062a \u0628\u0627\u0644\u0644\u063a\u0629 \u0627\u0644\u0623\u062c\u0646\u0628\u064a\u0629<\/strong><\/p>\n<\/td>\n<\/tr>\n<tr>\n<td width=\"166\">Pr.Boutalbi Bendjedou<\/p>\n<p>Dr.Zouaghi Chamsseddin<\/td>\n<td width=\"401\"><strong>Education physique scolaire entre la th\u00e9orie et la r\u00e9alit\u00e9. Perception chez les directeurs d\u2019\u00e9tablissements du secondaire. <\/strong><\/td>\n<td>\u00a0<a href=\"https:\/\/www.univ-oeb.dz\/ledefi\/wp-content\/uploads\/2020\/07\/D\u00e9fi11FR1-1.pdf\"><img loading=\"lazy\" class=\"size-full wp-image-67 aligncenter\" src=\"https:\/\/www.univ-oeb.dz\/ledefi\/wp-content\/uploads\/2018\/04\/FF.png\" alt=\"\" width=\"50\" height=\"50\" \/><\/a><\/td>\n<\/tr>\n<tr>\n<td width=\"166\">Pr.Remaoun Mohamed<\/p>\n<p>Mr.Fatah Abdelatif<\/td>\n<td width=\"401\"><strong>Les effets psychologiques du stress sur la performance sportive des joueurs de basketball <\/strong><\/td>\n<td><a href=\"https:\/\/www.univ-oeb.dz\/ledefi\/wp-content\/uploads\/2020\/07\/D\u00e9fi11FR2-1.pdf\"><img loading=\"lazy\" class=\"size-full wp-image-67 aligncenter\" src=\"https:\/\/www.univ-oeb.dz\/ledefi\/wp-content\/uploads\/2018\/04\/FF.png\" alt=\"\" width=\"50\" height=\"50\" \/><\/a><\/td>\n<\/tr>\n<\/tbody>\n<\/table>\n<p>&nbsp;<\/p>\n<p>&nbsp;<\/p>\n<table>\n<tbody>\n<tr>\n<td colspan=\"2\">\n<p style=\"text-align: center;\"><strong>\u062a\u062d\u0645\u064a\u0644 \u0627\u0644\u0639\u062f\u062f 11 \u0643\u0627\u0645\u0644\u0627<\/strong><\/p>\n<\/td>\n<\/tr>\n<tr>\n<td width=\"567\"><strong>\u063a\u0644\u0627\u0641 \u0627\u0644\u0639\u062f\u062f 11<\/strong><\/td>\n<td>\u00a0<a href=\"https:\/\/www.univ-oeb.dz\/ledefi\/wp-content\/uploads\/2020\/07\/11cover.pdf\"><img loading=\"lazy\" class=\"size-full wp-image-67 aligncenter\" src=\"https:\/\/www.univ-oeb.dz\/ledefi\/wp-content\/uploads\/2018\/04\/FF.png\" alt=\"\" width=\"50\" height=\"50\" \/><\/a><\/td>\n<\/tr>\n<tr>\n<td width=\"567\"><strong>\u0641\u0647\u0631\u0633 \u0627\u0644\u0639\u062f\u062f 11<\/strong><\/td>\n<td><a href=\"https:\/\/www.univ-oeb.dz\/ledefi\/wp-content\/uploads\/2020\/07\/11sommaire.pdf\"><img loading=\"lazy\" class=\"size-full wp-image-67 aligncenter\" src=\"https:\/\/www.univ-oeb.dz\/ledefi\/wp-content\/uploads\/2018\/04\/FF.png\" alt=\"\" width=\"50\" height=\"50\" \/><\/a><\/td>\n<\/tr>\n<tr>\n<td width=\"567\"><strong>\u062a\u062d\u0645\u064a\u0644 \u062c\u0632\u0621 \u0627\u0644\u0645\u0642\u0627\u0644\u0627\u062a \u0628\u0627\u0644\u0644\u063a\u0629 \u0627\u0644\u0639\u0631\u0628\u064a\u0629<\/strong><\/td>\n<td><a href=\"https:\/\/www.univ-oeb.dz\/ledefi\/wp-content\/uploads\/2020\/07\/revue-le-DEFI11-ARR.pdf\"><img loading=\"lazy\" class=\"size-full wp-image-67 aligncenter\" src=\"https:\/\/www.univ-oeb.dz\/ledefi\/wp-content\/uploads\/2018\/04\/FF.png\" alt=\"\" width=\"50\" height=\"50\" \/><\/a><\/td>\n<\/tr>\n<tr>\n<td width=\"567\"><strong>\u062a\u062d\u0645\u064a\u0644 \u062c\u0632\u0621 \u0627\u0644\u0645\u0642\u0627\u0644\u0627\u062a \u0628\u0627\u0644\u0644\u063a\u0629 \u0627\u0644\u0623\u062c\u0646\u0628\u064a\u0629<\/strong><\/td>\n<td><a href=\"https:\/\/www.univ-oeb.dz\/ledefi\/wp-content\/uploads\/2020\/07\/revue-le-DEFI11-FR.pdf\"><img loading=\"lazy\" class=\"size-full wp-image-67 aligncenter\" src=\"https:\/\/www.univ-oeb.dz\/ledefi\/wp-content\/uploads\/2018\/04\/FF.png\" alt=\"\" width=\"50\" height=\"50\" \/><\/a><\/td>\n<\/tr>\n<\/tbody>\n<\/table>\n<p>&nbsp;<\/p>\n","protected":false},"excerpt":{"rendered":"<p>&nbsp; \u0627\u0644\u0645\u0642\u0627\u0644\u0627\u062a \u0628\u0627\u0644\u0644\u063a\u0629 \u0627\u0644\u0639\u0631\u0628\u064a\u0629 \u0623.\u062f.\u0628\u0648\u0637\u0628\u0629 \u0645\u0631\u0627\u062f \u0623.\u0648\u0644\u0647\u064a \u062c\u0644\u0627\u0644 \u062f\u0631\u0627\u0633\u0629 \u0627\u0644\u0639\u0644\u0627\u0642\u0629 \u0628\u064a\u0646 \u0628\u0639\u0636 \u0627\u0644\u0639\u0648\u0627\u0645\u0644 \u0627\u0644\u0645\u0648\u0631\u0641\u0648\u0644\u0648\u062c\u064a\u0629 \u0648\u0627\u0644\u0642\u0648\u0629 \u0627\u0644\u0645\u0645\u064a\u0632\u0629 \u0628\u0627\u0644\u0633\u0631\u0639\u0629 \u0628\u0627\u0633\u062a\u062e\u062f\u0627\u0645 \u0627\u0644\u062a\u062f\u0631\u064a\u0628 \u0627\u0644\u0628\u0644\u064a\u0648\u0645\u062a\u0631\u064a \u0644\u062f\u0649 \u0644\u0627\u0639\u0628\u064a \u0643\u0631\u0629 \u0627\u0644\u0642\u062f\u0645 \u0635\u0646\u0641 \u0623\u0648\u0627\u0633\u0637 17\/19 \u0633\u0646\u0629 \u00a0 \u062f.\u062e\u0648\u062c\u0629 \u0639\u0627\u062f\u0644 \u0623.\u0647\u062f\u0627\u0644 \u064a\u0627\u0633\u064a\u0646 \u0627\u0644\u0645\u0633\u062a\u0648\u0649 \u0627\u0644\u0645\u0639\u0631\u0641\u064a \u0627\u0644\u0631\u064a\u0627\u0636\u064a \u0644\u062f\u0649 \u0627\u0644\u0645\u0639\u0627\u0642\u064a\u0646 \u062d\u0631\u0643\u064a\u0627 \u0627\u0644\u0645\u0645\u0627\u0631\u0633\u064a\u0646 \u0644\u0644\u0646\u0634\u0627\u0637 \u0627\u0644\u0628\u062f\u0646\u064a \u0648\u0627\u0644\u0631\u064a\u0627\u0636\u064a \u0627\u0644\u062a\u0646\u0627\u0641\u0633\u064a \u00a0 \u062f.\u0645\u0639\u062f \u0633\u0644\u0645\u0627\u0646 \u0625\u0628\u0631\u0627\u0647\u064a\u0645 \u062a\u0623\u062b\u064a\u0631 \u0627\u0644\u062a\u0645\u0627\u0631\u064a\u0646 \u0627\u0644\u0628\u062f\u0646\u064a\u0629 \u0627\u0644\u0647\u0648\u0627\u0626\u064a\u0629 \u0639\u0644\u0649 \u0627\u0644\u0643\u0641\u0627\u0621\u0629 \u0627\u0644\u0648\u0638\u064a\u0641\u064a\u0629 [&hellip;]<\/p>\n","protected":false},"author":1,"featured_media":0,"parent":0,"menu_order":0,"comment_status":"closed","ping_status":"closed","template":"","meta":[],"_links":{"self":[{"href":"https:\/\/www.univ-oeb.dz\/ledefi\/index.php?rest_route=\/wp\/v2\/pages\/50"}],"collection":[{"href":"https:\/\/www.univ-oeb.dz\/ledefi\/index.php?rest_route=\/wp\/v2\/pages"}],"about":[{"href":"https:\/\/www.univ-oeb.dz\/ledefi\/index.php?rest_route=\/wp\/v2\/types\/page"}],"author":[{"embeddable":true,"href":"https:\/\/www.univ-oeb.dz\/ledefi\/index.php?rest_route=\/wp\/v2\/users\/1"}],"replies":[{"embeddable":true,"href":"https:\/\/www.univ-oeb.dz\/ledefi\/index.php?rest_route=%2Fwp%2Fv2%2Fcomments&post=50"}],"version-history":[{"count":6,"href":"https:\/\/www.univ-oeb.dz\/ledefi\/index.php?rest_route=\/wp\/v2\/pages\/50\/revisions"}],"predecessor-version":[{"id":727,"href":"https:\/\/www.univ-oeb.dz\/ledefi\/index.php?rest_route=\/wp\/v2\/pages\/50\/revisions\/727"}],"wp:attachment":[{"href":"https:\/\/www.univ-oeb.dz\/ledefi\/index.php?rest_route=%2Fwp%2Fv2%2Fmedia&parent=50"}],"curies":[{"name":"wp","href":"https:\/\/api.w.org\/{rel}","templated":true}]}}