{"id":34,"date":"2018-04-12T06:09:58","date_gmt":"2018-04-12T03:09:58","guid":{"rendered":"https:\/\/www.univ-oeb.dz\/ledefi\/?page_id=34"},"modified":"2020-07-10T03:25:47","modified_gmt":"2020-07-10T02:25:47","slug":"%d8%a7%d9%84%d8%b9%d8%af%d8%af-3","status":"publish","type":"page","link":"https:\/\/www.univ-oeb.dz\/ledefi\/?page_id=34","title":{"rendered":"\u0627\u0644\u0639\u062f\u062f 3"},"content":{"rendered":"<table style=\"height: 872px;\" width=\"700\">\n<tbody>\n<tr>\n<td colspan=\"3\">\n<p style=\"text-align: center;\"><strong>\u0627\u0644\u0645\u0642\u0627\u0644\u0627\u062a \u0628\u0627\u0644\u0644\u063a\u0629 \u0627\u0644\u0639\u0631\u0628\u064a\u0629<\/strong><\/p>\n<\/td>\n<\/tr>\n<tr>\n<td width=\"166\">\u0623.\u062f \u0641\u0627\u0637\u0645\u0629 \u0639\u0628\u062f \u0645\u0627\u0644\u062d<\/p>\n<p>\u0623.\u062f \u0639\u0641\u0627\u0641 \u0639\u0628\u062f \u0627\u0644\u0644\u0647 \u0627\u0644\u0643\u0627\u062a\u0628<\/p>\n<p>\u0645.\u0645 \u0632\u064a\u0646\u0628 \u0642\u062d\u0637\u0627\u0646 \u0639\u0628\u062f \u0627\u0644\u0645\u062d\u0633\u0646<\/td>\n<td width=\"401\"><strong>\u062a\u0623\u062b\u064a\u0631 \u0641\u062a\u0631\u0627\u062a \u0631\u0627\u062d\u0629 \u0645\u062e\u062a\u0644\u0641\u0629 \u0639\u0644\u0649 \u062a\u0637\u0648\u064a\u0631 \u062a\u062d\u0645\u0644 \u0627\u0644\u0633\u0631\u0639\u0629 \u0644\u062f\u0649 \u0644\u0627\u0639\u0628\u0627\u062a \u0627\u0644\u0645\u0628\u0627\u0631\u0632\u0629 <\/strong><\/td>\n<td>\u00a0<a href=\"https:\/\/www.univ-oeb.dz\/ledefi\/wp-content\/uploads\/2020\/07\/D\u00e9fi3AR1.pdf\"><img loading=\"lazy\" class=\"size-full wp-image-67 aligncenter\" src=\"https:\/\/www.univ-oeb.dz\/ledefi\/wp-content\/uploads\/2018\/04\/FF.png\" alt=\"\" width=\"50\" height=\"50\" \/><\/a><\/td>\n<\/tr>\n<tr>\n<td width=\"166\">\u0623.\u062f \u0628\u0648\u062f\u0627\u0648\u062f \u0639\u0628\u062f \u0627\u0644\u064a\u0645\u064a\u0646<\/td>\n<td width=\"401\"><strong>\u0627\u0644\u0631\u064a\u0627\u0636\u0629 \u0648 \u0627\u0644\u0645\u0648\u0627\u0637\u0646\u0629 <\/strong><\/td>\n<td>\u00a0<a href=\"https:\/\/www.univ-oeb.dz\/ledefi\/wp-content\/uploads\/2020\/07\/D\u00e9fi3AR2.pdf\"><img loading=\"lazy\" class=\"size-full wp-image-67 aligncenter\" src=\"https:\/\/www.univ-oeb.dz\/ledefi\/wp-content\/uploads\/2018\/04\/FF.png\" alt=\"\" width=\"50\" height=\"50\" \/><\/a><\/td>\n<\/tr>\n<tr>\n<td width=\"166\">\u062f. \u0642\u0627\u0633\u0645\u064a \u0641\u064a\u0635\u0644<\/td>\n<td width=\"401\"><strong>\u0636\u063a\u0648\u0637 \u0627\u0644\u0645\u0646\u0627\u0641\u0633\u0629 \u0648 \u062a\u0623\u062b\u064a\u0631\u0647\u0627 \u0639\u0644\u0649 \u0623\u062f\u0627\u0621 \u0627\u0644\u0631\u064a\u0627\u0636\u064a <\/strong><\/td>\n<td>\u00a0<a href=\"https:\/\/www.univ-oeb.dz\/ledefi\/wp-content\/uploads\/2020\/07\/D\u00e9fi3AR3.pdf\"><img loading=\"lazy\" class=\"size-full wp-image-67 aligncenter\" src=\"https:\/\/www.univ-oeb.dz\/ledefi\/wp-content\/uploads\/2018\/04\/FF.png\" alt=\"\" width=\"50\" height=\"50\" \/><\/a><\/td>\n<\/tr>\n<tr>\n<td width=\"166\">\u0639\u0628\u062f \u0627\u0644\u0642\u0627\u062f\u0631 \u0646\u0627\u0635\u0631<\/td>\n<td width=\"401\"><strong>\u0623\u062b\u0631 \u0627\u0644\u0645\u0646\u0627\u0637\u0642 \u0627\u0644\u0628\u064a\u0626\u064a\u0629 \u0648 \u062f\u0648\u0631\u0647\u0627 \u0641\u064a \u062a\u062d\u062f\u064a\u062f \u0627\u0644\u0623\u0646\u0645\u0627\u0637 \u0627\u0644\u062c\u0633\u0645\u064a\u0629 \u0648 \u0627\u0646\u0639\u0643\u0627\u0633\u0627\u062a\u0647\u0627 \u0639\u0644\u0649 \u0627\u0644\u0646\u0634\u0627\u0637\u0627\u062a \u0627\u0644\u0631\u064a\u0627\u0636\u064a\u0629 \u0641\u064a \u0627\u0644\u0648\u0633\u0637 \u0627\u0644\u0645\u062f\u0631\u0633\u064a <\/strong><\/td>\n<td>\u00a0<a href=\"https:\/\/www.univ-oeb.dz\/ledefi\/wp-content\/uploads\/2020\/07\/D\u00e9fi3AR4.pdf\"><img loading=\"lazy\" class=\"size-full wp-image-67 aligncenter\" src=\"https:\/\/www.univ-oeb.dz\/ledefi\/wp-content\/uploads\/2018\/04\/FF.png\" alt=\"\" width=\"50\" height=\"50\" \/><\/a><\/td>\n<\/tr>\n<tr>\n<td width=\"166\">\u062f. \u064a\u0639\u0642\u0648\u0628\u064a<\/p>\n<p>\u062f. \u0644\u0639\u0628\u0627\u0631 .\u0631<\/td>\n<td width=\"401\"><strong>\u062f\u0631\u0627\u0633\u0629 \u062a\u0634\u062e\u064a\u0635\u064a\u0629 \u0644\u0628\u062f\u0623 \u062a\u0646\u0641\u064a\u0630 \u0627\u0644\u0627\u062d\u062a\u0631\u0627\u0641 \u0641\u064a \u0643\u0631\u0629 \u0627\u0644\u0642\u062f\u0645 \u0627\u0644\u062c\u0632\u0627\u0626\u0631\u064a\u0629 <\/strong><\/td>\n<td><a href=\"https:\/\/www.univ-oeb.dz\/ledefi\/wp-content\/uploads\/2020\/07\/D\u00e9fi3AR5.pdf\"><img loading=\"lazy\" class=\"size-full wp-image-67 aligncenter\" src=\"https:\/\/www.univ-oeb.dz\/ledefi\/wp-content\/uploads\/2018\/04\/FF.png\" alt=\"\" width=\"50\" height=\"50\" \/><\/a><\/td>\n<\/tr>\n<tr>\n<td width=\"166\">\u062f. \u063a\u0636\u0628\u0627\u0646 \u0623\u062d\u0645\u062f \u062d\u0645\u0632\u0629<\/td>\n<td width=\"401\"><strong>\u062f\u0648\u0631 \u0627\u0644\u062a\u062d\u0636\u064a\u0631 \u0627\u0644\u0646\u0641\u0633\u064a \u0641\u064a \u0627\u0644\u062a\u0642\u0644\u064a\u0644 \u0645\u0646 \u0627\u0644\u0627\u0636\u0637\u0631\u0627\u0628\u0627\u062a \u0627\u0644\u0646\u0641\u0633\u064a\u0629 \u0641\u064a \u0631\u064a\u0627\u0636\u0629 \u0643\u0631\u0629 \u0627\u0644\u0633\u0644\u0629 <\/strong><\/td>\n<td><a href=\"https:\/\/www.univ-oeb.dz\/ledefi\/wp-content\/uploads\/2020\/07\/D\u00e9fi3AR6.pdf\"><img loading=\"lazy\" class=\"size-full wp-image-67 aligncenter\" src=\"https:\/\/www.univ-oeb.dz\/ledefi\/wp-content\/uploads\/2018\/04\/FF.png\" alt=\"\" width=\"50\" height=\"50\" \/><\/a><\/td>\n<\/tr>\n<tr>\n<td width=\"166\">\u062f.\u0639\u0628\u0627\u0633 \u062c\u0645\u0627\u0644<\/p>\n<p>\u0628\u0644\u0645\u0627\u0646 \u0641\u0631\u064a\u062f\u0629<\/td>\n<td width=\"401\"><strong>\u0639\u0644\u0627\u0642\u0629 \u0623\u0646\u0645\u0627\u0637 \u0627\u0644\u062c\u0633\u0645 \u0628\u0627\u0644\u0645\u064a\u0632\u0627\u062c \u0627\u0644\u0627\u0646\u0641\u0639\u0627\u0644\u064a \u0641\u064a \u0639\u0645\u0644\u064a\u0629 \u0627\u0644\u062a\u0648\u062c\u064a\u0647 \u0627\u0644\u0631\u064a\u0627\u0636\u064a \u0644\u062f\u0649 \u062a\u0644\u0627\u0645\u064a\u0630 \u0627\u0644\u0645\u0631\u062d\u0644\u0629 \u0627\u0644\u062b\u0627\u0646\u0648\u064a\u0629 <\/strong><\/td>\n<td><a href=\"https:\/\/www.univ-oeb.dz\/ledefi\/wp-content\/uploads\/2020\/07\/D\u00e9fi3AR7.pdf\"><img loading=\"lazy\" class=\"size-full wp-image-67 aligncenter\" src=\"https:\/\/www.univ-oeb.dz\/ledefi\/wp-content\/uploads\/2018\/04\/FF.png\" alt=\"\" width=\"50\" height=\"50\" \/><\/a><\/td>\n<\/tr>\n<tr>\n<td width=\"166\">\u0642\u0644\u0627\u062a\u064a \u064a\u0632\u064a\u062f<\/p>\n<p>\u0628\u0634\u064a\u0631 \u062d\u0633\u0627\u0645<\/td>\n<td width=\"401\"><strong>\u062a\u0623\u062b\u064a\u0631 \u0623\u0633\u0633 \u0648 \u0645\u0628\u0627\u062f\u0626 \u0645\u0646\u0647\u062c\u064a\u0629 \u0627\u0644\u062a\u062f\u0631\u064a\u0628 \u0627\u0644\u0631\u064a\u0627\u0636\u064a \u0627\u0644\u0639\u0644\u0645\u064a \u0627\u0644\u062d\u062f\u064a\u062b \u0641\u064a \u0646\u062c\u0627\u062d \u0627\u0644\u0639\u0645\u0644\u064a\u0629 \u0627\u0644\u062a\u062f\u0631\u064a\u0628\u064a\u0629.<\/strong><\/td>\n<td><a href=\"https:\/\/www.univ-oeb.dz\/ledefi\/wp-content\/uploads\/2020\/07\/D\u00e9fi3AR8.pdf\"><img loading=\"lazy\" class=\"size-full wp-image-67 aligncenter\" src=\"https:\/\/www.univ-oeb.dz\/ledefi\/wp-content\/uploads\/2018\/04\/FF.png\" alt=\"\" width=\"50\" height=\"50\" \/><\/a><\/td>\n<\/tr>\n<\/tbody>\n<\/table>\n<p>&nbsp;<\/p>\n<table style=\"height: 1020px;\" width=\"700\">\n<tbody>\n<tr>\n<td style=\"text-align: center;\" colspan=\"3\"><strong>\u0627\u0644\u0645\u0642\u0627\u0644\u0627\u062a \u0628\u0627\u0644\u0644\u063a\u0629 \u0627\u0644\u0623\u062c\u0646\u0628\u064a\u0629<\/strong><\/td>\n<\/tr>\n<tr>\n<td width=\"166\">Dr.Hafsi Bedhioufi<\/p>\n<p>Hanane Mrabet<\/p>\n<p>Sinda Ayachi<\/td>\n<td width=\"401\"><strong>Femmes tunisiennes et pratiques sportives : contexte socio-historique \u00a0<\/strong><\/td>\n<td>\u00a0<a href=\"https:\/\/www.univ-oeb.dz\/ledefi\/wp-content\/uploads\/2020\/07\/d\u00e9fi3FR1.pdf\"><img loading=\"lazy\" class=\"size-full wp-image-67 aligncenter\" src=\"https:\/\/www.univ-oeb.dz\/ledefi\/wp-content\/uploads\/2018\/04\/FF.png\" alt=\"\" width=\"50\" height=\"50\" \/><\/a><\/td>\n<\/tr>\n<tr>\n<td width=\"166\">Dr. Boutteba Mourad<\/td>\n<td width=\"401\"><strong>L&#8217;entrainement mental face aux agents stressants chez les sportifs de haut niveau <\/strong><\/td>\n<td><a href=\"https:\/\/www.univ-oeb.dz\/ledefi\/wp-content\/uploads\/2020\/07\/d\u00e9fi3FR2.pdf\"><img loading=\"lazy\" class=\"size-full wp-image-67 aligncenter\" src=\"https:\/\/www.univ-oeb.dz\/ledefi\/wp-content\/uploads\/2018\/04\/FF.png\" alt=\"\" width=\"50\" height=\"50\" \/><\/a><\/td>\n<\/tr>\n<tr>\n<td width=\"166\">Dr. M.N Bendahmane<\/td>\n<td width=\"401\"><strong>L&#8217;essor des activit\u00e9s physiques et leurs bienfaits a l&#8217;\u00e2ge pr\u00e9scolaire\u00a0 <\/strong><\/td>\n<td><a href=\"https:\/\/www.univ-oeb.dz\/ledefi\/wp-content\/uploads\/2020\/07\/d\u00e9fi3FR3.pdf\"><img loading=\"lazy\" class=\"size-full wp-image-67 aligncenter\" src=\"https:\/\/www.univ-oeb.dz\/ledefi\/wp-content\/uploads\/2018\/04\/FF.png\" alt=\"\" width=\"50\" height=\"50\" \/><\/a><\/td>\n<\/tr>\n<tr>\n<td width=\"166\">M.A Mahour Bacha Ferahtia Sabira<\/td>\n<td width=\"401\"><strong>Etat et tendances du handball f\u00e9minin alg\u00e9rien\u00a0 <\/strong><\/td>\n<td><a href=\"https:\/\/www.univ-oeb.dz\/ledefi\/wp-content\/uploads\/2020\/07\/d\u00e9fi3FR4.pdf\"><img loading=\"lazy\" class=\"size-full wp-image-67 aligncenter\" src=\"https:\/\/www.univ-oeb.dz\/ledefi\/wp-content\/uploads\/2018\/04\/FF.png\" alt=\"\" width=\"50\" height=\"50\" \/><\/a><\/td>\n<\/tr>\n<tr>\n<td width=\"166\">M.A Abdellali Sayeh Meddour<\/td>\n<td width=\"401\"><strong>R\u00e9ponse de la fr\u00e9quence cardiaque et la r\u00e9cup\u00e9ration durant la comp\u00e9tition chez les volleyeurs alg\u00e9riens de performances de diff\u00e9rentes sp\u00e9cialisation dans le jeu <\/strong><\/td>\n<td><a href=\"https:\/\/www.univ-oeb.dz\/ledefi\/wp-content\/uploads\/2020\/07\/d\u00e9fi3FR5.pdf\"><img loading=\"lazy\" class=\"size-full wp-image-67 aligncenter\" src=\"https:\/\/www.univ-oeb.dz\/ledefi\/wp-content\/uploads\/2018\/04\/FF.png\" alt=\"\" width=\"50\" height=\"50\" \/><\/a><\/td>\n<\/tr>\n<tr>\n<td width=\"166\">Dr. Belghoul Fethi<\/td>\n<td width=\"401\"><strong>Analyse physique de l&#8217;activit\u00e9 du footballeur professionnel ( championnats anglais et espagnol ) en vue d&#8217;une mod\u00e9lisation de la pr\u00e9paration et de la formation <\/strong><\/td>\n<td><a href=\"https:\/\/www.univ-oeb.dz\/ledefi\/wp-content\/uploads\/2020\/07\/d\u00e9fi3FR6.pdf\"><img loading=\"lazy\" class=\"size-full wp-image-67 aligncenter\" src=\"https:\/\/www.univ-oeb.dz\/ledefi\/wp-content\/uploads\/2018\/04\/FF.png\" alt=\"\" width=\"50\" height=\"50\" \/><\/a><\/td>\n<\/tr>\n<tr>\n<td width=\"166\">Dr. dadi Abdelaziz<\/td>\n<td width=\"401\"><strong>Projet type pour la prise en charge des jeunes talents sportifs <\/strong><\/td>\n<td><a href=\"https:\/\/www.univ-oeb.dz\/ledefi\/wp-content\/uploads\/2020\/07\/d\u00e9fi3FR7.pdf\"><img loading=\"lazy\" class=\"size-full wp-image-67 aligncenter\" src=\"https:\/\/www.univ-oeb.dz\/ledefi\/wp-content\/uploads\/2018\/04\/FF.png\" alt=\"\" width=\"50\" height=\"50\" \/><\/a><\/td>\n<\/tr>\n<tr>\n<td width=\"166\">M.A Mahour Bacha Mourad<\/td>\n<td width=\"401\"><strong>Individualisation de l&#8217;entrainement en d\u00e9cathlon ( Typologie des d\u00e9cathloniens de haut niveau)<\/strong><\/td>\n<td><a href=\"https:\/\/www.univ-oeb.dz\/ledefi\/wp-content\/uploads\/2020\/07\/d\u00e9fi3FR8.pdf\"><img loading=\"lazy\" class=\"size-full wp-image-67 aligncenter\" src=\"https:\/\/www.univ-oeb.dz\/ledefi\/wp-content\/uploads\/2018\/04\/FF.png\" alt=\"\" width=\"50\" height=\"50\" \/><\/a><\/td>\n<\/tr>\n<tr>\n<td width=\"166\">M.A N. Guemriche<\/td>\n<td width=\"401\"><strong>L&#8217;usage des nouvelles technologies dans la lutte contre la violence des supporters en Alg\u00e9rie: vers une nouvelle strat\u00e9gie\u00a0\u00a0 <\/strong><\/td>\n<td><a href=\"https:\/\/www.univ-oeb.dz\/ledefi\/wp-content\/uploads\/2020\/07\/d\u00e9fi3FR9.pdf\"><img loading=\"lazy\" class=\"size-full wp-image-67 aligncenter\" src=\"https:\/\/www.univ-oeb.dz\/ledefi\/wp-content\/uploads\/2018\/04\/FF.png\" alt=\"\" width=\"50\" height=\"50\" \/><\/a><\/td>\n<\/tr>\n<tr>\n<td width=\"166\">Dr. Boutteba Mourad<\/p>\n<p>Dr. Daoud Mohamed<\/td>\n<td width=\"401\"><strong>Les strat\u00e9gies de d\u00e9veloppements du sport universitaire f\u00e9minin et les perspectives avenirs en Alg\u00e9rie.<\/strong><\/td>\n<td><a href=\"https:\/\/www.univ-oeb.dz\/ledefi\/wp-content\/uploads\/2020\/07\/d\u00e9fi3FR10.pdf\"><img loading=\"lazy\" class=\"size-full wp-image-67 aligncenter\" src=\"https:\/\/www.univ-oeb.dz\/ledefi\/wp-content\/uploads\/2018\/04\/FF.png\" alt=\"\" width=\"50\" height=\"50\" \/><\/a><\/td>\n<\/tr>\n<\/tbody>\n<\/table>\n<p>&nbsp;<\/p>\n<table style=\"height: 224px;\" width=\"700\">\n<tbody>\n<tr>\n<td colspan=\"2\">\n<p style=\"text-align: center;\"><strong>\u062a\u062d\u0645\u064a\u0644 \u0627\u0644\u0639\u062f\u062f 3 \u0643\u0627\u0645\u0644\u0627<\/strong><\/p>\n<\/td>\n<\/tr>\n<tr>\n<td width=\"567\"><strong>\u063a\u0644\u0627\u0641 \u0627\u0644\u0639\u062f\u062f 3<\/strong><\/td>\n<td><a href=\"https:\/\/www.univ-oeb.dz\/ledefi\/wp-content\/uploads\/2020\/07\/3-COVER.pdf\"><img loading=\"lazy\" class=\"size-full wp-image-67 aligncenter\" src=\"https:\/\/www.univ-oeb.dz\/ledefi\/wp-content\/uploads\/2018\/04\/FF.png\" alt=\"\" width=\"50\" height=\"50\" \/><\/a><\/td>\n<\/tr>\n<tr>\n<td width=\"567\"><strong>\u0641\u0647\u0631\u0633 \u0627\u0644\u0639\u062f\u062f 3<\/strong><\/td>\n<td><a href=\"https:\/\/www.univ-oeb.dz\/ledefi\/wp-content\/uploads\/2020\/07\/3-Sommaire.pdf\"><img loading=\"lazy\" class=\"size-full wp-image-67 aligncenter\" src=\"https:\/\/www.univ-oeb.dz\/ledefi\/wp-content\/uploads\/2018\/04\/FF.png\" alt=\"\" width=\"50\" height=\"50\" \/><\/a><\/td>\n<\/tr>\n<tr>\n<td width=\"567\"><strong>\u062a\u062d\u0645\u064a\u0644 \u062c\u0632\u0621 \u0627\u0644\u0645\u0642\u0627\u0644\u0627\u062a \u0628\u0627\u0644\u0644\u063a\u0629 \u0627\u0644\u0639\u0631\u0628\u064a\u0629<\/strong><\/td>\n<td><a href=\"https:\/\/www.univ-oeb.dz\/ledefi\/wp-content\/uploads\/2020\/07\/D\u00e9fi3AR.pdf\"><img loading=\"lazy\" class=\"size-full wp-image-67 aligncenter\" src=\"https:\/\/www.univ-oeb.dz\/ledefi\/wp-content\/uploads\/2018\/04\/FF.png\" alt=\"\" width=\"50\" height=\"50\" \/><\/a><\/td>\n<\/tr>\n<tr>\n<td width=\"567\"><strong>\u062a\u062d\u0645\u064a\u0644 \u062c\u0632\u0621 \u0627\u0644\u0645\u0642\u0627\u0644\u0627\u062a \u0628\u0627\u0644\u0644\u063a\u0629 \u0627\u0644\u0623\u062c\u0646\u0628\u064a\u0629<\/strong><\/td>\n<td><a href=\"https:\/\/www.univ-oeb.dz\/ledefi\/wp-content\/uploads\/2020\/07\/D\u00e9fi3FR.pdf\"><img loading=\"lazy\" class=\"size-full wp-image-67 aligncenter\" src=\"https:\/\/www.univ-oeb.dz\/ledefi\/wp-content\/uploads\/2018\/04\/FF.png\" alt=\"\" width=\"50\" height=\"50\" \/><\/a><\/td>\n<\/tr>\n<\/tbody>\n<\/table>\n","protected":false},"excerpt":{"rendered":"<p>\u0627\u0644\u0645\u0642\u0627\u0644\u0627\u062a \u0628\u0627\u0644\u0644\u063a\u0629 \u0627\u0644\u0639\u0631\u0628\u064a\u0629 \u0623.\u062f \u0641\u0627\u0637\u0645\u0629 \u0639\u0628\u062f \u0645\u0627\u0644\u062d \u0623.\u062f \u0639\u0641\u0627\u0641 \u0639\u0628\u062f \u0627\u0644\u0644\u0647 \u0627\u0644\u0643\u0627\u062a\u0628 \u0645.\u0645 \u0632\u064a\u0646\u0628 \u0642\u062d\u0637\u0627\u0646 \u0639\u0628\u062f \u0627\u0644\u0645\u062d\u0633\u0646 \u062a\u0623\u062b\u064a\u0631 \u0641\u062a\u0631\u0627\u062a \u0631\u0627\u062d\u0629 \u0645\u062e\u062a\u0644\u0641\u0629 \u0639\u0644\u0649 \u062a\u0637\u0648\u064a\u0631 \u062a\u062d\u0645\u0644 \u0627\u0644\u0633\u0631\u0639\u0629 \u0644\u062f\u0649 \u0644\u0627\u0639\u0628\u0627\u062a \u0627\u0644\u0645\u0628\u0627\u0631\u0632\u0629 \u00a0 \u0623.\u062f \u0628\u0648\u062f\u0627\u0648\u062f \u0639\u0628\u062f \u0627\u0644\u064a\u0645\u064a\u0646 \u0627\u0644\u0631\u064a\u0627\u0636\u0629 \u0648 \u0627\u0644\u0645\u0648\u0627\u0637\u0646\u0629 \u00a0 \u062f. \u0642\u0627\u0633\u0645\u064a \u0641\u064a\u0635\u0644 \u0636\u063a\u0648\u0637 \u0627\u0644\u0645\u0646\u0627\u0641\u0633\u0629 \u0648 \u062a\u0623\u062b\u064a\u0631\u0647\u0627 \u0639\u0644\u0649 \u0623\u062f\u0627\u0621 \u0627\u0644\u0631\u064a\u0627\u0636\u064a \u00a0 \u0639\u0628\u062f \u0627\u0644\u0642\u0627\u062f\u0631 \u0646\u0627\u0635\u0631 \u0623\u062b\u0631 \u0627\u0644\u0645\u0646\u0627\u0637\u0642 \u0627\u0644\u0628\u064a\u0626\u064a\u0629 \u0648 [&hellip;]<\/p>\n","protected":false},"author":1,"featured_media":0,"parent":0,"menu_order":0,"comment_status":"closed","ping_status":"closed","template":"","meta":[],"_links":{"self":[{"href":"https:\/\/www.univ-oeb.dz\/ledefi\/index.php?rest_route=\/wp\/v2\/pages\/34"}],"collection":[{"href":"https:\/\/www.univ-oeb.dz\/ledefi\/index.php?rest_route=\/wp\/v2\/pages"}],"about":[{"href":"https:\/\/www.univ-oeb.dz\/ledefi\/index.php?rest_route=\/wp\/v2\/types\/page"}],"author":[{"embeddable":true,"href":"https:\/\/www.univ-oeb.dz\/ledefi\/index.php?rest_route=\/wp\/v2\/users\/1"}],"replies":[{"embeddable":true,"href":"https:\/\/www.univ-oeb.dz\/ledefi\/index.php?rest_route=%2Fwp%2Fv2%2Fcomments&post=34"}],"version-history":[{"count":5,"href":"https:\/\/www.univ-oeb.dz\/ledefi\/index.php?rest_route=\/wp\/v2\/pages\/34\/revisions"}],"predecessor-version":[{"id":534,"href":"https:\/\/www.univ-oeb.dz\/ledefi\/index.php?rest_route=\/wp\/v2\/pages\/34\/revisions\/534"}],"wp:attachment":[{"href":"https:\/\/www.univ-oeb.dz\/ledefi\/index.php?rest_route=%2Fwp%2Fv2%2Fmedia&parent=34"}],"curies":[{"name":"wp","href":"https:\/\/api.w.org\/{rel}","templated":true}]}}