{"id":32,"date":"2018-04-12T06:08:51","date_gmt":"2018-04-12T03:08:51","guid":{"rendered":"https:\/\/www.univ-oeb.dz\/ledefi\/?page_id=32"},"modified":"2020-07-10T02:44:23","modified_gmt":"2020-07-10T01:44:23","slug":"%d8%a7%d9%84%d8%b9%d8%af%d8%af-2","status":"publish","type":"page","link":"https:\/\/www.univ-oeb.dz\/ledefi\/?page_id=32","title":{"rendered":"\u0627\u0644\u0639\u062f\u062f 2"},"content":{"rendered":"<table style=\"height: 392px;\" width=\"701\">\n<tbody>\n<tr>\n<td colspan=\"3\">\n<p style=\"text-align: center;\"><strong>\u0627\u0644\u0645\u0642\u0627\u0644\u0627\u062a \u0628\u0627\u0644\u0644\u063a\u0629 \u0627\u0644\u0639\u0631\u0628\u064a\u0629<\/strong><\/p>\n<\/td>\n<\/tr>\n<tr>\n<td width=\"147\">\u062f.\u0639\u0628\u0627\u0633 \u062c\u0645\u0627\u0644<\/td>\n<td width=\"420\"><strong>\u0645\u062f\u0649 \u0641\u0627\u0639\u0644\u064a\u0629 \u0627\u0644\u0634\u0639\u0627\u0626\u0631 \u0627\u0644\u062f\u064a\u0646\u064a\u0629 \u0641\u064a \u0639\u0645\u0644\u064a\u0629 \u0627\u0644\u062a\u062d\u0636\u064a\u0631 \u0627\u0644\u0646\u0641\u0633\u064a \u0627\u0644\u0631\u064a\u0627\u0636\u064a \u0627\u0644\u0646\u062e\u0628\u0648\u064a <\/strong><\/td>\n<td>\u00a0<a href=\"https:\/\/www.univ-oeb.dz\/ledefi\/wp-content\/uploads\/2020\/07\/D\u00e9fi2AR1.pdf\"><img loading=\"lazy\" class=\"size-full wp-image-67 aligncenter\" src=\"https:\/\/www.univ-oeb.dz\/ledefi\/wp-content\/uploads\/2018\/04\/FF.png\" alt=\"\" width=\"50\" height=\"50\" \/><\/a><\/td>\n<\/tr>\n<tr>\n<td width=\"147\">\u062f.\u0628\u0648\u0633\u0643\u0631\u0629 \u0623\u062d\u0645\u062f<\/td>\n<td width=\"420\"><strong>\u0623\u0633\u0633 \u0627\u0644\u062a\u062f\u0631\u064a\u0628 \u0627\u0644\u0641\u0639\u0627\u0644 \u0641\u064a \u0643\u0631\u0629 \u0627\u0644\u064a\u062f<\/strong><\/td>\n<td>\u00a0<a href=\"https:\/\/www.univ-oeb.dz\/ledefi\/wp-content\/uploads\/2020\/07\/D\u00e9fi2AR2.pdf\"><img loading=\"lazy\" class=\"size-full wp-image-67 aligncenter\" src=\"https:\/\/www.univ-oeb.dz\/ledefi\/wp-content\/uploads\/2018\/04\/FF.png\" alt=\"\" width=\"50\" height=\"50\" \/><\/a><\/td>\n<\/tr>\n<tr>\n<td width=\"147\">\u062f. \u0633\u0644\u0627\u0645\u064a \u0639\u0628\u062f \u0627\u0644\u0631\u062d\u064a\u0645<\/td>\n<td width=\"420\"><strong>\u0634\u0628\u0643\u0629 \u0627\u0644\u0634\u0643\u0644 \u0627\u0644\u062c\u0627\u0646\u0628\u064a \u0644\u0644\u0642\u064a\u0627\u0633\u0627\u062a \u0627\u0644\u0623\u0646\u062a\u0631\u0648\u0628\u0648\u0645\u062a\u0631\u064a\u0629 \u0644\u062a\u0648\u062c\u064a\u0647 \u0648 \u0627\u0646\u062a\u0642\u0627\u0621 \u0627\u0644\u062a\u0644\u0627\u0645\u064a\u0630 \u0627\u0644\u0630\u0643\u0648\u0631 \u0628\u0623\u0639\u0645\u0627\u0631 (15-18 \u0633\u0646\u0629) \u0646\u062d\u0648 \u0645\u0645\u0627\u0631\u0633\u0629 \u0627\u0644\u0623\u0646\u0634\u0637\u0629 \u0627\u0644\u0631\u064a\u0627\u0636\u064a\u0629 <\/strong><\/td>\n<td>\u00a0<a href=\"https:\/\/www.univ-oeb.dz\/ledefi\/wp-content\/uploads\/2020\/07\/D\u00e9fi2AR3.pdf\"><img loading=\"lazy\" class=\"size-full wp-image-67 aligncenter\" src=\"https:\/\/www.univ-oeb.dz\/ledefi\/wp-content\/uploads\/2018\/04\/FF.png\" alt=\"\" width=\"50\" height=\"50\" \/><\/a><\/td>\n<\/tr>\n<tr>\n<td width=\"147\">\u062f. \u064a\u062d\u064a\u0627\u0648\u064a \u0627\u0644\u0633\u0639\u064a\u062f<\/td>\n<td width=\"420\"><strong>\u062a\u0637\u0648\u0631 \u0627\u0644\u0646\u0634\u0627\u0637 \u0627\u0644\u0628\u062f\u0646\u064a \u0627\u0644\u0631\u064a\u0627\u0636\u064a \u0641\u064a \u0627\u0644\u0639\u0635\u0648\u0631 \u0627\u0644\u0642\u062f\u064a\u0645\u0629 <\/strong><\/td>\n<td><a href=\"https:\/\/www.univ-oeb.dz\/ledefi\/wp-content\/uploads\/2020\/07\/D\u00e9fi2AR4.pdf\"><img loading=\"lazy\" class=\"size-full wp-image-67 aligncenter\" src=\"https:\/\/www.univ-oeb.dz\/ledefi\/wp-content\/uploads\/2018\/04\/FF.png\" alt=\"\" width=\"50\" height=\"50\" \/><\/a><\/td>\n<\/tr>\n<tr>\n<td width=\"147\">\u0623. \u0639\u0628\u062f \u0627\u0644\u0639\u0632\u064a\u0632 \u0627\u0644\u0648\u0635\u0627\u0628\u064a<\/td>\n<td width=\"420\"><strong>\u062a\u0623\u062b\u064a\u0631 \u0628\u0631\u0646\u0627\u0645\u062c \u062a\u062f\u0631\u064a\u0628\u064a \u0645\u0642\u062a\u0631\u062d \u0644\u062a\u0637\u0648\u064a\u0631 \u0627\u0644\u0642\u062f\u0631\u0627\u062a \u0627\u0644\u062e\u0627\u0635\u0629 \u0644\u0631\u064a\u0627\u0636\u064a \u0627\u0644\u0643\u064a\u0643 \u0628\u0648\u0643\u0633\u064a\u0646\u063a \u0627\u0644\u0645\u0633\u062a\u0648\u0649 \u0627\u0644\u0639\u0627\u0644\u064a <\/strong><\/td>\n<td><a href=\"https:\/\/www.univ-oeb.dz\/ledefi\/wp-content\/uploads\/2020\/07\/D\u00e9fi2AR5.pdf\"><img loading=\"lazy\" class=\"size-full wp-image-67 aligncenter\" src=\"https:\/\/www.univ-oeb.dz\/ledefi\/wp-content\/uploads\/2018\/04\/FF.png\" alt=\"\" width=\"50\" height=\"50\" \/><\/a><\/td>\n<\/tr>\n<\/tbody>\n<\/table>\n<p>&nbsp;<\/p>\n<table style=\"height: 399px;\" width=\"700\">\n<tbody>\n<tr>\n<td style=\"text-align: center;\" colspan=\"3\"><strong>\u0627\u0644\u0645\u0642\u0627\u0644\u0627\u062a \u0628\u0627\u0644\u0644\u063a\u0629 \u0627\u0644\u0623\u062c\u0646\u0628\u064a\u0629<\/strong><\/td>\n<\/tr>\n<tr>\n<td width=\"166\">Dr. Boutebba Mourad<\/td>\n<td width=\"401\"><strong>Le coping face \u00e0 l&#8217;agressivit\u00e9 de comp\u00e9tition chez les volleyeurs de haut niveau alg\u00e9riens. \u00a0<\/strong><\/td>\n<td>\u00a0<a href=\"https:\/\/www.univ-oeb.dz\/ledefi\/wp-content\/uploads\/2020\/07\/D\u00e9fi2FR1.pdf\"><img loading=\"lazy\" class=\"size-full wp-image-67 aligncenter\" src=\"https:\/\/www.univ-oeb.dz\/ledefi\/wp-content\/uploads\/2018\/04\/FF.png\" alt=\"\" width=\"50\" height=\"50\" \/><\/a><\/td>\n<\/tr>\n<tr>\n<td width=\"166\">Dr. Bendahmane Nacer Eddine<\/td>\n<td width=\"401\"><strong>Les normes physiques et techniques comme crit\u00e8res d s\u00e9lection chez les athl\u00e8tes. <\/strong><\/td>\n<td><a href=\"https:\/\/www.univ-oeb.dz\/ledefi\/wp-content\/uploads\/2020\/07\/D\u00e9fi2FR2.pdf\"><img loading=\"lazy\" class=\"size-full wp-image-67 aligncenter\" src=\"https:\/\/www.univ-oeb.dz\/ledefi\/wp-content\/uploads\/2018\/04\/FF.png\" alt=\"\" width=\"50\" height=\"50\" \/><\/a><\/td>\n<\/tr>\n<tr>\n<td width=\"166\">Dr. Chiha Fouad<\/td>\n<td width=\"401\"><strong>Les effets du je\u00fbne du ramadan sur le profil nutritionnel et sur l&#8217;aptitude a\u00e9robie des footballeurs.\u00a0\u00a0 <\/strong><\/td>\n<td><a href=\"https:\/\/www.univ-oeb.dz\/ledefi\/wp-content\/uploads\/2020\/07\/D\u00e9fi2FR3.pdf\"><img loading=\"lazy\" class=\"size-full wp-image-67 aligncenter\" src=\"https:\/\/www.univ-oeb.dz\/ledefi\/wp-content\/uploads\/2018\/04\/FF.png\" alt=\"\" width=\"50\" height=\"50\" \/><\/a><\/td>\n<\/tr>\n<tr>\n<td width=\"166\">Dr. Khiat Belkacem<\/td>\n<td width=\"401\"><strong>Les effets de la maturation pubertaire sur le d\u00e9veloppement des puissances a\u00e9ro-ana\u00e9robie chez le coll\u00e9gien de 11-16 ans.<\/strong><\/td>\n<td><a href=\"https:\/\/www.univ-oeb.dz\/ledefi\/wp-content\/uploads\/2020\/07\/D\u00e9fi2FR4.pdf\"><img loading=\"lazy\" class=\"size-full wp-image-67 aligncenter\" src=\"https:\/\/www.univ-oeb.dz\/ledefi\/wp-content\/uploads\/2018\/04\/FF.png\" alt=\"\" width=\"50\" height=\"50\" \/><\/a><\/td>\n<\/tr>\n<tr>\n<td width=\"166\">Dr. Bouadjenek Kamel<\/td>\n<td width=\"401\"><strong>L&#8217;agressivit\u00e9 dans le domaine sportif.<\/strong><\/td>\n<td><a href=\"https:\/\/www.univ-oeb.dz\/ledefi\/wp-content\/uploads\/2020\/07\/D\u00e9fi2FR5.pdf\"><img loading=\"lazy\" class=\"size-full wp-image-67 aligncenter\" src=\"https:\/\/www.univ-oeb.dz\/ledefi\/wp-content\/uploads\/2018\/04\/FF.png\" alt=\"\" width=\"50\" height=\"50\" \/><\/a><\/td>\n<\/tr>\n<\/tbody>\n<\/table>\n<p>&nbsp;<\/p>\n<table style=\"height: 227px;\" width=\"700\">\n<tbody>\n<tr>\n<td colspan=\"2\">\n<p style=\"text-align: center;\"><strong>\u062a\u062d\u0645\u064a\u0644 \u0627\u0644\u0639\u062f\u062f 2 \u0643\u0627\u0645\u0644\u0627<\/strong><\/p>\n<\/td>\n<\/tr>\n<tr>\n<td width=\"567\"><strong>\u063a\u0644\u0627\u0641 \u0627\u0644\u0639\u062f\u062f 2<\/strong><\/td>\n<td><a href=\"https:\/\/www.univ-oeb.dz\/ledefi\/wp-content\/uploads\/2020\/07\/2-Cover.pdf\"><img loading=\"lazy\" class=\"size-full wp-image-67 aligncenter\" src=\"https:\/\/www.univ-oeb.dz\/ledefi\/wp-content\/uploads\/2018\/04\/FF.png\" alt=\"\" width=\"50\" height=\"50\" \/><\/a><\/td>\n<\/tr>\n<tr>\n<td width=\"567\"><strong>\u0641\u0647\u0631\u0633 \u0627\u0644\u0639\u062f\u062f 2<\/strong><\/td>\n<td><a href=\"https:\/\/www.univ-oeb.dz\/ledefi\/wp-content\/uploads\/2020\/07\/2-Sommaire.pdf\"><img loading=\"lazy\" class=\"size-full wp-image-67 aligncenter\" src=\"https:\/\/www.univ-oeb.dz\/ledefi\/wp-content\/uploads\/2018\/04\/FF.png\" alt=\"\" width=\"50\" height=\"50\" \/><\/a><\/td>\n<\/tr>\n<tr>\n<td width=\"567\"><strong>\u062a\u062d\u0645\u064a\u0644 \u062c\u0632\u0621 \u0627\u0644\u0645\u0642\u0627\u0644\u0627\u062a \u0628\u0627\u0644\u0644\u063a\u0629 \u0627\u0644\u0639\u0631\u0628\u064a\u0629<\/strong><\/td>\n<td><a href=\"https:\/\/www.univ-oeb.dz\/ledefi\/wp-content\/uploads\/2020\/07\/D\u00e9fi2AR.pdf\"><img loading=\"lazy\" class=\"size-full wp-image-67 aligncenter\" src=\"https:\/\/www.univ-oeb.dz\/ledefi\/wp-content\/uploads\/2018\/04\/FF.png\" alt=\"\" width=\"50\" height=\"50\" \/><\/a><\/td>\n<\/tr>\n<tr>\n<td width=\"567\"><strong>\u062a\u062d\u0645\u064a\u0644 \u062c\u0632\u0621 \u0627\u0644\u0645\u0642\u0627\u0644\u0627\u062a \u0628\u0627\u0644\u0644\u063a\u0629 \u0627\u0644\u0623\u062c\u0646\u0628\u064a\u0629<\/strong><\/td>\n<td><a href=\"https:\/\/www.univ-oeb.dz\/ledefi\/wp-content\/uploads\/2020\/07\/D\u00e9fi2FR.pdf\"><img loading=\"lazy\" class=\"size-full wp-image-67 aligncenter\" src=\"https:\/\/www.univ-oeb.dz\/ledefi\/wp-content\/uploads\/2018\/04\/FF.png\" alt=\"\" width=\"50\" height=\"50\" \/><\/a><\/td>\n<\/tr>\n<\/tbody>\n<\/table>\n","protected":false},"excerpt":{"rendered":"<p>\u0627\u0644\u0645\u0642\u0627\u0644\u0627\u062a \u0628\u0627\u0644\u0644\u063a\u0629 \u0627\u0644\u0639\u0631\u0628\u064a\u0629 \u062f.\u0639\u0628\u0627\u0633 \u062c\u0645\u0627\u0644 \u0645\u062f\u0649 \u0641\u0627\u0639\u0644\u064a\u0629 \u0627\u0644\u0634\u0639\u0627\u0626\u0631 \u0627\u0644\u062f\u064a\u0646\u064a\u0629 \u0641\u064a \u0639\u0645\u0644\u064a\u0629 \u0627\u0644\u062a\u062d\u0636\u064a\u0631 \u0627\u0644\u0646\u0641\u0633\u064a \u0627\u0644\u0631\u064a\u0627\u0636\u064a \u0627\u0644\u0646\u062e\u0628\u0648\u064a \u00a0 \u062f.\u0628\u0648\u0633\u0643\u0631\u0629 \u0623\u062d\u0645\u062f \u0623\u0633\u0633 \u0627\u0644\u062a\u062f\u0631\u064a\u0628 \u0627\u0644\u0641\u0639\u0627\u0644 \u0641\u064a \u0643\u0631\u0629 \u0627\u0644\u064a\u062f \u00a0 \u062f. \u0633\u0644\u0627\u0645\u064a \u0639\u0628\u062f \u0627\u0644\u0631\u062d\u064a\u0645 \u0634\u0628\u0643\u0629 \u0627\u0644\u0634\u0643\u0644 \u0627\u0644\u062c\u0627\u0646\u0628\u064a \u0644\u0644\u0642\u064a\u0627\u0633\u0627\u062a \u0627\u0644\u0623\u0646\u062a\u0631\u0648\u0628\u0648\u0645\u062a\u0631\u064a\u0629 \u0644\u062a\u0648\u062c\u064a\u0647 \u0648 \u0627\u0646\u062a\u0642\u0627\u0621 \u0627\u0644\u062a\u0644\u0627\u0645\u064a\u0630 \u0627\u0644\u0630\u0643\u0648\u0631 \u0628\u0623\u0639\u0645\u0627\u0631 (15-18 \u0633\u0646\u0629) \u0646\u062d\u0648 \u0645\u0645\u0627\u0631\u0633\u0629 \u0627\u0644\u0623\u0646\u0634\u0637\u0629 \u0627\u0644\u0631\u064a\u0627\u0636\u064a\u0629 \u00a0 \u062f. \u064a\u062d\u064a\u0627\u0648\u064a \u0627\u0644\u0633\u0639\u064a\u062f \u062a\u0637\u0648\u0631 \u0627\u0644\u0646\u0634\u0627\u0637 \u0627\u0644\u0628\u062f\u0646\u064a \u0627\u0644\u0631\u064a\u0627\u0636\u064a \u0641\u064a [&hellip;]<\/p>\n","protected":false},"author":1,"featured_media":0,"parent":0,"menu_order":0,"comment_status":"closed","ping_status":"closed","template":"","meta":[],"_links":{"self":[{"href":"https:\/\/www.univ-oeb.dz\/ledefi\/index.php?rest_route=\/wp\/v2\/pages\/32"}],"collection":[{"href":"https:\/\/www.univ-oeb.dz\/ledefi\/index.php?rest_route=\/wp\/v2\/pages"}],"about":[{"href":"https:\/\/www.univ-oeb.dz\/ledefi\/index.php?rest_route=\/wp\/v2\/types\/page"}],"author":[{"embeddable":true,"href":"https:\/\/www.univ-oeb.dz\/ledefi\/index.php?rest_route=\/wp\/v2\/users\/1"}],"replies":[{"embeddable":true,"href":"https:\/\/www.univ-oeb.dz\/ledefi\/index.php?rest_route=%2Fwp%2Fv2%2Fcomments&post=32"}],"version-history":[{"count":5,"href":"https:\/\/www.univ-oeb.dz\/ledefi\/index.php?rest_route=\/wp\/v2\/pages\/32\/revisions"}],"predecessor-version":[{"id":506,"href":"https:\/\/www.univ-oeb.dz\/ledefi\/index.php?rest_route=\/wp\/v2\/pages\/32\/revisions\/506"}],"wp:attachment":[{"href":"https:\/\/www.univ-oeb.dz\/ledefi\/index.php?rest_route=%2Fwp%2Fv2%2Fmedia&parent=32"}],"curies":[{"name":"wp","href":"https:\/\/api.w.org\/{rel}","templated":true}]}}