{"id":94,"date":"2023-08-31T09:21:54","date_gmt":"2023-08-31T09:21:54","guid":{"rendered":"http:\/\/www.univ-oeb.dz\/ista\/?page_id=94"},"modified":"2026-02-01T12:55:39","modified_gmt":"2026-02-01T12:55:39","slug":"%d8%af%d8%b1%d9%88%d8%b3-%d8%b9%d9%84%d9%89-%d8%a7%d9%84%d8%ae%d8%b7","status":"publish","type":"page","link":"https:\/\/www.univ-oeb.dz\/ista\/%d8%af%d8%b1%d9%88%d8%b3-%d8%b9%d9%84%d9%89-%d8%a7%d9%84%d8%ae%d8%b7\/","title":{"rendered":"\u062f\u0631\u0648\u0633 \u0639\u0644\u0649 \u0627\u0644\u062e\u0637"},"content":{"rendered":"\n<p class=\"has-text-align-right\"><strong>\u062a\u0633\u064a\u064a\u0631 \u0627\u0644\u0645\u0624\u0633\u0633\u0627\u062a \u0648\u0627\u0644\u0625\u062f\u0627\u0631\u0627\u062a<\/strong><\/p>\n\n\n\n<ul class=\"wp-block-list\">\n<li><a href=\"https:\/\/www.univ-oeb.dz\/ista\/wp-content\/uploads\/2024\/09\/Recrutement-et-gestion-de-carriere-Tlilani.pdf\"><strong>Recrutement et gestion de carri\u00e8re<\/strong> &#8211; <strong>Tlilani Fatima Zahra<\/strong><\/a><\/li>\n\n\n\n<li><a href=\"https:\/\/www.univ-oeb.dz\/ista\/wp-content\/uploads\/2024\/09\/polycopie-Tlilani-systemes-de-gestion.pdf\"><strong>Systemes de gestion<\/strong> &#8211; <strong>Tlilani Fatima Zahra<\/strong><\/a><\/li>\n<\/ul>\n\n\n\n<p class=\"has-text-align-right\"><strong>\u0627\u0644\u0634\u0628\u0643\u0627\u062a \u0648\u0627\u0644\u0627\u062a\u0635\u0627\u0644\u0627\u062a<\/strong><\/p>\n\n\n\n<ul class=\"wp-block-list\">\n<li><strong><a href=\"https:\/\/www.univ-oeb.dz\/ista\/wp-content\/uploads\/2023\/08\/SUPPORT-DE-COURS_merged.pdf\" target=\"_blank\" rel=\"noreferrer noopener\">Electronique 04 Cours &#8211; Dr. Imad Benacer<\/a><\/strong><\/li>\n\n\n\n<li><strong><a href=\"https:\/\/www.univ-oeb.dz\/ista\/wp-content\/uploads\/2023\/08\/SUPPORT-DE-TD_merged.pdf\" target=\"_blank\" rel=\"noreferrer noopener\">Electronique 04 TD &#8211; Dr. Imad Benacer<\/a><\/strong><\/li>\n\n\n\n<li><a href=\"https:\/\/www.univ-oeb.dz\/ista\/wp-content\/uploads\/2024\/12\/Informatique-dinstrumentation-II.pdf\"><strong>Informatique d\u2019instrumentation II<\/strong> &#8211; <strong>Dr. Moulahcene fateh<\/strong><\/a><\/li>\n<\/ul>\n\n\n\n<h4 class=\"wp-block-heading has-text-align-right\">\u0642\u064a\u0627\u0633\u0627\u062a \u0641\u064a\u0632\u064a\u0627\u0626\u064a\u0629<\/h4>\n\n\n\n<ul class=\"wp-block-list\">\n<li><a href=\"https:\/\/www.univ-oeb.dz\/ista\/wp-content\/uploads\/2023\/08\/Systeme-Optique-1_bouaicha.pdf\" target=\"_blank\" rel=\"noreferrer noopener\">Syst\u00e8me Optique 1 \u2013 Dr. Boua\u00efcha Faiza<\/a><\/li>\n\n\n\n<li><a href=\"https:\/\/www.univ-oeb.dz\/ista\/wp-content\/uploads\/2026\/02\/STMO-Course-ZAITER.pdf\">The Atomic and Molecular Structure<\/a><\/li>\n<\/ul>\n\n\n\n<h4 class=\"wp-block-heading has-text-align-right\">\u0647\u0646\u062f\u0633\u0629 \u0628\u064a\u0648\u0644\u0648\u062c\u064a\u0629<\/h4>\n\n\n\n<p><strong>Cours de Dr Mosbah Cam\u00e9lia:<\/strong><\/p>\n\n\n\n<ul class=\"wp-block-list\">\n<li><a href=\"https:\/\/www.univ-oeb.dz\/ista\/wp-content\/uploads\/2025\/12\/Polycopie-cellulaire-2023.pdf\">Biologie &amp; physiologie cellulaire<\/a><\/li>\n\n\n\n<li><a href=\"https:\/\/www.univ-oeb.dz\/ista\/wp-content\/uploads\/2025\/12\/Projet-Personnel-et-Professionnel-PPP-L1.pdf\">Projet Personnel et Professionnel (PPP) L1<\/a><\/li>\n<\/ul>\n\n\n\n<ul class=\"wp-block-list\">\n<li><a href=\"https:\/\/www.univ-oeb.dz\/ista\/wp-content\/uploads\/2023\/08\/Chapitre-01.pdf\" target=\"_blank\" rel=\"noreferrer noopener\">Chapitre 01 : Mesures de s\u00e9curit\u00e9 en laboratoire de chimie et de biochimie<\/a><\/li>\n\n\n\n<li><a href=\"https:\/\/www.univ-oeb.dz\/ista\/wp-content\/uploads\/2023\/08\/Chapitre-02.pdf\" target=\"_blank\" rel=\"noreferrer noopener\">Chapitre II : La chromatographie<\/a><\/li>\n\n\n\n<li><a href=\"https:\/\/www.univ-oeb.dz\/ista\/wp-content\/uploads\/2023\/08\/Chapitre-03-.pdf\" target=\"_blank\" rel=\"noreferrer noopener\">Chapitre III : Le dosage<\/a><\/li>\n\n\n\n<li><a href=\"https:\/\/www.univ-oeb.dz\/ista\/wp-content\/uploads\/2023\/08\/TD-02-de-chromatographie.pdf\" target=\"_blank\" rel=\"noreferrer noopener\">TD02 : La chromatographie<\/a><\/li>\n\n\n\n<li><a href=\"https:\/\/www.univ-oeb.dz\/ista\/wp-content\/uploads\/2023\/08\/TD-02-de-chromatographie-corrige.pdf\" target=\"_blank\" rel=\"noreferrer noopener\">TD02 : La chromatographie (corrig\u00e9)<\/a><\/li>\n\n\n\n<li><a href=\"https:\/\/www.univ-oeb.dz\/ista\/wp-content\/uploads\/2023\/08\/TD-03-DOSAGE.pdf\" target=\"_blank\" rel=\"noreferrer noopener\">TD03 : Le dosage<\/a><\/li>\n<\/ul>\n","protected":false},"excerpt":{"rendered":"<p>\u062a\u0633\u064a\u064a\u0631 \u0627\u0644\u0645\u0624\u0633\u0633\u0627\u062a \u0648\u0627\u0644\u0625\u062f\u0627\u0631\u0627\u062a Recrutement et gestion de carri\u00e8re &#8211; Tlilani Fatima Zahra Systemes de gestion &#8211; Tlilani Fatima Zahra \u0627\u0644\u0634\u0628\u0643\u0627\u062a \u0648\u0627\u0644\u0627\u062a\u0635\u0627\u0644\u0627\u062a Electronique 04 Cours &#8211; Dr. Imad Benacer Electronique 04 TD &#8211; Dr. Imad Benacer Informatique d\u2019instrumentation II &#8211; Dr. Moulahcene fateh \u0642\u064a\u0627\u0633\u0627\u062a \u0641\u064a\u0632\u064a\u0627\u0626\u064a\u0629 Syst\u00e8me Optique 1 \u2013 Dr. Boua\u00efcha Faiza The Atomic and Molecular Structure \u0647\u0646\u062f\u0633\u0629 \u0628\u064a\u0648\u0644\u0648\u062c\u064a\u0629 Cours de Dr Mosbah Cam\u00e9lia: Biologie &amp; physiologie cellulaire Projet Personnel et Professionnel (PPP) L1 Chapitre 01 : Mesures de s\u00e9curit\u00e9 en laboratoire de chimie et de biochimie Chapitre II : La chromatographie Chapitre III : Le dosage TD02 : La chromatographie TD02 : La chromatographie (corrig\u00e9) TD03 : Le dosage<\/p>\n","protected":false},"author":1,"featured_media":0,"parent":0,"menu_order":0,"comment_status":"closed","ping_status":"closed","template":"","meta":{"footnotes":""},"class_list":["post-94","page","type-page","status-publish","hentry"],"_links":{"self":[{"href":"https:\/\/www.univ-oeb.dz\/ista\/wp-json\/wp\/v2\/pages\/94"}],"collection":[{"href":"https:\/\/www.univ-oeb.dz\/ista\/wp-json\/wp\/v2\/pages"}],"about":[{"href":"https:\/\/www.univ-oeb.dz\/ista\/wp-json\/wp\/v2\/types\/page"}],"author":[{"embeddable":true,"href":"https:\/\/www.univ-oeb.dz\/ista\/wp-json\/wp\/v2\/users\/1"}],"replies":[{"embeddable":true,"href":"https:\/\/www.univ-oeb.dz\/ista\/wp-json\/wp\/v2\/comments?post=94"}],"version-history":[{"count":5,"href":"https:\/\/www.univ-oeb.dz\/ista\/wp-json\/wp\/v2\/pages\/94\/revisions"}],"predecessor-version":[{"id":6015,"href":"https:\/\/www.univ-oeb.dz\/ista\/wp-json\/wp\/v2\/pages\/94\/revisions\/6015"}],"wp:attachment":[{"href":"https:\/\/www.univ-oeb.dz\/ista\/wp-json\/wp\/v2\/media?parent=94"}],"curies":[{"name":"wp","href":"https:\/\/api.w.org\/{rel}","templated":true}]}}