{"id":47,"date":"2023-08-30T10:42:38","date_gmt":"2023-08-30T10:42:38","guid":{"rendered":"http:\/\/www.univ-oeb.dz\/ista\/?page_id=47"},"modified":"2023-09-19T14:30:58","modified_gmt":"2023-09-19T14:30:58","slug":"%d8%a7%d9%84%d9%85%d8%b9%d9%87%d8%af-%d8%a8%d8%a7%d9%84%d8%a3%d8%b1%d9%82%d8%a7%d9%85","status":"publish","type":"page","link":"https:\/\/www.univ-oeb.dz\/ista\/%d8%a7%d9%84%d9%85%d8%b9%d9%87%d8%af-%d8%a8%d8%a7%d9%84%d8%a3%d8%b1%d9%82%d8%a7%d9%85\/","title":{"rendered":"\u0627\u0644\u0645\u0639\u0647\u062f \u0628\u0627\u0644\u0623\u0631\u0642\u0627\u0645"},"content":{"rendered":"\n<blockquote class=\"wp-block-quote has-text-align-right is-layout-flow wp-block-quote-is-layout-flow\">\n<p class=\"has-text-align-right\"><strong>\u0642\u0633\u0645 \u062a\u0633\u064a\u064a\u0631 \u0627\u0644\u0645\u0624\u0633\u0633\u0627\u062a \u0648\u0627\u0644\u0625\u062f\u0627\u0631\u0627\u062a<\/strong><\/p>\n\n\n\n<p class=\"has-text-align-right\"><strong>\u0639\u062f\u062f \u0627\u0644\u0637\u0644\u0628\u0629 188 \u0637\u0627\u0644\u0628 \u0645\u0648\u0632\u0639\u064a\u0646 \u0643\u0627\u0644\u0622\u062a\u064a<\/strong><\/p>\n\n\n\n<p class=\"has-text-align-right\">Premi\u00e8re ann\u00e9e :\u00a0<strong>50<\/strong><\/p>\n\n\n\n<p class=\"has-text-align-right\">Deuxi\u00e8me Ann\u00e9e:\u00a0<strong>53<\/strong><\/p>\n\n\n\n<p class=\"has-text-align-right\">Troisi\u00e8me Ann\u00e9e:\u00a0<strong>54<\/strong><\/p>\n\n\n\n<p>Master 1:\u00a0<strong>20<\/strong><\/p>\n\n\n\n<p class=\"has-text-align-right\">Master 2:\u00a0<strong>11<\/strong><\/p>\n<\/blockquote>\n\n\n\n<blockquote class=\"wp-block-quote has-text-align-right is-layout-flow wp-block-quote-is-layout-flow\">\n<p class=\"has-text-align-right\"><strong>\u0642\u0633\u0645 \u0642\u064a\u0627\u0633\u0627\u062a \u0641\u064a\u0632\u064a\u0627\u0626\u064a\u0629<\/strong><\/p>\n\n\n\n<p class=\"has-text-align-right\"><strong><strong>\u0639\u062f\u062f \u0627\u0644\u0637\u0644\u0628\u0629 125 \u0637\u0627\u0644\u0628 \u0645\u0648\u0632\u0639\u064a\u0646 \u0643\u0627\u0644\u0622\u062a\u064a<\/strong><\/strong><\/p>\n\n\n\n<p class=\"has-text-align-right\">Premi\u00e8re ann\u00e9e :\u00a0<strong>68<\/strong><\/p>\n\n\n\n<p class=\"has-text-align-right\">Deuxi\u00e8me Ann\u00e9e:\u00a0<strong>23<\/strong><\/p>\n\n\n\n<p class=\"has-text-align-right\">Troisi\u00e8me Ann\u00e9e:\u00a0<strong>34<\/strong><\/p>\n<\/blockquote>\n\n\n\n<blockquote class=\"wp-block-quote has-text-align-right is-layout-flow wp-block-quote-is-layout-flow\">\n<p><strong>\u0642\u0633\u0645 \u0627\u0644\u0634\u0628\u0643\u0627\u062a \u0648\u0627\u0644\u0627\u062a\u0635\u0627\u0644\u0627\u062a<\/strong><\/p>\n\n\n\n<p><strong><strong>\u0639\u062f\u062f \u0627\u0644\u0637\u0644\u0628\u0629 216 \u0637\u0627\u0644\u0628 \u0645\u0648\u0632\u0639\u064a\u0646 \u0643\u0627\u0644\u0622\u062a\u064a<\/strong><\/strong><\/p>\n\n\n\n<p>Premi\u00e8re ann\u00e9e :\u00a0<strong>70<\/strong><\/p>\n\n\n\n<p>Deuxi\u00e8me Ann\u00e9e:\u00a0<strong>60<\/strong><\/p>\n\n\n\n<p>Troisi\u00e8me Ann\u00e9e:\u00a0<strong>39<\/strong><\/p>\n\n\n\n<p>Master 1:\u00a0<strong>27<\/strong><\/p>\n\n\n\n<p>Master 2:\u00a0<strong>20<\/strong><\/p>\n<\/blockquote>\n\n\n\n<blockquote class=\"wp-block-quote has-text-align-right is-layout-flow wp-block-quote-is-layout-flow\">\n<p><strong>\u0642\u0633\u0645 \u0627\u0644\u0647\u0646\u062f\u0633\u0629 \u0627\u0644\u0628\u064a\u0648\u0644\u0648\u062c\u064a\u0629<\/strong><\/p>\n\n\n\n<p><strong><strong>\u0639\u062f\u062f \u0627\u0644\u0637\u0644\u0628\u0629 126 \u0637\u0627\u0644\u0628 \u0645\u0648\u0632\u0639\u064a\u0646 \u0643\u0627\u0644\u0622\u062a\u064a<\/strong><\/strong><\/p>\n\n\n\n<p>Premi\u00e8re ann\u00e9e :\u00a0<strong>47<\/strong><\/p>\n\n\n\n<p>Deuxi\u00e8me Ann\u00e9e:&nbsp;<strong>28<\/strong><\/p>\n\n\n\n<p>Troisi\u00e8me Ann\u00e9e:\u00a0<strong>27<\/strong><\/p>\n\n\n\n<p>Master 1:\u00a0<strong>11<\/strong><\/p>\n\n\n\n<p>Master 2:\u00a0<strong>13<\/strong><\/p>\n<\/blockquote>\n","protected":false},"excerpt":{"rendered":"<p>\u0642\u0633\u0645 \u062a\u0633\u064a\u064a\u0631 \u0627\u0644\u0645\u0624\u0633\u0633\u0627\u062a \u0648\u0627\u0644\u0625\u062f\u0627\u0631\u0627\u062a \u0639\u062f\u062f \u0627\u0644\u0637\u0644\u0628\u0629 188 \u0637\u0627\u0644\u0628 \u0645\u0648\u0632\u0639\u064a\u0646 \u0643\u0627\u0644\u0622\u062a\u064a Premi\u00e8re ann\u00e9e :\u00a050 Deuxi\u00e8me Ann\u00e9e:\u00a053 Troisi\u00e8me Ann\u00e9e:\u00a054 Master 1:\u00a020 Master 2:\u00a011 \u0642\u0633\u0645 \u0642\u064a\u0627\u0633\u0627\u062a \u0641\u064a\u0632\u064a\u0627\u0626\u064a\u0629 \u0639\u062f\u062f \u0627\u0644\u0637\u0644\u0628\u0629 125 \u0637\u0627\u0644\u0628 \u0645\u0648\u0632\u0639\u064a\u0646 \u0643\u0627\u0644\u0622\u062a\u064a Premi\u00e8re ann\u00e9e :\u00a068 Deuxi\u00e8me Ann\u00e9e:\u00a023 Troisi\u00e8me Ann\u00e9e:\u00a034 \u0642\u0633\u0645 \u0627\u0644\u0634\u0628\u0643\u0627\u062a \u0648\u0627\u0644\u0627\u062a\u0635\u0627\u0644\u0627\u062a \u0639\u062f\u062f \u0627\u0644\u0637\u0644\u0628\u0629 216 \u0637\u0627\u0644\u0628 \u0645\u0648\u0632\u0639\u064a\u0646 \u0643\u0627\u0644\u0622\u062a\u064a Premi\u00e8re ann\u00e9e :\u00a070 Deuxi\u00e8me Ann\u00e9e:\u00a060 Troisi\u00e8me Ann\u00e9e:\u00a039 Master 1:\u00a027 Master 2:\u00a020 \u0642\u0633\u0645 \u0627\u0644\u0647\u0646\u062f\u0633\u0629 \u0627\u0644\u0628\u064a\u0648\u0644\u0648\u062c\u064a\u0629 \u0639\u062f\u062f \u0627\u0644\u0637\u0644\u0628\u0629 126 \u0637\u0627\u0644\u0628 \u0645\u0648\u0632\u0639\u064a\u0646 \u0643\u0627\u0644\u0622\u062a\u064a Premi\u00e8re ann\u00e9e :\u00a047 Deuxi\u00e8me Ann\u00e9e:&nbsp;28 Troisi\u00e8me Ann\u00e9e:\u00a027 Master 1:\u00a011 Master 2:\u00a013<\/p>\n","protected":false},"author":1,"featured_media":0,"parent":0,"menu_order":0,"comment_status":"closed","ping_status":"closed","template":"","meta":{"footnotes":""},"class_list":["post-47","page","type-page","status-publish","hentry"],"_links":{"self":[{"href":"https:\/\/www.univ-oeb.dz\/ista\/wp-json\/wp\/v2\/pages\/47"}],"collection":[{"href":"https:\/\/www.univ-oeb.dz\/ista\/wp-json\/wp\/v2\/pages"}],"about":[{"href":"https:\/\/www.univ-oeb.dz\/ista\/wp-json\/wp\/v2\/types\/page"}],"author":[{"embeddable":true,"href":"https:\/\/www.univ-oeb.dz\/ista\/wp-json\/wp\/v2\/users\/1"}],"replies":[{"embeddable":true,"href":"https:\/\/www.univ-oeb.dz\/ista\/wp-json\/wp\/v2\/comments?post=47"}],"version-history":[{"count":3,"href":"https:\/\/www.univ-oeb.dz\/ista\/wp-json\/wp\/v2\/pages\/47\/revisions"}],"predecessor-version":[{"id":1951,"href":"https:\/\/www.univ-oeb.dz\/ista\/wp-json\/wp\/v2\/pages\/47\/revisions\/1951"}],"wp:attachment":[{"href":"https:\/\/www.univ-oeb.dz\/ista\/wp-json\/wp\/v2\/media?parent=47"}],"curies":[{"name":"wp","href":"https:\/\/api.w.org\/{rel}","templated":true}]}}