{"id":36,"date":"2023-08-30T10:36:31","date_gmt":"2023-08-30T10:36:31","guid":{"rendered":"http:\/\/www.univ-oeb.dz\/ista\/?page_id=36"},"modified":"2025-01-06T08:47:33","modified_gmt":"2025-01-06T08:47:33","slug":"%d9%85%d8%af%d9%8a%d8%b1-%d8%a7%d9%84%d9%85%d8%b9%d9%87%d8%af","status":"publish","type":"page","link":"https:\/\/www.univ-oeb.dz\/ista\/%d9%85%d8%af%d9%8a%d8%b1-%d8%a7%d9%84%d9%85%d8%b9%d9%87%d8%af\/","title":{"rendered":"\u0645\u062f\u064a\u0631 \u0627\u0644\u0645\u0639\u0647\u062f"},"content":{"rendered":"<div class=\"wp-block-image is-style-rounded\">\n<figure class=\"aligncenter size-thumbnail is-resized\"><img decoding=\"async\" width=\"150\" height=\"150\" src=\"https:\/\/www.univ-oeb.dz\/ista\/wp-content\/uploads\/2025\/01\/zaabat-600-x-400-150x150.jpg\" alt=\"\" class=\"wp-image-3993\" style=\"width:202px;height:auto\"\/><\/figure><\/div>\n\n\n<p class=\"has-text-align-center\"><strong>\u0627\u0644\u0627\u0633\u0645 \u0627\u0644\u0643\u0627\u0645\u0644<\/strong>&nbsp;: <strong>\u0623. \u062f \u0632\u0639\u0628\u0627\u0637 \u0645\u0631\u0627\u062f<\/strong><br><strong>\u0631\u0642\u0645 \u0627\u0644\u0647\u0627\u062a\u0641\/\u0627\u0644\u0641\u0627\u0643\u0633 :<\/strong>&nbsp;<br><strong>\u0627\u0644\u0628\u0631\u064a\u062f \u0627\u0644\u0625\u0644\u0643\u062a\u0631\u0648\u0646\u064a :<\/strong><a href=\"mailto:zaabat.mourad@univ-oeb.dz\">zaabat.mourad@univ-oeb.dz<\/a><\/p>\n\n\n\n<h2 class=\"wp-block-heading has-text-align-right\"><strong>\u0627\u0644\u0645\u0633\u0627\u0631 \u0627\u0644\u0623\u0643\u0627\u062f\u064a\u0645\u064a<\/strong><\/h2>\n\n\n\n<div class=\"wp-block-cp-timeline-content-timeline Cool-Content-Timeline\"><div class=\"cool-timeline-block-7a7ce319-0dbe-4eee-a4ad-ce225256dbea\"><style>.cool-timeline-block-7a7ce319-0dbe-4eee-a4ad-ce225256dbea .cool-vertical-timeline-body{--ctlb-line-color: #27b54a;--ctlb-icon-box-size: 20px;}<\/style><div class=\"cool-vertical-timeline-body ctlb-wrapper both-sided left\"><div class=\"cool-timeline-block-list\">\n<div class=\"wp-block-cp-timeline-content-timeline-child swiper-slide\"><div class=\"timeline-content icon-false \"><div class=\"timeline-block-timeline ctl-row  position-right\"><div class=\"ctl-6 timeline-block-time\"><div class=\"story-time\"><p>30 Juin, 2004<\/p><\/div><\/div><div class=\"timeline-block-icon\"><svg stroke=\"currentColor\" fill=\"currentColor\" stroke-width=\"0\" viewBox=\"0 0 512 512\" height=\"1em\" width=\"1em\" xmlns=\"http:\/\/www.w3.org\/2000\/svg\"><path d=\"M256 8C119 8 8 119 8 256s111 248 248 248 248-111 248-248S393 8 256 8z\"><\/path><\/svg><\/div><div class=\"ctl-6 timeline-block-detail\"><div class=\"story-details\"><div class=\"story-content\">\n<h3 class=\"wp-block-heading ctlb-block-title\" style=\"padding-top:0px;padding-right:0px;padding-bottom:0px;padding-left:0px\">Doctorat d\u2019Etat<\/h3>\n\n\n\n<p class=\"ctlb-block-desc\" style=\"padding-top:0px;padding-right:0px;padding-bottom:0px;padding-left:0px\"><\/p>\n<\/div><\/div><\/div><\/div><\/div><\/div>\n\n\n\n<div class=\"wp-block-cp-timeline-content-timeline-child swiper-slide\"><div class=\"timeline-content icon-false \"><div class=\"timeline-block-timeline ctl-row  position-left\"><div class=\"ctl-6 timeline-block-time\"><\/div><div class=\"timeline-block-icon\"><svg stroke=\"currentColor\" fill=\"currentColor\" stroke-width=\"0\" viewBox=\"0 0 512 512\" height=\"1em\" width=\"1em\" xmlns=\"http:\/\/www.w3.org\/2000\/svg\"><path d=\"M256 8C119 8 8 119 8 256s111 248 248 248 248-111 248-248S393 8 256 8z\"><\/path><\/svg><\/div><div class=\"ctl-6 timeline-block-detail\"><div class=\"story-details\"><div class=\"story-content\">\n<h3 class=\"wp-block-heading ctlb-block-title\" style=\"padding-top:0px;padding-right:0px;padding-bottom:0px;padding-left:0px\"><\/h3>\n\n\n\n<p class=\"ctlb-block-desc\" style=\"padding-top:0px;padding-right:0px;padding-bottom:0px;padding-left:0px\"><\/p>\n<\/div><\/div><\/div><\/div><\/div><\/div>\n\n\n\n<div class=\"wp-block-cp-timeline-content-timeline-child swiper-slide\"><div class=\"timeline-content icon-false \"><div class=\"timeline-block-timeline ctl-row  position-right\"><div class=\"ctl-6 timeline-block-time\"><\/div><div class=\"timeline-block-icon\"><svg stroke=\"currentColor\" fill=\"currentColor\" stroke-width=\"0\" viewBox=\"0 0 512 512\" height=\"1em\" width=\"1em\" xmlns=\"http:\/\/www.w3.org\/2000\/svg\"><path d=\"M256 8C119 8 8 119 8 256s111 248 248 248 248-111 248-248S393 8 256 8z\"><\/path><\/svg><\/div><div class=\"ctl-6 timeline-block-detail\"><div class=\"story-details\"><div class=\"story-content\">\n<h3 class=\"wp-block-heading ctlb-block-title\" style=\"padding-top:0px;padding-right:0px;padding-bottom:0px;padding-left:0px\"><\/h3>\n\n\n\n<p class=\"ctlb-block-desc\" style=\"padding-top:0px;padding-right:0px;padding-bottom:0px;padding-left:0px\"><\/p>\n<\/div><\/div><\/div><\/div><\/div><\/div>\n<\/div><\/div><\/div><\/div>\n\n\n\n<h2 class=\"wp-block-heading has-text-align-right\"><strong><a href=\"https:\/\/www.univ-oeb.dz\/ista\/wp-content\/uploads\/2023\/09\/CV-Zaabat-Mourad-2018.pdf\">\u0627\u0644\u0633\u064a\u0631\u0629 \u0627\u0644\u0630\u0627\u062a\u064a\u0629<\/a><\/strong><\/h2>\n\n\n\n<div class=\"wp-block-columns is-layout-flex wp-container-core-columns-is-layout-1 wp-block-columns-is-layout-flex\">\n<div class=\"wp-block-column is-layout-flow wp-block-column-is-layout-flow\">\n<div class=\"su-spoiler su-spoiler-style-fancy su-spoiler-icon-plus su-spoiler-closed\" data-scroll-offset=\"0\" data-anchor-in-url=\"no\"><div class=\"su-spoiler-title\" tabindex=\"0\" role=\"button\"><span class=\"su-spoiler-icon\"><\/span>Dernier Dipl\u00f4me<\/div><div class=\"su-spoiler-content su-u-clearfix su-u-trim\">\n\n\n\n<p>Doctorat d\u2019Etat 30 Juin 2004<\/p>\n\n\n\n<\/div><\/div>\n\n\n\n<div class=\"su-spoiler su-spoiler-style-fancy su-spoiler-icon-plus su-spoiler-closed\" data-scroll-offset=\"0\" data-anchor-in-url=\"no\"><div class=\"su-spoiler-title\" tabindex=\"0\" role=\"button\"><span class=\"su-spoiler-icon\"><\/span>Fonction<\/div><div class=\"su-spoiler-content su-u-clearfix su-u-trim\">\n\n\n\n<p>ENSEIGNANT CHERCHEUR<\/p>\n\n\n\n<\/div><\/div>\n\n\n\n<div class=\"su-spoiler su-spoiler-style-fancy su-spoiler-icon-plus su-spoiler-closed\" data-scroll-offset=\"0\" data-anchor-in-url=\"no\"><div class=\"su-spoiler-title\" tabindex=\"0\" role=\"button\"><span class=\"su-spoiler-icon\"><\/span>Domaines scientifiques d\u2019int\u00e9r\u00eats<\/div><div class=\"su-spoiler-content su-u-clearfix su-u-trim\">\n\n\n\n<ul class=\"wp-block-list\">\n<li>Nanomat\u00e9riaux<\/li>\n\n\n\n<li>Semiconducteurs<\/li>\n<\/ul>\n\n\n\n<\/div><\/div>\n\n\n\n<div class=\"su-spoiler su-spoiler-style-fancy su-spoiler-icon-plus su-spoiler-closed\" data-scroll-offset=\"0\" data-anchor-in-url=\"no\"><div class=\"su-spoiler-title\" tabindex=\"0\" role=\"button\"><span class=\"su-spoiler-icon\"><\/span>Publications<\/div><div class=\"su-spoiler-content su-u-clearfix su-u-trim\">\n\n\n\n<p>Morphology and photocatalyticactivity of porous (In, Mg) co-dopedZnOnanoparticles Benzitouni,\u00fc S., Zaabat, M., Aida, M.S., (&#8230;), Mansouri, L., Saidani, T. 2018 OPTIK. &nbsp;<\/p>\n\n\n\n<\/div><\/div>\n\n\n\n<div class=\"su-spoiler su-spoiler-style-fancy su-spoiler-icon-plus su-spoiler-closed\" data-scroll-offset=\"0\" data-anchor-in-url=\"no\"><div class=\"su-spoiler-title\" tabindex=\"0\" role=\"button\"><span class=\"su-spoiler-icon\"><\/span>Publications<\/div><div class=\"su-spoiler-content su-u-clearfix su-u-trim\">\n\n\n\n<p>Fe2O4\/ZnO-nanowiressynthesis by dip-coating for Orange II-dyephotodegradation Benaboud,\u00fc A., Zaabat, M., Aida, M.S., (&#8230;), Benzitouni, S., Saidani, T. 2017 OPTIK<\/p>\n\n\n\n<\/div><\/div>\n<\/div>\n\n\n\n<div class=\"wp-block-column is-layout-flow wp-block-column-is-layout-flow\">\n<div class=\"su-spoiler su-spoiler-style-fancy su-spoiler-icon-plus su-spoiler-closed\" data-scroll-offset=\"0\" data-anchor-in-url=\"no\"><div class=\"su-spoiler-title\" tabindex=\"0\" role=\"button\"><span class=\"su-spoiler-icon\"><\/span>Nom<\/div><div class=\"su-spoiler-content su-u-clearfix su-u-trim\">\n\n\n\n<p>ZAABAT Mourad<\/p>\n\n\n\n<\/div><\/div>\n\n\n\n<div class=\"su-spoiler su-spoiler-style-fancy su-spoiler-icon-plus su-spoiler-closed\" data-scroll-offset=\"0\" data-anchor-in-url=\"no\"><div class=\"su-spoiler-title\" tabindex=\"0\" role=\"button\"><span class=\"su-spoiler-icon\"><\/span>Grade<\/div><div class=\"su-spoiler-content su-u-clearfix su-u-trim\">\n\n\n\n<p>Professeur<\/p>\n\n\n\n<\/div><\/div>\n\n\n\n<div class=\"su-spoiler su-spoiler-style-fancy su-spoiler-icon-plus su-spoiler-closed\" data-scroll-offset=\"0\" data-anchor-in-url=\"no\"><div class=\"su-spoiler-title\" tabindex=\"0\" role=\"button\"><span class=\"su-spoiler-icon\"><\/span>Sp\u00e9cialit\u00e9<\/div><div class=\"su-spoiler-content su-u-clearfix su-u-trim\">\n\n\n\n<p>Physique des Semiconducteurs<\/p>\n\n\n\n<\/div><\/div>\n\n\n\n<div class=\"su-spoiler su-spoiler-style-fancy su-spoiler-icon-plus su-spoiler-closed\" data-scroll-offset=\"0\" data-anchor-in-url=\"no\"><div class=\"su-spoiler-title\" tabindex=\"0\" role=\"button\"><span class=\"su-spoiler-icon\"><\/span>Publications<\/div><div class=\"su-spoiler-content su-u-clearfix su-u-trim\">\n\n\n\n<p>Study of Undoped and Indium DopedZnOThin Films Deposited by Sol Gel Method\u00fc Medjaldi, M., Touil, O., Boudine, B., zaabatM.Sebais, M., Ozyuzer, L.2018 SIlicon &nbsp;<\/p>\n\n\n\n<\/div><\/div>\n\n\n\n<div class=\"su-spoiler su-spoiler-style-fancy su-spoiler-icon-plus su-spoiler-closed\" data-scroll-offset=\"0\" data-anchor-in-url=\"no\"><div class=\"su-spoiler-title\" tabindex=\"0\" role=\"button\"><span class=\"su-spoiler-icon\"><\/span>Publications<\/div><div class=\"su-spoiler-content su-u-clearfix su-u-trim\">\n\n\n\n<p>the use of advancedatomic force microscopy for the quantitative nanomechanicalcharacterization of CodopedZnOthin films 2017 Chinese Journal of Physics\u00fc<\/p>\n\n\n\n<\/div><\/div>\n<\/div>\n<\/div>\n\n\n\n<h3 class=\"wp-block-heading has-text-align-center\"><strong>\u0643\u0644\u0645\u0629 \u0645\u062f\u064a\u0631 \u0627\u0644\u0645\u0639\u0647\u062f<\/strong><\/h3>\n\n\n\n<blockquote class=\"wp-block-quote is-layout-flow wp-block-quote-is-layout-flow\">\n<p class=\"has-text-align-left\"><strong>L\u2019 institut des sciences et des techniques appliqu\u00e9es<\/strong>&nbsp;(<strong>ISTA<\/strong>) vient d\u2019entamer boucler sa deuxi\u00e8me ann\u00e9e d\u2019existence avec l\u2019ann\u00e9e acad\u00e9mique 2016_2017. En effet, cet institut qui a vu le jour sous la d\u00e9nomination IUT (institut universitaire de technologie), en septembre 2015, \u00e0 l\u2019image des instituts Fran\u00e7ais avec lesquels nous avons collabor\u00e9, s\u2019inscrit en fait dans la nouvelle ligne politique pr\u00e9conis\u00e9e par le minist\u00e8re de l\u2019enseignement sup\u00e9rieur, visant plut\u00f4t une formation professionnalisante qu\u2019acad\u00e9mique en vu de faciliter l\u2019insertion professionnelle des \u00e9tudiants dans les diff\u00e9rents milieux du travail<\/p>\n<\/blockquote>\n\n\n\n<p><\/p>\n\n\n\n<blockquote class=\"wp-block-quote is-layout-flow wp-block-quote-is-layout-flow\">\n<p class=\"has-text-align-left\">En tant que premier Institut du genre, cr\u00e9e au niveau de l\u2019est alg\u00e9rien avec ses quatre d\u00e9partements (<strong>Mesures Physiques<\/strong>&nbsp;,&nbsp;<strong>Gestion des Entreprises ,&nbsp;R\u00e9seaux et T\u00e9l\u00e9communications ,&nbsp;Sciences alimentaires<\/strong>), L\u2019ISTA devrait r\u00e9pondre \u00e0 un d\u00e9fi majeur en l\u2019occurrence le ph\u00e9nom\u00e8ne de l\u2019inemployabilit\u00e9 qui touche, depuis d\u00e9j\u00e0 longtemps, des milliers de promotions qui sortent chaque ann\u00e9e des diff\u00e9rentes universit\u00e9s du pays. N\u00e9anmoins nous sommes conscient de l\u2019enjeu auquel nous faisons face, et pour cela nous comptons beaucoup sur le savoir faire de nos enseignants et autres professionnels ext\u00e9rieurs qui n\u2019\u00e9pargneront aucun effort pour relever ce d\u00e9fi et r\u00e9ussir cette mission au profit de nos jeunes \u00e9tudiants<\/p>\n<\/blockquote>\n\n\n\n<p class=\"has-text-align-right\"><strong>Pr. ZAABAT Mourad<\/strong><\/p>\n\n\n\n<p class=\"has-text-align-right\"><\/p>\n","protected":false},"excerpt":{"rendered":"<p>\u0627\u0644\u0627\u0633\u0645 \u0627\u0644\u0643\u0627\u0645\u0644&nbsp;: \u0623. \u062f \u0632\u0639\u0628\u0627\u0637 \u0645\u0631\u0627\u062f\u0631\u0642\u0645 \u0627\u0644\u0647\u0627\u062a\u0641\/\u0627\u0644\u0641\u0627\u0643\u0633 :&nbsp;\u0627\u0644\u0628\u0631\u064a\u062f \u0627\u0644\u0625\u0644\u0643\u062a\u0631\u0648\u0646\u064a :zaabat.mourad@univ-oeb.dz \u0627\u0644\u0645\u0633\u0627\u0631 \u0627\u0644\u0623\u0643\u0627\u062f\u064a\u0645\u064a 30 Juin, 2004 Doctorat d\u2019Etat \u0627\u0644\u0633\u064a\u0631\u0629 \u0627\u0644\u0630\u0627\u062a\u064a\u0629 \u0643\u0644\u0645\u0629 \u0645\u062f\u064a\u0631 \u0627\u0644\u0645\u0639\u0647\u062f L\u2019 institut des sciences et des techniques appliqu\u00e9es&nbsp;(ISTA) vient d\u2019entamer boucler sa deuxi\u00e8me ann\u00e9e d\u2019existence avec l\u2019ann\u00e9e acad\u00e9mique 2016_2017. En effet, cet institut qui a vu le jour sous la d\u00e9nomination IUT (institut universitaire de technologie), en septembre 2015, \u00e0 l\u2019image des instituts Fran\u00e7ais avec lesquels nous avons collabor\u00e9, s\u2019inscrit en fait dans la nouvelle ligne politique pr\u00e9conis\u00e9e par le minist\u00e8re de l\u2019enseignement sup\u00e9rieur, visant plut\u00f4t une formation professionnalisante qu\u2019acad\u00e9mique en vu de faciliter l\u2019insertion professionnelle des \u00e9tudiants dans les diff\u00e9rents milieux du travail En tant que premier Institut du genre, cr\u00e9e au niveau de l\u2019est alg\u00e9rien avec ses quatre d\u00e9partements (Mesures Physiques&nbsp;,&nbsp;Gestion des Entreprises ,&nbsp;R\u00e9seaux et T\u00e9l\u00e9communications ,&nbsp;Sciences alimentaires), L\u2019ISTA devrait r\u00e9pondre \u00e0 un d\u00e9fi majeur en l\u2019occurrence le ph\u00e9nom\u00e8ne de l\u2019inemployabilit\u00e9 qui touche, depuis d\u00e9j\u00e0 longtemps, des milliers de promotions qui sortent chaque ann\u00e9e des diff\u00e9rentes universit\u00e9s du pays. N\u00e9anmoins nous sommes conscient de l\u2019enjeu auquel nous faisons face, et pour cela nous comptons beaucoup sur le savoir faire de nos enseignants et autres professionnels ext\u00e9rieurs qui n\u2019\u00e9pargneront aucun effort pour relever ce d\u00e9fi et r\u00e9ussir cette mission au profit de nos jeunes \u00e9tudiants Pr. ZAABAT Mourad<\/p>\n","protected":false},"author":1,"featured_media":0,"parent":0,"menu_order":0,"comment_status":"closed","ping_status":"closed","template":"","meta":{"footnotes":""},"class_list":["post-36","page","type-page","status-publish","hentry"],"_links":{"self":[{"href":"https:\/\/www.univ-oeb.dz\/ista\/wp-json\/wp\/v2\/pages\/36"}],"collection":[{"href":"https:\/\/www.univ-oeb.dz\/ista\/wp-json\/wp\/v2\/pages"}],"about":[{"href":"https:\/\/www.univ-oeb.dz\/ista\/wp-json\/wp\/v2\/types\/page"}],"author":[{"embeddable":true,"href":"https:\/\/www.univ-oeb.dz\/ista\/wp-json\/wp\/v2\/users\/1"}],"replies":[{"embeddable":true,"href":"https:\/\/www.univ-oeb.dz\/ista\/wp-json\/wp\/v2\/comments?post=36"}],"version-history":[{"count":6,"href":"https:\/\/www.univ-oeb.dz\/ista\/wp-json\/wp\/v2\/pages\/36\/revisions"}],"predecessor-version":[{"id":4005,"href":"https:\/\/www.univ-oeb.dz\/ista\/wp-json\/wp\/v2\/pages\/36\/revisions\/4005"}],"wp:attachment":[{"href":"https:\/\/www.univ-oeb.dz\/ista\/wp-json\/wp\/v2\/media?parent=36"}],"curies":[{"name":"wp","href":"https:\/\/api.w.org\/{rel}","templated":true}]}}